{"id":119541,"date":"2024-11-20T23:53:44","date_gmt":"2024-11-20T22:53:44","guid":{"rendered":"https:\/\/revolutionpadelstore.com\/head-gravity-team-light-2024\/"},"modified":"2026-04-08T10:15:21","modified_gmt":"2026-04-08T08:15:21","slug":"head-gravity-team-light-2024-1","status":"publish","type":"product","link":"https:\/\/revolutionpadelstore.com\/de\/produkt\/head-gravity-team-light-2024-1\/","title":{"rendered":"HEAD GRAVITY TEAM LIGHT 2024"},"content":{"rendered":"<p><strong> Head Gravity Team Light 2024: Kontrolle und Komfort in jedem Schlag <\/strong><\/p>\n<p>Das Gravity Team 2024 von Head zeichnet sich durch ein Spielerlebnis aus, das auf Kontrolle, Leichtigkeit und Komfort in jedem Schlag basiert. Sein rundes und weit verbreitetes Design erleichtert eine st\u00e4rkere Pr\u00e4zision in den Sch\u00fcssen und erm\u00f6glicht es den Spielern, am Ende der Strecke das Maximum aufzunehmen.<\/p>\n<p>Mit nur 340 Gramm Gewicht ist dieses Modell das leichteste Schwerkraftbereich, was ein komfortableres und zug\u00e4nglicheres Spielerlebnis bietet und ein einfaches und m\u00fcheloses Handling erm\u00f6glicht. Das Leichtgewicht verringert auch das Risiko von Verletzungen.<\/p>\n<p><strong> Pala Gravity Team Light 2024, perfekt f\u00fcr gelegentliche Spieler <\/strong><\/p>\n<p>Diese leichte Kopfschaufel ist ideal f\u00fcr Zwischenspieler oder jene, die gelegentlich \u00fcben und die vollst\u00e4ndige Kontrolle w\u00e4hrend des Spiels aufrechterhalten. Die runde Form, der breite s\u00fc\u00dfe Punkt, der leichte und der Schaumstoffkontrollkern erm\u00f6glichen eine au\u00dfergew\u00f6hnliche Pr\u00e4zision und Kontrolle.<\/p>\n<p><strong> Merkmale und Technologien des Kopfes des Kopf -Schwerkraft -Teams <\/strong> <\/strong><\/p>\n<p>-Foam -Kontrollkern, der Toleranz, Pr\u00e4zision und einen erweiterten s\u00fc\u00dfen Punkt bietet<\/p>\n<p>-Carbon und Graphen Marco, die hohe Widerstand und Haltbarkeit bieten<\/p>\n<p>-Tailored Frame -Technologie f\u00fcr h\u00f6here Leistung, gr\u00f6\u00dfere Toleranz und Gameplay<\/p>\n<p>-Preate Glasfaserpl\u00e4ne, die einen weichen Touch, einen gro\u00dfen Ballauslass und einen hervorragenden Komfort bieten<\/p>\n<p>-Mphraxibilit\u00e4t und Auswirkungen dank der Traphene 360+ -Technologie<\/p>\n<p>-Trated Carbon Protector (IPS), der Kratzer und Schl\u00e4ge reduziert<\/p>\n<p>-Peso von 340 Gramm und runde Form f\u00fcr mehr Verwaltbarkeit und Pr\u00e4zision<\/p>\n<p><strong> Ich bekomme bereits das Head Gravity Team Light 2024 im Revolution Padel Store <\/strong><\/p>\n<p>Genie\u00dfen Sie ein komfortables und einfaches Spiel mit dem Head Gravity Team Light 2024, einer runden Schaufel mit weitem s\u00fc\u00dfen Punkt, der Zwischen- oder gelegentlichen Spielern, die ihr Spiel vom Ende der Strecke verbessern m\u00f6chten, die Verwaltbarkeit und Kontrolle bieten.<strong>Head Gravity Team Light 2024: Control y Comodidad en Cada Golpe<\/strong><\/p>\n","protected":false},"excerpt":{"rendered":"<p>Runde Klinge mit breitem s\u00fc\u00dfen und leichten Kopf -Schwerkraft -Team Licht 2024. Mit Glasfaserflugzeugen f\u00fcr gute Kugelleistung und Schaumstoffkontrollkern.<\/p>\n","protected":false},"featured_media":119516,"comment_status":"open","ping_status":"closed","template":"","meta":{"_acf_changed":false,"_joinchat":[]},"acabado":[1084],"balance":[1144],"dureza":[1149],"forma":[1179],"jugador":[1194],"marca":[1219],"nivel-de-juego":[1349],"superficie":[1354],"tipo-de-juego":[1369],"product_brand":[],"product_cat":[299],"product_tag":[],"class_list":{"0":"post-119541","1":"product","2":"type-product","3":"status-publish","4":"has-post-thumbnail","6":"acabado-kumpel","7":"balance-niedrig","8":"dureza-blanda-de","9":"forma-rund","10":"jugador-frau","11":"marca-kopf","12":"superficie-lisa-de","13":"tipo-de-juego-kontrolle","14":"product_cat-palas-de-padel-de","16":"first","17":"outofstock","18":"sale","19":"taxable","20":"shipping-taxable","21":"purchasable","22":"product-type-simple"},"acf":[],"yoast_head":"<!-- This site is optimized with the Yoast SEO plugin v27.4 - https:\/\/yoast.com\/product\/yoast-seo-wordpress\/ -->\n<title>HEAD GRAVITY TEAM LIGHT 2024 - Revolution Padel Store<\/title>\n<meta name=\"description\" content=\"La pala Gravity Team 2024 de Head se distingue por ofrecer una experiencia de juego basada en el control, ligereza y confort en cada golpe. Su dise\u00f1o de forma redonda y amplio punto dulce facilita una mayor precisi\u00f3n en los disparos, permitiendo a los jugadores rendir al m\u00e1ximo en los intercambios defensivos desde el fondo de la pista.\" \/>\n<meta name=\"robots\" content=\"index, follow, max-snippet:-1, max-image-preview:large, max-video-preview:-1\" \/>\n<link rel=\"canonical\" href=\"https:\/\/revolutionpadelstore.com\/de\/produkt\/head-gravity-team-light-2024-1\/\" \/>\n<meta property=\"og:locale\" content=\"de_DE\" \/>\n<meta property=\"og:type\" content=\"article\" \/>\n<meta property=\"og:title\" content=\"HEAD GRAVITY TEAM LIGHT 2024 - Revolution Padel Store\" \/>\n<meta property=\"og:description\" content=\"La pala Gravity Team 2024 de Head se distingue por ofrecer una experiencia de juego basada en el control, ligereza y confort en cada golpe. Su dise\u00f1o de forma redonda y amplio punto dulce facilita una mayor precisi\u00f3n en los disparos, permitiendo a los jugadores rendir al m\u00e1ximo en los intercambios defensivos desde el fondo de la pista.\" \/>\n<meta property=\"og:url\" content=\"https:\/\/revolutionpadelstore.com\/de\/produkt\/head-gravity-team-light-2024-1\/\" \/>\n<meta property=\"og:site_name\" content=\"Revolution Padel Store\" \/>\n<meta property=\"article:modified_time\" content=\"2026-04-08T08:15:21+00:00\" \/>\n<meta property=\"og:image\" content=\"https:\/\/revolutionpadelstore.com\/wp-content\/uploads\/2024\/11\/113829_pala_de_padel_gravity_team_light_2024_224064_1000x1000_1_1899.webp\" \/>\n\t<meta property=\"og:image:width\" content=\"1000\" \/>\n\t<meta property=\"og:image:height\" content=\"1000\" \/>\n\t<meta property=\"og:image:type\" content=\"image\/webp\" \/>\n<meta name=\"twitter:card\" content=\"summary_large_image\" \/>\n<meta name=\"twitter:label1\" content=\"Gesch\u00e4tzte Lesezeit\" \/>\n\t<meta name=\"twitter:data1\" content=\"2\u00a0Minuten\" \/>\n<script type=\"application\/ld+json\" class=\"yoast-schema-graph\">{\"@context\":\"https:\\\/\\\/schema.org\",\"@graph\":[{\"@type\":\"WebPage\",\"@id\":\"https:\\\/\\\/revolutionpadelstore.com\\\/de\\\/produkt\\\/head-gravity-team-light-2024-1\\\/\",\"url\":\"https:\\\/\\\/revolutionpadelstore.com\\\/de\\\/produkt\\\/head-gravity-team-light-2024-1\\\/\",\"name\":\"HEAD GRAVITY TEAM LIGHT 2024 - Revolution Padel Store\",\"isPartOf\":{\"@id\":\"https:\\\/\\\/revolutionpadelstore.com\\\/de\\\/#website\"},\"primaryImageOfPage\":{\"@id\":\"https:\\\/\\\/revolutionpadelstore.com\\\/de\\\/produkt\\\/head-gravity-team-light-2024-1\\\/#primaryimage\"},\"image\":{\"@id\":\"https:\\\/\\\/revolutionpadelstore.com\\\/de\\\/produkt\\\/head-gravity-team-light-2024-1\\\/#primaryimage\"},\"thumbnailUrl\":\"https:\\\/\\\/revolutionpadelstore.com\\\/wp-content\\\/uploads\\\/2024\\\/11\\\/113829_pala_de_padel_gravity_team_light_2024_224064_1000x1000_1_1899.webp\",\"datePublished\":\"2024-11-20T22:53:44+00:00\",\"dateModified\":\"2026-04-08T08:15:21+00:00\",\"description\":\"La pala Gravity Team 2024 de Head se distingue por ofrecer una experiencia de juego basada en el control, ligereza y confort en cada golpe. Su dise\u00f1o de forma redonda y amplio punto dulce facilita una mayor precisi\u00f3n en los disparos, permitiendo a los jugadores rendir al m\u00e1ximo en los intercambios defensivos desde el fondo de la pista.\",\"breadcrumb\":{\"@id\":\"https:\\\/\\\/revolutionpadelstore.com\\\/de\\\/produkt\\\/head-gravity-team-light-2024-1\\\/#breadcrumb\"},\"inLanguage\":\"de\",\"potentialAction\":[{\"@type\":\"ReadAction\",\"target\":[\"https:\\\/\\\/revolutionpadelstore.com\\\/de\\\/produkt\\\/head-gravity-team-light-2024-1\\\/\"]}]},{\"@type\":\"ImageObject\",\"inLanguage\":\"de\",\"@id\":\"https:\\\/\\\/revolutionpadelstore.com\\\/de\\\/produkt\\\/head-gravity-team-light-2024-1\\\/#primaryimage\",\"url\":\"https:\\\/\\\/revolutionpadelstore.com\\\/wp-content\\\/uploads\\\/2024\\\/11\\\/113829_pala_de_padel_gravity_team_light_2024_224064_1000x1000_1_1899.webp\",\"contentUrl\":\"https:\\\/\\\/revolutionpadelstore.com\\\/wp-content\\\/uploads\\\/2024\\\/11\\\/113829_pala_de_padel_gravity_team_light_2024_224064_1000x1000_1_1899.webp\",\"width\":1000,\"height\":1000},{\"@type\":\"BreadcrumbList\",\"@id\":\"https:\\\/\\\/revolutionpadelstore.com\\\/de\\\/produkt\\\/head-gravity-team-light-2024-1\\\/#breadcrumb\",\"itemListElement\":[{\"@type\":\"ListItem\",\"position\":1,\"name\":\"Portada\",\"item\":\"https:\\\/\\\/revolutionpadelstore.com\\\/de\\\/\"},{\"@type\":\"ListItem\",\"position\":2,\"name\":\"Shop\",\"item\":\"https:\\\/\\\/revolutionpadelstore.com\\\/de\\\/tienda\\\/\"},{\"@type\":\"ListItem\",\"position\":3,\"name\":\"HEAD GRAVITY TEAM LIGHT 2024\"}]},{\"@type\":\"WebSite\",\"@id\":\"https:\\\/\\\/revolutionpadelstore.com\\\/de\\\/#website\",\"url\":\"https:\\\/\\\/revolutionpadelstore.com\\\/de\\\/\",\"name\":\"Revolution Padel Store\",\"description\":\"\",\"publisher\":{\"@id\":\"https:\\\/\\\/revolutionpadelstore.com\\\/de\\\/#organization\"},\"potentialAction\":[{\"@type\":\"SearchAction\",\"target\":{\"@type\":\"EntryPoint\",\"urlTemplate\":\"https:\\\/\\\/revolutionpadelstore.com\\\/de\\\/?s={search_term_string}\"},\"query-input\":{\"@type\":\"PropertyValueSpecification\",\"valueRequired\":true,\"valueName\":\"search_term_string\"}}],\"inLanguage\":\"de\"},{\"@type\":\"Organization\",\"@id\":\"https:\\\/\\\/revolutionpadelstore.com\\\/de\\\/#organization\",\"name\":\"Revolution Padel Store\",\"url\":\"https:\\\/\\\/revolutionpadelstore.com\\\/de\\\/\",\"logo\":{\"@type\":\"ImageObject\",\"inLanguage\":\"de\",\"@id\":\"https:\\\/\\\/revolutionpadelstore.com\\\/de\\\/#\\\/schema\\\/logo\\\/image\\\/\",\"url\":\"https:\\\/\\\/revolutionpadelstore.com\\\/wp-content\\\/uploads\\\/2026\\\/02\\\/revolution-padel-store.jpg\",\"contentUrl\":\"https:\\\/\\\/revolutionpadelstore.com\\\/wp-content\\\/uploads\\\/2026\\\/02\\\/revolution-padel-store.jpg\",\"width\":2000,\"height\":2000,\"caption\":\"Revolution Padel Store\"},\"image\":{\"@id\":\"https:\\\/\\\/revolutionpadelstore.com\\\/de\\\/#\\\/schema\\\/logo\\\/image\\\/\"},\"sameAs\":[\"https:\\\/\\\/www.instagram.com\\\/revolutionpadelstore\\\/\"]}]}<\/script>\n<!-- \/ Yoast SEO plugin. -->","yoast_head_json":{"title":"HEAD GRAVITY TEAM LIGHT 2024 - Revolution Padel Store","description":"La pala Gravity Team 2024 de Head se distingue por ofrecer una experiencia de juego basada en el control, ligereza y confort en cada golpe. Su dise\u00f1o de forma redonda y amplio punto dulce facilita una mayor precisi\u00f3n en los disparos, permitiendo a los jugadores rendir al m\u00e1ximo en los intercambios defensivos desde el fondo de la pista.","robots":{"index":"index","follow":"follow","max-snippet":"max-snippet:-1","max-image-preview":"max-image-preview:large","max-video-preview":"max-video-preview:-1"},"canonical":"https:\/\/revolutionpadelstore.com\/de\/produkt\/head-gravity-team-light-2024-1\/","og_locale":"de_DE","og_type":"article","og_title":"HEAD GRAVITY TEAM LIGHT 2024 - Revolution Padel Store","og_description":"La pala Gravity Team 2024 de Head se distingue por ofrecer una experiencia de juego basada en el control, ligereza y confort en cada golpe. Su dise\u00f1o de forma redonda y amplio punto dulce facilita una mayor precisi\u00f3n en los disparos, permitiendo a los jugadores rendir al m\u00e1ximo en los intercambios defensivos desde el fondo de la pista.","og_url":"https:\/\/revolutionpadelstore.com\/de\/produkt\/head-gravity-team-light-2024-1\/","og_site_name":"Revolution Padel Store","article_modified_time":"2026-04-08T08:15:21+00:00","og_image":[{"width":1000,"height":1000,"url":"https:\/\/revolutionpadelstore.com\/wp-content\/uploads\/2024\/11\/113829_pala_de_padel_gravity_team_light_2024_224064_1000x1000_1_1899.webp","type":"image\/webp"}],"twitter_card":"summary_large_image","twitter_misc":{"Gesch\u00e4tzte Lesezeit":"2\u00a0Minuten"},"schema":{"@context":"https:\/\/schema.org","@graph":[{"@type":"WebPage","@id":"https:\/\/revolutionpadelstore.com\/de\/produkt\/head-gravity-team-light-2024-1\/","url":"https:\/\/revolutionpadelstore.com\/de\/produkt\/head-gravity-team-light-2024-1\/","name":"HEAD GRAVITY TEAM LIGHT 2024 - Revolution Padel Store","isPartOf":{"@id":"https:\/\/revolutionpadelstore.com\/de\/#website"},"primaryImageOfPage":{"@id":"https:\/\/revolutionpadelstore.com\/de\/produkt\/head-gravity-team-light-2024-1\/#primaryimage"},"image":{"@id":"https:\/\/revolutionpadelstore.com\/de\/produkt\/head-gravity-team-light-2024-1\/#primaryimage"},"thumbnailUrl":"https:\/\/revolutionpadelstore.com\/wp-content\/uploads\/2024\/11\/113829_pala_de_padel_gravity_team_light_2024_224064_1000x1000_1_1899.webp","datePublished":"2024-11-20T22:53:44+00:00","dateModified":"2026-04-08T08:15:21+00:00","description":"La pala Gravity Team 2024 de Head se distingue por ofrecer una experiencia de juego basada en el control, ligereza y confort en cada golpe. Su dise\u00f1o de forma redonda y amplio punto dulce facilita una mayor precisi\u00f3n en los disparos, permitiendo a los jugadores rendir al m\u00e1ximo en los intercambios defensivos desde el fondo de la pista.","breadcrumb":{"@id":"https:\/\/revolutionpadelstore.com\/de\/produkt\/head-gravity-team-light-2024-1\/#breadcrumb"},"inLanguage":"de","potentialAction":[{"@type":"ReadAction","target":["https:\/\/revolutionpadelstore.com\/de\/produkt\/head-gravity-team-light-2024-1\/"]}]},{"@type":"ImageObject","inLanguage":"de","@id":"https:\/\/revolutionpadelstore.com\/de\/produkt\/head-gravity-team-light-2024-1\/#primaryimage","url":"https:\/\/revolutionpadelstore.com\/wp-content\/uploads\/2024\/11\/113829_pala_de_padel_gravity_team_light_2024_224064_1000x1000_1_1899.webp","contentUrl":"https:\/\/revolutionpadelstore.com\/wp-content\/uploads\/2024\/11\/113829_pala_de_padel_gravity_team_light_2024_224064_1000x1000_1_1899.webp","width":1000,"height":1000},{"@type":"BreadcrumbList","@id":"https:\/\/revolutionpadelstore.com\/de\/produkt\/head-gravity-team-light-2024-1\/#breadcrumb","itemListElement":[{"@type":"ListItem","position":1,"name":"Portada","item":"https:\/\/revolutionpadelstore.com\/de\/"},{"@type":"ListItem","position":2,"name":"Shop","item":"https:\/\/revolutionpadelstore.com\/de\/tienda\/"},{"@type":"ListItem","position":3,"name":"HEAD GRAVITY TEAM LIGHT 2024"}]},{"@type":"WebSite","@id":"https:\/\/revolutionpadelstore.com\/de\/#website","url":"https:\/\/revolutionpadelstore.com\/de\/","name":"Revolution Padel Store","description":"","publisher":{"@id":"https:\/\/revolutionpadelstore.com\/de\/#organization"},"potentialAction":[{"@type":"SearchAction","target":{"@type":"EntryPoint","urlTemplate":"https:\/\/revolutionpadelstore.com\/de\/?s={search_term_string}"},"query-input":{"@type":"PropertyValueSpecification","valueRequired":true,"valueName":"search_term_string"}}],"inLanguage":"de"},{"@type":"Organization","@id":"https:\/\/revolutionpadelstore.com\/de\/#organization","name":"Revolution Padel Store","url":"https:\/\/revolutionpadelstore.com\/de\/","logo":{"@type":"ImageObject","inLanguage":"de","@id":"https:\/\/revolutionpadelstore.com\/de\/#\/schema\/logo\/image\/","url":"https:\/\/revolutionpadelstore.com\/wp-content\/uploads\/2026\/02\/revolution-padel-store.jpg","contentUrl":"https:\/\/revolutionpadelstore.com\/wp-content\/uploads\/2026\/02\/revolution-padel-store.jpg","width":2000,"height":2000,"caption":"Revolution Padel Store"},"image":{"@id":"https:\/\/revolutionpadelstore.com\/de\/#\/schema\/logo\/image\/"},"sameAs":["https:\/\/www.instagram.com\/revolutionpadelstore\/"]}]}},"_links":{"self":[{"href":"https:\/\/revolutionpadelstore.com\/de\/wp-json\/wp\/v2\/product\/119541","targetHints":{"allow":["GET"]}}],"collection":[{"href":"https:\/\/revolutionpadelstore.com\/de\/wp-json\/wp\/v2\/product"}],"about":[{"href":"https:\/\/revolutionpadelstore.com\/de\/wp-json\/wp\/v2\/types\/product"}],"replies":[{"embeddable":true,"href":"https:\/\/revolutionpadelstore.com\/de\/wp-json\/wp\/v2\/comments?post=119541"}],"wp:featuredmedia":[{"embeddable":true,"href":"https:\/\/revolutionpadelstore.com\/de\/wp-json\/wp\/v2\/media\/119516"}],"wp:attachment":[{"href":"https:\/\/revolutionpadelstore.com\/de\/wp-json\/wp\/v2\/media?parent=119541"}],"wp:term":[{"taxonomy":"acabado","embeddable":true,"href":"https:\/\/revolutionpadelstore.com\/de\/wp-json\/wp\/v2\/acabado?post=119541"},{"taxonomy":"balance","embeddable":true,"href":"https:\/\/revolutionpadelstore.com\/de\/wp-json\/wp\/v2\/balance?post=119541"},{"taxonomy":"dureza","embeddable":true,"href":"https:\/\/revolutionpadelstore.com\/de\/wp-json\/wp\/v2\/dureza?post=119541"},{"taxonomy":"forma","embeddable":true,"href":"https:\/\/revolutionpadelstore.com\/de\/wp-json\/wp\/v2\/forma?post=119541"},{"taxonomy":"jugador","embeddable":true,"href":"https:\/\/revolutionpadelstore.com\/de\/wp-json\/wp\/v2\/jugador?post=119541"},{"taxonomy":"marca","embeddable":true,"href":"https:\/\/revolutionpadelstore.com\/de\/wp-json\/wp\/v2\/marca?post=119541"},{"taxonomy":"nivel-de-juego","embeddable":true,"href":"https:\/\/revolutionpadelstore.com\/de\/wp-json\/wp\/v2\/nivel-de-juego?post=119541"},{"taxonomy":"superficie","embeddable":true,"href":"https:\/\/revolutionpadelstore.com\/de\/wp-json\/wp\/v2\/superficie?post=119541"},{"taxonomy":"tipo-de-juego","embeddable":true,"href":"https:\/\/revolutionpadelstore.com\/de\/wp-json\/wp\/v2\/tipo-de-juego?post=119541"},{"taxonomy":"product_brand","embeddable":true,"href":"https:\/\/revolutionpadelstore.com\/de\/wp-json\/wp\/v2\/product_brand?post=119541"},{"taxonomy":"product_cat","embeddable":true,"href":"https:\/\/revolutionpadelstore.com\/de\/wp-json\/wp\/v2\/product_cat?post=119541"},{"taxonomy":"product_tag","embeddable":true,"href":"https:\/\/revolutionpadelstore.com\/de\/wp-json\/wp\/v2\/product_tag?post=119541"}],"curies":[{"name":"wp","href":"https:\/\/api.w.org\/{rel}","templated":true}]}}