{"id":119456,"date":"2024-11-15T08:03:29","date_gmt":"2024-11-15T07:03:29","guid":{"rendered":"https:\/\/revolutionpadelstore.com\/nox-at10-lux-negro-rojo\/"},"modified":"2026-04-08T10:21:33","modified_gmt":"2026-04-08T08:21:33","slug":"nox-at10-lux-negro-rojo-1","status":"publish","type":"product","link":"https:\/\/revolutionpadelstore.com\/de\/produkt\/nox-at10-lux-negro-rojo-1\/","title":{"rendered":"NOX AT10 LUX NEGRO ROJO"},"content":{"rendered":"<p>Diese Paddelschuhe wurden mit den hochwertigsten Materialien hergestellt und bieten dank ihrer injizierten Phylon -Mittelsohle, einer Komponente mit niedriger Dichte, die den R\u00fcckprall und die Auswirkung der Absorption durch effektives Energiemanagement optimiert.<\/p>\n<p>Das Design des NOX AT10 Lux in schwarzen und roten T\u00f6nen f\u00e4llt aus seiner Stabilit\u00e4t auf. Das Unterst\u00fctzungssystem unterst\u00fctzt das Risiko von Verstauchungen w\u00e4hrend lateraler Bewegungen, wodurch eine hohe Geschwindigkeit erreicht und sich sicher abschneidet.<\/p>\n<p>Die Sohle dieser Schuhe ist mit einem Spike -Muster in Kombination mit kleinen Tacos ausgestattet, das die Traktion auf verschiedenen Oberfl\u00e4chen verbessert.<\/p>\n<p>Es sind bequeme Schuhe, da ihr oberer Teil ein atmungsaktives Netz im Intenbereich sowie Beschichtungen enth\u00e4lt, die die Einstellung und Befestigung des Fu\u00dfes optimieren.<\/p>\n<p>\u00c4sthetisch ist sein Design schockierend, mit einem schwarzen Hintergrund und roten Details wie den Schn\u00fcrsenkel und dem Markenlogo an den Seiten. Dar\u00fcber hinaus werden diese Schuhe von Podologen zertifiziert, was ihre Qualit\u00e4t und ihren Komfort aus klinischer Sicht gew\u00e4hrleistet.<\/p>\n","protected":false},"excerpt":{"rendered":"<p>Ideal f\u00fcr den anspruchsvollsten Spieler sind die <strong> Paddelschuhe <\/strong> NOX AT10 Lux Black Red speziell mit technologischen Innovationen entwickelt, die die M\u00f6glichkeit einer Verletzung minimieren m\u00f6chten.<strong>zapatillas de p\u00e1del\u00a0<\/strong><\/p>\n","protected":false},"featured_media":110590,"comment_status":"open","ping_status":"closed","template":"","meta":{"_acf_changed":false,"_joinchat":[]},"acabado":[],"balance":[],"dureza":[],"forma":[],"jugador":[1189],"marca":[1259],"nivel-de-juego":[],"superficie":[],"tipo-de-juego":[],"product_brand":[],"product_cat":[398,831],"product_tag":[],"class_list":{"0":"post-119456","1":"product","2":"type-product","3":"status-publish","4":"has-post-thumbnail","6":"jugador-mann","7":"marca-nox-de","8":"product_cat-herren-sneaker","9":"product_cat-turnschuhe","11":"first","12":"outofstock","13":"sale","14":"taxable","15":"shipping-taxable","16":"purchasable","17":"product-type-variable"},"acf":[],"yoast_head":"<!-- This site is optimized with the Yoast SEO plugin v27.4 - https:\/\/yoast.com\/product\/yoast-seo-wordpress\/ -->\n<title>NOX AT10 LUX NEGRO ROJO - Revolution Padel Store<\/title>\n<meta name=\"description\" content=\"Estas zapatillas de p\u00e1del han sido fabricadas con materiales de la m\u00e1s alta calidad, ofreciendo una excelente amortiguaci\u00f3n gracias a su mediasuela de Phylon inyectado, un componente de baja densidad que optimiza el rebote y la absorci\u00f3n de impacto mediante una eficaz gesti\u00f3n de la energ\u00eda.\" \/>\n<meta name=\"robots\" content=\"index, follow, max-snippet:-1, max-image-preview:large, max-video-preview:-1\" \/>\n<link rel=\"canonical\" href=\"https:\/\/revolutionpadelstore.com\/de\/produkt\/nox-at10-lux-negro-rojo-1\/\" \/>\n<meta property=\"og:locale\" content=\"de_DE\" \/>\n<meta property=\"og:type\" content=\"article\" \/>\n<meta property=\"og:title\" content=\"NOX AT10 LUX NEGRO ROJO - Revolution Padel Store\" \/>\n<meta property=\"og:description\" content=\"Estas zapatillas de p\u00e1del han sido fabricadas con materiales de la m\u00e1s alta calidad, ofreciendo una excelente amortiguaci\u00f3n gracias a su mediasuela de Phylon inyectado, un componente de baja densidad que optimiza el rebote y la absorci\u00f3n de impacto mediante una eficaz gesti\u00f3n de la energ\u00eda.\" \/>\n<meta property=\"og:url\" content=\"https:\/\/revolutionpadelstore.com\/de\/produkt\/nox-at10-lux-negro-rojo-1\/\" \/>\n<meta property=\"og:site_name\" content=\"Revolution Padel Store\" \/>\n<meta property=\"article:modified_time\" content=\"2026-04-08T08:21:33+00:00\" \/>\n<meta property=\"og:image\" content=\"https:\/\/revolutionpadelstore.com\/wp-content\/uploads\/2024\/11\/imagen_1_24128_efe75f49_e276.webp\" \/>\n\t<meta property=\"og:image:width\" content=\"1000\" \/>\n\t<meta property=\"og:image:height\" content=\"1000\" \/>\n\t<meta property=\"og:image:type\" content=\"image\/webp\" \/>\n<meta name=\"twitter:card\" content=\"summary_large_image\" \/>\n<meta name=\"twitter:label1\" content=\"Gesch\u00e4tzte Lesezeit\" \/>\n\t<meta name=\"twitter:data1\" content=\"1\u00a0Minute\" \/>\n<script type=\"application\/ld+json\" class=\"yoast-schema-graph\">{\"@context\":\"https:\\\/\\\/schema.org\",\"@graph\":[{\"@type\":\"WebPage\",\"@id\":\"https:\\\/\\\/revolutionpadelstore.com\\\/de\\\/produkt\\\/nox-at10-lux-negro-rojo-1\\\/\",\"url\":\"https:\\\/\\\/revolutionpadelstore.com\\\/de\\\/produkt\\\/nox-at10-lux-negro-rojo-1\\\/\",\"name\":\"NOX AT10 LUX NEGRO ROJO - Revolution Padel Store\",\"isPartOf\":{\"@id\":\"https:\\\/\\\/revolutionpadelstore.com\\\/de\\\/#website\"},\"primaryImageOfPage\":{\"@id\":\"https:\\\/\\\/revolutionpadelstore.com\\\/de\\\/produkt\\\/nox-at10-lux-negro-rojo-1\\\/#primaryimage\"},\"image\":{\"@id\":\"https:\\\/\\\/revolutionpadelstore.com\\\/de\\\/produkt\\\/nox-at10-lux-negro-rojo-1\\\/#primaryimage\"},\"thumbnailUrl\":\"https:\\\/\\\/revolutionpadelstore.com\\\/wp-content\\\/uploads\\\/2024\\\/11\\\/imagen_1_24128_efe75f49_e276.webp\",\"datePublished\":\"2024-11-15T07:03:29+00:00\",\"dateModified\":\"2026-04-08T08:21:33+00:00\",\"description\":\"Estas zapatillas de p\u00e1del han sido fabricadas con materiales de la m\u00e1s alta calidad, ofreciendo una excelente amortiguaci\u00f3n gracias a su mediasuela de Phylon inyectado, un componente de baja densidad que optimiza el rebote y la absorci\u00f3n de impacto mediante una eficaz gesti\u00f3n de la energ\u00eda.\",\"breadcrumb\":{\"@id\":\"https:\\\/\\\/revolutionpadelstore.com\\\/de\\\/produkt\\\/nox-at10-lux-negro-rojo-1\\\/#breadcrumb\"},\"inLanguage\":\"de\",\"potentialAction\":[{\"@type\":\"ReadAction\",\"target\":[\"https:\\\/\\\/revolutionpadelstore.com\\\/de\\\/produkt\\\/nox-at10-lux-negro-rojo-1\\\/\"]}]},{\"@type\":\"ImageObject\",\"inLanguage\":\"de\",\"@id\":\"https:\\\/\\\/revolutionpadelstore.com\\\/de\\\/produkt\\\/nox-at10-lux-negro-rojo-1\\\/#primaryimage\",\"url\":\"https:\\\/\\\/revolutionpadelstore.com\\\/wp-content\\\/uploads\\\/2024\\\/11\\\/imagen_1_24128_efe75f49_e276.webp\",\"contentUrl\":\"https:\\\/\\\/revolutionpadelstore.com\\\/wp-content\\\/uploads\\\/2024\\\/11\\\/imagen_1_24128_efe75f49_e276.webp\",\"width\":1000,\"height\":1000},{\"@type\":\"BreadcrumbList\",\"@id\":\"https:\\\/\\\/revolutionpadelstore.com\\\/de\\\/produkt\\\/nox-at10-lux-negro-rojo-1\\\/#breadcrumb\",\"itemListElement\":[{\"@type\":\"ListItem\",\"position\":1,\"name\":\"Portada\",\"item\":\"https:\\\/\\\/revolutionpadelstore.com\\\/de\\\/\"},{\"@type\":\"ListItem\",\"position\":2,\"name\":\"Shop\",\"item\":\"https:\\\/\\\/revolutionpadelstore.com\\\/de\\\/tienda\\\/\"},{\"@type\":\"ListItem\",\"position\":3,\"name\":\"NOX AT10 LUX NEGRO ROJO\"}]},{\"@type\":\"WebSite\",\"@id\":\"https:\\\/\\\/revolutionpadelstore.com\\\/de\\\/#website\",\"url\":\"https:\\\/\\\/revolutionpadelstore.com\\\/de\\\/\",\"name\":\"Revolution Padel Store\",\"description\":\"\",\"publisher\":{\"@id\":\"https:\\\/\\\/revolutionpadelstore.com\\\/de\\\/#organization\"},\"potentialAction\":[{\"@type\":\"SearchAction\",\"target\":{\"@type\":\"EntryPoint\",\"urlTemplate\":\"https:\\\/\\\/revolutionpadelstore.com\\\/de\\\/?s={search_term_string}\"},\"query-input\":{\"@type\":\"PropertyValueSpecification\",\"valueRequired\":true,\"valueName\":\"search_term_string\"}}],\"inLanguage\":\"de\"},{\"@type\":\"Organization\",\"@id\":\"https:\\\/\\\/revolutionpadelstore.com\\\/de\\\/#organization\",\"name\":\"Revolution Padel Store\",\"url\":\"https:\\\/\\\/revolutionpadelstore.com\\\/de\\\/\",\"logo\":{\"@type\":\"ImageObject\",\"inLanguage\":\"de\",\"@id\":\"https:\\\/\\\/revolutionpadelstore.com\\\/de\\\/#\\\/schema\\\/logo\\\/image\\\/\",\"url\":\"https:\\\/\\\/revolutionpadelstore.com\\\/wp-content\\\/uploads\\\/2026\\\/02\\\/revolution-padel-store.jpg\",\"contentUrl\":\"https:\\\/\\\/revolutionpadelstore.com\\\/wp-content\\\/uploads\\\/2026\\\/02\\\/revolution-padel-store.jpg\",\"width\":2000,\"height\":2000,\"caption\":\"Revolution Padel Store\"},\"image\":{\"@id\":\"https:\\\/\\\/revolutionpadelstore.com\\\/de\\\/#\\\/schema\\\/logo\\\/image\\\/\"},\"sameAs\":[\"https:\\\/\\\/www.instagram.com\\\/revolutionpadelstore\\\/\"]}]}<\/script>\n<!-- \/ Yoast SEO plugin. -->","yoast_head_json":{"title":"NOX AT10 LUX NEGRO ROJO - Revolution Padel Store","description":"Estas zapatillas de p\u00e1del han sido fabricadas con materiales de la m\u00e1s alta calidad, ofreciendo una excelente amortiguaci\u00f3n gracias a su mediasuela de Phylon inyectado, un componente de baja densidad que optimiza el rebote y la absorci\u00f3n de impacto mediante una eficaz gesti\u00f3n de la energ\u00eda.","robots":{"index":"index","follow":"follow","max-snippet":"max-snippet:-1","max-image-preview":"max-image-preview:large","max-video-preview":"max-video-preview:-1"},"canonical":"https:\/\/revolutionpadelstore.com\/de\/produkt\/nox-at10-lux-negro-rojo-1\/","og_locale":"de_DE","og_type":"article","og_title":"NOX AT10 LUX NEGRO ROJO - Revolution Padel Store","og_description":"Estas zapatillas de p\u00e1del han sido fabricadas con materiales de la m\u00e1s alta calidad, ofreciendo una excelente amortiguaci\u00f3n gracias a su mediasuela de Phylon inyectado, un componente de baja densidad que optimiza el rebote y la absorci\u00f3n de impacto mediante una eficaz gesti\u00f3n de la energ\u00eda.","og_url":"https:\/\/revolutionpadelstore.com\/de\/produkt\/nox-at10-lux-negro-rojo-1\/","og_site_name":"Revolution Padel Store","article_modified_time":"2026-04-08T08:21:33+00:00","og_image":[{"width":1000,"height":1000,"url":"https:\/\/revolutionpadelstore.com\/wp-content\/uploads\/2024\/11\/imagen_1_24128_efe75f49_e276.webp","type":"image\/webp"}],"twitter_card":"summary_large_image","twitter_misc":{"Gesch\u00e4tzte Lesezeit":"1\u00a0Minute"},"schema":{"@context":"https:\/\/schema.org","@graph":[{"@type":"WebPage","@id":"https:\/\/revolutionpadelstore.com\/de\/produkt\/nox-at10-lux-negro-rojo-1\/","url":"https:\/\/revolutionpadelstore.com\/de\/produkt\/nox-at10-lux-negro-rojo-1\/","name":"NOX AT10 LUX NEGRO ROJO - Revolution Padel Store","isPartOf":{"@id":"https:\/\/revolutionpadelstore.com\/de\/#website"},"primaryImageOfPage":{"@id":"https:\/\/revolutionpadelstore.com\/de\/produkt\/nox-at10-lux-negro-rojo-1\/#primaryimage"},"image":{"@id":"https:\/\/revolutionpadelstore.com\/de\/produkt\/nox-at10-lux-negro-rojo-1\/#primaryimage"},"thumbnailUrl":"https:\/\/revolutionpadelstore.com\/wp-content\/uploads\/2024\/11\/imagen_1_24128_efe75f49_e276.webp","datePublished":"2024-11-15T07:03:29+00:00","dateModified":"2026-04-08T08:21:33+00:00","description":"Estas zapatillas de p\u00e1del han sido fabricadas con materiales de la m\u00e1s alta calidad, ofreciendo una excelente amortiguaci\u00f3n gracias a su mediasuela de Phylon inyectado, un componente de baja densidad que optimiza el rebote y la absorci\u00f3n de impacto mediante una eficaz gesti\u00f3n de la energ\u00eda.","breadcrumb":{"@id":"https:\/\/revolutionpadelstore.com\/de\/produkt\/nox-at10-lux-negro-rojo-1\/#breadcrumb"},"inLanguage":"de","potentialAction":[{"@type":"ReadAction","target":["https:\/\/revolutionpadelstore.com\/de\/produkt\/nox-at10-lux-negro-rojo-1\/"]}]},{"@type":"ImageObject","inLanguage":"de","@id":"https:\/\/revolutionpadelstore.com\/de\/produkt\/nox-at10-lux-negro-rojo-1\/#primaryimage","url":"https:\/\/revolutionpadelstore.com\/wp-content\/uploads\/2024\/11\/imagen_1_24128_efe75f49_e276.webp","contentUrl":"https:\/\/revolutionpadelstore.com\/wp-content\/uploads\/2024\/11\/imagen_1_24128_efe75f49_e276.webp","width":1000,"height":1000},{"@type":"BreadcrumbList","@id":"https:\/\/revolutionpadelstore.com\/de\/produkt\/nox-at10-lux-negro-rojo-1\/#breadcrumb","itemListElement":[{"@type":"ListItem","position":1,"name":"Portada","item":"https:\/\/revolutionpadelstore.com\/de\/"},{"@type":"ListItem","position":2,"name":"Shop","item":"https:\/\/revolutionpadelstore.com\/de\/tienda\/"},{"@type":"ListItem","position":3,"name":"NOX AT10 LUX NEGRO ROJO"}]},{"@type":"WebSite","@id":"https:\/\/revolutionpadelstore.com\/de\/#website","url":"https:\/\/revolutionpadelstore.com\/de\/","name":"Revolution Padel Store","description":"","publisher":{"@id":"https:\/\/revolutionpadelstore.com\/de\/#organization"},"potentialAction":[{"@type":"SearchAction","target":{"@type":"EntryPoint","urlTemplate":"https:\/\/revolutionpadelstore.com\/de\/?s={search_term_string}"},"query-input":{"@type":"PropertyValueSpecification","valueRequired":true,"valueName":"search_term_string"}}],"inLanguage":"de"},{"@type":"Organization","@id":"https:\/\/revolutionpadelstore.com\/de\/#organization","name":"Revolution Padel Store","url":"https:\/\/revolutionpadelstore.com\/de\/","logo":{"@type":"ImageObject","inLanguage":"de","@id":"https:\/\/revolutionpadelstore.com\/de\/#\/schema\/logo\/image\/","url":"https:\/\/revolutionpadelstore.com\/wp-content\/uploads\/2026\/02\/revolution-padel-store.jpg","contentUrl":"https:\/\/revolutionpadelstore.com\/wp-content\/uploads\/2026\/02\/revolution-padel-store.jpg","width":2000,"height":2000,"caption":"Revolution Padel Store"},"image":{"@id":"https:\/\/revolutionpadelstore.com\/de\/#\/schema\/logo\/image\/"},"sameAs":["https:\/\/www.instagram.com\/revolutionpadelstore\/"]}]}},"_links":{"self":[{"href":"https:\/\/revolutionpadelstore.com\/de\/wp-json\/wp\/v2\/product\/119456","targetHints":{"allow":["GET"]}}],"collection":[{"href":"https:\/\/revolutionpadelstore.com\/de\/wp-json\/wp\/v2\/product"}],"about":[{"href":"https:\/\/revolutionpadelstore.com\/de\/wp-json\/wp\/v2\/types\/product"}],"replies":[{"embeddable":true,"href":"https:\/\/revolutionpadelstore.com\/de\/wp-json\/wp\/v2\/comments?post=119456"}],"wp:featuredmedia":[{"embeddable":true,"href":"https:\/\/revolutionpadelstore.com\/de\/wp-json\/wp\/v2\/media\/110590"}],"wp:attachment":[{"href":"https:\/\/revolutionpadelstore.com\/de\/wp-json\/wp\/v2\/media?parent=119456"}],"wp:term":[{"taxonomy":"acabado","embeddable":true,"href":"https:\/\/revolutionpadelstore.com\/de\/wp-json\/wp\/v2\/acabado?post=119456"},{"taxonomy":"balance","embeddable":true,"href":"https:\/\/revolutionpadelstore.com\/de\/wp-json\/wp\/v2\/balance?post=119456"},{"taxonomy":"dureza","embeddable":true,"href":"https:\/\/revolutionpadelstore.com\/de\/wp-json\/wp\/v2\/dureza?post=119456"},{"taxonomy":"forma","embeddable":true,"href":"https:\/\/revolutionpadelstore.com\/de\/wp-json\/wp\/v2\/forma?post=119456"},{"taxonomy":"jugador","embeddable":true,"href":"https:\/\/revolutionpadelstore.com\/de\/wp-json\/wp\/v2\/jugador?post=119456"},{"taxonomy":"marca","embeddable":true,"href":"https:\/\/revolutionpadelstore.com\/de\/wp-json\/wp\/v2\/marca?post=119456"},{"taxonomy":"nivel-de-juego","embeddable":true,"href":"https:\/\/revolutionpadelstore.com\/de\/wp-json\/wp\/v2\/nivel-de-juego?post=119456"},{"taxonomy":"superficie","embeddable":true,"href":"https:\/\/revolutionpadelstore.com\/de\/wp-json\/wp\/v2\/superficie?post=119456"},{"taxonomy":"tipo-de-juego","embeddable":true,"href":"https:\/\/revolutionpadelstore.com\/de\/wp-json\/wp\/v2\/tipo-de-juego?post=119456"},{"taxonomy":"product_brand","embeddable":true,"href":"https:\/\/revolutionpadelstore.com\/de\/wp-json\/wp\/v2\/product_brand?post=119456"},{"taxonomy":"product_cat","embeddable":true,"href":"https:\/\/revolutionpadelstore.com\/de\/wp-json\/wp\/v2\/product_cat?post=119456"},{"taxonomy":"product_tag","embeddable":true,"href":"https:\/\/revolutionpadelstore.com\/de\/wp-json\/wp\/v2\/product_tag?post=119456"}],"curies":[{"name":"wp","href":"https:\/\/api.w.org\/{rel}","templated":true}]}}