{"id":119451,"date":"2024-11-15T08:24:32","date_gmt":"2024-11-15T07:24:32","guid":{"rendered":"https:\/\/revolutionpadelstore.com\/nox-ml10-hexa-black-slate-grey\/"},"modified":"2026-04-08T10:19:53","modified_gmt":"2026-04-08T08:19:53","slug":"nox-ml10-hexa-black-slate-grey-1","status":"publish","type":"product","link":"https:\/\/revolutionpadelstore.com\/de\/produkt\/nox-ml10-hexa-black-slate-grey-1\/","title":{"rendered":"NOX ML10 HEXA BLACK\/SLATE GREY"},"content":{"rendered":"<p><Div class=\"flex max-w-suppl-colUp flex-Grow\"><br \/>\n<Div class=\"min-H-8 Text-Message Flex W-Suppress fliehen data-message-author-role =\"><\/p>\n<div class=\"flex w-full flex-Col Gap-1 emty: zuerst versteckt: pt- [3px]\">&gt;<\/p>\n<div class=\"Markdown Fortsetzung W-Volle Break-Words Dunkel: Prosa-Invert dunkel\">\n<h2> NOx ML10 Hexa Schwarz, unglaubliche Festigkeit und Unterst\u00fctzung <\/ H2><br \/>\nName ML10 Hexa Black Paddle -Schuhe sind so konzipiert, dass sie au\u00dfergew\u00f6hnliche Festigkeit und Unterst\u00fctzung bieten, um Ihre Spurleistung zu revolutionieren. Diese Schuhe von Miguel Lamperti f\u00fcr den Premier Padel Spanien 2024 ausgew\u00e4hlt und bieten eine h\u00f6here Leistung und helfen, das Risiko von Verletzungen zu minimieren.<\/p>\n<p>Die ML10 Hexa der Luxus -Serie zertifiziert vom Incop Footwear Technology Center in Alicante und verf\u00fcgt \u00fcber eine gemischte Sohle, die Spikes und Microtacos kombiniert, was einen hervorragenden Griff und Vielseitigkeit in jeder Art von Spielfl\u00e4che garantiert.<\/p>\n<p>Um eine ideale Polsterung und eine hervorragende Energieversuche zu gew\u00e4hrleisten, umfassen die Schuhe eine Strobel -Schaumstoffpflanze EVA und eine Phylon auf halbem Weg. Dar\u00fcber hinaus verbessert die ortholitische Vorlage nicht nur den Komfort, sondern bietet auch antimikrobielle Eigenschaften, um die Proliferation von Bakterien zu vermeiden und Ihre frischen und komfortablen F\u00fc\u00dfe aufrechtzuerhalten.<\/p>\n<p>Das laterale System unterst\u00fctzt die Stabilit\u00e4t in jeder Bewegung, erweitert die Kontaktfl\u00e4che mit dem Boden und verringert das Risiko von Verstauchungen. Die AGG -Technologie (Advanced Gravity Geometrie) erleichtert die schnelle Starts und verbessert die Warteposition. Es umfasst auch die laterale Abraxon -Verst\u00e4rkung, die die Abriebfestigkeit erh\u00f6ht.<\/p>\n<p>Mit dem NOx ML10 Hexa Black k\u00f6nnen Sie Ihre Leistung auf der Strecke verbessern, ein sichereres und effizienteres Spiel genie\u00dfen und Ihr Level auf das Maximum erh\u00f6hen. Verpassen Sie nicht die Gelegenheit, Ihr Spiel auf das n\u00e4chste Level zu bringen!<\/p>\n<p><\/ div><br \/>\n<\/ div><br \/>\n<\/ div><br \/>\n<\/ div><\/p>\n","protected":false},"excerpt":{"rendered":"<p>Die NOX ML10 Hexa 2024 sind die Lieblingsschuhe des charismatischsten Spielers der Paddelkreis, Miguel Lamperti. Er vertraut ihnen sowohl f\u00fcr ihre Ausbildung als auch f\u00fcr ihre offiziellen Parteien und gew\u00e4hrleistet zu jeder Zeit optimale Leistung und maximale Komfort.<\/p>\n","protected":false},"featured_media":110598,"comment_status":"open","ping_status":"closed","template":"","meta":{"_acf_changed":false,"_joinchat":[]},"acabado":[],"balance":[],"dureza":[],"forma":[],"jugador":[1189],"marca":[1259],"nivel-de-juego":[],"superficie":[],"tipo-de-juego":[],"product_brand":[],"product_cat":[831],"product_tag":[],"class_list":{"0":"post-119451","1":"product","2":"type-product","3":"status-publish","4":"has-post-thumbnail","6":"jugador-mann","7":"marca-nox-de","8":"product_cat-turnschuhe","10":"first","11":"outofstock","12":"sale","13":"taxable","14":"shipping-taxable","15":"purchasable","16":"product-type-variable"},"acf":[],"yoast_head":"<!-- This site is optimized with the Yoast SEO plugin v27.4 - https:\/\/yoast.com\/product\/yoast-seo-wordpress\/ -->\n<title>NOX ML10 HEXA BLACK\/SLATE GREY - Revolution Padel Store<\/title>\n<meta name=\"description\" content=\"Las zapatillas de p\u00e1del Nox ML10 Hexa Negro est\u00e1n dise\u00f1adas para ofrecer una firmeza y soporte excepcionales, pensadas para revolucionar tu rendimiento en la pista. Escogidas por Miguel Lamperti para el Premier Padel Espa\u00f1a 2024, estas zapatillas proporcionan un rendimiento superior y ayudan a minimizar el riesgo de lesiones.\" \/>\n<meta name=\"robots\" content=\"index, follow, max-snippet:-1, max-image-preview:large, max-video-preview:-1\" \/>\n<link rel=\"canonical\" href=\"https:\/\/revolutionpadelstore.com\/de\/produkt\/nox-ml10-hexa-black-slate-grey-1\/\" \/>\n<meta property=\"og:locale\" content=\"de_DE\" \/>\n<meta property=\"og:type\" content=\"article\" \/>\n<meta property=\"og:title\" content=\"NOX ML10 HEXA BLACK\/SLATE GREY - Revolution Padel Store\" \/>\n<meta property=\"og:description\" content=\"Las zapatillas de p\u00e1del Nox ML10 Hexa Negro est\u00e1n dise\u00f1adas para ofrecer una firmeza y soporte excepcionales, pensadas para revolucionar tu rendimiento en la pista. Escogidas por Miguel Lamperti para el Premier Padel Espa\u00f1a 2024, estas zapatillas proporcionan un rendimiento superior y ayudan a minimizar el riesgo de lesiones.\" \/>\n<meta property=\"og:url\" content=\"https:\/\/revolutionpadelstore.com\/de\/produkt\/nox-ml10-hexa-black-slate-grey-1\/\" \/>\n<meta property=\"og:site_name\" content=\"Revolution Padel Store\" \/>\n<meta property=\"article:modified_time\" content=\"2026-04-08T08:19:53+00:00\" \/>\n<meta property=\"og:image\" content=\"https:\/\/revolutionpadelstore.com\/wp-content\/uploads\/2024\/11\/113140_zapatillas_nox_ml10_hexa_calmlhexblgs_1500x1500_1_4667.webp\" \/>\n\t<meta property=\"og:image:width\" content=\"1500\" \/>\n\t<meta property=\"og:image:height\" content=\"1500\" \/>\n\t<meta property=\"og:image:type\" content=\"image\/webp\" \/>\n<meta name=\"twitter:card\" content=\"summary_large_image\" \/>\n<meta name=\"twitter:label1\" content=\"Gesch\u00e4tzte Lesezeit\" \/>\n\t<meta name=\"twitter:data1\" content=\"2\u00a0Minuten\" \/>\n<script type=\"application\/ld+json\" class=\"yoast-schema-graph\">{\"@context\":\"https:\\\/\\\/schema.org\",\"@graph\":[{\"@type\":\"WebPage\",\"@id\":\"https:\\\/\\\/revolutionpadelstore.com\\\/de\\\/produkt\\\/nox-ml10-hexa-black-slate-grey-1\\\/\",\"url\":\"https:\\\/\\\/revolutionpadelstore.com\\\/de\\\/produkt\\\/nox-ml10-hexa-black-slate-grey-1\\\/\",\"name\":\"NOX ML10 HEXA BLACK\\\/SLATE GREY - Revolution Padel Store\",\"isPartOf\":{\"@id\":\"https:\\\/\\\/revolutionpadelstore.com\\\/de\\\/#website\"},\"primaryImageOfPage\":{\"@id\":\"https:\\\/\\\/revolutionpadelstore.com\\\/de\\\/produkt\\\/nox-ml10-hexa-black-slate-grey-1\\\/#primaryimage\"},\"image\":{\"@id\":\"https:\\\/\\\/revolutionpadelstore.com\\\/de\\\/produkt\\\/nox-ml10-hexa-black-slate-grey-1\\\/#primaryimage\"},\"thumbnailUrl\":\"https:\\\/\\\/revolutionpadelstore.com\\\/wp-content\\\/uploads\\\/2024\\\/11\\\/113140_zapatillas_nox_ml10_hexa_calmlhexblgs_1500x1500_1_4667.webp\",\"datePublished\":\"2024-11-15T07:24:32+00:00\",\"dateModified\":\"2026-04-08T08:19:53+00:00\",\"description\":\"Las zapatillas de p\u00e1del Nox ML10 Hexa Negro est\u00e1n dise\u00f1adas para ofrecer una firmeza y soporte excepcionales, pensadas para revolucionar tu rendimiento en la pista. Escogidas por Miguel Lamperti para el Premier Padel Espa\u00f1a 2024, estas zapatillas proporcionan un rendimiento superior y ayudan a minimizar el riesgo de lesiones.\",\"breadcrumb\":{\"@id\":\"https:\\\/\\\/revolutionpadelstore.com\\\/de\\\/produkt\\\/nox-ml10-hexa-black-slate-grey-1\\\/#breadcrumb\"},\"inLanguage\":\"de\",\"potentialAction\":[{\"@type\":\"ReadAction\",\"target\":[\"https:\\\/\\\/revolutionpadelstore.com\\\/de\\\/produkt\\\/nox-ml10-hexa-black-slate-grey-1\\\/\"]}]},{\"@type\":\"ImageObject\",\"inLanguage\":\"de\",\"@id\":\"https:\\\/\\\/revolutionpadelstore.com\\\/de\\\/produkt\\\/nox-ml10-hexa-black-slate-grey-1\\\/#primaryimage\",\"url\":\"https:\\\/\\\/revolutionpadelstore.com\\\/wp-content\\\/uploads\\\/2024\\\/11\\\/113140_zapatillas_nox_ml10_hexa_calmlhexblgs_1500x1500_1_4667.webp\",\"contentUrl\":\"https:\\\/\\\/revolutionpadelstore.com\\\/wp-content\\\/uploads\\\/2024\\\/11\\\/113140_zapatillas_nox_ml10_hexa_calmlhexblgs_1500x1500_1_4667.webp\",\"width\":1500,\"height\":1500},{\"@type\":\"BreadcrumbList\",\"@id\":\"https:\\\/\\\/revolutionpadelstore.com\\\/de\\\/produkt\\\/nox-ml10-hexa-black-slate-grey-1\\\/#breadcrumb\",\"itemListElement\":[{\"@type\":\"ListItem\",\"position\":1,\"name\":\"Portada\",\"item\":\"https:\\\/\\\/revolutionpadelstore.com\\\/de\\\/\"},{\"@type\":\"ListItem\",\"position\":2,\"name\":\"Shop\",\"item\":\"https:\\\/\\\/revolutionpadelstore.com\\\/de\\\/tienda\\\/\"},{\"@type\":\"ListItem\",\"position\":3,\"name\":\"NOX ML10 HEXA BLACK\\\/SLATE GREY\"}]},{\"@type\":\"WebSite\",\"@id\":\"https:\\\/\\\/revolutionpadelstore.com\\\/de\\\/#website\",\"url\":\"https:\\\/\\\/revolutionpadelstore.com\\\/de\\\/\",\"name\":\"Revolution Padel Store\",\"description\":\"\",\"publisher\":{\"@id\":\"https:\\\/\\\/revolutionpadelstore.com\\\/de\\\/#organization\"},\"potentialAction\":[{\"@type\":\"SearchAction\",\"target\":{\"@type\":\"EntryPoint\",\"urlTemplate\":\"https:\\\/\\\/revolutionpadelstore.com\\\/de\\\/?s={search_term_string}\"},\"query-input\":{\"@type\":\"PropertyValueSpecification\",\"valueRequired\":true,\"valueName\":\"search_term_string\"}}],\"inLanguage\":\"de\"},{\"@type\":\"Organization\",\"@id\":\"https:\\\/\\\/revolutionpadelstore.com\\\/de\\\/#organization\",\"name\":\"Revolution Padel Store\",\"url\":\"https:\\\/\\\/revolutionpadelstore.com\\\/de\\\/\",\"logo\":{\"@type\":\"ImageObject\",\"inLanguage\":\"de\",\"@id\":\"https:\\\/\\\/revolutionpadelstore.com\\\/de\\\/#\\\/schema\\\/logo\\\/image\\\/\",\"url\":\"https:\\\/\\\/revolutionpadelstore.com\\\/wp-content\\\/uploads\\\/2026\\\/02\\\/revolution-padel-store.jpg\",\"contentUrl\":\"https:\\\/\\\/revolutionpadelstore.com\\\/wp-content\\\/uploads\\\/2026\\\/02\\\/revolution-padel-store.jpg\",\"width\":2000,\"height\":2000,\"caption\":\"Revolution Padel Store\"},\"image\":{\"@id\":\"https:\\\/\\\/revolutionpadelstore.com\\\/de\\\/#\\\/schema\\\/logo\\\/image\\\/\"},\"sameAs\":[\"https:\\\/\\\/www.instagram.com\\\/revolutionpadelstore\\\/\"]}]}<\/script>\n<!-- \/ Yoast SEO plugin. -->","yoast_head_json":{"title":"NOX ML10 HEXA BLACK\/SLATE GREY - Revolution Padel Store","description":"Las zapatillas de p\u00e1del Nox ML10 Hexa Negro est\u00e1n dise\u00f1adas para ofrecer una firmeza y soporte excepcionales, pensadas para revolucionar tu rendimiento en la pista. Escogidas por Miguel Lamperti para el Premier Padel Espa\u00f1a 2024, estas zapatillas proporcionan un rendimiento superior y ayudan a minimizar el riesgo de lesiones.","robots":{"index":"index","follow":"follow","max-snippet":"max-snippet:-1","max-image-preview":"max-image-preview:large","max-video-preview":"max-video-preview:-1"},"canonical":"https:\/\/revolutionpadelstore.com\/de\/produkt\/nox-ml10-hexa-black-slate-grey-1\/","og_locale":"de_DE","og_type":"article","og_title":"NOX ML10 HEXA BLACK\/SLATE GREY - Revolution Padel Store","og_description":"Las zapatillas de p\u00e1del Nox ML10 Hexa Negro est\u00e1n dise\u00f1adas para ofrecer una firmeza y soporte excepcionales, pensadas para revolucionar tu rendimiento en la pista. Escogidas por Miguel Lamperti para el Premier Padel Espa\u00f1a 2024, estas zapatillas proporcionan un rendimiento superior y ayudan a minimizar el riesgo de lesiones.","og_url":"https:\/\/revolutionpadelstore.com\/de\/produkt\/nox-ml10-hexa-black-slate-grey-1\/","og_site_name":"Revolution Padel Store","article_modified_time":"2026-04-08T08:19:53+00:00","og_image":[{"width":1500,"height":1500,"url":"https:\/\/revolutionpadelstore.com\/wp-content\/uploads\/2024\/11\/113140_zapatillas_nox_ml10_hexa_calmlhexblgs_1500x1500_1_4667.webp","type":"image\/webp"}],"twitter_card":"summary_large_image","twitter_misc":{"Gesch\u00e4tzte Lesezeit":"2\u00a0Minuten"},"schema":{"@context":"https:\/\/schema.org","@graph":[{"@type":"WebPage","@id":"https:\/\/revolutionpadelstore.com\/de\/produkt\/nox-ml10-hexa-black-slate-grey-1\/","url":"https:\/\/revolutionpadelstore.com\/de\/produkt\/nox-ml10-hexa-black-slate-grey-1\/","name":"NOX ML10 HEXA BLACK\/SLATE GREY - Revolution Padel Store","isPartOf":{"@id":"https:\/\/revolutionpadelstore.com\/de\/#website"},"primaryImageOfPage":{"@id":"https:\/\/revolutionpadelstore.com\/de\/produkt\/nox-ml10-hexa-black-slate-grey-1\/#primaryimage"},"image":{"@id":"https:\/\/revolutionpadelstore.com\/de\/produkt\/nox-ml10-hexa-black-slate-grey-1\/#primaryimage"},"thumbnailUrl":"https:\/\/revolutionpadelstore.com\/wp-content\/uploads\/2024\/11\/113140_zapatillas_nox_ml10_hexa_calmlhexblgs_1500x1500_1_4667.webp","datePublished":"2024-11-15T07:24:32+00:00","dateModified":"2026-04-08T08:19:53+00:00","description":"Las zapatillas de p\u00e1del Nox ML10 Hexa Negro est\u00e1n dise\u00f1adas para ofrecer una firmeza y soporte excepcionales, pensadas para revolucionar tu rendimiento en la pista. Escogidas por Miguel Lamperti para el Premier Padel Espa\u00f1a 2024, estas zapatillas proporcionan un rendimiento superior y ayudan a minimizar el riesgo de lesiones.","breadcrumb":{"@id":"https:\/\/revolutionpadelstore.com\/de\/produkt\/nox-ml10-hexa-black-slate-grey-1\/#breadcrumb"},"inLanguage":"de","potentialAction":[{"@type":"ReadAction","target":["https:\/\/revolutionpadelstore.com\/de\/produkt\/nox-ml10-hexa-black-slate-grey-1\/"]}]},{"@type":"ImageObject","inLanguage":"de","@id":"https:\/\/revolutionpadelstore.com\/de\/produkt\/nox-ml10-hexa-black-slate-grey-1\/#primaryimage","url":"https:\/\/revolutionpadelstore.com\/wp-content\/uploads\/2024\/11\/113140_zapatillas_nox_ml10_hexa_calmlhexblgs_1500x1500_1_4667.webp","contentUrl":"https:\/\/revolutionpadelstore.com\/wp-content\/uploads\/2024\/11\/113140_zapatillas_nox_ml10_hexa_calmlhexblgs_1500x1500_1_4667.webp","width":1500,"height":1500},{"@type":"BreadcrumbList","@id":"https:\/\/revolutionpadelstore.com\/de\/produkt\/nox-ml10-hexa-black-slate-grey-1\/#breadcrumb","itemListElement":[{"@type":"ListItem","position":1,"name":"Portada","item":"https:\/\/revolutionpadelstore.com\/de\/"},{"@type":"ListItem","position":2,"name":"Shop","item":"https:\/\/revolutionpadelstore.com\/de\/tienda\/"},{"@type":"ListItem","position":3,"name":"NOX ML10 HEXA BLACK\/SLATE GREY"}]},{"@type":"WebSite","@id":"https:\/\/revolutionpadelstore.com\/de\/#website","url":"https:\/\/revolutionpadelstore.com\/de\/","name":"Revolution Padel Store","description":"","publisher":{"@id":"https:\/\/revolutionpadelstore.com\/de\/#organization"},"potentialAction":[{"@type":"SearchAction","target":{"@type":"EntryPoint","urlTemplate":"https:\/\/revolutionpadelstore.com\/de\/?s={search_term_string}"},"query-input":{"@type":"PropertyValueSpecification","valueRequired":true,"valueName":"search_term_string"}}],"inLanguage":"de"},{"@type":"Organization","@id":"https:\/\/revolutionpadelstore.com\/de\/#organization","name":"Revolution Padel Store","url":"https:\/\/revolutionpadelstore.com\/de\/","logo":{"@type":"ImageObject","inLanguage":"de","@id":"https:\/\/revolutionpadelstore.com\/de\/#\/schema\/logo\/image\/","url":"https:\/\/revolutionpadelstore.com\/wp-content\/uploads\/2026\/02\/revolution-padel-store.jpg","contentUrl":"https:\/\/revolutionpadelstore.com\/wp-content\/uploads\/2026\/02\/revolution-padel-store.jpg","width":2000,"height":2000,"caption":"Revolution Padel Store"},"image":{"@id":"https:\/\/revolutionpadelstore.com\/de\/#\/schema\/logo\/image\/"},"sameAs":["https:\/\/www.instagram.com\/revolutionpadelstore\/"]}]}},"_links":{"self":[{"href":"https:\/\/revolutionpadelstore.com\/de\/wp-json\/wp\/v2\/product\/119451","targetHints":{"allow":["GET"]}}],"collection":[{"href":"https:\/\/revolutionpadelstore.com\/de\/wp-json\/wp\/v2\/product"}],"about":[{"href":"https:\/\/revolutionpadelstore.com\/de\/wp-json\/wp\/v2\/types\/product"}],"replies":[{"embeddable":true,"href":"https:\/\/revolutionpadelstore.com\/de\/wp-json\/wp\/v2\/comments?post=119451"}],"wp:featuredmedia":[{"embeddable":true,"href":"https:\/\/revolutionpadelstore.com\/de\/wp-json\/wp\/v2\/media\/110598"}],"wp:attachment":[{"href":"https:\/\/revolutionpadelstore.com\/de\/wp-json\/wp\/v2\/media?parent=119451"}],"wp:term":[{"taxonomy":"acabado","embeddable":true,"href":"https:\/\/revolutionpadelstore.com\/de\/wp-json\/wp\/v2\/acabado?post=119451"},{"taxonomy":"balance","embeddable":true,"href":"https:\/\/revolutionpadelstore.com\/de\/wp-json\/wp\/v2\/balance?post=119451"},{"taxonomy":"dureza","embeddable":true,"href":"https:\/\/revolutionpadelstore.com\/de\/wp-json\/wp\/v2\/dureza?post=119451"},{"taxonomy":"forma","embeddable":true,"href":"https:\/\/revolutionpadelstore.com\/de\/wp-json\/wp\/v2\/forma?post=119451"},{"taxonomy":"jugador","embeddable":true,"href":"https:\/\/revolutionpadelstore.com\/de\/wp-json\/wp\/v2\/jugador?post=119451"},{"taxonomy":"marca","embeddable":true,"href":"https:\/\/revolutionpadelstore.com\/de\/wp-json\/wp\/v2\/marca?post=119451"},{"taxonomy":"nivel-de-juego","embeddable":true,"href":"https:\/\/revolutionpadelstore.com\/de\/wp-json\/wp\/v2\/nivel-de-juego?post=119451"},{"taxonomy":"superficie","embeddable":true,"href":"https:\/\/revolutionpadelstore.com\/de\/wp-json\/wp\/v2\/superficie?post=119451"},{"taxonomy":"tipo-de-juego","embeddable":true,"href":"https:\/\/revolutionpadelstore.com\/de\/wp-json\/wp\/v2\/tipo-de-juego?post=119451"},{"taxonomy":"product_brand","embeddable":true,"href":"https:\/\/revolutionpadelstore.com\/de\/wp-json\/wp\/v2\/product_brand?post=119451"},{"taxonomy":"product_cat","embeddable":true,"href":"https:\/\/revolutionpadelstore.com\/de\/wp-json\/wp\/v2\/product_cat?post=119451"},{"taxonomy":"product_tag","embeddable":true,"href":"https:\/\/revolutionpadelstore.com\/de\/wp-json\/wp\/v2\/product_tag?post=119451"}],"curies":[{"name":"wp","href":"https:\/\/api.w.org\/{rel}","templated":true}]}}