{"id":119440,"date":"2024-11-15T08:41:05","date_gmt":"2024-11-15T07:41:05","guid":{"rendered":"https:\/\/revolutionpadelstore.com\/paletero-nox-luxury-master-series-blanco-negro\/"},"modified":"2026-04-08T10:19:30","modified_gmt":"2026-04-08T08:19:30","slug":"paletero-nox-luxury-master-series-blanco-negro-1","status":"publish","type":"product","link":"https:\/\/revolutionpadelstore.com\/de\/produkt\/paletero-nox-luxury-master-series-blanco-negro-1\/","title":{"rendered":"PALETERO NOX LUXURY MASTER SERIES BLANCO NEGRO"},"content":{"rendered":"<h2> Paletero Nox Luxury Master -Serie schwarz schwarz, gro\u00dfer Widerstand <\/ H2><br \/>\nDie luxuri\u00f6se Master -Serie von Nox in einer eleganten Schwarz -Wei\u00df -Farbe bietet ein einzigartiges Nutzungserlebnis. Hergestellt mit staatlichen technischen Materialien und hochwertigen Textilien, garantiert einen gro\u00dfen Verschlei\u00dffestigkeit und gleichzeitig ein leichteres Gewicht. Eine perfekte Kombination aus Haltbarkeit, Stil und Funktionalit\u00e4t.<\/p>\n<p>Mit einer Kapazit\u00e4t von 60 Litern und Abmessungen von 60 x 30 x 35 cm k\u00f6nnen Sie mit diesem Paletero Ihr gesamtes Team transportieren, ohne etwas zur\u00fcckzulassen. Das Design beinhaltet die Rucksackoption, jedoch mit abnehmbaren Griffen, die eine gro\u00dfe Vielseitigkeit und den Transportkomfort bieten.<\/p>\n<p><strong> starre Basis und ergonomisches Griff <\/strong><\/p>\n<p>Diese Paletero zeichnet sich dank seiner Seiten\u00f6ffnung mit einem leicht zug\u00e4nglichen Fach aus, in dem Sie bis zu 3 Paddelschaufeln, Kleidung oder einem anderen Sport -Accessoire aufbewahren k\u00f6nnen. Es verf\u00fcgt au\u00dferdem \u00fcber ein bel\u00fcftetes Fach f\u00fcr Schuhe, das eine effiziente Luftzirkulation erm\u00f6glicht und den Rest Ihrer sauberen und trockenen Ger\u00e4te beibeh\u00e4lt.<\/p>\n<p>Dar\u00fcber hinaus enth\u00e4lt die Paletero zwei Seitenf\u00e4cher: eine mit einer starren Oberfl\u00e4che, die einen gr\u00f6\u00dferen Schutz bietet, und ein anderer mit mehreren Taschen, um Ihre pers\u00f6nlichen Objekte zu organisieren und schnell auf sie zuzugreifen. Es verf\u00fcgt auch \u00fcber ein thermisches Kompartiment mit Nox Thermotch -Technologie, in dem Ihre Paddelbl\u00e4tter und andere Objekte unter optimalen Bedingungen auf Temperatur empfindlich sind.<\/p>\n<p>Mit der luxuri\u00f6sen Master -Serie von NOx haben Sie alles, was Sie brauchen, um Ihr Team organisiert und sicher zu halten, und genie\u00dfen Sie gleichzeitig ein praktisches und raffiniertes Design.<\/p>\n<h2>Paletero Nox Luxury Master Series Blanco Negro, gran resistencia<\/h2>\n","protected":false},"excerpt":{"rendered":"<p>Entdecken Sie den neuen Luxus -Meister des Paletero -Padel -Luxus, der mit dem besten Textil- und technischen Material entworfen wurde, um das Gewicht zu reduzieren und den Widerstand zu erh\u00f6hen. Er bietet eine perfekte Kombination aus Stil, Funktionalit\u00e4t und Haltbarkeit. In Schwarz\/Wei\u00df.<\/p>\n","protected":false},"featured_media":110629,"comment_status":"open","ping_status":"closed","template":"","meta":{"_acf_changed":false,"_joinchat":[]},"acabado":[],"balance":[],"dureza":[],"forma":[],"jugador":[],"marca":[1259],"nivel-de-juego":[],"superficie":[],"tipo-de-juego":[],"product_brand":[],"product_cat":[314],"product_tag":[],"class_list":{"0":"post-119440","1":"product","2":"type-product","3":"status-publish","4":"has-post-thumbnail","6":"marca-nox-de","7":"product_cat-taschen","9":"first","10":"outofstock","11":"sale","12":"taxable","13":"shipping-taxable","14":"purchasable","15":"product-type-simple"},"acf":[],"yoast_head":"<!-- This site is optimized with the Yoast SEO plugin v27.4 - https:\/\/yoast.com\/product\/yoast-seo-wordpress\/ -->\n<title>PALETERO NOX LUXURY MASTER SERIES BLANCO NEGRO - Revolution Padel Store<\/title>\n<meta name=\"description\" content=\"El Paletero Luxury Master Series de Nox, en un elegante color blanco y negro, est\u00e1 dise\u00f1ado para ofrecer una experiencia de uso inigualable. Fabricado con materiales t\u00e9cnicos de \u00faltima generaci\u00f3n y textiles de alta calidad, garantiza una gran resistencia al desgaste y, al mismo tiempo, un peso m\u00e1s ligero. Una combinaci\u00f3n perfecta de durabilidad, estilo y funcionalidad.\" \/>\n<meta name=\"robots\" content=\"index, follow, max-snippet:-1, max-image-preview:large, max-video-preview:-1\" \/>\n<link rel=\"canonical\" href=\"https:\/\/revolutionpadelstore.com\/de\/produkt\/paletero-nox-luxury-master-series-blanco-negro-1\/\" \/>\n<meta property=\"og:locale\" content=\"de_DE\" \/>\n<meta property=\"og:type\" content=\"article\" \/>\n<meta property=\"og:title\" content=\"PALETERO NOX LUXURY MASTER SERIES BLANCO NEGRO - Revolution Padel Store\" \/>\n<meta property=\"og:description\" content=\"El Paletero Luxury Master Series de Nox, en un elegante color blanco y negro, est\u00e1 dise\u00f1ado para ofrecer una experiencia de uso inigualable. Fabricado con materiales t\u00e9cnicos de \u00faltima generaci\u00f3n y textiles de alta calidad, garantiza una gran resistencia al desgaste y, al mismo tiempo, un peso m\u00e1s ligero. Una combinaci\u00f3n perfecta de durabilidad, estilo y funcionalidad.\" \/>\n<meta property=\"og:url\" content=\"https:\/\/revolutionpadelstore.com\/de\/produkt\/paletero-nox-luxury-master-series-blanco-negro-1\/\" \/>\n<meta property=\"og:site_name\" content=\"Revolution Padel Store\" \/>\n<meta property=\"article:modified_time\" content=\"2026-04-08T08:19:30+00:00\" \/>\n<meta property=\"og:image\" content=\"https:\/\/revolutionpadelstore.com\/wp-content\/uploads\/2024\/11\/113157_paletero_nox_luxury_master_series_bpluxmaster_1500x1500_1_a40c.webp\" \/>\n\t<meta property=\"og:image:width\" content=\"1500\" \/>\n\t<meta property=\"og:image:height\" content=\"1500\" \/>\n\t<meta property=\"og:image:type\" content=\"image\/webp\" \/>\n<meta name=\"twitter:card\" content=\"summary_large_image\" \/>\n<meta name=\"twitter:label1\" content=\"Gesch\u00e4tzte Lesezeit\" \/>\n\t<meta name=\"twitter:data1\" content=\"1\u00a0Minute\" \/>\n<script type=\"application\/ld+json\" class=\"yoast-schema-graph\">{\"@context\":\"https:\\\/\\\/schema.org\",\"@graph\":[{\"@type\":\"WebPage\",\"@id\":\"https:\\\/\\\/revolutionpadelstore.com\\\/de\\\/produkt\\\/paletero-nox-luxury-master-series-blanco-negro-1\\\/\",\"url\":\"https:\\\/\\\/revolutionpadelstore.com\\\/de\\\/produkt\\\/paletero-nox-luxury-master-series-blanco-negro-1\\\/\",\"name\":\"PALETERO NOX LUXURY MASTER SERIES BLANCO NEGRO - Revolution Padel Store\",\"isPartOf\":{\"@id\":\"https:\\\/\\\/revolutionpadelstore.com\\\/de\\\/#website\"},\"primaryImageOfPage\":{\"@id\":\"https:\\\/\\\/revolutionpadelstore.com\\\/de\\\/produkt\\\/paletero-nox-luxury-master-series-blanco-negro-1\\\/#primaryimage\"},\"image\":{\"@id\":\"https:\\\/\\\/revolutionpadelstore.com\\\/de\\\/produkt\\\/paletero-nox-luxury-master-series-blanco-negro-1\\\/#primaryimage\"},\"thumbnailUrl\":\"https:\\\/\\\/revolutionpadelstore.com\\\/wp-content\\\/uploads\\\/2024\\\/11\\\/113157_paletero_nox_luxury_master_series_bpluxmaster_1500x1500_1_a40c.webp\",\"datePublished\":\"2024-11-15T07:41:05+00:00\",\"dateModified\":\"2026-04-08T08:19:30+00:00\",\"description\":\"El Paletero Luxury Master Series de Nox, en un elegante color blanco y negro, est\u00e1 dise\u00f1ado para ofrecer una experiencia de uso inigualable. Fabricado con materiales t\u00e9cnicos de \u00faltima generaci\u00f3n y textiles de alta calidad, garantiza una gran resistencia al desgaste y, al mismo tiempo, un peso m\u00e1s ligero. Una combinaci\u00f3n perfecta de durabilidad, estilo y funcionalidad.\",\"breadcrumb\":{\"@id\":\"https:\\\/\\\/revolutionpadelstore.com\\\/de\\\/produkt\\\/paletero-nox-luxury-master-series-blanco-negro-1\\\/#breadcrumb\"},\"inLanguage\":\"de\",\"potentialAction\":[{\"@type\":\"ReadAction\",\"target\":[\"https:\\\/\\\/revolutionpadelstore.com\\\/de\\\/produkt\\\/paletero-nox-luxury-master-series-blanco-negro-1\\\/\"]}]},{\"@type\":\"ImageObject\",\"inLanguage\":\"de\",\"@id\":\"https:\\\/\\\/revolutionpadelstore.com\\\/de\\\/produkt\\\/paletero-nox-luxury-master-series-blanco-negro-1\\\/#primaryimage\",\"url\":\"https:\\\/\\\/revolutionpadelstore.com\\\/wp-content\\\/uploads\\\/2024\\\/11\\\/113157_paletero_nox_luxury_master_series_bpluxmaster_1500x1500_1_a40c.webp\",\"contentUrl\":\"https:\\\/\\\/revolutionpadelstore.com\\\/wp-content\\\/uploads\\\/2024\\\/11\\\/113157_paletero_nox_luxury_master_series_bpluxmaster_1500x1500_1_a40c.webp\",\"width\":1500,\"height\":1500},{\"@type\":\"BreadcrumbList\",\"@id\":\"https:\\\/\\\/revolutionpadelstore.com\\\/de\\\/produkt\\\/paletero-nox-luxury-master-series-blanco-negro-1\\\/#breadcrumb\",\"itemListElement\":[{\"@type\":\"ListItem\",\"position\":1,\"name\":\"Portada\",\"item\":\"https:\\\/\\\/revolutionpadelstore.com\\\/de\\\/\"},{\"@type\":\"ListItem\",\"position\":2,\"name\":\"Shop\",\"item\":\"https:\\\/\\\/revolutionpadelstore.com\\\/de\\\/tienda\\\/\"},{\"@type\":\"ListItem\",\"position\":3,\"name\":\"PALETERO NOX LUXURY MASTER SERIES BLANCO NEGRO\"}]},{\"@type\":\"WebSite\",\"@id\":\"https:\\\/\\\/revolutionpadelstore.com\\\/de\\\/#website\",\"url\":\"https:\\\/\\\/revolutionpadelstore.com\\\/de\\\/\",\"name\":\"Revolution Padel Store\",\"description\":\"\",\"publisher\":{\"@id\":\"https:\\\/\\\/revolutionpadelstore.com\\\/de\\\/#organization\"},\"potentialAction\":[{\"@type\":\"SearchAction\",\"target\":{\"@type\":\"EntryPoint\",\"urlTemplate\":\"https:\\\/\\\/revolutionpadelstore.com\\\/de\\\/?s={search_term_string}\"},\"query-input\":{\"@type\":\"PropertyValueSpecification\",\"valueRequired\":true,\"valueName\":\"search_term_string\"}}],\"inLanguage\":\"de\"},{\"@type\":\"Organization\",\"@id\":\"https:\\\/\\\/revolutionpadelstore.com\\\/de\\\/#organization\",\"name\":\"Revolution Padel Store\",\"url\":\"https:\\\/\\\/revolutionpadelstore.com\\\/de\\\/\",\"logo\":{\"@type\":\"ImageObject\",\"inLanguage\":\"de\",\"@id\":\"https:\\\/\\\/revolutionpadelstore.com\\\/de\\\/#\\\/schema\\\/logo\\\/image\\\/\",\"url\":\"https:\\\/\\\/revolutionpadelstore.com\\\/wp-content\\\/uploads\\\/2026\\\/02\\\/revolution-padel-store.jpg\",\"contentUrl\":\"https:\\\/\\\/revolutionpadelstore.com\\\/wp-content\\\/uploads\\\/2026\\\/02\\\/revolution-padel-store.jpg\",\"width\":2000,\"height\":2000,\"caption\":\"Revolution Padel Store\"},\"image\":{\"@id\":\"https:\\\/\\\/revolutionpadelstore.com\\\/de\\\/#\\\/schema\\\/logo\\\/image\\\/\"},\"sameAs\":[\"https:\\\/\\\/www.instagram.com\\\/revolutionpadelstore\\\/\"]}]}<\/script>\n<!-- \/ Yoast SEO plugin. -->","yoast_head_json":{"title":"PALETERO NOX LUXURY MASTER SERIES BLANCO NEGRO - Revolution Padel Store","description":"El Paletero Luxury Master Series de Nox, en un elegante color blanco y negro, est\u00e1 dise\u00f1ado para ofrecer una experiencia de uso inigualable. Fabricado con materiales t\u00e9cnicos de \u00faltima generaci\u00f3n y textiles de alta calidad, garantiza una gran resistencia al desgaste y, al mismo tiempo, un peso m\u00e1s ligero. Una combinaci\u00f3n perfecta de durabilidad, estilo y funcionalidad.","robots":{"index":"index","follow":"follow","max-snippet":"max-snippet:-1","max-image-preview":"max-image-preview:large","max-video-preview":"max-video-preview:-1"},"canonical":"https:\/\/revolutionpadelstore.com\/de\/produkt\/paletero-nox-luxury-master-series-blanco-negro-1\/","og_locale":"de_DE","og_type":"article","og_title":"PALETERO NOX LUXURY MASTER SERIES BLANCO NEGRO - Revolution Padel Store","og_description":"El Paletero Luxury Master Series de Nox, en un elegante color blanco y negro, est\u00e1 dise\u00f1ado para ofrecer una experiencia de uso inigualable. Fabricado con materiales t\u00e9cnicos de \u00faltima generaci\u00f3n y textiles de alta calidad, garantiza una gran resistencia al desgaste y, al mismo tiempo, un peso m\u00e1s ligero. Una combinaci\u00f3n perfecta de durabilidad, estilo y funcionalidad.","og_url":"https:\/\/revolutionpadelstore.com\/de\/produkt\/paletero-nox-luxury-master-series-blanco-negro-1\/","og_site_name":"Revolution Padel Store","article_modified_time":"2026-04-08T08:19:30+00:00","og_image":[{"width":1500,"height":1500,"url":"https:\/\/revolutionpadelstore.com\/wp-content\/uploads\/2024\/11\/113157_paletero_nox_luxury_master_series_bpluxmaster_1500x1500_1_a40c.webp","type":"image\/webp"}],"twitter_card":"summary_large_image","twitter_misc":{"Gesch\u00e4tzte Lesezeit":"1\u00a0Minute"},"schema":{"@context":"https:\/\/schema.org","@graph":[{"@type":"WebPage","@id":"https:\/\/revolutionpadelstore.com\/de\/produkt\/paletero-nox-luxury-master-series-blanco-negro-1\/","url":"https:\/\/revolutionpadelstore.com\/de\/produkt\/paletero-nox-luxury-master-series-blanco-negro-1\/","name":"PALETERO NOX LUXURY MASTER SERIES BLANCO NEGRO - Revolution Padel Store","isPartOf":{"@id":"https:\/\/revolutionpadelstore.com\/de\/#website"},"primaryImageOfPage":{"@id":"https:\/\/revolutionpadelstore.com\/de\/produkt\/paletero-nox-luxury-master-series-blanco-negro-1\/#primaryimage"},"image":{"@id":"https:\/\/revolutionpadelstore.com\/de\/produkt\/paletero-nox-luxury-master-series-blanco-negro-1\/#primaryimage"},"thumbnailUrl":"https:\/\/revolutionpadelstore.com\/wp-content\/uploads\/2024\/11\/113157_paletero_nox_luxury_master_series_bpluxmaster_1500x1500_1_a40c.webp","datePublished":"2024-11-15T07:41:05+00:00","dateModified":"2026-04-08T08:19:30+00:00","description":"El Paletero Luxury Master Series de Nox, en un elegante color blanco y negro, est\u00e1 dise\u00f1ado para ofrecer una experiencia de uso inigualable. Fabricado con materiales t\u00e9cnicos de \u00faltima generaci\u00f3n y textiles de alta calidad, garantiza una gran resistencia al desgaste y, al mismo tiempo, un peso m\u00e1s ligero. Una combinaci\u00f3n perfecta de durabilidad, estilo y funcionalidad.","breadcrumb":{"@id":"https:\/\/revolutionpadelstore.com\/de\/produkt\/paletero-nox-luxury-master-series-blanco-negro-1\/#breadcrumb"},"inLanguage":"de","potentialAction":[{"@type":"ReadAction","target":["https:\/\/revolutionpadelstore.com\/de\/produkt\/paletero-nox-luxury-master-series-blanco-negro-1\/"]}]},{"@type":"ImageObject","inLanguage":"de","@id":"https:\/\/revolutionpadelstore.com\/de\/produkt\/paletero-nox-luxury-master-series-blanco-negro-1\/#primaryimage","url":"https:\/\/revolutionpadelstore.com\/wp-content\/uploads\/2024\/11\/113157_paletero_nox_luxury_master_series_bpluxmaster_1500x1500_1_a40c.webp","contentUrl":"https:\/\/revolutionpadelstore.com\/wp-content\/uploads\/2024\/11\/113157_paletero_nox_luxury_master_series_bpluxmaster_1500x1500_1_a40c.webp","width":1500,"height":1500},{"@type":"BreadcrumbList","@id":"https:\/\/revolutionpadelstore.com\/de\/produkt\/paletero-nox-luxury-master-series-blanco-negro-1\/#breadcrumb","itemListElement":[{"@type":"ListItem","position":1,"name":"Portada","item":"https:\/\/revolutionpadelstore.com\/de\/"},{"@type":"ListItem","position":2,"name":"Shop","item":"https:\/\/revolutionpadelstore.com\/de\/tienda\/"},{"@type":"ListItem","position":3,"name":"PALETERO NOX LUXURY MASTER SERIES BLANCO NEGRO"}]},{"@type":"WebSite","@id":"https:\/\/revolutionpadelstore.com\/de\/#website","url":"https:\/\/revolutionpadelstore.com\/de\/","name":"Revolution Padel Store","description":"","publisher":{"@id":"https:\/\/revolutionpadelstore.com\/de\/#organization"},"potentialAction":[{"@type":"SearchAction","target":{"@type":"EntryPoint","urlTemplate":"https:\/\/revolutionpadelstore.com\/de\/?s={search_term_string}"},"query-input":{"@type":"PropertyValueSpecification","valueRequired":true,"valueName":"search_term_string"}}],"inLanguage":"de"},{"@type":"Organization","@id":"https:\/\/revolutionpadelstore.com\/de\/#organization","name":"Revolution Padel Store","url":"https:\/\/revolutionpadelstore.com\/de\/","logo":{"@type":"ImageObject","inLanguage":"de","@id":"https:\/\/revolutionpadelstore.com\/de\/#\/schema\/logo\/image\/","url":"https:\/\/revolutionpadelstore.com\/wp-content\/uploads\/2026\/02\/revolution-padel-store.jpg","contentUrl":"https:\/\/revolutionpadelstore.com\/wp-content\/uploads\/2026\/02\/revolution-padel-store.jpg","width":2000,"height":2000,"caption":"Revolution Padel Store"},"image":{"@id":"https:\/\/revolutionpadelstore.com\/de\/#\/schema\/logo\/image\/"},"sameAs":["https:\/\/www.instagram.com\/revolutionpadelstore\/"]}]}},"_links":{"self":[{"href":"https:\/\/revolutionpadelstore.com\/de\/wp-json\/wp\/v2\/product\/119440","targetHints":{"allow":["GET"]}}],"collection":[{"href":"https:\/\/revolutionpadelstore.com\/de\/wp-json\/wp\/v2\/product"}],"about":[{"href":"https:\/\/revolutionpadelstore.com\/de\/wp-json\/wp\/v2\/types\/product"}],"replies":[{"embeddable":true,"href":"https:\/\/revolutionpadelstore.com\/de\/wp-json\/wp\/v2\/comments?post=119440"}],"wp:featuredmedia":[{"embeddable":true,"href":"https:\/\/revolutionpadelstore.com\/de\/wp-json\/wp\/v2\/media\/110629"}],"wp:attachment":[{"href":"https:\/\/revolutionpadelstore.com\/de\/wp-json\/wp\/v2\/media?parent=119440"}],"wp:term":[{"taxonomy":"acabado","embeddable":true,"href":"https:\/\/revolutionpadelstore.com\/de\/wp-json\/wp\/v2\/acabado?post=119440"},{"taxonomy":"balance","embeddable":true,"href":"https:\/\/revolutionpadelstore.com\/de\/wp-json\/wp\/v2\/balance?post=119440"},{"taxonomy":"dureza","embeddable":true,"href":"https:\/\/revolutionpadelstore.com\/de\/wp-json\/wp\/v2\/dureza?post=119440"},{"taxonomy":"forma","embeddable":true,"href":"https:\/\/revolutionpadelstore.com\/de\/wp-json\/wp\/v2\/forma?post=119440"},{"taxonomy":"jugador","embeddable":true,"href":"https:\/\/revolutionpadelstore.com\/de\/wp-json\/wp\/v2\/jugador?post=119440"},{"taxonomy":"marca","embeddable":true,"href":"https:\/\/revolutionpadelstore.com\/de\/wp-json\/wp\/v2\/marca?post=119440"},{"taxonomy":"nivel-de-juego","embeddable":true,"href":"https:\/\/revolutionpadelstore.com\/de\/wp-json\/wp\/v2\/nivel-de-juego?post=119440"},{"taxonomy":"superficie","embeddable":true,"href":"https:\/\/revolutionpadelstore.com\/de\/wp-json\/wp\/v2\/superficie?post=119440"},{"taxonomy":"tipo-de-juego","embeddable":true,"href":"https:\/\/revolutionpadelstore.com\/de\/wp-json\/wp\/v2\/tipo-de-juego?post=119440"},{"taxonomy":"product_brand","embeddable":true,"href":"https:\/\/revolutionpadelstore.com\/de\/wp-json\/wp\/v2\/product_brand?post=119440"},{"taxonomy":"product_cat","embeddable":true,"href":"https:\/\/revolutionpadelstore.com\/de\/wp-json\/wp\/v2\/product_cat?post=119440"},{"taxonomy":"product_tag","embeddable":true,"href":"https:\/\/revolutionpadelstore.com\/de\/wp-json\/wp\/v2\/product_tag?post=119440"}],"curies":[{"name":"wp","href":"https:\/\/api.w.org\/{rel}","templated":true}]}}