{"id":117700,"date":"2024-11-16T11:39:09","date_gmt":"2024-11-16T10:39:09","guid":{"rendered":"https:\/\/revolutionpadelstore.com\/paletero-bullpadel-bpp25012-hack-petroleo\/"},"modified":"2026-04-08T10:19:07","modified_gmt":"2026-04-08T08:19:07","slug":"paletero-bullpadel-bpp25012-hack-petroleo-1","status":"publish","type":"product","link":"https:\/\/revolutionpadelstore.com\/de\/produkt\/paletero-bullpadel-bpp25012-hack-petroleo-1\/","title":{"rendered":"PALETERO BULLPADEL BPP25012 HACK PETROLEO"},"content":{"rendered":"<p>Der <strong> Paquito Navarro <\/strong> Paletero ist die perfekte Erg\u00e4nzung zum neuen Hack 04. Es verf\u00fcgt \u00fcber ein Hauptfach, um alles zu speichern, was Sie ben\u00f6tigen Kleidung und Schuhe. Die Gestaltung des Paquito Navarro Paletero enth\u00e4lt an den Seiten ein halbwichtiges Geh\u00e4use, das einen h\u00f6heren Schutz f\u00fcr Klingen bietet. Dar\u00fcber hinaus hat das Design des R\u00fcckens Schaumst\u00fccke, die maximale Bel\u00fcftung und Komfort im R\u00fccken garantieren.<strong>Paquito Navarro<\/strong><\/p>\n","protected":false},"excerpt":{"rendered":"<p>Der <strong> Paquito Navarro <\/strong> Paletero ist die perfekte Erg\u00e4nzung zum neuen Hack 04 -Schaufel.<strong>Paquito Navarro<\/strong><\/p>\n","protected":false},"featured_media":110676,"comment_status":"open","ping_status":"closed","template":"","meta":{"_acf_changed":false,"_joinchat":[]},"acabado":[],"balance":[],"dureza":[],"forma":[],"jugador":[],"marca":[1254],"nivel-de-juego":[],"superficie":[],"tipo-de-juego":[],"product_brand":[],"product_cat":[314],"product_tag":[],"class_list":{"0":"post-117700","1":"product","2":"type-product","3":"status-publish","4":"has-post-thumbnail","6":"marca-bullpadel-de","7":"product_cat-taschen","9":"first","10":"outofstock","11":"sale","12":"taxable","13":"shipping-taxable","14":"purchasable","15":"product-type-simple"},"acf":[],"yoast_head":"<!-- This site is optimized with the Yoast SEO plugin v27.4 - https:\/\/yoast.com\/product\/yoast-seo-wordpress\/ -->\n<title>PALETERO BULLPADEL BPP25012 HACK PETROLEO - Revolution Padel Store<\/title>\n<meta name=\"description\" content=\"El paletero HACK de Paquito Navarro es el accesorio ideal para complementar la nueva pala Hack 04. Cuenta con un compartimento principal para almacenar lo que necesites, adem\u00e1s de dos bolsillos termo con capacidad para hasta cuatro palas. Tambi\u00e9n incluye un compartimento ventilado y separado para ropa y calzado. Su dise\u00f1o incorpora una estructura semirr\u00edgida en los laterales, lo que otorga mayor rigidez y protecci\u00f3n a las palas. Adem\u00e1s, la espalda del paletero est\u00e1 equipada con piezas de foam que aseguran una ventilaci\u00f3n \u00f3ptima y comodidad durante su uso.\" \/>\n<meta name=\"robots\" content=\"index, follow, max-snippet:-1, max-image-preview:large, max-video-preview:-1\" \/>\n<link rel=\"canonical\" href=\"https:\/\/revolutionpadelstore.com\/de\/produkt\/paletero-bullpadel-bpp25012-hack-petroleo-1\/\" \/>\n<meta property=\"og:locale\" content=\"de_DE\" \/>\n<meta property=\"og:type\" content=\"article\" \/>\n<meta property=\"og:title\" content=\"PALETERO BULLPADEL BPP25012 HACK PETROLEO - Revolution Padel Store\" \/>\n<meta property=\"og:description\" content=\"El paletero HACK de Paquito Navarro es el accesorio ideal para complementar la nueva pala Hack 04. Cuenta con un compartimento principal para almacenar lo que necesites, adem\u00e1s de dos bolsillos termo con capacidad para hasta cuatro palas. Tambi\u00e9n incluye un compartimento ventilado y separado para ropa y calzado. Su dise\u00f1o incorpora una estructura semirr\u00edgida en los laterales, lo que otorga mayor rigidez y protecci\u00f3n a las palas. Adem\u00e1s, la espalda del paletero est\u00e1 equipada con piezas de foam que aseguran una ventilaci\u00f3n \u00f3ptima y comodidad durante su uso.\" \/>\n<meta property=\"og:url\" content=\"https:\/\/revolutionpadelstore.com\/de\/produkt\/paletero-bullpadel-bpp25012-hack-petroleo-1\/\" \/>\n<meta property=\"og:site_name\" content=\"Revolution Padel Store\" \/>\n<meta property=\"article:modified_time\" content=\"2026-04-08T08:19:07+00:00\" \/>\n<meta property=\"og:image\" content=\"https:\/\/revolutionpadelstore.com\/wp-content\/uploads\/2024\/11\/bolsa-bullpadel-bpp25012-hack-petroleo-1.jpg\" \/>\n\t<meta property=\"og:image:width\" content=\"1000\" \/>\n\t<meta property=\"og:image:height\" content=\"1188\" \/>\n\t<meta property=\"og:image:type\" content=\"image\/jpeg\" \/>\n<meta name=\"twitter:card\" content=\"summary_large_image\" \/>\n<script type=\"application\/ld+json\" class=\"yoast-schema-graph\">{\"@context\":\"https:\\\/\\\/schema.org\",\"@graph\":[{\"@type\":\"WebPage\",\"@id\":\"https:\\\/\\\/revolutionpadelstore.com\\\/de\\\/produkt\\\/paletero-bullpadel-bpp25012-hack-petroleo-1\\\/\",\"url\":\"https:\\\/\\\/revolutionpadelstore.com\\\/de\\\/produkt\\\/paletero-bullpadel-bpp25012-hack-petroleo-1\\\/\",\"name\":\"PALETERO BULLPADEL BPP25012 HACK PETROLEO - Revolution Padel Store\",\"isPartOf\":{\"@id\":\"https:\\\/\\\/revolutionpadelstore.com\\\/de\\\/#website\"},\"primaryImageOfPage\":{\"@id\":\"https:\\\/\\\/revolutionpadelstore.com\\\/de\\\/produkt\\\/paletero-bullpadel-bpp25012-hack-petroleo-1\\\/#primaryimage\"},\"image\":{\"@id\":\"https:\\\/\\\/revolutionpadelstore.com\\\/de\\\/produkt\\\/paletero-bullpadel-bpp25012-hack-petroleo-1\\\/#primaryimage\"},\"thumbnailUrl\":\"https:\\\/\\\/revolutionpadelstore.com\\\/wp-content\\\/uploads\\\/2024\\\/11\\\/bolsa-bullpadel-bpp25012-hack-petroleo-1.jpg\",\"datePublished\":\"2024-11-16T10:39:09+00:00\",\"dateModified\":\"2026-04-08T08:19:07+00:00\",\"description\":\"El paletero HACK de Paquito Navarro es el accesorio ideal para complementar la nueva pala Hack 04. Cuenta con un compartimento principal para almacenar lo que necesites, adem\u00e1s de dos bolsillos termo con capacidad para hasta cuatro palas. Tambi\u00e9n incluye un compartimento ventilado y separado para ropa y calzado. Su dise\u00f1o incorpora una estructura semirr\u00edgida en los laterales, lo que otorga mayor rigidez y protecci\u00f3n a las palas. Adem\u00e1s, la espalda del paletero est\u00e1 equipada con piezas de foam que aseguran una ventilaci\u00f3n \u00f3ptima y comodidad durante su uso.\",\"breadcrumb\":{\"@id\":\"https:\\\/\\\/revolutionpadelstore.com\\\/de\\\/produkt\\\/paletero-bullpadel-bpp25012-hack-petroleo-1\\\/#breadcrumb\"},\"inLanguage\":\"de\",\"potentialAction\":[{\"@type\":\"ReadAction\",\"target\":[\"https:\\\/\\\/revolutionpadelstore.com\\\/de\\\/produkt\\\/paletero-bullpadel-bpp25012-hack-petroleo-1\\\/\"]}]},{\"@type\":\"ImageObject\",\"inLanguage\":\"de\",\"@id\":\"https:\\\/\\\/revolutionpadelstore.com\\\/de\\\/produkt\\\/paletero-bullpadel-bpp25012-hack-petroleo-1\\\/#primaryimage\",\"url\":\"https:\\\/\\\/revolutionpadelstore.com\\\/wp-content\\\/uploads\\\/2024\\\/11\\\/bolsa-bullpadel-bpp25012-hack-petroleo-1.jpg\",\"contentUrl\":\"https:\\\/\\\/revolutionpadelstore.com\\\/wp-content\\\/uploads\\\/2024\\\/11\\\/bolsa-bullpadel-bpp25012-hack-petroleo-1.jpg\",\"width\":1000,\"height\":1188},{\"@type\":\"BreadcrumbList\",\"@id\":\"https:\\\/\\\/revolutionpadelstore.com\\\/de\\\/produkt\\\/paletero-bullpadel-bpp25012-hack-petroleo-1\\\/#breadcrumb\",\"itemListElement\":[{\"@type\":\"ListItem\",\"position\":1,\"name\":\"Portada\",\"item\":\"https:\\\/\\\/revolutionpadelstore.com\\\/de\\\/\"},{\"@type\":\"ListItem\",\"position\":2,\"name\":\"Shop\",\"item\":\"https:\\\/\\\/revolutionpadelstore.com\\\/de\\\/tienda\\\/\"},{\"@type\":\"ListItem\",\"position\":3,\"name\":\"PALETERO BULLPADEL BPP25012 HACK PETROLEO\"}]},{\"@type\":\"WebSite\",\"@id\":\"https:\\\/\\\/revolutionpadelstore.com\\\/de\\\/#website\",\"url\":\"https:\\\/\\\/revolutionpadelstore.com\\\/de\\\/\",\"name\":\"Revolution Padel Store\",\"description\":\"\",\"publisher\":{\"@id\":\"https:\\\/\\\/revolutionpadelstore.com\\\/de\\\/#organization\"},\"potentialAction\":[{\"@type\":\"SearchAction\",\"target\":{\"@type\":\"EntryPoint\",\"urlTemplate\":\"https:\\\/\\\/revolutionpadelstore.com\\\/de\\\/?s={search_term_string}\"},\"query-input\":{\"@type\":\"PropertyValueSpecification\",\"valueRequired\":true,\"valueName\":\"search_term_string\"}}],\"inLanguage\":\"de\"},{\"@type\":\"Organization\",\"@id\":\"https:\\\/\\\/revolutionpadelstore.com\\\/de\\\/#organization\",\"name\":\"Revolution Padel Store\",\"url\":\"https:\\\/\\\/revolutionpadelstore.com\\\/de\\\/\",\"logo\":{\"@type\":\"ImageObject\",\"inLanguage\":\"de\",\"@id\":\"https:\\\/\\\/revolutionpadelstore.com\\\/de\\\/#\\\/schema\\\/logo\\\/image\\\/\",\"url\":\"https:\\\/\\\/revolutionpadelstore.com\\\/wp-content\\\/uploads\\\/2026\\\/02\\\/revolution-padel-store.jpg\",\"contentUrl\":\"https:\\\/\\\/revolutionpadelstore.com\\\/wp-content\\\/uploads\\\/2026\\\/02\\\/revolution-padel-store.jpg\",\"width\":2000,\"height\":2000,\"caption\":\"Revolution Padel Store\"},\"image\":{\"@id\":\"https:\\\/\\\/revolutionpadelstore.com\\\/de\\\/#\\\/schema\\\/logo\\\/image\\\/\"},\"sameAs\":[\"https:\\\/\\\/www.instagram.com\\\/revolutionpadelstore\\\/\"]}]}<\/script>\n<!-- \/ Yoast SEO plugin. -->","yoast_head_json":{"title":"PALETERO BULLPADEL BPP25012 HACK PETROLEO - Revolution Padel Store","description":"El paletero HACK de Paquito Navarro es el accesorio ideal para complementar la nueva pala Hack 04. Cuenta con un compartimento principal para almacenar lo que necesites, adem\u00e1s de dos bolsillos termo con capacidad para hasta cuatro palas. Tambi\u00e9n incluye un compartimento ventilado y separado para ropa y calzado. Su dise\u00f1o incorpora una estructura semirr\u00edgida en los laterales, lo que otorga mayor rigidez y protecci\u00f3n a las palas. Adem\u00e1s, la espalda del paletero est\u00e1 equipada con piezas de foam que aseguran una ventilaci\u00f3n \u00f3ptima y comodidad durante su uso.","robots":{"index":"index","follow":"follow","max-snippet":"max-snippet:-1","max-image-preview":"max-image-preview:large","max-video-preview":"max-video-preview:-1"},"canonical":"https:\/\/revolutionpadelstore.com\/de\/produkt\/paletero-bullpadel-bpp25012-hack-petroleo-1\/","og_locale":"de_DE","og_type":"article","og_title":"PALETERO BULLPADEL BPP25012 HACK PETROLEO - Revolution Padel Store","og_description":"El paletero HACK de Paquito Navarro es el accesorio ideal para complementar la nueva pala Hack 04. Cuenta con un compartimento principal para almacenar lo que necesites, adem\u00e1s de dos bolsillos termo con capacidad para hasta cuatro palas. Tambi\u00e9n incluye un compartimento ventilado y separado para ropa y calzado. Su dise\u00f1o incorpora una estructura semirr\u00edgida en los laterales, lo que otorga mayor rigidez y protecci\u00f3n a las palas. Adem\u00e1s, la espalda del paletero est\u00e1 equipada con piezas de foam que aseguran una ventilaci\u00f3n \u00f3ptima y comodidad durante su uso.","og_url":"https:\/\/revolutionpadelstore.com\/de\/produkt\/paletero-bullpadel-bpp25012-hack-petroleo-1\/","og_site_name":"Revolution Padel Store","article_modified_time":"2026-04-08T08:19:07+00:00","og_image":[{"width":1000,"height":1188,"url":"https:\/\/revolutionpadelstore.com\/wp-content\/uploads\/2024\/11\/bolsa-bullpadel-bpp25012-hack-petroleo-1.jpg","type":"image\/jpeg"}],"twitter_card":"summary_large_image","schema":{"@context":"https:\/\/schema.org","@graph":[{"@type":"WebPage","@id":"https:\/\/revolutionpadelstore.com\/de\/produkt\/paletero-bullpadel-bpp25012-hack-petroleo-1\/","url":"https:\/\/revolutionpadelstore.com\/de\/produkt\/paletero-bullpadel-bpp25012-hack-petroleo-1\/","name":"PALETERO BULLPADEL BPP25012 HACK PETROLEO - Revolution Padel Store","isPartOf":{"@id":"https:\/\/revolutionpadelstore.com\/de\/#website"},"primaryImageOfPage":{"@id":"https:\/\/revolutionpadelstore.com\/de\/produkt\/paletero-bullpadel-bpp25012-hack-petroleo-1\/#primaryimage"},"image":{"@id":"https:\/\/revolutionpadelstore.com\/de\/produkt\/paletero-bullpadel-bpp25012-hack-petroleo-1\/#primaryimage"},"thumbnailUrl":"https:\/\/revolutionpadelstore.com\/wp-content\/uploads\/2024\/11\/bolsa-bullpadel-bpp25012-hack-petroleo-1.jpg","datePublished":"2024-11-16T10:39:09+00:00","dateModified":"2026-04-08T08:19:07+00:00","description":"El paletero HACK de Paquito Navarro es el accesorio ideal para complementar la nueva pala Hack 04. Cuenta con un compartimento principal para almacenar lo que necesites, adem\u00e1s de dos bolsillos termo con capacidad para hasta cuatro palas. Tambi\u00e9n incluye un compartimento ventilado y separado para ropa y calzado. Su dise\u00f1o incorpora una estructura semirr\u00edgida en los laterales, lo que otorga mayor rigidez y protecci\u00f3n a las palas. Adem\u00e1s, la espalda del paletero est\u00e1 equipada con piezas de foam que aseguran una ventilaci\u00f3n \u00f3ptima y comodidad durante su uso.","breadcrumb":{"@id":"https:\/\/revolutionpadelstore.com\/de\/produkt\/paletero-bullpadel-bpp25012-hack-petroleo-1\/#breadcrumb"},"inLanguage":"de","potentialAction":[{"@type":"ReadAction","target":["https:\/\/revolutionpadelstore.com\/de\/produkt\/paletero-bullpadel-bpp25012-hack-petroleo-1\/"]}]},{"@type":"ImageObject","inLanguage":"de","@id":"https:\/\/revolutionpadelstore.com\/de\/produkt\/paletero-bullpadel-bpp25012-hack-petroleo-1\/#primaryimage","url":"https:\/\/revolutionpadelstore.com\/wp-content\/uploads\/2024\/11\/bolsa-bullpadel-bpp25012-hack-petroleo-1.jpg","contentUrl":"https:\/\/revolutionpadelstore.com\/wp-content\/uploads\/2024\/11\/bolsa-bullpadel-bpp25012-hack-petroleo-1.jpg","width":1000,"height":1188},{"@type":"BreadcrumbList","@id":"https:\/\/revolutionpadelstore.com\/de\/produkt\/paletero-bullpadel-bpp25012-hack-petroleo-1\/#breadcrumb","itemListElement":[{"@type":"ListItem","position":1,"name":"Portada","item":"https:\/\/revolutionpadelstore.com\/de\/"},{"@type":"ListItem","position":2,"name":"Shop","item":"https:\/\/revolutionpadelstore.com\/de\/tienda\/"},{"@type":"ListItem","position":3,"name":"PALETERO BULLPADEL BPP25012 HACK PETROLEO"}]},{"@type":"WebSite","@id":"https:\/\/revolutionpadelstore.com\/de\/#website","url":"https:\/\/revolutionpadelstore.com\/de\/","name":"Revolution Padel Store","description":"","publisher":{"@id":"https:\/\/revolutionpadelstore.com\/de\/#organization"},"potentialAction":[{"@type":"SearchAction","target":{"@type":"EntryPoint","urlTemplate":"https:\/\/revolutionpadelstore.com\/de\/?s={search_term_string}"},"query-input":{"@type":"PropertyValueSpecification","valueRequired":true,"valueName":"search_term_string"}}],"inLanguage":"de"},{"@type":"Organization","@id":"https:\/\/revolutionpadelstore.com\/de\/#organization","name":"Revolution Padel Store","url":"https:\/\/revolutionpadelstore.com\/de\/","logo":{"@type":"ImageObject","inLanguage":"de","@id":"https:\/\/revolutionpadelstore.com\/de\/#\/schema\/logo\/image\/","url":"https:\/\/revolutionpadelstore.com\/wp-content\/uploads\/2026\/02\/revolution-padel-store.jpg","contentUrl":"https:\/\/revolutionpadelstore.com\/wp-content\/uploads\/2026\/02\/revolution-padel-store.jpg","width":2000,"height":2000,"caption":"Revolution Padel Store"},"image":{"@id":"https:\/\/revolutionpadelstore.com\/de\/#\/schema\/logo\/image\/"},"sameAs":["https:\/\/www.instagram.com\/revolutionpadelstore\/"]}]}},"_links":{"self":[{"href":"https:\/\/revolutionpadelstore.com\/de\/wp-json\/wp\/v2\/product\/117700","targetHints":{"allow":["GET"]}}],"collection":[{"href":"https:\/\/revolutionpadelstore.com\/de\/wp-json\/wp\/v2\/product"}],"about":[{"href":"https:\/\/revolutionpadelstore.com\/de\/wp-json\/wp\/v2\/types\/product"}],"replies":[{"embeddable":true,"href":"https:\/\/revolutionpadelstore.com\/de\/wp-json\/wp\/v2\/comments?post=117700"}],"wp:featuredmedia":[{"embeddable":true,"href":"https:\/\/revolutionpadelstore.com\/de\/wp-json\/wp\/v2\/media\/110676"}],"wp:attachment":[{"href":"https:\/\/revolutionpadelstore.com\/de\/wp-json\/wp\/v2\/media?parent=117700"}],"wp:term":[{"taxonomy":"acabado","embeddable":true,"href":"https:\/\/revolutionpadelstore.com\/de\/wp-json\/wp\/v2\/acabado?post=117700"},{"taxonomy":"balance","embeddable":true,"href":"https:\/\/revolutionpadelstore.com\/de\/wp-json\/wp\/v2\/balance?post=117700"},{"taxonomy":"dureza","embeddable":true,"href":"https:\/\/revolutionpadelstore.com\/de\/wp-json\/wp\/v2\/dureza?post=117700"},{"taxonomy":"forma","embeddable":true,"href":"https:\/\/revolutionpadelstore.com\/de\/wp-json\/wp\/v2\/forma?post=117700"},{"taxonomy":"jugador","embeddable":true,"href":"https:\/\/revolutionpadelstore.com\/de\/wp-json\/wp\/v2\/jugador?post=117700"},{"taxonomy":"marca","embeddable":true,"href":"https:\/\/revolutionpadelstore.com\/de\/wp-json\/wp\/v2\/marca?post=117700"},{"taxonomy":"nivel-de-juego","embeddable":true,"href":"https:\/\/revolutionpadelstore.com\/de\/wp-json\/wp\/v2\/nivel-de-juego?post=117700"},{"taxonomy":"superficie","embeddable":true,"href":"https:\/\/revolutionpadelstore.com\/de\/wp-json\/wp\/v2\/superficie?post=117700"},{"taxonomy":"tipo-de-juego","embeddable":true,"href":"https:\/\/revolutionpadelstore.com\/de\/wp-json\/wp\/v2\/tipo-de-juego?post=117700"},{"taxonomy":"product_brand","embeddable":true,"href":"https:\/\/revolutionpadelstore.com\/de\/wp-json\/wp\/v2\/product_brand?post=117700"},{"taxonomy":"product_cat","embeddable":true,"href":"https:\/\/revolutionpadelstore.com\/de\/wp-json\/wp\/v2\/product_cat?post=117700"},{"taxonomy":"product_tag","embeddable":true,"href":"https:\/\/revolutionpadelstore.com\/de\/wp-json\/wp\/v2\/product_tag?post=117700"}],"curies":[{"name":"wp","href":"https:\/\/api.w.org\/{rel}","templated":true}]}}