{"id":11298,"date":"2024-03-01T14:55:33","date_gmt":"2024-03-01T13:55:33","guid":{"rendered":"https:\/\/revolutionpadelstore.com\/adidas-adipower-ctrl-3-3\/"},"modified":"2026-04-08T16:11:38","modified_gmt":"2026-04-08T14:11:38","slug":"adidas-adipower-ctrl-3-3-1","status":"publish","type":"product","link":"https:\/\/revolutionpadelstore.com\/de\/produkt\/adidas-adipower-ctrl-3-3-1\/","title":{"rendered":"ADIDAS ADIPOWER CTRL 3.3"},"content":{"rendered":"<h2>Adidas Adipower CTRL 3.3, verbesserte Pr\u00e4zision und Festigkeit<\/h2>\n<p>Adidas pr\u00e4sentiert in seiner Kollektion 2024 den <strong>Adidas Adipower CTRL 3.3<\/strong>, einen Schl\u00e4ger, der f\u00fcr fortgeschrittene Padelspieler entwickelt wurde, die die Kontrolle bei ihren h\u00e4ufigen Schl\u00e4gen verbessern m\u00f6chten.<\/p>\n<p>Mit seiner runden Form, der geringen Balance und dem breiten Sweetspot in der Mitte bietet dieser Schl\u00e4ger hervorragende Kontrolle bei jedem Schlag. Das zum Griff hin geneigte Gewicht erm\u00f6glicht eine pr\u00e4zise und feste Handhabung.<\/p>\n<h3>Tolle Qualit\u00e4t<\/h3>\n<p>Der <strong><em>EVA Soft Performance<\/em><\/strong>-Gummi bildet den inneren Kern, ein Schaumstoff mit geringer Dichte, der jederzeit eine hervorragende Ballausgabe und ein angenehmes Spiel gew\u00e4hrleistet.<\/p>\n<p>Die Flugzeuge wiederum bestehen aus <strong>3K-Kohlefaser<\/strong>, einem Stoff, der eine \u00fcberragende Steifigkeit bietet, die zu mehr Schlagkraft f\u00fchrt. Dieses Material erm\u00f6glicht au\u00dfergew\u00f6hnliche Haltbarkeit, Festigkeit und Flexibilit\u00e4t.<\/p>\n<p>Der Rahmen enth\u00e4lt <strong>50 % Kohlefaser<\/strong>, was ihn zu einem extrem leichten und langlebigen Schl\u00e4ger macht.<\/strong> Er absorbiert Vibrationen optimal und verringert das Verletzungsrisiko durch eine erh\u00f6hte D\u00e4mpfung.<\/p>\n<h3>Mit Strukturverst\u00e4rkungstechnologie<\/h3>\n<p>Wenn wir uns auf die Technologien konzentrieren, k\u00f6nnen wir die <strong><em>Spin Blade Mold<\/em><\/strong> hervorheben, eine Rauheit mit 3D-Relief, die in die Form eingef\u00fcgt wird, um die Kraft und den Grip des Balls zu erh\u00f6hen damit es sich mit <strong>mehr Wirkung<\/strong> dreht. Mit der gleichen Absicht ist es mit der <em><strong>Smart Holes Curve<\/strong><\/em> ausgestattet, einer Anordnung der Stempel, die sich ideal zur Erzielung von Effekten eignet in deinen Schl\u00e4gen.<\/p>\n<p>In der Br\u00fccke sehen wir die <strong><em>Dual Exoskeleton<\/em><\/strong>-Technologie, die aus einer doppelten Einf\u00fcgung von Carbonrippen besteht, die gef\u00e4hrdete Bereiche, wie das Herz oder den Rahmen, zus\u00e4tzlich verst\u00e4rken Schaufel.<\/p>\n<p>Dar\u00fcber hinaus wurde die <em><strong>Power Embossed Ridge<\/strong><\/em>-Technologie eingesetzt, eine interne Carbonrippe, die durch den Rahmen verl\u00e4uft und der Struktur eine au\u00dfergew\u00f6hnliche Steifigkeit und eine l\u00e4ngere Haltbarkeit verleiht<\/p>\n<h2>Adidas Adipower CTRL 3.3, precisi\u00f3n y firmeza mejoradas<\/h2>\n","protected":false},"excerpt":{"rendered":"<p>Adidas Adipower CTRL 3.3: Pr\u00e4zise Kontrolle und verbesserte Festigkeit. Weicher Eva-Kern, 3K-Carbon-Schlagfl\u00e4chen und fortschrittliche Technologien f\u00fcr au\u00dfergew\u00f6hnliche Leistung. Dominieren Sie den Platz mit Adidas!<\/p>\n","protected":false},"featured_media":11299,"comment_status":"open","ping_status":"closed","template":"","meta":{"_acf_changed":false,"_joinchat":[]},"acabado":[1109],"balance":[1144],"dureza":[1149],"forma":[1179],"jugador":[1189,1199],"marca":[1229],"nivel-de-juego":[1334],"superficie":[1359],"tipo-de-juego":[1369],"product_brand":[],"product_cat":[299],"product_tag":[],"class_list":{"0":"post-11298","1":"product","2":"type-product","3":"status-publish","4":"has-post-thumbnail","6":"acabado-carbono-3k-de","7":"balance-niedrig","8":"dureza-blanda-de","9":"forma-rund","10":"jugador-mann","11":"jugador-mehrzweck","12":"marca-adidas-de","13":"superficie-rugosa-de","14":"tipo-de-juego-kontrolle","15":"product_cat-palas-de-padel-de","17":"first","18":"instock","19":"sale","20":"taxable","21":"shipping-taxable","22":"purchasable","23":"product-type-simple"},"acf":[],"yoast_head":"<!-- This site is optimized with the Yoast SEO plugin v27.4 - https:\/\/yoast.com\/product\/yoast-seo-wordpress\/ -->\n<title>ADIDAS ADIPOWER CTRL 3.3 - Revolution Padel Store<\/title>\n<meta name=\"description\" content=\"Adidas Adipower CTRL 3.3: Control preciso y firmeza mejorada. N\u00facleo Soft Eva, caras de Carbono 3k y tecnolog\u00edas avanzadas para un rendimiento excepcional. \u00a1Domina la pista con Adidas!\" \/>\n<meta name=\"robots\" content=\"index, follow, max-snippet:-1, max-image-preview:large, max-video-preview:-1\" \/>\n<link rel=\"canonical\" href=\"https:\/\/revolutionpadelstore.com\/de\/produkt\/adidas-adipower-ctrl-3-3-1\/\" \/>\n<meta property=\"og:locale\" content=\"de_DE\" \/>\n<meta property=\"og:type\" content=\"article\" \/>\n<meta property=\"og:title\" content=\"ADIDAS ADIPOWER CTRL 3.3\" \/>\n<meta property=\"og:description\" content=\"Adidas Adipower CTRL 3.3: Control preciso y firmeza mejorada. N\u00facleo Soft Eva, caras de Carbono 3k y tecnolog\u00edas avanzadas para un rendimiento excepcional. \u00a1Domina la pista con Adidas!\" \/>\n<meta property=\"og:url\" content=\"https:\/\/revolutionpadelstore.com\/de\/produkt\/adidas-adipower-ctrl-3-3-1\/\" \/>\n<meta property=\"og:site_name\" content=\"Revolution Padel Store\" \/>\n<meta property=\"article:modified_time\" content=\"2026-04-08T14:11:38+00:00\" \/>\n<meta property=\"og:image\" content=\"https:\/\/revolutionpadelstore.com\/wp-content\/uploads\/2024\/03\/110125_padel_webs_padel_y_grupo_pala_adidas_adipower_ctrl_3_3_adrk1ca2u0017f_15_6c05.webp\" \/>\n\t<meta property=\"og:image:width\" content=\"1500\" \/>\n\t<meta property=\"og:image:height\" content=\"1500\" \/>\n\t<meta property=\"og:image:type\" content=\"image\/webp\" \/>\n<meta name=\"twitter:card\" content=\"summary_large_image\" \/>\n<meta name=\"twitter:label1\" content=\"Gesch\u00e4tzte Lesezeit\" \/>\n\t<meta name=\"twitter:data1\" content=\"2\u00a0Minuten\" \/>\n<script type=\"application\/ld+json\" class=\"yoast-schema-graph\">{\"@context\":\"https:\\\/\\\/schema.org\",\"@graph\":[{\"@type\":\"WebPage\",\"@id\":\"https:\\\/\\\/revolutionpadelstore.com\\\/de\\\/produkt\\\/adidas-adipower-ctrl-3-3-1\\\/\",\"url\":\"https:\\\/\\\/revolutionpadelstore.com\\\/de\\\/produkt\\\/adidas-adipower-ctrl-3-3-1\\\/\",\"name\":\"ADIDAS ADIPOWER CTRL 3.3 - Revolution Padel Store\",\"isPartOf\":{\"@id\":\"https:\\\/\\\/revolutionpadelstore.com\\\/de\\\/#website\"},\"primaryImageOfPage\":{\"@id\":\"https:\\\/\\\/revolutionpadelstore.com\\\/de\\\/produkt\\\/adidas-adipower-ctrl-3-3-1\\\/#primaryimage\"},\"image\":{\"@id\":\"https:\\\/\\\/revolutionpadelstore.com\\\/de\\\/produkt\\\/adidas-adipower-ctrl-3-3-1\\\/#primaryimage\"},\"thumbnailUrl\":\"https:\\\/\\\/revolutionpadelstore.com\\\/wp-content\\\/uploads\\\/2024\\\/03\\\/110125_padel_webs_padel_y_grupo_pala_adidas_adipower_ctrl_3_3_adrk1ca2u0017f_15_6c05.webp\",\"datePublished\":\"2024-03-01T13:55:33+00:00\",\"dateModified\":\"2026-04-08T14:11:38+00:00\",\"description\":\"Adidas Adipower CTRL 3.3: Control preciso y firmeza mejorada. N\u00facleo Soft Eva, caras de Carbono 3k y tecnolog\u00edas avanzadas para un rendimiento excepcional. \u00a1Domina la pista con Adidas!\",\"breadcrumb\":{\"@id\":\"https:\\\/\\\/revolutionpadelstore.com\\\/de\\\/produkt\\\/adidas-adipower-ctrl-3-3-1\\\/#breadcrumb\"},\"inLanguage\":\"de\",\"potentialAction\":[{\"@type\":\"ReadAction\",\"target\":[\"https:\\\/\\\/revolutionpadelstore.com\\\/de\\\/produkt\\\/adidas-adipower-ctrl-3-3-1\\\/\"]}]},{\"@type\":\"ImageObject\",\"inLanguage\":\"de\",\"@id\":\"https:\\\/\\\/revolutionpadelstore.com\\\/de\\\/produkt\\\/adidas-adipower-ctrl-3-3-1\\\/#primaryimage\",\"url\":\"https:\\\/\\\/revolutionpadelstore.com\\\/wp-content\\\/uploads\\\/2024\\\/03\\\/110125_padel_webs_padel_y_grupo_pala_adidas_adipower_ctrl_3_3_adrk1ca2u0017f_15_6c05.webp\",\"contentUrl\":\"https:\\\/\\\/revolutionpadelstore.com\\\/wp-content\\\/uploads\\\/2024\\\/03\\\/110125_padel_webs_padel_y_grupo_pala_adidas_adipower_ctrl_3_3_adrk1ca2u0017f_15_6c05.webp\",\"width\":1500,\"height\":1500},{\"@type\":\"BreadcrumbList\",\"@id\":\"https:\\\/\\\/revolutionpadelstore.com\\\/de\\\/produkt\\\/adidas-adipower-ctrl-3-3-1\\\/#breadcrumb\",\"itemListElement\":[{\"@type\":\"ListItem\",\"position\":1,\"name\":\"Portada\",\"item\":\"https:\\\/\\\/revolutionpadelstore.com\\\/de\\\/\"},{\"@type\":\"ListItem\",\"position\":2,\"name\":\"Shop\",\"item\":\"https:\\\/\\\/revolutionpadelstore.com\\\/de\\\/tienda\\\/\"},{\"@type\":\"ListItem\",\"position\":3,\"name\":\"ADIDAS ADIPOWER CTRL 3.3\"}]},{\"@type\":\"WebSite\",\"@id\":\"https:\\\/\\\/revolutionpadelstore.com\\\/de\\\/#website\",\"url\":\"https:\\\/\\\/revolutionpadelstore.com\\\/de\\\/\",\"name\":\"Revolution Padel Store\",\"description\":\"\",\"publisher\":{\"@id\":\"https:\\\/\\\/revolutionpadelstore.com\\\/de\\\/#organization\"},\"potentialAction\":[{\"@type\":\"SearchAction\",\"target\":{\"@type\":\"EntryPoint\",\"urlTemplate\":\"https:\\\/\\\/revolutionpadelstore.com\\\/de\\\/?s={search_term_string}\"},\"query-input\":{\"@type\":\"PropertyValueSpecification\",\"valueRequired\":true,\"valueName\":\"search_term_string\"}}],\"inLanguage\":\"de\"},{\"@type\":\"Organization\",\"@id\":\"https:\\\/\\\/revolutionpadelstore.com\\\/de\\\/#organization\",\"name\":\"Revolution Padel Store\",\"url\":\"https:\\\/\\\/revolutionpadelstore.com\\\/de\\\/\",\"logo\":{\"@type\":\"ImageObject\",\"inLanguage\":\"de\",\"@id\":\"https:\\\/\\\/revolutionpadelstore.com\\\/de\\\/#\\\/schema\\\/logo\\\/image\\\/\",\"url\":\"https:\\\/\\\/revolutionpadelstore.com\\\/wp-content\\\/uploads\\\/2026\\\/02\\\/revolution-padel-store.jpg\",\"contentUrl\":\"https:\\\/\\\/revolutionpadelstore.com\\\/wp-content\\\/uploads\\\/2026\\\/02\\\/revolution-padel-store.jpg\",\"width\":2000,\"height\":2000,\"caption\":\"Revolution Padel Store\"},\"image\":{\"@id\":\"https:\\\/\\\/revolutionpadelstore.com\\\/de\\\/#\\\/schema\\\/logo\\\/image\\\/\"},\"sameAs\":[\"https:\\\/\\\/www.instagram.com\\\/revolutionpadelstore\\\/\"]}]}<\/script>\n<!-- \/ Yoast SEO plugin. -->","yoast_head_json":{"title":"ADIDAS ADIPOWER CTRL 3.3 - Revolution Padel Store","description":"Adidas Adipower CTRL 3.3: Control preciso y firmeza mejorada. N\u00facleo Soft Eva, caras de Carbono 3k y tecnolog\u00edas avanzadas para un rendimiento excepcional. \u00a1Domina la pista con Adidas!","robots":{"index":"index","follow":"follow","max-snippet":"max-snippet:-1","max-image-preview":"max-image-preview:large","max-video-preview":"max-video-preview:-1"},"canonical":"https:\/\/revolutionpadelstore.com\/de\/produkt\/adidas-adipower-ctrl-3-3-1\/","og_locale":"de_DE","og_type":"article","og_title":"ADIDAS ADIPOWER CTRL 3.3","og_description":"Adidas Adipower CTRL 3.3: Control preciso y firmeza mejorada. N\u00facleo Soft Eva, caras de Carbono 3k y tecnolog\u00edas avanzadas para un rendimiento excepcional. \u00a1Domina la pista con Adidas!","og_url":"https:\/\/revolutionpadelstore.com\/de\/produkt\/adidas-adipower-ctrl-3-3-1\/","og_site_name":"Revolution Padel Store","article_modified_time":"2026-04-08T14:11:38+00:00","og_image":[{"width":1500,"height":1500,"url":"https:\/\/revolutionpadelstore.com\/wp-content\/uploads\/2024\/03\/110125_padel_webs_padel_y_grupo_pala_adidas_adipower_ctrl_3_3_adrk1ca2u0017f_15_6c05.webp","type":"image\/webp"}],"twitter_card":"summary_large_image","twitter_misc":{"Gesch\u00e4tzte Lesezeit":"2\u00a0Minuten"},"schema":{"@context":"https:\/\/schema.org","@graph":[{"@type":"WebPage","@id":"https:\/\/revolutionpadelstore.com\/de\/produkt\/adidas-adipower-ctrl-3-3-1\/","url":"https:\/\/revolutionpadelstore.com\/de\/produkt\/adidas-adipower-ctrl-3-3-1\/","name":"ADIDAS ADIPOWER CTRL 3.3 - Revolution Padel Store","isPartOf":{"@id":"https:\/\/revolutionpadelstore.com\/de\/#website"},"primaryImageOfPage":{"@id":"https:\/\/revolutionpadelstore.com\/de\/produkt\/adidas-adipower-ctrl-3-3-1\/#primaryimage"},"image":{"@id":"https:\/\/revolutionpadelstore.com\/de\/produkt\/adidas-adipower-ctrl-3-3-1\/#primaryimage"},"thumbnailUrl":"https:\/\/revolutionpadelstore.com\/wp-content\/uploads\/2024\/03\/110125_padel_webs_padel_y_grupo_pala_adidas_adipower_ctrl_3_3_adrk1ca2u0017f_15_6c05.webp","datePublished":"2024-03-01T13:55:33+00:00","dateModified":"2026-04-08T14:11:38+00:00","description":"Adidas Adipower CTRL 3.3: Control preciso y firmeza mejorada. N\u00facleo Soft Eva, caras de Carbono 3k y tecnolog\u00edas avanzadas para un rendimiento excepcional. \u00a1Domina la pista con Adidas!","breadcrumb":{"@id":"https:\/\/revolutionpadelstore.com\/de\/produkt\/adidas-adipower-ctrl-3-3-1\/#breadcrumb"},"inLanguage":"de","potentialAction":[{"@type":"ReadAction","target":["https:\/\/revolutionpadelstore.com\/de\/produkt\/adidas-adipower-ctrl-3-3-1\/"]}]},{"@type":"ImageObject","inLanguage":"de","@id":"https:\/\/revolutionpadelstore.com\/de\/produkt\/adidas-adipower-ctrl-3-3-1\/#primaryimage","url":"https:\/\/revolutionpadelstore.com\/wp-content\/uploads\/2024\/03\/110125_padel_webs_padel_y_grupo_pala_adidas_adipower_ctrl_3_3_adrk1ca2u0017f_15_6c05.webp","contentUrl":"https:\/\/revolutionpadelstore.com\/wp-content\/uploads\/2024\/03\/110125_padel_webs_padel_y_grupo_pala_adidas_adipower_ctrl_3_3_adrk1ca2u0017f_15_6c05.webp","width":1500,"height":1500},{"@type":"BreadcrumbList","@id":"https:\/\/revolutionpadelstore.com\/de\/produkt\/adidas-adipower-ctrl-3-3-1\/#breadcrumb","itemListElement":[{"@type":"ListItem","position":1,"name":"Portada","item":"https:\/\/revolutionpadelstore.com\/de\/"},{"@type":"ListItem","position":2,"name":"Shop","item":"https:\/\/revolutionpadelstore.com\/de\/tienda\/"},{"@type":"ListItem","position":3,"name":"ADIDAS ADIPOWER CTRL 3.3"}]},{"@type":"WebSite","@id":"https:\/\/revolutionpadelstore.com\/de\/#website","url":"https:\/\/revolutionpadelstore.com\/de\/","name":"Revolution Padel Store","description":"","publisher":{"@id":"https:\/\/revolutionpadelstore.com\/de\/#organization"},"potentialAction":[{"@type":"SearchAction","target":{"@type":"EntryPoint","urlTemplate":"https:\/\/revolutionpadelstore.com\/de\/?s={search_term_string}"},"query-input":{"@type":"PropertyValueSpecification","valueRequired":true,"valueName":"search_term_string"}}],"inLanguage":"de"},{"@type":"Organization","@id":"https:\/\/revolutionpadelstore.com\/de\/#organization","name":"Revolution Padel Store","url":"https:\/\/revolutionpadelstore.com\/de\/","logo":{"@type":"ImageObject","inLanguage":"de","@id":"https:\/\/revolutionpadelstore.com\/de\/#\/schema\/logo\/image\/","url":"https:\/\/revolutionpadelstore.com\/wp-content\/uploads\/2026\/02\/revolution-padel-store.jpg","contentUrl":"https:\/\/revolutionpadelstore.com\/wp-content\/uploads\/2026\/02\/revolution-padel-store.jpg","width":2000,"height":2000,"caption":"Revolution Padel Store"},"image":{"@id":"https:\/\/revolutionpadelstore.com\/de\/#\/schema\/logo\/image\/"},"sameAs":["https:\/\/www.instagram.com\/revolutionpadelstore\/"]}]}},"_links":{"self":[{"href":"https:\/\/revolutionpadelstore.com\/de\/wp-json\/wp\/v2\/product\/11298","targetHints":{"allow":["GET"]}}],"collection":[{"href":"https:\/\/revolutionpadelstore.com\/de\/wp-json\/wp\/v2\/product"}],"about":[{"href":"https:\/\/revolutionpadelstore.com\/de\/wp-json\/wp\/v2\/types\/product"}],"replies":[{"embeddable":true,"href":"https:\/\/revolutionpadelstore.com\/de\/wp-json\/wp\/v2\/comments?post=11298"}],"wp:featuredmedia":[{"embeddable":true,"href":"https:\/\/revolutionpadelstore.com\/de\/wp-json\/wp\/v2\/media\/11299"}],"wp:attachment":[{"href":"https:\/\/revolutionpadelstore.com\/de\/wp-json\/wp\/v2\/media?parent=11298"}],"wp:term":[{"taxonomy":"acabado","embeddable":true,"href":"https:\/\/revolutionpadelstore.com\/de\/wp-json\/wp\/v2\/acabado?post=11298"},{"taxonomy":"balance","embeddable":true,"href":"https:\/\/revolutionpadelstore.com\/de\/wp-json\/wp\/v2\/balance?post=11298"},{"taxonomy":"dureza","embeddable":true,"href":"https:\/\/revolutionpadelstore.com\/de\/wp-json\/wp\/v2\/dureza?post=11298"},{"taxonomy":"forma","embeddable":true,"href":"https:\/\/revolutionpadelstore.com\/de\/wp-json\/wp\/v2\/forma?post=11298"},{"taxonomy":"jugador","embeddable":true,"href":"https:\/\/revolutionpadelstore.com\/de\/wp-json\/wp\/v2\/jugador?post=11298"},{"taxonomy":"marca","embeddable":true,"href":"https:\/\/revolutionpadelstore.com\/de\/wp-json\/wp\/v2\/marca?post=11298"},{"taxonomy":"nivel-de-juego","embeddable":true,"href":"https:\/\/revolutionpadelstore.com\/de\/wp-json\/wp\/v2\/nivel-de-juego?post=11298"},{"taxonomy":"superficie","embeddable":true,"href":"https:\/\/revolutionpadelstore.com\/de\/wp-json\/wp\/v2\/superficie?post=11298"},{"taxonomy":"tipo-de-juego","embeddable":true,"href":"https:\/\/revolutionpadelstore.com\/de\/wp-json\/wp\/v2\/tipo-de-juego?post=11298"},{"taxonomy":"product_brand","embeddable":true,"href":"https:\/\/revolutionpadelstore.com\/de\/wp-json\/wp\/v2\/product_brand?post=11298"},{"taxonomy":"product_cat","embeddable":true,"href":"https:\/\/revolutionpadelstore.com\/de\/wp-json\/wp\/v2\/product_cat?post=11298"},{"taxonomy":"product_tag","embeddable":true,"href":"https:\/\/revolutionpadelstore.com\/de\/wp-json\/wp\/v2\/product_tag?post=11298"}],"curies":[{"name":"wp","href":"https:\/\/api.w.org\/{rel}","templated":true}]}}