{"id":11289,"date":"2024-03-01T15:04:12","date_gmt":"2024-03-01T14:04:12","guid":{"rendered":"https:\/\/revolutionpadelstore.com\/adidas-metalbone-carbon-ctrl-3-3-2024\/"},"modified":"2026-04-08T16:10:56","modified_gmt":"2026-04-08T14:10:56","slug":"adidas-metalbone-carbon-ctrl-3-3-2024-1","status":"publish","type":"product","link":"https:\/\/revolutionpadelstore.com\/de\/produkt\/adidas-metalbone-carbon-ctrl-3-3-2024-1\/","title":{"rendered":"ADIDAS METALBONE CARBON CTRL 3.3 2024"},"content":{"rendered":"<h2>Adidas Metalbone Carbon CTRL 3.3, 2024 Schaufel von Pol Hern\u00e1ndez.<\/h2>\n<p>Der <strong>Adidas Metalbone Carbon CTRL 3.3<\/strong> ist der Schl\u00e4ger f\u00fcr fortgeschrittene oder professionelle Spieler, die eine au\u00dfergew\u00f6hnliche Leistung auf dem Platz suchen, derselbe, den auch der Profi Pol Hern\u00e1ndez in der Saison 2024 verwendet.<\/p>\n<p>Mit seinem runden Format bietet dieser Schl\u00e4ger eine hervorragende Kontrolle, sorgt f\u00fcr optimale Man\u00f6vrierf\u00e4higkeit und erleichtert schnelle Bewegungen auf dem Platz.<\/p>\n<h3>Steuerpaddel mit 6K-Kohlefaser<\/h3>\n<p>Dieser Schl\u00e4ger besteht aus einem Carbonrahmen und Schlagfl\u00e4chen aus 6K-Carbonfaser und bietet Stabilit\u00e4t und Haltbarkeit. Das spezielle Gewebe aus 6K-Kohlefaser erm\u00f6glicht eine leichtere Struktur und eine h\u00f6here Torsionsfestigkeit.<\/p>\n<p>Der <strong>EVA Soft Performance<\/strong>-Gummikern mit geringer Dichte sorgt f\u00fcr eine effiziente Ballabgabe und ein weiches, angenehmes Gef\u00fchl bei jedem Schlag. Die Spin Blade Decal-Technologie auf den Ebenen mit rauer Oberfl\u00e4che verbessert das Spinspiel durch eine bessere Griffigkeit des Balls, erg\u00e4nzt durch die Smart Holes Curve-Technologie auf den W\u00fcrfeln.<\/p>\n<h3>Unglaublich widerstandsf\u00e4hige Schaufel<\/h3>\n<p>Ein Schl\u00e4ger aus hochwertigen Materialien und Technologien, der sich solide und widerstandsf\u00e4hig anf\u00fchlt. Mit der Octagonal Structure-Technologie verf\u00fcgt es \u00fcber ein achteckiges Rohr, das der Klinge Steifigkeit und Festigkeit verleiht. Und zusammen mit der Structural Reinforcement-Technologie verf\u00fcgt es \u00fcber eine Umfangsverst\u00e4rkung, die es widerstandsf\u00e4higer gegen Verdrehungen macht.<\/p>\n<p>Es besticht durch sein sportliches Design, das die schwarze Farbe von K\u00f6rper und Klingenr\u00fccken mit dem wei\u00dfen Griff kontrastiert. Z\u00f6gern Sie nicht und holen Sie sich Ihren neuen Kontrollschl\u00e4ger f\u00fcr Fortgeschrittene oder Profis.<\/p>\n<h2>Adidas Metalbone Carbon CTRL 3.3, pala 2024 de Pol Hern\u00e1ndez.<\/h2>\n","protected":false},"excerpt":{"rendered":"<p>Adidas Metalbone Carbon CTRL 3.3: Professionelle Leistung mit au\u00dfergew\u00f6hnlicher Kontrolle. 6K-Kohlefaser, fortschrittliche Technologien und beeindruckendes Design. Beherrsche den Platz mit dem Schl\u00e4ger von Pol Hern\u00e1ndez!<\/p>\n","protected":false},"featured_media":11290,"comment_status":"open","ping_status":"closed","template":"","meta":{"_acf_changed":false,"_joinchat":[]},"acabado":[1089],"balance":[1144],"dureza":[1149],"forma":[1179],"jugador":[1189,1199],"marca":[1229],"nivel-de-juego":[1334],"superficie":[1359],"tipo-de-juego":[1369],"product_brand":[],"product_cat":[299],"product_tag":[],"class_list":{"0":"post-11289","1":"product","2":"type-product","3":"status-publish","4":"has-post-thumbnail","6":"acabado-3d-entlasten","7":"balance-niedrig","8":"dureza-blanda-de","9":"forma-rund","10":"jugador-mann","11":"jugador-mehrzweck","12":"marca-adidas-de","13":"superficie-rugosa-de","14":"tipo-de-juego-kontrolle","15":"product_cat-palas-de-padel-de","17":"first","18":"instock","19":"sale","20":"taxable","21":"shipping-taxable","22":"purchasable","23":"product-type-simple"},"acf":[],"yoast_head":"<!-- This site is optimized with the Yoast SEO plugin v27.4 - https:\/\/yoast.com\/product\/yoast-seo-wordpress\/ -->\n<title>ADIDAS METALBONE CARBON CTRL 3.3 2024 - Revolution Padel Store<\/title>\n<meta name=\"description\" content=\"Adidas Metalbone Carbon CTRL 3.3: Rendimiento profesional con control excepcional. Fibra de carbono 6K, tecnolog\u00edas avanzadas y dise\u00f1o imponente. \u00a1Domina la pista con la pala de Pol Hern\u00e1ndez!\" \/>\n<meta name=\"robots\" content=\"index, follow, max-snippet:-1, max-image-preview:large, max-video-preview:-1\" \/>\n<link rel=\"canonical\" href=\"https:\/\/revolutionpadelstore.com\/de\/produkt\/adidas-metalbone-carbon-ctrl-3-3-2024-1\/\" \/>\n<meta property=\"og:locale\" content=\"de_DE\" \/>\n<meta property=\"og:type\" content=\"article\" \/>\n<meta property=\"og:title\" content=\"ADIDAS METALBONE CARBON CTRL 3.3 2024\" \/>\n<meta property=\"og:description\" content=\"Adidas Metalbone Carbon CTRL 3.3: Rendimiento profesional con control excepcional. Fibra de carbono 6K, tecnolog\u00edas avanzadas y dise\u00f1o imponente. \u00a1Domina la pista con la pala de Pol Hern\u00e1ndez!\" \/>\n<meta property=\"og:url\" content=\"https:\/\/revolutionpadelstore.com\/de\/produkt\/adidas-metalbone-carbon-ctrl-3-3-2024-1\/\" \/>\n<meta property=\"og:site_name\" content=\"Revolution Padel Store\" \/>\n<meta property=\"article:modified_time\" content=\"2026-04-08T14:10:56+00:00\" \/>\n<meta property=\"og:image\" content=\"https:\/\/revolutionpadelstore.com\/wp-content\/uploads\/2024\/03\/110143_padel_webs_padel_y_grupo_pala_adidas_metalbone_carbon_ctrl_3_3_adrk1ca4u_2f70.webp\" \/>\n\t<meta property=\"og:image:width\" content=\"1500\" \/>\n\t<meta property=\"og:image:height\" content=\"1500\" \/>\n\t<meta property=\"og:image:type\" content=\"image\/webp\" \/>\n<meta name=\"twitter:card\" content=\"summary_large_image\" \/>\n<meta name=\"twitter:label1\" content=\"Gesch\u00e4tzte Lesezeit\" \/>\n\t<meta name=\"twitter:data1\" content=\"2\u00a0Minuten\" \/>\n<script type=\"application\/ld+json\" class=\"yoast-schema-graph\">{\"@context\":\"https:\\\/\\\/schema.org\",\"@graph\":[{\"@type\":\"WebPage\",\"@id\":\"https:\\\/\\\/revolutionpadelstore.com\\\/de\\\/produkt\\\/adidas-metalbone-carbon-ctrl-3-3-2024-1\\\/\",\"url\":\"https:\\\/\\\/revolutionpadelstore.com\\\/de\\\/produkt\\\/adidas-metalbone-carbon-ctrl-3-3-2024-1\\\/\",\"name\":\"ADIDAS METALBONE CARBON CTRL 3.3 2024 - Revolution Padel Store\",\"isPartOf\":{\"@id\":\"https:\\\/\\\/revolutionpadelstore.com\\\/de\\\/#website\"},\"primaryImageOfPage\":{\"@id\":\"https:\\\/\\\/revolutionpadelstore.com\\\/de\\\/produkt\\\/adidas-metalbone-carbon-ctrl-3-3-2024-1\\\/#primaryimage\"},\"image\":{\"@id\":\"https:\\\/\\\/revolutionpadelstore.com\\\/de\\\/produkt\\\/adidas-metalbone-carbon-ctrl-3-3-2024-1\\\/#primaryimage\"},\"thumbnailUrl\":\"https:\\\/\\\/revolutionpadelstore.com\\\/wp-content\\\/uploads\\\/2024\\\/03\\\/110143_padel_webs_padel_y_grupo_pala_adidas_metalbone_carbon_ctrl_3_3_adrk1ca4u_2f70.webp\",\"datePublished\":\"2024-03-01T14:04:12+00:00\",\"dateModified\":\"2026-04-08T14:10:56+00:00\",\"description\":\"Adidas Metalbone Carbon CTRL 3.3: Rendimiento profesional con control excepcional. Fibra de carbono 6K, tecnolog\u00edas avanzadas y dise\u00f1o imponente. \u00a1Domina la pista con la pala de Pol Hern\u00e1ndez!\",\"breadcrumb\":{\"@id\":\"https:\\\/\\\/revolutionpadelstore.com\\\/de\\\/produkt\\\/adidas-metalbone-carbon-ctrl-3-3-2024-1\\\/#breadcrumb\"},\"inLanguage\":\"de\",\"potentialAction\":[{\"@type\":\"ReadAction\",\"target\":[\"https:\\\/\\\/revolutionpadelstore.com\\\/de\\\/produkt\\\/adidas-metalbone-carbon-ctrl-3-3-2024-1\\\/\"]}]},{\"@type\":\"ImageObject\",\"inLanguage\":\"de\",\"@id\":\"https:\\\/\\\/revolutionpadelstore.com\\\/de\\\/produkt\\\/adidas-metalbone-carbon-ctrl-3-3-2024-1\\\/#primaryimage\",\"url\":\"https:\\\/\\\/revolutionpadelstore.com\\\/wp-content\\\/uploads\\\/2024\\\/03\\\/110143_padel_webs_padel_y_grupo_pala_adidas_metalbone_carbon_ctrl_3_3_adrk1ca4u_2f70.webp\",\"contentUrl\":\"https:\\\/\\\/revolutionpadelstore.com\\\/wp-content\\\/uploads\\\/2024\\\/03\\\/110143_padel_webs_padel_y_grupo_pala_adidas_metalbone_carbon_ctrl_3_3_adrk1ca4u_2f70.webp\",\"width\":1500,\"height\":1500},{\"@type\":\"BreadcrumbList\",\"@id\":\"https:\\\/\\\/revolutionpadelstore.com\\\/de\\\/produkt\\\/adidas-metalbone-carbon-ctrl-3-3-2024-1\\\/#breadcrumb\",\"itemListElement\":[{\"@type\":\"ListItem\",\"position\":1,\"name\":\"Portada\",\"item\":\"https:\\\/\\\/revolutionpadelstore.com\\\/de\\\/\"},{\"@type\":\"ListItem\",\"position\":2,\"name\":\"Shop\",\"item\":\"https:\\\/\\\/revolutionpadelstore.com\\\/de\\\/tienda\\\/\"},{\"@type\":\"ListItem\",\"position\":3,\"name\":\"ADIDAS METALBONE CARBON CTRL 3.3 2024\"}]},{\"@type\":\"WebSite\",\"@id\":\"https:\\\/\\\/revolutionpadelstore.com\\\/de\\\/#website\",\"url\":\"https:\\\/\\\/revolutionpadelstore.com\\\/de\\\/\",\"name\":\"Revolution Padel Store\",\"description\":\"\",\"publisher\":{\"@id\":\"https:\\\/\\\/revolutionpadelstore.com\\\/de\\\/#organization\"},\"potentialAction\":[{\"@type\":\"SearchAction\",\"target\":{\"@type\":\"EntryPoint\",\"urlTemplate\":\"https:\\\/\\\/revolutionpadelstore.com\\\/de\\\/?s={search_term_string}\"},\"query-input\":{\"@type\":\"PropertyValueSpecification\",\"valueRequired\":true,\"valueName\":\"search_term_string\"}}],\"inLanguage\":\"de\"},{\"@type\":\"Organization\",\"@id\":\"https:\\\/\\\/revolutionpadelstore.com\\\/de\\\/#organization\",\"name\":\"Revolution Padel Store\",\"url\":\"https:\\\/\\\/revolutionpadelstore.com\\\/de\\\/\",\"logo\":{\"@type\":\"ImageObject\",\"inLanguage\":\"de\",\"@id\":\"https:\\\/\\\/revolutionpadelstore.com\\\/de\\\/#\\\/schema\\\/logo\\\/image\\\/\",\"url\":\"https:\\\/\\\/revolutionpadelstore.com\\\/wp-content\\\/uploads\\\/2026\\\/02\\\/revolution-padel-store.jpg\",\"contentUrl\":\"https:\\\/\\\/revolutionpadelstore.com\\\/wp-content\\\/uploads\\\/2026\\\/02\\\/revolution-padel-store.jpg\",\"width\":2000,\"height\":2000,\"caption\":\"Revolution Padel Store\"},\"image\":{\"@id\":\"https:\\\/\\\/revolutionpadelstore.com\\\/de\\\/#\\\/schema\\\/logo\\\/image\\\/\"},\"sameAs\":[\"https:\\\/\\\/www.instagram.com\\\/revolutionpadelstore\\\/\"]}]}<\/script>\n<!-- \/ Yoast SEO plugin. -->","yoast_head_json":{"title":"ADIDAS METALBONE CARBON CTRL 3.3 2024 - Revolution Padel Store","description":"Adidas Metalbone Carbon CTRL 3.3: Rendimiento profesional con control excepcional. Fibra de carbono 6K, tecnolog\u00edas avanzadas y dise\u00f1o imponente. \u00a1Domina la pista con la pala de Pol Hern\u00e1ndez!","robots":{"index":"index","follow":"follow","max-snippet":"max-snippet:-1","max-image-preview":"max-image-preview:large","max-video-preview":"max-video-preview:-1"},"canonical":"https:\/\/revolutionpadelstore.com\/de\/produkt\/adidas-metalbone-carbon-ctrl-3-3-2024-1\/","og_locale":"de_DE","og_type":"article","og_title":"ADIDAS METALBONE CARBON CTRL 3.3 2024","og_description":"Adidas Metalbone Carbon CTRL 3.3: Rendimiento profesional con control excepcional. Fibra de carbono 6K, tecnolog\u00edas avanzadas y dise\u00f1o imponente. \u00a1Domina la pista con la pala de Pol Hern\u00e1ndez!","og_url":"https:\/\/revolutionpadelstore.com\/de\/produkt\/adidas-metalbone-carbon-ctrl-3-3-2024-1\/","og_site_name":"Revolution Padel Store","article_modified_time":"2026-04-08T14:10:56+00:00","og_image":[{"width":1500,"height":1500,"url":"https:\/\/revolutionpadelstore.com\/wp-content\/uploads\/2024\/03\/110143_padel_webs_padel_y_grupo_pala_adidas_metalbone_carbon_ctrl_3_3_adrk1ca4u_2f70.webp","type":"image\/webp"}],"twitter_card":"summary_large_image","twitter_misc":{"Gesch\u00e4tzte Lesezeit":"2\u00a0Minuten"},"schema":{"@context":"https:\/\/schema.org","@graph":[{"@type":"WebPage","@id":"https:\/\/revolutionpadelstore.com\/de\/produkt\/adidas-metalbone-carbon-ctrl-3-3-2024-1\/","url":"https:\/\/revolutionpadelstore.com\/de\/produkt\/adidas-metalbone-carbon-ctrl-3-3-2024-1\/","name":"ADIDAS METALBONE CARBON CTRL 3.3 2024 - Revolution Padel Store","isPartOf":{"@id":"https:\/\/revolutionpadelstore.com\/de\/#website"},"primaryImageOfPage":{"@id":"https:\/\/revolutionpadelstore.com\/de\/produkt\/adidas-metalbone-carbon-ctrl-3-3-2024-1\/#primaryimage"},"image":{"@id":"https:\/\/revolutionpadelstore.com\/de\/produkt\/adidas-metalbone-carbon-ctrl-3-3-2024-1\/#primaryimage"},"thumbnailUrl":"https:\/\/revolutionpadelstore.com\/wp-content\/uploads\/2024\/03\/110143_padel_webs_padel_y_grupo_pala_adidas_metalbone_carbon_ctrl_3_3_adrk1ca4u_2f70.webp","datePublished":"2024-03-01T14:04:12+00:00","dateModified":"2026-04-08T14:10:56+00:00","description":"Adidas Metalbone Carbon CTRL 3.3: Rendimiento profesional con control excepcional. Fibra de carbono 6K, tecnolog\u00edas avanzadas y dise\u00f1o imponente. \u00a1Domina la pista con la pala de Pol Hern\u00e1ndez!","breadcrumb":{"@id":"https:\/\/revolutionpadelstore.com\/de\/produkt\/adidas-metalbone-carbon-ctrl-3-3-2024-1\/#breadcrumb"},"inLanguage":"de","potentialAction":[{"@type":"ReadAction","target":["https:\/\/revolutionpadelstore.com\/de\/produkt\/adidas-metalbone-carbon-ctrl-3-3-2024-1\/"]}]},{"@type":"ImageObject","inLanguage":"de","@id":"https:\/\/revolutionpadelstore.com\/de\/produkt\/adidas-metalbone-carbon-ctrl-3-3-2024-1\/#primaryimage","url":"https:\/\/revolutionpadelstore.com\/wp-content\/uploads\/2024\/03\/110143_padel_webs_padel_y_grupo_pala_adidas_metalbone_carbon_ctrl_3_3_adrk1ca4u_2f70.webp","contentUrl":"https:\/\/revolutionpadelstore.com\/wp-content\/uploads\/2024\/03\/110143_padel_webs_padel_y_grupo_pala_adidas_metalbone_carbon_ctrl_3_3_adrk1ca4u_2f70.webp","width":1500,"height":1500},{"@type":"BreadcrumbList","@id":"https:\/\/revolutionpadelstore.com\/de\/produkt\/adidas-metalbone-carbon-ctrl-3-3-2024-1\/#breadcrumb","itemListElement":[{"@type":"ListItem","position":1,"name":"Portada","item":"https:\/\/revolutionpadelstore.com\/de\/"},{"@type":"ListItem","position":2,"name":"Shop","item":"https:\/\/revolutionpadelstore.com\/de\/tienda\/"},{"@type":"ListItem","position":3,"name":"ADIDAS METALBONE CARBON CTRL 3.3 2024"}]},{"@type":"WebSite","@id":"https:\/\/revolutionpadelstore.com\/de\/#website","url":"https:\/\/revolutionpadelstore.com\/de\/","name":"Revolution Padel Store","description":"","publisher":{"@id":"https:\/\/revolutionpadelstore.com\/de\/#organization"},"potentialAction":[{"@type":"SearchAction","target":{"@type":"EntryPoint","urlTemplate":"https:\/\/revolutionpadelstore.com\/de\/?s={search_term_string}"},"query-input":{"@type":"PropertyValueSpecification","valueRequired":true,"valueName":"search_term_string"}}],"inLanguage":"de"},{"@type":"Organization","@id":"https:\/\/revolutionpadelstore.com\/de\/#organization","name":"Revolution Padel Store","url":"https:\/\/revolutionpadelstore.com\/de\/","logo":{"@type":"ImageObject","inLanguage":"de","@id":"https:\/\/revolutionpadelstore.com\/de\/#\/schema\/logo\/image\/","url":"https:\/\/revolutionpadelstore.com\/wp-content\/uploads\/2026\/02\/revolution-padel-store.jpg","contentUrl":"https:\/\/revolutionpadelstore.com\/wp-content\/uploads\/2026\/02\/revolution-padel-store.jpg","width":2000,"height":2000,"caption":"Revolution Padel Store"},"image":{"@id":"https:\/\/revolutionpadelstore.com\/de\/#\/schema\/logo\/image\/"},"sameAs":["https:\/\/www.instagram.com\/revolutionpadelstore\/"]}]}},"_links":{"self":[{"href":"https:\/\/revolutionpadelstore.com\/de\/wp-json\/wp\/v2\/product\/11289","targetHints":{"allow":["GET"]}}],"collection":[{"href":"https:\/\/revolutionpadelstore.com\/de\/wp-json\/wp\/v2\/product"}],"about":[{"href":"https:\/\/revolutionpadelstore.com\/de\/wp-json\/wp\/v2\/types\/product"}],"replies":[{"embeddable":true,"href":"https:\/\/revolutionpadelstore.com\/de\/wp-json\/wp\/v2\/comments?post=11289"}],"wp:featuredmedia":[{"embeddable":true,"href":"https:\/\/revolutionpadelstore.com\/de\/wp-json\/wp\/v2\/media\/11290"}],"wp:attachment":[{"href":"https:\/\/revolutionpadelstore.com\/de\/wp-json\/wp\/v2\/media?parent=11289"}],"wp:term":[{"taxonomy":"acabado","embeddable":true,"href":"https:\/\/revolutionpadelstore.com\/de\/wp-json\/wp\/v2\/acabado?post=11289"},{"taxonomy":"balance","embeddable":true,"href":"https:\/\/revolutionpadelstore.com\/de\/wp-json\/wp\/v2\/balance?post=11289"},{"taxonomy":"dureza","embeddable":true,"href":"https:\/\/revolutionpadelstore.com\/de\/wp-json\/wp\/v2\/dureza?post=11289"},{"taxonomy":"forma","embeddable":true,"href":"https:\/\/revolutionpadelstore.com\/de\/wp-json\/wp\/v2\/forma?post=11289"},{"taxonomy":"jugador","embeddable":true,"href":"https:\/\/revolutionpadelstore.com\/de\/wp-json\/wp\/v2\/jugador?post=11289"},{"taxonomy":"marca","embeddable":true,"href":"https:\/\/revolutionpadelstore.com\/de\/wp-json\/wp\/v2\/marca?post=11289"},{"taxonomy":"nivel-de-juego","embeddable":true,"href":"https:\/\/revolutionpadelstore.com\/de\/wp-json\/wp\/v2\/nivel-de-juego?post=11289"},{"taxonomy":"superficie","embeddable":true,"href":"https:\/\/revolutionpadelstore.com\/de\/wp-json\/wp\/v2\/superficie?post=11289"},{"taxonomy":"tipo-de-juego","embeddable":true,"href":"https:\/\/revolutionpadelstore.com\/de\/wp-json\/wp\/v2\/tipo-de-juego?post=11289"},{"taxonomy":"product_brand","embeddable":true,"href":"https:\/\/revolutionpadelstore.com\/de\/wp-json\/wp\/v2\/product_brand?post=11289"},{"taxonomy":"product_cat","embeddable":true,"href":"https:\/\/revolutionpadelstore.com\/de\/wp-json\/wp\/v2\/product_cat?post=11289"},{"taxonomy":"product_tag","embeddable":true,"href":"https:\/\/revolutionpadelstore.com\/de\/wp-json\/wp\/v2\/product_tag?post=11289"}],"curies":[{"name":"wp","href":"https:\/\/api.w.org\/{rel}","templated":true}]}}