{"id":11142,"date":"2024-06-17T23:43:03","date_gmt":"2024-06-17T21:43:03","guid":{"rendered":"https:\/\/revolutionpadelstore.com\/head-extreme-motion-ltd-paula-josemaria\/"},"modified":"2026-04-12T02:01:53","modified_gmt":"2026-04-12T00:01:53","slug":"head-extreme-motion-ltd-paula-josemaria-1","status":"publish","type":"product","link":"https:\/\/revolutionpadelstore.com\/de\/produkt\/head-extreme-motion-ltd-paula-josemaria-1\/","title":{"rendered":"HEAD EXTREME MOTION LTD \u2013 PAULA JOSEMAR\u00cdA"},"content":{"rendered":"<p>Basierend auf dem Extreme Motion-Modell mit den gleichen Funktionen und Technologien verf\u00fcgt der EXTREME MOTION LTD PAULA JOSEMAR\u00cdA-Schl\u00e4ger in seiner limitierten Auflage \u00fcber ein exklusives Design f\u00fcr die Nummer 1 der Welt, \u201ePaulita Dinamita\u201c. Sein Dynamit-Charakter wurde in das Design der Klinge sowie in das Effektmuster des 3D-Aufklebers eingearbeitet. Als Co-Designerin w\u00e4hlte Paula die Farben f\u00fcr diesen limitierten Schl\u00e4ger aus, der ihr charakteristisches elegantes und exklusives Design widerspiegelt. Dieser mit einer rautenf\u00f6rmigen Form hergestellte Schl\u00e4ger ist perfekt f\u00fcr fortgeschrittene und professionelle Spieler, die einen Schl\u00e4ger mit beherrschbarer Kraft suchen.<\/p>\n<p>\u00b7 Limitierte Auflage, mitgestaltet von der Nummer eins der Welt, Paula Josemar\u00eda<br \/>\n\u00b7 Elegante und exklusive Farben, ausgew\u00e4hlt von Paula<br \/>\n\u00b7 Design mit Paulas Unterschrift und der Figur \u201ePaulita Dinamita\u201c<br \/>\n\u00b7 Gemacht f\u00fcr fortgeschrittene und professionelle Spieler, die Leistung und Man\u00f6vrierf\u00e4higkeit suchen<br \/>\n\u00b7 Rautenf\u00f6rmige Form<br \/>\n\u00b7 Basiert auf dem Extreme Motion-Modell mit denselben Funktionen und Technologien<br \/>\n\u00b7 Enth\u00e4lt erstmals das Pro Spin Strips-Zubeh\u00f6r, neue Klebestreifen mit rauer Oberfl\u00e4che, um mehr Ballgriff und Spin zu erzeugen<\/p>\n<p>TECHNOLOGIEN<\/p>\n<p>Auxetische Konstruktionen weisen im Vergleich zu nicht-auxetischen Konstruktionen eine einzigartige Verformung auf. Auxetische Konstruktionen weiten sich, wenn eine Zugkraft ausge\u00fcbt wird, und ziehen sich zusammen, wenn sie zusammengedr\u00fcckt werden. Je gr\u00f6\u00dfer die ausge\u00fcbte Kraft ist, desto gr\u00f6\u00dfer ist die auxetische Reaktion.<\/p>\n<p>Der POWER FOAM-Gummi wurde entwickelt, um maximale Kraft und St\u00e4rke zu erreichen und Angriffsschl\u00e4ge wie Smash, X3 oder X4 zu verbessern.<\/p>\n<p>EXTREME SPIN ist eine grobe 3D-Aufklebertechnologie, die Spin und Griffigkeit am Ball maximiert.<\/p>\n<p>Die OPTIMIZED SWEET SPOT-Technologie passt das Lochmuster an jede Klinge an, um den Sweet Spot-Bereich zu erweitern.<\/p>\n<p>Die SMART BRIDGE-Technologie besteht aus der individuellen Konstruktion des in der Form enthaltenen Br\u00fcckenbereichs, der sich je nach Spielbarkeit an die Eigenschaften jedes Schl\u00e4gers anpasst.<\/p>\n<p>Da er kein Rohr hat, wird der Schl\u00e4gerrahmen sorgf\u00e4ltig entworfen und f\u00fcr jeden Schl\u00e4ger individuell angefertigt, um eine optimale Leistung zu erzielen, sodass die Leistung jedes Schl\u00e4gers maximiert werden kann.<\/p>\n<p>Die neue Kappe besteht aus weichem Material, das einen angenehmen und weichen Griff bietet.<\/p>\n<p>Mit einer orangefarbenen Oberfl\u00e4che dient es der Vibrations- und Druckreduzierung und beugt so Verletzungen und Blasen an den H\u00e4nden vor.<\/p>\n<p>Transparenter Schutz, der die Haltbarkeit des Schl\u00e4gers erh\u00f6ht und ihn vor St\u00f6\u00dfen und Kratzern sch\u00fctzt. Au\u00dferdem kann es einfach ausgetauscht werden, was die Lebensdauer maximiert.<\/p>\n<p>Graphen st\u00e4rkt den Rahmen, sorgt f\u00fcr mehr Stabilit\u00e4t und optimiert die Ballausgabe.<\/p>\n","protected":false},"excerpt":{"rendered":"<p>Der limitierte EXTREME MOTION LTD PAULA JOSEMAR\u00cdA-Schl\u00e4ger setzt auf ein exklusives und elegantes Design mit einzigartigen Details f\u00fcr \u201ePaulita Dinamita\u201c, die Nummer 1 der Welt.<\/p>\n","protected":false},"featured_media":293080,"comment_status":"open","ping_status":"closed","template":"","meta":{"_acf_changed":false,"_joinchat":[]},"acabado":[1089],"balance":[1134,1139],"dureza":[1159,1154],"forma":[1169],"jugador":[1194],"marca":[1219],"nivel-de-juego":[1334],"superficie":[1359],"tipo-de-juego":[1374],"product_brand":[],"product_cat":[299],"product_tag":[],"class_list":{"0":"post-11142","1":"product","2":"type-product","3":"status-publish","4":"has-post-thumbnail","6":"acabado-3d-entlasten","7":"balance-hoch","8":"balance-mittel","9":"dureza-dura-de","10":"dureza-media-de","11":"forma-diamante-de","12":"jugador-frau","13":"marca-kopf","14":"superficie-rugosa-de","15":"tipo-de-juego-leistung","16":"product_cat-palas-de-padel-de","18":"first","19":"instock","20":"sale","21":"taxable","22":"shipping-taxable","23":"purchasable","24":"product-type-simple"},"acf":[],"yoast_head":"<!-- This site is optimized with the Yoast SEO plugin v27.4 - https:\/\/yoast.com\/product\/yoast-seo-wordpress\/ -->\n<title>HEAD EXTREME MOTION LTD \u2013 PAULA JOSEMAR\u00cdA - Revolution Padel Store<\/title>\n<meta name=\"description\" content=\"La pala EXTREME MOTION LTD PAULA JOSEMAR\u00cdA de edici\u00f3n limitada apuesta por un dise\u00f1o exclusivo y elegante, con detalles \u00fanicos, para &#039;Paulita Dinamita&#039;, n\u00famero 1 del mundo.\" \/>\n<meta name=\"robots\" content=\"index, follow, max-snippet:-1, max-image-preview:large, max-video-preview:-1\" \/>\n<link rel=\"canonical\" href=\"https:\/\/revolutionpadelstore.com\/de\/produkt\/head-extreme-motion-ltd-paula-josemaria-1\/\" \/>\n<meta property=\"og:locale\" content=\"de_DE\" \/>\n<meta property=\"og:type\" content=\"article\" \/>\n<meta property=\"og:title\" content=\"COMPRAR HEAD EXTREME MOTION LTD - PAULA JOSEMAR\u00cdA\" \/>\n<meta property=\"og:description\" content=\"La pala EXTREME MOTION LTD PAULA JOSEMAR\u00cdA de edici\u00f3n limitada apuesta por un dise\u00f1o exclusivo y elegante, con detalles \u00fanicos, para &#039;Paulita Dinamita&#039;, n\u00famero 1 del mundo.\" \/>\n<meta property=\"og:url\" content=\"https:\/\/revolutionpadelstore.com\/de\/produkt\/head-extreme-motion-ltd-paula-josemaria-1\/\" \/>\n<meta property=\"og:site_name\" content=\"Revolution Padel Store\" \/>\n<meta property=\"article:modified_time\" content=\"2026-04-12T00:01:53+00:00\" \/>\n<meta property=\"og:image\" content=\"https:\/\/revolutionpadelstore.com\/wp-content\/uploads\/2024\/06\/496.png\" \/>\n\t<meta property=\"og:image:width\" content=\"1500\" \/>\n\t<meta property=\"og:image:height\" content=\"1500\" \/>\n\t<meta property=\"og:image:type\" content=\"image\/png\" \/>\n<meta name=\"twitter:card\" content=\"summary_large_image\" \/>\n<meta name=\"twitter:label1\" content=\"Gesch\u00e4tzte Lesezeit\" \/>\n\t<meta name=\"twitter:data1\" content=\"3\u00a0Minuten\" \/>\n<script type=\"application\/ld+json\" class=\"yoast-schema-graph\">{\"@context\":\"https:\\\/\\\/schema.org\",\"@graph\":[{\"@type\":\"WebPage\",\"@id\":\"https:\\\/\\\/revolutionpadelstore.com\\\/de\\\/produkt\\\/head-extreme-motion-ltd-paula-josemaria-1\\\/\",\"url\":\"https:\\\/\\\/revolutionpadelstore.com\\\/de\\\/produkt\\\/head-extreme-motion-ltd-paula-josemaria-1\\\/\",\"name\":\"HEAD EXTREME MOTION LTD \u2013 PAULA JOSEMAR\u00cdA - Revolution Padel Store\",\"isPartOf\":{\"@id\":\"https:\\\/\\\/revolutionpadelstore.com\\\/de\\\/#website\"},\"primaryImageOfPage\":{\"@id\":\"https:\\\/\\\/revolutionpadelstore.com\\\/de\\\/produkt\\\/head-extreme-motion-ltd-paula-josemaria-1\\\/#primaryimage\"},\"image\":{\"@id\":\"https:\\\/\\\/revolutionpadelstore.com\\\/de\\\/produkt\\\/head-extreme-motion-ltd-paula-josemaria-1\\\/#primaryimage\"},\"thumbnailUrl\":\"https:\\\/\\\/revolutionpadelstore.com\\\/wp-content\\\/uploads\\\/2024\\\/06\\\/496.png\",\"datePublished\":\"2024-06-17T21:43:03+00:00\",\"dateModified\":\"2026-04-12T00:01:53+00:00\",\"description\":\"La pala EXTREME MOTION LTD PAULA JOSEMAR\u00cdA de edici\u00f3n limitada apuesta por un dise\u00f1o exclusivo y elegante, con detalles \u00fanicos, para 'Paulita Dinamita', n\u00famero 1 del mundo.\",\"breadcrumb\":{\"@id\":\"https:\\\/\\\/revolutionpadelstore.com\\\/de\\\/produkt\\\/head-extreme-motion-ltd-paula-josemaria-1\\\/#breadcrumb\"},\"inLanguage\":\"de\",\"potentialAction\":[{\"@type\":\"ReadAction\",\"target\":[\"https:\\\/\\\/revolutionpadelstore.com\\\/de\\\/produkt\\\/head-extreme-motion-ltd-paula-josemaria-1\\\/\"]}]},{\"@type\":\"ImageObject\",\"inLanguage\":\"de\",\"@id\":\"https:\\\/\\\/revolutionpadelstore.com\\\/de\\\/produkt\\\/head-extreme-motion-ltd-paula-josemaria-1\\\/#primaryimage\",\"url\":\"https:\\\/\\\/revolutionpadelstore.com\\\/wp-content\\\/uploads\\\/2024\\\/06\\\/496.png\",\"contentUrl\":\"https:\\\/\\\/revolutionpadelstore.com\\\/wp-content\\\/uploads\\\/2024\\\/06\\\/496.png\",\"width\":1500,\"height\":1500},{\"@type\":\"BreadcrumbList\",\"@id\":\"https:\\\/\\\/revolutionpadelstore.com\\\/de\\\/produkt\\\/head-extreme-motion-ltd-paula-josemaria-1\\\/#breadcrumb\",\"itemListElement\":[{\"@type\":\"ListItem\",\"position\":1,\"name\":\"Portada\",\"item\":\"https:\\\/\\\/revolutionpadelstore.com\\\/de\\\/\"},{\"@type\":\"ListItem\",\"position\":2,\"name\":\"Shop\",\"item\":\"https:\\\/\\\/revolutionpadelstore.com\\\/de\\\/tienda\\\/\"},{\"@type\":\"ListItem\",\"position\":3,\"name\":\"HEAD EXTREME MOTION LTD \u2013 PAULA JOSEMAR\u00cdA\"}]},{\"@type\":\"WebSite\",\"@id\":\"https:\\\/\\\/revolutionpadelstore.com\\\/de\\\/#website\",\"url\":\"https:\\\/\\\/revolutionpadelstore.com\\\/de\\\/\",\"name\":\"Revolution Padel Store\",\"description\":\"\",\"publisher\":{\"@id\":\"https:\\\/\\\/revolutionpadelstore.com\\\/de\\\/#organization\"},\"potentialAction\":[{\"@type\":\"SearchAction\",\"target\":{\"@type\":\"EntryPoint\",\"urlTemplate\":\"https:\\\/\\\/revolutionpadelstore.com\\\/de\\\/?s={search_term_string}\"},\"query-input\":{\"@type\":\"PropertyValueSpecification\",\"valueRequired\":true,\"valueName\":\"search_term_string\"}}],\"inLanguage\":\"de\"},{\"@type\":\"Organization\",\"@id\":\"https:\\\/\\\/revolutionpadelstore.com\\\/de\\\/#organization\",\"name\":\"Revolution Padel Store\",\"url\":\"https:\\\/\\\/revolutionpadelstore.com\\\/de\\\/\",\"logo\":{\"@type\":\"ImageObject\",\"inLanguage\":\"de\",\"@id\":\"https:\\\/\\\/revolutionpadelstore.com\\\/de\\\/#\\\/schema\\\/logo\\\/image\\\/\",\"url\":\"https:\\\/\\\/revolutionpadelstore.com\\\/wp-content\\\/uploads\\\/2026\\\/02\\\/revolution-padel-store.jpg\",\"contentUrl\":\"https:\\\/\\\/revolutionpadelstore.com\\\/wp-content\\\/uploads\\\/2026\\\/02\\\/revolution-padel-store.jpg\",\"width\":2000,\"height\":2000,\"caption\":\"Revolution Padel Store\"},\"image\":{\"@id\":\"https:\\\/\\\/revolutionpadelstore.com\\\/de\\\/#\\\/schema\\\/logo\\\/image\\\/\"},\"sameAs\":[\"https:\\\/\\\/www.instagram.com\\\/revolutionpadelstore\\\/\"]}]}<\/script>\n<!-- \/ Yoast SEO plugin. -->","yoast_head_json":{"title":"HEAD EXTREME MOTION LTD \u2013 PAULA JOSEMAR\u00cdA - Revolution Padel Store","description":"La pala EXTREME MOTION LTD PAULA JOSEMAR\u00cdA de edici\u00f3n limitada apuesta por un dise\u00f1o exclusivo y elegante, con detalles \u00fanicos, para 'Paulita Dinamita', n\u00famero 1 del mundo.","robots":{"index":"index","follow":"follow","max-snippet":"max-snippet:-1","max-image-preview":"max-image-preview:large","max-video-preview":"max-video-preview:-1"},"canonical":"https:\/\/revolutionpadelstore.com\/de\/produkt\/head-extreme-motion-ltd-paula-josemaria-1\/","og_locale":"de_DE","og_type":"article","og_title":"COMPRAR HEAD EXTREME MOTION LTD - PAULA JOSEMAR\u00cdA","og_description":"La pala EXTREME MOTION LTD PAULA JOSEMAR\u00cdA de edici\u00f3n limitada apuesta por un dise\u00f1o exclusivo y elegante, con detalles \u00fanicos, para 'Paulita Dinamita', n\u00famero 1 del mundo.","og_url":"https:\/\/revolutionpadelstore.com\/de\/produkt\/head-extreme-motion-ltd-paula-josemaria-1\/","og_site_name":"Revolution Padel Store","article_modified_time":"2026-04-12T00:01:53+00:00","og_image":[{"width":1500,"height":1500,"url":"https:\/\/revolutionpadelstore.com\/wp-content\/uploads\/2024\/06\/496.png","type":"image\/png"}],"twitter_card":"summary_large_image","twitter_misc":{"Gesch\u00e4tzte Lesezeit":"3\u00a0Minuten"},"schema":{"@context":"https:\/\/schema.org","@graph":[{"@type":"WebPage","@id":"https:\/\/revolutionpadelstore.com\/de\/produkt\/head-extreme-motion-ltd-paula-josemaria-1\/","url":"https:\/\/revolutionpadelstore.com\/de\/produkt\/head-extreme-motion-ltd-paula-josemaria-1\/","name":"HEAD EXTREME MOTION LTD \u2013 PAULA JOSEMAR\u00cdA - Revolution Padel Store","isPartOf":{"@id":"https:\/\/revolutionpadelstore.com\/de\/#website"},"primaryImageOfPage":{"@id":"https:\/\/revolutionpadelstore.com\/de\/produkt\/head-extreme-motion-ltd-paula-josemaria-1\/#primaryimage"},"image":{"@id":"https:\/\/revolutionpadelstore.com\/de\/produkt\/head-extreme-motion-ltd-paula-josemaria-1\/#primaryimage"},"thumbnailUrl":"https:\/\/revolutionpadelstore.com\/wp-content\/uploads\/2024\/06\/496.png","datePublished":"2024-06-17T21:43:03+00:00","dateModified":"2026-04-12T00:01:53+00:00","description":"La pala EXTREME MOTION LTD PAULA JOSEMAR\u00cdA de edici\u00f3n limitada apuesta por un dise\u00f1o exclusivo y elegante, con detalles \u00fanicos, para 'Paulita Dinamita', n\u00famero 1 del mundo.","breadcrumb":{"@id":"https:\/\/revolutionpadelstore.com\/de\/produkt\/head-extreme-motion-ltd-paula-josemaria-1\/#breadcrumb"},"inLanguage":"de","potentialAction":[{"@type":"ReadAction","target":["https:\/\/revolutionpadelstore.com\/de\/produkt\/head-extreme-motion-ltd-paula-josemaria-1\/"]}]},{"@type":"ImageObject","inLanguage":"de","@id":"https:\/\/revolutionpadelstore.com\/de\/produkt\/head-extreme-motion-ltd-paula-josemaria-1\/#primaryimage","url":"https:\/\/revolutionpadelstore.com\/wp-content\/uploads\/2024\/06\/496.png","contentUrl":"https:\/\/revolutionpadelstore.com\/wp-content\/uploads\/2024\/06\/496.png","width":1500,"height":1500},{"@type":"BreadcrumbList","@id":"https:\/\/revolutionpadelstore.com\/de\/produkt\/head-extreme-motion-ltd-paula-josemaria-1\/#breadcrumb","itemListElement":[{"@type":"ListItem","position":1,"name":"Portada","item":"https:\/\/revolutionpadelstore.com\/de\/"},{"@type":"ListItem","position":2,"name":"Shop","item":"https:\/\/revolutionpadelstore.com\/de\/tienda\/"},{"@type":"ListItem","position":3,"name":"HEAD EXTREME MOTION LTD \u2013 PAULA JOSEMAR\u00cdA"}]},{"@type":"WebSite","@id":"https:\/\/revolutionpadelstore.com\/de\/#website","url":"https:\/\/revolutionpadelstore.com\/de\/","name":"Revolution Padel Store","description":"","publisher":{"@id":"https:\/\/revolutionpadelstore.com\/de\/#organization"},"potentialAction":[{"@type":"SearchAction","target":{"@type":"EntryPoint","urlTemplate":"https:\/\/revolutionpadelstore.com\/de\/?s={search_term_string}"},"query-input":{"@type":"PropertyValueSpecification","valueRequired":true,"valueName":"search_term_string"}}],"inLanguage":"de"},{"@type":"Organization","@id":"https:\/\/revolutionpadelstore.com\/de\/#organization","name":"Revolution Padel Store","url":"https:\/\/revolutionpadelstore.com\/de\/","logo":{"@type":"ImageObject","inLanguage":"de","@id":"https:\/\/revolutionpadelstore.com\/de\/#\/schema\/logo\/image\/","url":"https:\/\/revolutionpadelstore.com\/wp-content\/uploads\/2026\/02\/revolution-padel-store.jpg","contentUrl":"https:\/\/revolutionpadelstore.com\/wp-content\/uploads\/2026\/02\/revolution-padel-store.jpg","width":2000,"height":2000,"caption":"Revolution Padel Store"},"image":{"@id":"https:\/\/revolutionpadelstore.com\/de\/#\/schema\/logo\/image\/"},"sameAs":["https:\/\/www.instagram.com\/revolutionpadelstore\/"]}]}},"_links":{"self":[{"href":"https:\/\/revolutionpadelstore.com\/de\/wp-json\/wp\/v2\/product\/11142","targetHints":{"allow":["GET"]}}],"collection":[{"href":"https:\/\/revolutionpadelstore.com\/de\/wp-json\/wp\/v2\/product"}],"about":[{"href":"https:\/\/revolutionpadelstore.com\/de\/wp-json\/wp\/v2\/types\/product"}],"replies":[{"embeddable":true,"href":"https:\/\/revolutionpadelstore.com\/de\/wp-json\/wp\/v2\/comments?post=11142"}],"wp:featuredmedia":[{"embeddable":true,"href":"https:\/\/revolutionpadelstore.com\/de\/wp-json\/wp\/v2\/media\/293080"}],"wp:attachment":[{"href":"https:\/\/revolutionpadelstore.com\/de\/wp-json\/wp\/v2\/media?parent=11142"}],"wp:term":[{"taxonomy":"acabado","embeddable":true,"href":"https:\/\/revolutionpadelstore.com\/de\/wp-json\/wp\/v2\/acabado?post=11142"},{"taxonomy":"balance","embeddable":true,"href":"https:\/\/revolutionpadelstore.com\/de\/wp-json\/wp\/v2\/balance?post=11142"},{"taxonomy":"dureza","embeddable":true,"href":"https:\/\/revolutionpadelstore.com\/de\/wp-json\/wp\/v2\/dureza?post=11142"},{"taxonomy":"forma","embeddable":true,"href":"https:\/\/revolutionpadelstore.com\/de\/wp-json\/wp\/v2\/forma?post=11142"},{"taxonomy":"jugador","embeddable":true,"href":"https:\/\/revolutionpadelstore.com\/de\/wp-json\/wp\/v2\/jugador?post=11142"},{"taxonomy":"marca","embeddable":true,"href":"https:\/\/revolutionpadelstore.com\/de\/wp-json\/wp\/v2\/marca?post=11142"},{"taxonomy":"nivel-de-juego","embeddable":true,"href":"https:\/\/revolutionpadelstore.com\/de\/wp-json\/wp\/v2\/nivel-de-juego?post=11142"},{"taxonomy":"superficie","embeddable":true,"href":"https:\/\/revolutionpadelstore.com\/de\/wp-json\/wp\/v2\/superficie?post=11142"},{"taxonomy":"tipo-de-juego","embeddable":true,"href":"https:\/\/revolutionpadelstore.com\/de\/wp-json\/wp\/v2\/tipo-de-juego?post=11142"},{"taxonomy":"product_brand","embeddable":true,"href":"https:\/\/revolutionpadelstore.com\/de\/wp-json\/wp\/v2\/product_brand?post=11142"},{"taxonomy":"product_cat","embeddable":true,"href":"https:\/\/revolutionpadelstore.com\/de\/wp-json\/wp\/v2\/product_cat?post=11142"},{"taxonomy":"product_tag","embeddable":true,"href":"https:\/\/revolutionpadelstore.com\/de\/wp-json\/wp\/v2\/product_tag?post=11142"}],"curies":[{"name":"wp","href":"https:\/\/api.w.org\/{rel}","templated":true}]}}