{"id":11117,"date":"2024-06-18T00:00:24","date_gmt":"2024-06-17T22:00:24","guid":{"rendered":"https:\/\/revolutionpadelstore.com\/head-extreme-pro-ltd-arturo-coello\/"},"modified":"2026-04-08T11:18:13","modified_gmt":"2026-04-08T09:18:13","slug":"head-extreme-pro-ltd-arturo-coello","status":"publish","type":"product","link":"https:\/\/revolutionpadelstore.com\/de\/produkt\/head-extreme-pro-ltd-arturo-coello\/","title":{"rendered":"HEAD EXTREME PRO LTD \u2013 ARTURO COELLO"},"content":{"rendered":"<p>Der EXTREME PRO LTD ARTURO COELLO-Schl\u00e4ger basiert in seiner limitierten Auflage auf dem Extreme Pro-Modell mit den gleichen Funktionen und Technologien und weist ein exklusives Design auf, das von Arturo Coello ausgew\u00e4hlt wurde und seine elegante und exklusive \u00c4sthetik unterstreicht. F\u00fcr ein wirklich erstklassiges Bild und Aussehen enth\u00e4lt das Design Arturos Signatur. Dieser rautenf\u00f6rmige Schl\u00e4ger kombiniert ein einzigartiges Design mit extremer Leistung und ist somit perfekt f\u00fcr erfahrene und professionelle Spieler.<\/p>\n<p>\u00b7 Limitierte Auflage, mitgestaltet von der Nummer 1 der Welt, Arturo Coello<br \/>\n\u00b7 Elegante und exklusive Farben, ausgew\u00e4hlt von Arturo<br \/>\n\u00b7 Design mit Arturos Unterschrift<br \/>\n\u00b7 Gemacht f\u00fcr erfahrene Spieler und Profis, die Leistung suchen<br \/>\n\u00b7 Rautenf\u00f6rmige Form<br \/>\n\u00b7 Basiert auf dem Extreme Pro-Modell mit denselben Spezifikationen und Technologien<br \/>\n\u00b7 Enth\u00e4lt erstmals das Pro Spin Strips-Zubeh\u00f6r, neue Klebestreifen mit rauer Oberfl\u00e4che, um mehr Ballgriff und Spin zu erzeugen<\/p>\n<p>TECHNOLOGIEN<\/p>\n<p>Auxetische Konstruktionen weisen im Vergleich zu nicht-auxetischen Konstruktionen eine einzigartige Verformung auf. Auxetische Konstruktionen weiten sich, wenn eine Zugkraft ausge\u00fcbt wird, und ziehen sich zusammen, wenn sie zusammengedr\u00fcckt werden. Je gr\u00f6\u00dfer die ausge\u00fcbte Kraft ist, desto gr\u00f6\u00dfer ist die auxetische Reaktion.<\/p>\n<p>Der POWER FOAM-Gummi wurde entwickelt, um maximale Kraft und St\u00e4rke zu erreichen und Angriffsschl\u00e4ge wie Smash, X3 oder X4 zu verbessern.<\/p>\n<p>EXTREME SPIN ist eine grobe 3D-Aufklebertechnologie, die Spin und Griffigkeit am Ball maximiert.<\/p>\n<p>Die OPTIMIZED SWEET SPOT-Technologie passt das Lochmuster an jede Klinge an, um den Sweet Spot-Bereich zu erweitern.<\/p>\n<p>Die SMART BRIDGE-Technologie besteht aus der individuellen Konstruktion des in der Form enthaltenen Br\u00fcckenbereichs, der sich je nach Spielbarkeit an die Eigenschaften jedes Schl\u00e4gers anpasst.<\/p>\n<p>Da er kein Rohr hat, wird der Schl\u00e4gerrahmen sorgf\u00e4ltig entworfen und f\u00fcr jeden Schl\u00e4ger individuell angefertigt, um eine optimale Leistung zu erzielen, sodass die Leistung jedes Schl\u00e4gers maximiert werden kann.<\/p>\n<p>Die neue Kappe besteht aus weichem Material, das einen angenehmen und weichen Griff bietet. Mit einer orangefarbenen Oberfl\u00e4che dient es der Vibrations- und Druckreduzierung und beugt so Verletzungen und Blasen an den H\u00e4nden vor.<\/p>\n<p>ANTI SHOCK SKIN PADEL. Transparenter Schutz, der die Haltbarkeit des Schl\u00e4gers erh\u00f6ht und ihn vor St\u00f6\u00dfen und Kratzern sch\u00fctzt. Au\u00dferdem kann es leicht ausgetauscht werden, was die Lebensdauer maximiert.<\/p>\n<p>Graphen st\u00e4rkt den Rahmen, sorgt f\u00fcr mehr Stabilit\u00e4t und optimiert die Ballausgabe.<\/p>\n<div id=\"maincontent\" class=\"page-main\">\n<div class=\"columns\">\n<div class=\"product-view\">\n<div class=\"product-info-cms\">\n<div class=\"product-info-tabs\">\n<div id=\"product-tabs\" class=\"product data items\" role=\"tablist\">\n<h3 role=\"tab\" data-role=\"collapsible\" data-collapsible=\"true\" aria-controls=\"tab-delivery-and-returns\" aria-expanded=\"false\"><\/h3>\n<\/div>\n<\/div>\n<\/div>\n<\/div>\n<div id=\"custom-popup-redirect-propose\" data-bind=\"scope: 'geoipCountryRedirect'\"><\/div>\n<div class=\"emarsys-snippets\"><\/div>\n<\/div>\n<\/div>\n<footer class=\"page-footer\">\n<div class=\"footer content\">\n<div id=\"footer-newsletter\" class=\"background-image-6670afd968dc3\" data-content-type=\"row\" data-appearance=\"full-width\" data-enable-parallax=\"0\" data-parallax-speed=\"0.5\" data-background-type=\"image\" data-video-loop=\"\u201etrue\u201c\" data-video-play-only-visible=\"true\" data-video-lazy-load=\"true\" data-video-fallback-src=\"\" data-gtm-label=\"\" data-element=\" main\">\n<div class=\"row-full-width-inner\" data-element=\"inner\"><\/div>\n<\/div>\n<\/div>\n<\/footer>\n<h3 role=\"tab\" data-role=\"collapsible\" data-collapsible=\"true\" aria-controls=\"tab-delivery-and-returns\" aria-expanded=\"false\"><\/h3>\n","protected":false},"excerpt":{"rendered":"<p>Der limitierte EXTREME PRO LTD ARTURO COELLO-Schl\u00e4ger ist einem exklusiven und eleganten Design f\u00fcr den Nummer-1-Spieler der Welt, Arturo Coello, verpflichtet.<\/p>\n","protected":false},"featured_media":11118,"comment_status":"open","ping_status":"closed","template":"","meta":{"_acf_changed":false,"_joinchat":[]},"acabado":[1089],"balance":[1134],"dureza":[1159],"forma":[1169],"jugador":[1189,1199],"marca":[1219],"nivel-de-juego":[1334],"superficie":[1359],"tipo-de-juego":[1374],"product_brand":[],"product_cat":[299],"product_tag":[],"class_list":{"0":"post-11117","1":"product","2":"type-product","3":"status-publish","4":"has-post-thumbnail","6":"acabado-3d-entlasten","7":"balance-hoch","8":"dureza-dura-de","9":"forma-diamante-de","10":"jugador-mann","11":"jugador-mehrzweck","12":"marca-kopf","13":"superficie-rugosa-de","14":"tipo-de-juego-leistung","15":"product_cat-palas-de-padel-de","17":"first","18":"instock","19":"sale","20":"taxable","21":"shipping-taxable","22":"purchasable","23":"product-type-simple"},"acf":[],"yoast_head":"<!-- This site is optimized with the Yoast SEO plugin v27.4 - https:\/\/yoast.com\/product\/yoast-seo-wordpress\/ -->\n<title>HEAD EXTREME PRO LTD \u2013 ARTURO COELLO - Revolution Padel Store<\/title>\n<meta name=\"description\" content=\"Basada en el modelo Extreme Pro, con las mismas prestaciones y tecnolog\u00edas, la pala EXTREME PRO LTD ARTURO COELLO en su edici\u00f3n limitada luce un dise\u00f1o exclusivo elegido por Arturo Coello, lo que realza su est\u00e9tica elegante y exclusiva. Para una imagen y un look realmente pr\u00e9mium, el dise\u00f1o incluye la firma de Arturo. Esta pala en forma de diamante combina un dise\u00f1o \u00fanico con una potencia extrema, por lo que es perfecta para jugadores expertos y profesionales.\" \/>\n<meta name=\"robots\" content=\"index, follow, max-snippet:-1, max-image-preview:large, max-video-preview:-1\" \/>\n<link rel=\"canonical\" href=\"https:\/\/revolutionpadelstore.com\/de\/produkt\/head-extreme-pro-ltd-arturo-coello\/\" \/>\n<meta property=\"og:locale\" content=\"de_DE\" \/>\n<meta property=\"og:type\" content=\"article\" \/>\n<meta property=\"og:title\" content=\"COMPRAR HEAD EXTREME PRO LTD - ARTURO COELLO\" \/>\n<meta property=\"og:description\" content=\"Basada en el modelo Extreme Pro, con las mismas prestaciones y tecnolog\u00edas, la pala EXTREME PRO LTD ARTURO COELLO en su edici\u00f3n limitada luce un dise\u00f1o exclusivo elegido por Arturo Coello, lo que realza su est\u00e9tica elegante y exclusiva. Para una imagen y un look realmente pr\u00e9mium, el dise\u00f1o incluye la firma de Arturo. Esta pala en forma de diamante combina un dise\u00f1o \u00fanico con una potencia extrema, por lo que es perfecta para jugadores expertos y profesionales.\" \/>\n<meta property=\"og:url\" content=\"https:\/\/revolutionpadelstore.com\/de\/produkt\/head-extreme-pro-ltd-arturo-coello\/\" \/>\n<meta property=\"og:site_name\" content=\"Revolution Padel Store\" \/>\n<meta property=\"article:modified_time\" content=\"2026-04-08T09:18:13+00:00\" \/>\n<meta property=\"og:image\" content=\"https:\/\/revolutionpadelstore.com\/wp-content\/uploads\/2024\/06\/extreme-pro-ltd.jpg\" \/>\n\t<meta property=\"og:image:width\" content=\"768\" \/>\n\t<meta property=\"og:image:height\" content=\"768\" \/>\n\t<meta property=\"og:image:type\" content=\"image\/jpeg\" \/>\n<meta name=\"twitter:card\" content=\"summary_large_image\" \/>\n<meta name=\"twitter:label1\" content=\"Gesch\u00e4tzte Lesezeit\" \/>\n\t<meta name=\"twitter:data1\" content=\"3\u00a0Minuten\" \/>\n<script type=\"application\/ld+json\" class=\"yoast-schema-graph\">{\"@context\":\"https:\\\/\\\/schema.org\",\"@graph\":[{\"@type\":\"WebPage\",\"@id\":\"https:\\\/\\\/revolutionpadelstore.com\\\/de\\\/produkt\\\/head-extreme-pro-ltd-arturo-coello\\\/\",\"url\":\"https:\\\/\\\/revolutionpadelstore.com\\\/de\\\/produkt\\\/head-extreme-pro-ltd-arturo-coello\\\/\",\"name\":\"HEAD EXTREME PRO LTD \u2013 ARTURO COELLO - Revolution Padel Store\",\"isPartOf\":{\"@id\":\"https:\\\/\\\/revolutionpadelstore.com\\\/de\\\/#website\"},\"primaryImageOfPage\":{\"@id\":\"https:\\\/\\\/revolutionpadelstore.com\\\/de\\\/produkt\\\/head-extreme-pro-ltd-arturo-coello\\\/#primaryimage\"},\"image\":{\"@id\":\"https:\\\/\\\/revolutionpadelstore.com\\\/de\\\/produkt\\\/head-extreme-pro-ltd-arturo-coello\\\/#primaryimage\"},\"thumbnailUrl\":\"https:\\\/\\\/revolutionpadelstore.com\\\/wp-content\\\/uploads\\\/2024\\\/06\\\/extreme-pro-ltd.jpg\",\"datePublished\":\"2024-06-17T22:00:24+00:00\",\"dateModified\":\"2026-04-08T09:18:13+00:00\",\"description\":\"Basada en el modelo Extreme Pro, con las mismas prestaciones y tecnolog\u00edas, la pala EXTREME PRO LTD ARTURO COELLO en su edici\u00f3n limitada luce un dise\u00f1o exclusivo elegido por Arturo Coello, lo que realza su est\u00e9tica elegante y exclusiva. Para una imagen y un look realmente pr\u00e9mium, el dise\u00f1o incluye la firma de Arturo. Esta pala en forma de diamante combina un dise\u00f1o \u00fanico con una potencia extrema, por lo que es perfecta para jugadores expertos y profesionales.\",\"breadcrumb\":{\"@id\":\"https:\\\/\\\/revolutionpadelstore.com\\\/de\\\/produkt\\\/head-extreme-pro-ltd-arturo-coello\\\/#breadcrumb\"},\"inLanguage\":\"de\",\"potentialAction\":[{\"@type\":\"ReadAction\",\"target\":[\"https:\\\/\\\/revolutionpadelstore.com\\\/de\\\/produkt\\\/head-extreme-pro-ltd-arturo-coello\\\/\"]}]},{\"@type\":\"ImageObject\",\"inLanguage\":\"de\",\"@id\":\"https:\\\/\\\/revolutionpadelstore.com\\\/de\\\/produkt\\\/head-extreme-pro-ltd-arturo-coello\\\/#primaryimage\",\"url\":\"https:\\\/\\\/revolutionpadelstore.com\\\/wp-content\\\/uploads\\\/2024\\\/06\\\/extreme-pro-ltd.jpg\",\"contentUrl\":\"https:\\\/\\\/revolutionpadelstore.com\\\/wp-content\\\/uploads\\\/2024\\\/06\\\/extreme-pro-ltd.jpg\",\"width\":768,\"height\":768},{\"@type\":\"BreadcrumbList\",\"@id\":\"https:\\\/\\\/revolutionpadelstore.com\\\/de\\\/produkt\\\/head-extreme-pro-ltd-arturo-coello\\\/#breadcrumb\",\"itemListElement\":[{\"@type\":\"ListItem\",\"position\":1,\"name\":\"Portada\",\"item\":\"https:\\\/\\\/revolutionpadelstore.com\\\/de\\\/\"},{\"@type\":\"ListItem\",\"position\":2,\"name\":\"Shop\",\"item\":\"https:\\\/\\\/revolutionpadelstore.com\\\/de\\\/tienda\\\/\"},{\"@type\":\"ListItem\",\"position\":3,\"name\":\"HEAD EXTREME PRO LTD \u2013 ARTURO COELLO\"}]},{\"@type\":\"WebSite\",\"@id\":\"https:\\\/\\\/revolutionpadelstore.com\\\/de\\\/#website\",\"url\":\"https:\\\/\\\/revolutionpadelstore.com\\\/de\\\/\",\"name\":\"Revolution Padel Store\",\"description\":\"\",\"publisher\":{\"@id\":\"https:\\\/\\\/revolutionpadelstore.com\\\/de\\\/#organization\"},\"potentialAction\":[{\"@type\":\"SearchAction\",\"target\":{\"@type\":\"EntryPoint\",\"urlTemplate\":\"https:\\\/\\\/revolutionpadelstore.com\\\/de\\\/?s={search_term_string}\"},\"query-input\":{\"@type\":\"PropertyValueSpecification\",\"valueRequired\":true,\"valueName\":\"search_term_string\"}}],\"inLanguage\":\"de\"},{\"@type\":\"Organization\",\"@id\":\"https:\\\/\\\/revolutionpadelstore.com\\\/de\\\/#organization\",\"name\":\"Revolution Padel Store\",\"url\":\"https:\\\/\\\/revolutionpadelstore.com\\\/de\\\/\",\"logo\":{\"@type\":\"ImageObject\",\"inLanguage\":\"de\",\"@id\":\"https:\\\/\\\/revolutionpadelstore.com\\\/de\\\/#\\\/schema\\\/logo\\\/image\\\/\",\"url\":\"https:\\\/\\\/revolutionpadelstore.com\\\/wp-content\\\/uploads\\\/2026\\\/02\\\/revolution-padel-store.jpg\",\"contentUrl\":\"https:\\\/\\\/revolutionpadelstore.com\\\/wp-content\\\/uploads\\\/2026\\\/02\\\/revolution-padel-store.jpg\",\"width\":2000,\"height\":2000,\"caption\":\"Revolution Padel Store\"},\"image\":{\"@id\":\"https:\\\/\\\/revolutionpadelstore.com\\\/de\\\/#\\\/schema\\\/logo\\\/image\\\/\"},\"sameAs\":[\"https:\\\/\\\/www.instagram.com\\\/revolutionpadelstore\\\/\"]}]}<\/script>\n<!-- \/ Yoast SEO plugin. -->","yoast_head_json":{"title":"HEAD EXTREME PRO LTD \u2013 ARTURO COELLO - Revolution Padel Store","description":"Basada en el modelo Extreme Pro, con las mismas prestaciones y tecnolog\u00edas, la pala EXTREME PRO LTD ARTURO COELLO en su edici\u00f3n limitada luce un dise\u00f1o exclusivo elegido por Arturo Coello, lo que realza su est\u00e9tica elegante y exclusiva. Para una imagen y un look realmente pr\u00e9mium, el dise\u00f1o incluye la firma de Arturo. Esta pala en forma de diamante combina un dise\u00f1o \u00fanico con una potencia extrema, por lo que es perfecta para jugadores expertos y profesionales.","robots":{"index":"index","follow":"follow","max-snippet":"max-snippet:-1","max-image-preview":"max-image-preview:large","max-video-preview":"max-video-preview:-1"},"canonical":"https:\/\/revolutionpadelstore.com\/de\/produkt\/head-extreme-pro-ltd-arturo-coello\/","og_locale":"de_DE","og_type":"article","og_title":"COMPRAR HEAD EXTREME PRO LTD - ARTURO COELLO","og_description":"Basada en el modelo Extreme Pro, con las mismas prestaciones y tecnolog\u00edas, la pala EXTREME PRO LTD ARTURO COELLO en su edici\u00f3n limitada luce un dise\u00f1o exclusivo elegido por Arturo Coello, lo que realza su est\u00e9tica elegante y exclusiva. Para una imagen y un look realmente pr\u00e9mium, el dise\u00f1o incluye la firma de Arturo. Esta pala en forma de diamante combina un dise\u00f1o \u00fanico con una potencia extrema, por lo que es perfecta para jugadores expertos y profesionales.","og_url":"https:\/\/revolutionpadelstore.com\/de\/produkt\/head-extreme-pro-ltd-arturo-coello\/","og_site_name":"Revolution Padel Store","article_modified_time":"2026-04-08T09:18:13+00:00","og_image":[{"width":768,"height":768,"url":"https:\/\/revolutionpadelstore.com\/wp-content\/uploads\/2024\/06\/extreme-pro-ltd.jpg","type":"image\/jpeg"}],"twitter_card":"summary_large_image","twitter_misc":{"Gesch\u00e4tzte Lesezeit":"3\u00a0Minuten"},"schema":{"@context":"https:\/\/schema.org","@graph":[{"@type":"WebPage","@id":"https:\/\/revolutionpadelstore.com\/de\/produkt\/head-extreme-pro-ltd-arturo-coello\/","url":"https:\/\/revolutionpadelstore.com\/de\/produkt\/head-extreme-pro-ltd-arturo-coello\/","name":"HEAD EXTREME PRO LTD \u2013 ARTURO COELLO - Revolution Padel Store","isPartOf":{"@id":"https:\/\/revolutionpadelstore.com\/de\/#website"},"primaryImageOfPage":{"@id":"https:\/\/revolutionpadelstore.com\/de\/produkt\/head-extreme-pro-ltd-arturo-coello\/#primaryimage"},"image":{"@id":"https:\/\/revolutionpadelstore.com\/de\/produkt\/head-extreme-pro-ltd-arturo-coello\/#primaryimage"},"thumbnailUrl":"https:\/\/revolutionpadelstore.com\/wp-content\/uploads\/2024\/06\/extreme-pro-ltd.jpg","datePublished":"2024-06-17T22:00:24+00:00","dateModified":"2026-04-08T09:18:13+00:00","description":"Basada en el modelo Extreme Pro, con las mismas prestaciones y tecnolog\u00edas, la pala EXTREME PRO LTD ARTURO COELLO en su edici\u00f3n limitada luce un dise\u00f1o exclusivo elegido por Arturo Coello, lo que realza su est\u00e9tica elegante y exclusiva. Para una imagen y un look realmente pr\u00e9mium, el dise\u00f1o incluye la firma de Arturo. Esta pala en forma de diamante combina un dise\u00f1o \u00fanico con una potencia extrema, por lo que es perfecta para jugadores expertos y profesionales.","breadcrumb":{"@id":"https:\/\/revolutionpadelstore.com\/de\/produkt\/head-extreme-pro-ltd-arturo-coello\/#breadcrumb"},"inLanguage":"de","potentialAction":[{"@type":"ReadAction","target":["https:\/\/revolutionpadelstore.com\/de\/produkt\/head-extreme-pro-ltd-arturo-coello\/"]}]},{"@type":"ImageObject","inLanguage":"de","@id":"https:\/\/revolutionpadelstore.com\/de\/produkt\/head-extreme-pro-ltd-arturo-coello\/#primaryimage","url":"https:\/\/revolutionpadelstore.com\/wp-content\/uploads\/2024\/06\/extreme-pro-ltd.jpg","contentUrl":"https:\/\/revolutionpadelstore.com\/wp-content\/uploads\/2024\/06\/extreme-pro-ltd.jpg","width":768,"height":768},{"@type":"BreadcrumbList","@id":"https:\/\/revolutionpadelstore.com\/de\/produkt\/head-extreme-pro-ltd-arturo-coello\/#breadcrumb","itemListElement":[{"@type":"ListItem","position":1,"name":"Portada","item":"https:\/\/revolutionpadelstore.com\/de\/"},{"@type":"ListItem","position":2,"name":"Shop","item":"https:\/\/revolutionpadelstore.com\/de\/tienda\/"},{"@type":"ListItem","position":3,"name":"HEAD EXTREME PRO LTD \u2013 ARTURO COELLO"}]},{"@type":"WebSite","@id":"https:\/\/revolutionpadelstore.com\/de\/#website","url":"https:\/\/revolutionpadelstore.com\/de\/","name":"Revolution Padel Store","description":"","publisher":{"@id":"https:\/\/revolutionpadelstore.com\/de\/#organization"},"potentialAction":[{"@type":"SearchAction","target":{"@type":"EntryPoint","urlTemplate":"https:\/\/revolutionpadelstore.com\/de\/?s={search_term_string}"},"query-input":{"@type":"PropertyValueSpecification","valueRequired":true,"valueName":"search_term_string"}}],"inLanguage":"de"},{"@type":"Organization","@id":"https:\/\/revolutionpadelstore.com\/de\/#organization","name":"Revolution Padel Store","url":"https:\/\/revolutionpadelstore.com\/de\/","logo":{"@type":"ImageObject","inLanguage":"de","@id":"https:\/\/revolutionpadelstore.com\/de\/#\/schema\/logo\/image\/","url":"https:\/\/revolutionpadelstore.com\/wp-content\/uploads\/2026\/02\/revolution-padel-store.jpg","contentUrl":"https:\/\/revolutionpadelstore.com\/wp-content\/uploads\/2026\/02\/revolution-padel-store.jpg","width":2000,"height":2000,"caption":"Revolution Padel Store"},"image":{"@id":"https:\/\/revolutionpadelstore.com\/de\/#\/schema\/logo\/image\/"},"sameAs":["https:\/\/www.instagram.com\/revolutionpadelstore\/"]}]}},"_links":{"self":[{"href":"https:\/\/revolutionpadelstore.com\/de\/wp-json\/wp\/v2\/product\/11117","targetHints":{"allow":["GET"]}}],"collection":[{"href":"https:\/\/revolutionpadelstore.com\/de\/wp-json\/wp\/v2\/product"}],"about":[{"href":"https:\/\/revolutionpadelstore.com\/de\/wp-json\/wp\/v2\/types\/product"}],"replies":[{"embeddable":true,"href":"https:\/\/revolutionpadelstore.com\/de\/wp-json\/wp\/v2\/comments?post=11117"}],"wp:featuredmedia":[{"embeddable":true,"href":"https:\/\/revolutionpadelstore.com\/de\/wp-json\/wp\/v2\/media\/11118"}],"wp:attachment":[{"href":"https:\/\/revolutionpadelstore.com\/de\/wp-json\/wp\/v2\/media?parent=11117"}],"wp:term":[{"taxonomy":"acabado","embeddable":true,"href":"https:\/\/revolutionpadelstore.com\/de\/wp-json\/wp\/v2\/acabado?post=11117"},{"taxonomy":"balance","embeddable":true,"href":"https:\/\/revolutionpadelstore.com\/de\/wp-json\/wp\/v2\/balance?post=11117"},{"taxonomy":"dureza","embeddable":true,"href":"https:\/\/revolutionpadelstore.com\/de\/wp-json\/wp\/v2\/dureza?post=11117"},{"taxonomy":"forma","embeddable":true,"href":"https:\/\/revolutionpadelstore.com\/de\/wp-json\/wp\/v2\/forma?post=11117"},{"taxonomy":"jugador","embeddable":true,"href":"https:\/\/revolutionpadelstore.com\/de\/wp-json\/wp\/v2\/jugador?post=11117"},{"taxonomy":"marca","embeddable":true,"href":"https:\/\/revolutionpadelstore.com\/de\/wp-json\/wp\/v2\/marca?post=11117"},{"taxonomy":"nivel-de-juego","embeddable":true,"href":"https:\/\/revolutionpadelstore.com\/de\/wp-json\/wp\/v2\/nivel-de-juego?post=11117"},{"taxonomy":"superficie","embeddable":true,"href":"https:\/\/revolutionpadelstore.com\/de\/wp-json\/wp\/v2\/superficie?post=11117"},{"taxonomy":"tipo-de-juego","embeddable":true,"href":"https:\/\/revolutionpadelstore.com\/de\/wp-json\/wp\/v2\/tipo-de-juego?post=11117"},{"taxonomy":"product_brand","embeddable":true,"href":"https:\/\/revolutionpadelstore.com\/de\/wp-json\/wp\/v2\/product_brand?post=11117"},{"taxonomy":"product_cat","embeddable":true,"href":"https:\/\/revolutionpadelstore.com\/de\/wp-json\/wp\/v2\/product_cat?post=11117"},{"taxonomy":"product_tag","embeddable":true,"href":"https:\/\/revolutionpadelstore.com\/de\/wp-json\/wp\/v2\/product_tag?post=11117"}],"curies":[{"name":"wp","href":"https:\/\/api.w.org\/{rel}","templated":true}]}}