{"id":11088,"date":"2024-06-18T00:14:07","date_gmt":"2024-06-17T22:14:07","guid":{"rendered":"https:\/\/revolutionpadelstore.com\/head-speed-speed-motion-ltd-ari-sanchez\/"},"modified":"2026-04-08T11:17:41","modified_gmt":"2026-04-08T09:17:41","slug":"head-speed-motion-ltd-ari-sanchez-1","status":"publish","type":"product","link":"https:\/\/revolutionpadelstore.com\/de\/produkt\/head-speed-motion-ltd-ari-sanchez-1\/","title":{"rendered":"HEAD SPEED MOTION LTD \u2013 ARI S\u00c1NCHEZ"},"content":{"rendered":"<p>Der SPEED MOTION LTD ARI S\u00c1NCHEZ-Schl\u00e4ger basiert auf dem Speed \u200b\u200bMotion-Modell und verf\u00fcgt \u00fcber die gleichen Funktionen und Technologien. Er verf\u00fcgt \u00fcber ein exklusives Design, das f\u00fcr \u201eMagic Ari\u201c, die Nummer 1 der Welt, entworfen wurde. Seine magische Note wurde mit einigen holografischen Details in das Design des Schl\u00e4gers integriert. Als Co-Designerin w\u00e4hlte Ari die Farben f\u00fcr diesen limitierten Schl\u00e4ger, versehen mit einem eleganten und exklusiven Design, das ihre Unterschrift beinhaltet. Dieser Schl\u00e4ger mit tropfenf\u00f6rmiger Form ist ideal f\u00fcr fortgeschrittene und professionelle Spieler, die die perfekte Mischung aus Kraft und Kontrolle mit einem zus\u00e4tzlichen Ma\u00df an Handlichkeit suchen.<\/p>\n<p>\u00b7 Limitierte Auflage, mitgestaltet von Ari S\u00e1nchez, der Nummer 1 der Welt<br \/>\n\u00b7 Elegante und exklusive Farben, ausgew\u00e4hlt von Ari<br \/>\n\u00b7 Design mit Aris Unterschrift und holografischen Details f\u00fcr \u201eMagic Ari\u201c<br \/>\n\u00b7 Gemacht f\u00fcr fortgeschrittene und professionelle Spieler, die Leistung suchen, ohne die Kontrolle zu verlieren<br \/>\n\u00b7 Vielseitige und handliche Schaufel<br \/>\n\u00b7 Tropfenf\u00f6rmige Form<br \/>\n\u00b7 Basiert auf dem Speed \u200b\u200bMotion-Modell mit denselben Funktionen und Technologien<br \/>\n\u00b7 Enth\u00e4lt erstmals das Pro Spin Strips-Zubeh\u00f6r, neue Klebestreifen mit rauer Oberfl\u00e4che, um mehr Ballgriff und Spin zu erzeugen<\/p>\n<p>TECHNOLOGIEN<\/p>\n<p>Auxetische Konstruktionen weisen im Vergleich zu nicht-auxetischen Konstruktionen eine einzigartige Verformung auf. Auxetische Konstruktionen weiten sich, wenn eine Zugkraft ausge\u00fcbt wird, und ziehen sich zusammen, wenn sie zusammengedr\u00fcckt werden. Je gr\u00f6\u00dfer die ausge\u00fcbte Kraft ist, desto gr\u00f6\u00dfer ist die auxetische Reaktion.<\/p>\n<p>Graphen st\u00e4rkt den Rahmen, sorgt f\u00fcr mehr Stabilit\u00e4t und optimiert die Ballausgabe.<\/p>\n<p>Der POWER FOAM-Gummi wurde entwickelt, um maximale Kraft und St\u00e4rke zu erreichen und Angriffsschl\u00e4ge wie Smash, X3 oder X4 zu verbessern.<\/p>\n<p>Die neue Kappe besteht aus weichem Material, das einen angenehmen und weichen Griff bietet. Mit einer orangefarbenen Oberfl\u00e4che dient es der Vibrations- und Druckreduzierung und beugt so Verletzungen und Blasen an den H\u00e4nden vor.<\/p>\n<p>Die SMART BRIDGE-Technologie besteht aus der individuellen Konstruktion des in der Form enthaltenen Br\u00fcckenbereichs, der sich je nach Spielbarkeit an die Eigenschaften jedes Schl\u00e4gers anpasst.<\/p>\n<p>Die OPTIMIZED SWEET SPOT-Technologie passt das Lochmuster an jede Klinge an, um den Sweet Spot-Bereich zu erweitern.<\/p>\n<p>Da er kein Rohr hat, wird der Schl\u00e4gerrahmen sorgf\u00e4ltig entworfen und f\u00fcr jeden Schl\u00e4ger individuell angefertigt, um eine optimale Leistung zu erzielen, sodass die Leistung jedes Schl\u00e4gers maximiert werden kann.<\/p>\n<p>Transparenter Schutz, der die Haltbarkeit des Schl\u00e4gers erh\u00f6ht und ihn vor St\u00f6\u00dfen und Kratzern sch\u00fctzt. Au\u00dferdem kann es einfach ausgetauscht werden, was die Lebensdauer maximiert.<\/p>\n","protected":false},"excerpt":{"rendered":"<p>Als Co-Designerin w\u00e4hlte Ari die Farben f\u00fcr diesen limitierten Schl\u00e4ger, versehen mit einem eleganten und exklusiven Design, das ihre Unterschrift enth\u00e4lt. Dieser Schl\u00e4ger mit tropfenf\u00f6rmiger Form ist ideal f\u00fcr fortgeschrittene und professionelle Spieler, die die perfekte Mischung aus Kraft und Kontrolle mit einem zus\u00e4tzlichen Ma\u00df an Handlichkeit suchen.<\/p>\n","protected":false},"featured_media":11089,"comment_status":"open","ping_status":"closed","template":"","meta":{"_acf_changed":false,"_joinchat":[]},"acabado":[1079],"balance":[1134,1139],"dureza":[1159,1154],"forma":[1169],"jugador":[1194],"marca":[1219],"nivel-de-juego":[1334],"superficie":[1354],"tipo-de-juego":[1374,1384],"product_brand":[],"product_cat":[299],"product_tag":[],"class_list":{"0":"post-11088","1":"product","2":"type-product","3":"status-publish","4":"has-post-thumbnail","6":"acabado-helligkeit","7":"balance-hoch","8":"balance-mittel","9":"dureza-dura-de","10":"dureza-media-de","11":"forma-diamante-de","12":"jugador-frau","13":"marca-kopf","14":"superficie-lisa-de","15":"tipo-de-juego-leistung","16":"tipo-de-juego-mehrzweck","17":"product_cat-palas-de-padel-de","19":"first","20":"instock","21":"sale","22":"taxable","23":"shipping-taxable","24":"purchasable","25":"product-type-simple"},"acf":[],"yoast_head":"<!-- This site is optimized with the Yoast SEO plugin v27.4 - https:\/\/yoast.com\/product\/yoast-seo-wordpress\/ -->\n<title>HEAD SPEED MOTION LTD \u2013 ARI S\u00c1NCHEZ - Revolution Padel Store<\/title>\n<meta name=\"description\" content=\"Basada en el modelo Speed Motion, y provista de las mismas prestaciones y tecnolog\u00edas, la pala SPEED MOTION LTD ARI S\u00c1NCHEZ luce un dise\u00f1o exclusivo pensado para \u2018Magic Ari\u2019, la n\u00famero 1 del mundo. Su toque m\u00e1gico se ha incorporado al dise\u00f1o de la pala con algunos detalles hologr\u00e1ficos. Como co-dise\u00f1adora, Ari eligi\u00f3 los colores para esta pala de edici\u00f3n limitada, provista de un dise\u00f1o elegante y exclusivo, que incluye su firma. Esta pala, fabricada con un molde en forma de l\u00e1grima, es ideal para jugadores avanzados y profesionales que buscan la mezcla perfecta de potencia y control, con un nivel extra de manejabilidad.\" \/>\n<meta name=\"robots\" content=\"index, follow, max-snippet:-1, max-image-preview:large, max-video-preview:-1\" \/>\n<link rel=\"canonical\" href=\"https:\/\/revolutionpadelstore.com\/de\/produkt\/head-speed-motion-ltd-ari-sanchez-1\/\" \/>\n<meta property=\"og:locale\" content=\"de_DE\" \/>\n<meta property=\"og:type\" content=\"article\" \/>\n<meta property=\"og:title\" content=\"HEAD SPEED MOTION LTD \u2013 ARI S\u00c1NCHEZ - Revolution Padel Store\" \/>\n<meta property=\"og:description\" content=\"Basada en el modelo Speed Motion, y provista de las mismas prestaciones y tecnolog\u00edas, la pala SPEED MOTION LTD ARI S\u00c1NCHEZ luce un dise\u00f1o exclusivo pensado para \u2018Magic Ari\u2019, la n\u00famero 1 del mundo. Su toque m\u00e1gico se ha incorporado al dise\u00f1o de la pala con algunos detalles hologr\u00e1ficos. Como co-dise\u00f1adora, Ari eligi\u00f3 los colores para esta pala de edici\u00f3n limitada, provista de un dise\u00f1o elegante y exclusivo, que incluye su firma. Esta pala, fabricada con un molde en forma de l\u00e1grima, es ideal para jugadores avanzados y profesionales que buscan la mezcla perfecta de potencia y control, con un nivel extra de manejabilidad.\" \/>\n<meta property=\"og:url\" content=\"https:\/\/revolutionpadelstore.com\/de\/produkt\/head-speed-motion-ltd-ari-sanchez-1\/\" \/>\n<meta property=\"og:site_name\" content=\"Revolution Padel Store\" \/>\n<meta property=\"article:modified_time\" content=\"2026-04-08T09:17:41+00:00\" \/>\n<meta property=\"og:image\" content=\"https:\/\/revolutionpadelstore.com\/wp-content\/uploads\/2024\/06\/speed-motion-ltd.jpg\" \/>\n\t<meta property=\"og:image:width\" content=\"768\" \/>\n\t<meta property=\"og:image:height\" content=\"768\" \/>\n\t<meta property=\"og:image:type\" content=\"image\/jpeg\" \/>\n<meta name=\"twitter:card\" content=\"summary_large_image\" \/>\n<meta name=\"twitter:label1\" content=\"Gesch\u00e4tzte Lesezeit\" \/>\n\t<meta name=\"twitter:data1\" content=\"3\u00a0Minuten\" \/>\n<script type=\"application\/ld+json\" class=\"yoast-schema-graph\">{\"@context\":\"https:\\\/\\\/schema.org\",\"@graph\":[{\"@type\":\"WebPage\",\"@id\":\"https:\\\/\\\/revolutionpadelstore.com\\\/de\\\/produkt\\\/head-speed-motion-ltd-ari-sanchez-1\\\/\",\"url\":\"https:\\\/\\\/revolutionpadelstore.com\\\/de\\\/produkt\\\/head-speed-motion-ltd-ari-sanchez-1\\\/\",\"name\":\"HEAD SPEED MOTION LTD \u2013 ARI S\u00c1NCHEZ - Revolution Padel Store\",\"isPartOf\":{\"@id\":\"https:\\\/\\\/revolutionpadelstore.com\\\/de\\\/#website\"},\"primaryImageOfPage\":{\"@id\":\"https:\\\/\\\/revolutionpadelstore.com\\\/de\\\/produkt\\\/head-speed-motion-ltd-ari-sanchez-1\\\/#primaryimage\"},\"image\":{\"@id\":\"https:\\\/\\\/revolutionpadelstore.com\\\/de\\\/produkt\\\/head-speed-motion-ltd-ari-sanchez-1\\\/#primaryimage\"},\"thumbnailUrl\":\"https:\\\/\\\/revolutionpadelstore.com\\\/wp-content\\\/uploads\\\/2024\\\/06\\\/speed-motion-ltd.jpg\",\"datePublished\":\"2024-06-17T22:14:07+00:00\",\"dateModified\":\"2026-04-08T09:17:41+00:00\",\"description\":\"Basada en el modelo Speed Motion, y provista de las mismas prestaciones y tecnolog\u00edas, la pala SPEED MOTION LTD ARI S\u00c1NCHEZ luce un dise\u00f1o exclusivo pensado para \u2018Magic Ari\u2019, la n\u00famero 1 del mundo. Su toque m\u00e1gico se ha incorporado al dise\u00f1o de la pala con algunos detalles hologr\u00e1ficos. Como co-dise\u00f1adora, Ari eligi\u00f3 los colores para esta pala de edici\u00f3n limitada, provista de un dise\u00f1o elegante y exclusivo, que incluye su firma. Esta pala, fabricada con un molde en forma de l\u00e1grima, es ideal para jugadores avanzados y profesionales que buscan la mezcla perfecta de potencia y control, con un nivel extra de manejabilidad.\",\"breadcrumb\":{\"@id\":\"https:\\\/\\\/revolutionpadelstore.com\\\/de\\\/produkt\\\/head-speed-motion-ltd-ari-sanchez-1\\\/#breadcrumb\"},\"inLanguage\":\"de\",\"potentialAction\":[{\"@type\":\"ReadAction\",\"target\":[\"https:\\\/\\\/revolutionpadelstore.com\\\/de\\\/produkt\\\/head-speed-motion-ltd-ari-sanchez-1\\\/\"]}]},{\"@type\":\"ImageObject\",\"inLanguage\":\"de\",\"@id\":\"https:\\\/\\\/revolutionpadelstore.com\\\/de\\\/produkt\\\/head-speed-motion-ltd-ari-sanchez-1\\\/#primaryimage\",\"url\":\"https:\\\/\\\/revolutionpadelstore.com\\\/wp-content\\\/uploads\\\/2024\\\/06\\\/speed-motion-ltd.jpg\",\"contentUrl\":\"https:\\\/\\\/revolutionpadelstore.com\\\/wp-content\\\/uploads\\\/2024\\\/06\\\/speed-motion-ltd.jpg\",\"width\":768,\"height\":768},{\"@type\":\"BreadcrumbList\",\"@id\":\"https:\\\/\\\/revolutionpadelstore.com\\\/de\\\/produkt\\\/head-speed-motion-ltd-ari-sanchez-1\\\/#breadcrumb\",\"itemListElement\":[{\"@type\":\"ListItem\",\"position\":1,\"name\":\"Portada\",\"item\":\"https:\\\/\\\/revolutionpadelstore.com\\\/de\\\/\"},{\"@type\":\"ListItem\",\"position\":2,\"name\":\"Shop\",\"item\":\"https:\\\/\\\/revolutionpadelstore.com\\\/de\\\/tienda\\\/\"},{\"@type\":\"ListItem\",\"position\":3,\"name\":\"HEAD SPEED MOTION LTD \u2013 ARI S\u00c1NCHEZ\"}]},{\"@type\":\"WebSite\",\"@id\":\"https:\\\/\\\/revolutionpadelstore.com\\\/de\\\/#website\",\"url\":\"https:\\\/\\\/revolutionpadelstore.com\\\/de\\\/\",\"name\":\"Revolution Padel Store\",\"description\":\"\",\"publisher\":{\"@id\":\"https:\\\/\\\/revolutionpadelstore.com\\\/de\\\/#organization\"},\"potentialAction\":[{\"@type\":\"SearchAction\",\"target\":{\"@type\":\"EntryPoint\",\"urlTemplate\":\"https:\\\/\\\/revolutionpadelstore.com\\\/de\\\/?s={search_term_string}\"},\"query-input\":{\"@type\":\"PropertyValueSpecification\",\"valueRequired\":true,\"valueName\":\"search_term_string\"}}],\"inLanguage\":\"de\"},{\"@type\":\"Organization\",\"@id\":\"https:\\\/\\\/revolutionpadelstore.com\\\/de\\\/#organization\",\"name\":\"Revolution Padel Store\",\"url\":\"https:\\\/\\\/revolutionpadelstore.com\\\/de\\\/\",\"logo\":{\"@type\":\"ImageObject\",\"inLanguage\":\"de\",\"@id\":\"https:\\\/\\\/revolutionpadelstore.com\\\/de\\\/#\\\/schema\\\/logo\\\/image\\\/\",\"url\":\"https:\\\/\\\/revolutionpadelstore.com\\\/wp-content\\\/uploads\\\/2026\\\/02\\\/revolution-padel-store.jpg\",\"contentUrl\":\"https:\\\/\\\/revolutionpadelstore.com\\\/wp-content\\\/uploads\\\/2026\\\/02\\\/revolution-padel-store.jpg\",\"width\":2000,\"height\":2000,\"caption\":\"Revolution Padel Store\"},\"image\":{\"@id\":\"https:\\\/\\\/revolutionpadelstore.com\\\/de\\\/#\\\/schema\\\/logo\\\/image\\\/\"},\"sameAs\":[\"https:\\\/\\\/www.instagram.com\\\/revolutionpadelstore\\\/\"]}]}<\/script>\n<!-- \/ Yoast SEO plugin. -->","yoast_head_json":{"title":"HEAD SPEED MOTION LTD \u2013 ARI S\u00c1NCHEZ - Revolution Padel Store","description":"Basada en el modelo Speed Motion, y provista de las mismas prestaciones y tecnolog\u00edas, la pala SPEED MOTION LTD ARI S\u00c1NCHEZ luce un dise\u00f1o exclusivo pensado para \u2018Magic Ari\u2019, la n\u00famero 1 del mundo. Su toque m\u00e1gico se ha incorporado al dise\u00f1o de la pala con algunos detalles hologr\u00e1ficos. Como co-dise\u00f1adora, Ari eligi\u00f3 los colores para esta pala de edici\u00f3n limitada, provista de un dise\u00f1o elegante y exclusivo, que incluye su firma. Esta pala, fabricada con un molde en forma de l\u00e1grima, es ideal para jugadores avanzados y profesionales que buscan la mezcla perfecta de potencia y control, con un nivel extra de manejabilidad.","robots":{"index":"index","follow":"follow","max-snippet":"max-snippet:-1","max-image-preview":"max-image-preview:large","max-video-preview":"max-video-preview:-1"},"canonical":"https:\/\/revolutionpadelstore.com\/de\/produkt\/head-speed-motion-ltd-ari-sanchez-1\/","og_locale":"de_DE","og_type":"article","og_title":"HEAD SPEED MOTION LTD \u2013 ARI S\u00c1NCHEZ - Revolution Padel Store","og_description":"Basada en el modelo Speed Motion, y provista de las mismas prestaciones y tecnolog\u00edas, la pala SPEED MOTION LTD ARI S\u00c1NCHEZ luce un dise\u00f1o exclusivo pensado para \u2018Magic Ari\u2019, la n\u00famero 1 del mundo. Su toque m\u00e1gico se ha incorporado al dise\u00f1o de la pala con algunos detalles hologr\u00e1ficos. Como co-dise\u00f1adora, Ari eligi\u00f3 los colores para esta pala de edici\u00f3n limitada, provista de un dise\u00f1o elegante y exclusivo, que incluye su firma. Esta pala, fabricada con un molde en forma de l\u00e1grima, es ideal para jugadores avanzados y profesionales que buscan la mezcla perfecta de potencia y control, con un nivel extra de manejabilidad.","og_url":"https:\/\/revolutionpadelstore.com\/de\/produkt\/head-speed-motion-ltd-ari-sanchez-1\/","og_site_name":"Revolution Padel Store","article_modified_time":"2026-04-08T09:17:41+00:00","og_image":[{"width":768,"height":768,"url":"https:\/\/revolutionpadelstore.com\/wp-content\/uploads\/2024\/06\/speed-motion-ltd.jpg","type":"image\/jpeg"}],"twitter_card":"summary_large_image","twitter_misc":{"Gesch\u00e4tzte Lesezeit":"3\u00a0Minuten"},"schema":{"@context":"https:\/\/schema.org","@graph":[{"@type":"WebPage","@id":"https:\/\/revolutionpadelstore.com\/de\/produkt\/head-speed-motion-ltd-ari-sanchez-1\/","url":"https:\/\/revolutionpadelstore.com\/de\/produkt\/head-speed-motion-ltd-ari-sanchez-1\/","name":"HEAD SPEED MOTION LTD \u2013 ARI S\u00c1NCHEZ - Revolution Padel Store","isPartOf":{"@id":"https:\/\/revolutionpadelstore.com\/de\/#website"},"primaryImageOfPage":{"@id":"https:\/\/revolutionpadelstore.com\/de\/produkt\/head-speed-motion-ltd-ari-sanchez-1\/#primaryimage"},"image":{"@id":"https:\/\/revolutionpadelstore.com\/de\/produkt\/head-speed-motion-ltd-ari-sanchez-1\/#primaryimage"},"thumbnailUrl":"https:\/\/revolutionpadelstore.com\/wp-content\/uploads\/2024\/06\/speed-motion-ltd.jpg","datePublished":"2024-06-17T22:14:07+00:00","dateModified":"2026-04-08T09:17:41+00:00","description":"Basada en el modelo Speed Motion, y provista de las mismas prestaciones y tecnolog\u00edas, la pala SPEED MOTION LTD ARI S\u00c1NCHEZ luce un dise\u00f1o exclusivo pensado para \u2018Magic Ari\u2019, la n\u00famero 1 del mundo. Su toque m\u00e1gico se ha incorporado al dise\u00f1o de la pala con algunos detalles hologr\u00e1ficos. Como co-dise\u00f1adora, Ari eligi\u00f3 los colores para esta pala de edici\u00f3n limitada, provista de un dise\u00f1o elegante y exclusivo, que incluye su firma. Esta pala, fabricada con un molde en forma de l\u00e1grima, es ideal para jugadores avanzados y profesionales que buscan la mezcla perfecta de potencia y control, con un nivel extra de manejabilidad.","breadcrumb":{"@id":"https:\/\/revolutionpadelstore.com\/de\/produkt\/head-speed-motion-ltd-ari-sanchez-1\/#breadcrumb"},"inLanguage":"de","potentialAction":[{"@type":"ReadAction","target":["https:\/\/revolutionpadelstore.com\/de\/produkt\/head-speed-motion-ltd-ari-sanchez-1\/"]}]},{"@type":"ImageObject","inLanguage":"de","@id":"https:\/\/revolutionpadelstore.com\/de\/produkt\/head-speed-motion-ltd-ari-sanchez-1\/#primaryimage","url":"https:\/\/revolutionpadelstore.com\/wp-content\/uploads\/2024\/06\/speed-motion-ltd.jpg","contentUrl":"https:\/\/revolutionpadelstore.com\/wp-content\/uploads\/2024\/06\/speed-motion-ltd.jpg","width":768,"height":768},{"@type":"BreadcrumbList","@id":"https:\/\/revolutionpadelstore.com\/de\/produkt\/head-speed-motion-ltd-ari-sanchez-1\/#breadcrumb","itemListElement":[{"@type":"ListItem","position":1,"name":"Portada","item":"https:\/\/revolutionpadelstore.com\/de\/"},{"@type":"ListItem","position":2,"name":"Shop","item":"https:\/\/revolutionpadelstore.com\/de\/tienda\/"},{"@type":"ListItem","position":3,"name":"HEAD SPEED MOTION LTD \u2013 ARI S\u00c1NCHEZ"}]},{"@type":"WebSite","@id":"https:\/\/revolutionpadelstore.com\/de\/#website","url":"https:\/\/revolutionpadelstore.com\/de\/","name":"Revolution Padel Store","description":"","publisher":{"@id":"https:\/\/revolutionpadelstore.com\/de\/#organization"},"potentialAction":[{"@type":"SearchAction","target":{"@type":"EntryPoint","urlTemplate":"https:\/\/revolutionpadelstore.com\/de\/?s={search_term_string}"},"query-input":{"@type":"PropertyValueSpecification","valueRequired":true,"valueName":"search_term_string"}}],"inLanguage":"de"},{"@type":"Organization","@id":"https:\/\/revolutionpadelstore.com\/de\/#organization","name":"Revolution Padel Store","url":"https:\/\/revolutionpadelstore.com\/de\/","logo":{"@type":"ImageObject","inLanguage":"de","@id":"https:\/\/revolutionpadelstore.com\/de\/#\/schema\/logo\/image\/","url":"https:\/\/revolutionpadelstore.com\/wp-content\/uploads\/2026\/02\/revolution-padel-store.jpg","contentUrl":"https:\/\/revolutionpadelstore.com\/wp-content\/uploads\/2026\/02\/revolution-padel-store.jpg","width":2000,"height":2000,"caption":"Revolution Padel Store"},"image":{"@id":"https:\/\/revolutionpadelstore.com\/de\/#\/schema\/logo\/image\/"},"sameAs":["https:\/\/www.instagram.com\/revolutionpadelstore\/"]}]}},"_links":{"self":[{"href":"https:\/\/revolutionpadelstore.com\/de\/wp-json\/wp\/v2\/product\/11088","targetHints":{"allow":["GET"]}}],"collection":[{"href":"https:\/\/revolutionpadelstore.com\/de\/wp-json\/wp\/v2\/product"}],"about":[{"href":"https:\/\/revolutionpadelstore.com\/de\/wp-json\/wp\/v2\/types\/product"}],"replies":[{"embeddable":true,"href":"https:\/\/revolutionpadelstore.com\/de\/wp-json\/wp\/v2\/comments?post=11088"}],"wp:featuredmedia":[{"embeddable":true,"href":"https:\/\/revolutionpadelstore.com\/de\/wp-json\/wp\/v2\/media\/11089"}],"wp:attachment":[{"href":"https:\/\/revolutionpadelstore.com\/de\/wp-json\/wp\/v2\/media?parent=11088"}],"wp:term":[{"taxonomy":"acabado","embeddable":true,"href":"https:\/\/revolutionpadelstore.com\/de\/wp-json\/wp\/v2\/acabado?post=11088"},{"taxonomy":"balance","embeddable":true,"href":"https:\/\/revolutionpadelstore.com\/de\/wp-json\/wp\/v2\/balance?post=11088"},{"taxonomy":"dureza","embeddable":true,"href":"https:\/\/revolutionpadelstore.com\/de\/wp-json\/wp\/v2\/dureza?post=11088"},{"taxonomy":"forma","embeddable":true,"href":"https:\/\/revolutionpadelstore.com\/de\/wp-json\/wp\/v2\/forma?post=11088"},{"taxonomy":"jugador","embeddable":true,"href":"https:\/\/revolutionpadelstore.com\/de\/wp-json\/wp\/v2\/jugador?post=11088"},{"taxonomy":"marca","embeddable":true,"href":"https:\/\/revolutionpadelstore.com\/de\/wp-json\/wp\/v2\/marca?post=11088"},{"taxonomy":"nivel-de-juego","embeddable":true,"href":"https:\/\/revolutionpadelstore.com\/de\/wp-json\/wp\/v2\/nivel-de-juego?post=11088"},{"taxonomy":"superficie","embeddable":true,"href":"https:\/\/revolutionpadelstore.com\/de\/wp-json\/wp\/v2\/superficie?post=11088"},{"taxonomy":"tipo-de-juego","embeddable":true,"href":"https:\/\/revolutionpadelstore.com\/de\/wp-json\/wp\/v2\/tipo-de-juego?post=11088"},{"taxonomy":"product_brand","embeddable":true,"href":"https:\/\/revolutionpadelstore.com\/de\/wp-json\/wp\/v2\/product_brand?post=11088"},{"taxonomy":"product_cat","embeddable":true,"href":"https:\/\/revolutionpadelstore.com\/de\/wp-json\/wp\/v2\/product_cat?post=11088"},{"taxonomy":"product_tag","embeddable":true,"href":"https:\/\/revolutionpadelstore.com\/de\/wp-json\/wp\/v2\/product_tag?post=11088"}],"curies":[{"name":"wp","href":"https:\/\/api.w.org\/{rel}","templated":true}]}}