{"id":11047,"date":"2024-06-18T08:19:32","date_gmt":"2024-06-18T06:19:32","guid":{"rendered":"https:\/\/revolutionpadelstore.com\/metalbone-pro-edt-2024-ale-galan\/"},"modified":"2026-04-08T11:17:10","modified_gmt":"2026-04-08T09:17:10","slug":"adidas-metalbone-pro-edt-2024-ale-galan","status":"publish","type":"product","link":"https:\/\/revolutionpadelstore.com\/de\/produkt\/adidas-metalbone-pro-edt-2024-ale-galan\/","title":{"rendered":"ADIDAS METALBONE PRO EDT 2024 ALE GALAN"},"content":{"rendered":"<div class=\"elementor-widget Elementor-element Elementor-element-p657a86 Elementor-widget-heading\" data-element_type=\"heading\">\n<div class=\"elementor-widget-container\">\n<h2 class=\"elementor-heading-titleelementor-size-default none\">METALBONE MASTER LTD<\/h2>\n<\/div>\n<\/div>\n<div class=\"elementor-widget Elementor-element Elementor-element-xd2ewci Elementor-widget-text-editor\" data-element_type=\"text-editor\">\n<div class=\"elementor-widget-container\">\n<div class=\"elementor-text-editor rte-content\">\n<p>Der PRO-EDT Metalbone von Ale Gal\u00e1n vereint die besten Technologien des Madrider Spielers in einem exklusiven Schl\u00e4ger f\u00fcr diejenigen, die den Platz dominieren wollen. Seine <strong>achteckige Struktur<\/strong> bietet beispiellose Steifigkeit und enorme Kraft, w\u00e4hrend die Rauheit <strong>Spin Blade<\/strong> und die Anordnung der L\u00f6cher <strong>Smart Holes Curv<\/strong>e Ihnen dies erm\u00f6glichen F\u00fchren Sie Aufnahmen mit vertr\u00e4umter Wirkung aus.<\/p>\n<p>Das Weight &amp; Balance System gibt Ihnen die M\u00f6glichkeit, das Gewicht und die Balance des Schl\u00e4gers nach Ihren W\u00fcnschen anzupassen und ihn so an Ihren individuellen Spielstil anzupassen. Und die Kombination aus <strong>Carbon Aluminized 2 to 1<\/strong>-Fasern und <strong>EVA Soft Performance<\/strong>-Gummi bietet Ihnen au\u00dfergew\u00f6hnliche Kontrolle und Kraft, sodass Sie bei jedem Schlag gl\u00e4nzen k\u00f6nnen.<\/p>\n<div class=\"elementor-widget Elementor-element Elementor-element-e1sg3cr Elementor-widget-text-editor\" data-element_type=\"text-editor\">\n<div class=\"elementor-widget-container\">\n<div class=\"elementor-text-editor rte-content\">\n<p>Das Gleichgewicht und die Gewichte des Schl\u00e4gers sind dank dieser innovativen Technologie, die nur in Schl\u00e4gern der Spitzenklasse vorhanden ist, ver\u00e4nderbar. Sein abnehmbares Schraubensystem, das auf der Br\u00fccke des Schl\u00e4gers installiert ist, erm\u00f6glicht es Ihnen, die Gewichtsverteilung anzupassen und das Verhalten jederzeit an die Bed\u00fcrfnisse jedes Spielers anzupassen.<\/p>\n<div class=\"elementor-widget Elementor-element Elementor-element-yvqj33e Elementor-widget-text-editor\" data-element_type=\"text-editor\">\n<div class=\"elementor-widget-container\">\n<div class=\"elementor-text-editor rte-content\">\n<p>Diese Technologie befindet sich im Rahmen und im Herzen des Schl\u00e4gers und verleiht dem Schl\u00e4ger eine Struktur mit maximaler Steifigkeit. Es besteht aus einem Carbonrohr mit acht Kanten und bildet ein inneres Skelett, das den Verdrehungen, denen die Schl\u00e4gerbl\u00e4tter der besten Padelspieler ausgesetzt sind, \u00e4u\u00dferst widerstandsf\u00e4hig ist.<\/p>\n<div class=\"elementor-widget Elementor-element Elementor-element-quql4dj Elementor-widget-text-editor\" data-element_type=\"text-editor\">\n<div class=\"elementor-widget-container\">\n<div class=\"elementor-text-editor rte-content\">\n<p>Der Schl\u00e4ger verf\u00fcgt \u00fcber eine raue Schicht auf der Oberfl\u00e4che, um die besten Effekte zu erzielen. Durch die Zeichnung achteckiger Formen wird die Erzeugung von Rotationsbewegungen in der Kugel optimiert.<\/p>\n<\/div>\n<\/div>\n<\/div>\n<\/div>\n<\/div>\n<\/div>\n<\/div>\n<\/div>\n<\/div>\n<\/div>\n<\/div>\n<\/div>\n","protected":false},"excerpt":{"rendered":"<p>METALBONE MASTER LTD Der PRO-EDT Metalbone von Ale Gal\u00e1n vereint die besten Technologien des Madrider Spielers in einem exklusiven Schl\u00e4ger f\u00fcr diejenigen, die den Platz dominieren wollen. Seine achteckige Struktur bietet beispiellose Steifigkeit und enorme Kraft, w\u00e4hrend die Rauheit Spin Blade und die Anordnung der L\u00f6cher Smart Holes Curve Ihnen dies erm\u00f6glichen F\u00fchren Sie Aufnahmen [&hellip;]<\/p>\n","protected":false},"featured_media":11056,"comment_status":"open","ping_status":"closed","template":"","meta":{"_acf_changed":false,"_joinchat":[]},"acabado":[1089],"balance":[1134,1139],"dureza":[1159,1154],"forma":[1169],"jugador":[1189,1199],"marca":[1229],"nivel-de-juego":[1334],"superficie":[1359],"tipo-de-juego":[1374,1384],"product_brand":[],"product_cat":[299],"product_tag":[],"class_list":{"0":"post-11047","1":"product","2":"type-product","3":"status-publish","4":"has-post-thumbnail","6":"acabado-3d-entlasten","7":"balance-hoch","8":"balance-mittel","9":"dureza-dura-de","10":"dureza-media-de","11":"forma-diamante-de","12":"jugador-mann","13":"jugador-mehrzweck","14":"marca-adidas-de","15":"superficie-rugosa-de","16":"tipo-de-juego-leistung","17":"tipo-de-juego-mehrzweck","18":"product_cat-palas-de-padel-de","20":"first","21":"outofstock","22":"sale","23":"taxable","24":"shipping-taxable","25":"purchasable","26":"product-type-simple"},"acf":[],"yoast_head":"<!-- This site is optimized with the Yoast SEO plugin v27.4 - https:\/\/yoast.com\/product\/yoast-seo-wordpress\/ -->\n<title>ADIDAS METALBONE PRO EDT 2024 ALE GALAN - Revolution Padel Store<\/title>\n<meta name=\"description\" content=\"La PRO-EDT Metalbone by Ale Gal\u00e1n fusiona las mejores tecnolog\u00edas del jugador madrile\u00f1o en una pala exclusiva para aquellos que buscan dominar la pista. Su\u00a0Octogonal Structure\u00a0ofrece una rigidez sin igual y una potencia descomunal, mientras que la rugosidad\u00a0Spin Blade\u00a0y la disposici\u00f3n de los agujeros\u00a0Smart Holes Curve te permiten ejecutar golpes con efecto de ensue\u00f1o. El\u00a0Weight &amp; Balance System\u00a0te da el poder de ajustar el peso y el equilibrio de la pala a tu gusto, adapt\u00e1ndola a tu estilo de juego \u00fanico. Y la combinaci\u00f3n de fibra\u00a0Carbon Aluminized 2 to 1\u00a0y goma\u00a0EVA Soft Performance\u00a0te ofrece un control y una potencia excepcionales, permiti\u00e9ndote brillar en cada golpe.\" \/>\n<meta name=\"robots\" content=\"index, follow, max-snippet:-1, max-image-preview:large, max-video-preview:-1\" \/>\n<link rel=\"canonical\" href=\"https:\/\/revolutionpadelstore.com\/de\/produkt\/adidas-metalbone-pro-edt-2024-ale-galan\/\" \/>\n<meta property=\"og:locale\" content=\"de_DE\" \/>\n<meta property=\"og:type\" content=\"article\" \/>\n<meta property=\"og:title\" content=\"COMPRAR METALBONE PRO EDT 2024 ALE GALAN\" \/>\n<meta property=\"og:description\" content=\"La PRO-EDT Metalbone by Ale Gal\u00e1n fusiona las mejores tecnolog\u00edas del jugador madrile\u00f1o en una pala exclusiva para aquellos que buscan dominar la pista. Su\u00a0Octogonal Structure\u00a0ofrece una rigidez sin igual y una potencia descomunal, mientras que la rugosidad\u00a0Spin Blade\u00a0y la disposici\u00f3n de los agujeros\u00a0Smart Holes Curve te permiten ejecutar golpes con efecto de ensue\u00f1o. El\u00a0Weight &amp; Balance System\u00a0te da el poder de ajustar el peso y el equilibrio de la pala a tu gusto, adapt\u00e1ndola a tu estilo de juego \u00fanico. Y la combinaci\u00f3n de fibra\u00a0Carbon Aluminized 2 to 1\u00a0y goma\u00a0EVA Soft Performance\u00a0te ofrece un control y una potencia excepcionales, permiti\u00e9ndote brillar en cada golpe.\" \/>\n<meta property=\"og:url\" content=\"https:\/\/revolutionpadelstore.com\/de\/produkt\/adidas-metalbone-pro-edt-2024-ale-galan\/\" \/>\n<meta property=\"og:site_name\" content=\"Revolution Padel Store\" \/>\n<meta property=\"article:modified_time\" content=\"2026-04-08T09:17:10+00:00\" \/>\n<meta property=\"og:image\" content=\"https:\/\/revolutionpadelstore.com\/wp-content\/uploads\/2024\/06\/adidas-metalbone-pro-edt-2024.png\" \/>\n\t<meta property=\"og:image:width\" content=\"900\" \/>\n\t<meta property=\"og:image:height\" content=\"900\" \/>\n\t<meta property=\"og:image:type\" content=\"image\/png\" \/>\n<meta name=\"twitter:card\" content=\"summary_large_image\" \/>\n<meta name=\"twitter:label1\" content=\"Gesch\u00e4tzte Lesezeit\" \/>\n\t<meta name=\"twitter:data1\" content=\"2\u00a0Minuten\" \/>\n<script type=\"application\/ld+json\" class=\"yoast-schema-graph\">{\"@context\":\"https:\\\/\\\/schema.org\",\"@graph\":[{\"@type\":\"WebPage\",\"@id\":\"https:\\\/\\\/revolutionpadelstore.com\\\/de\\\/produkt\\\/adidas-metalbone-pro-edt-2024-ale-galan\\\/\",\"url\":\"https:\\\/\\\/revolutionpadelstore.com\\\/de\\\/produkt\\\/adidas-metalbone-pro-edt-2024-ale-galan\\\/\",\"name\":\"ADIDAS METALBONE PRO EDT 2024 ALE GALAN - Revolution Padel Store\",\"isPartOf\":{\"@id\":\"https:\\\/\\\/revolutionpadelstore.com\\\/de\\\/#website\"},\"primaryImageOfPage\":{\"@id\":\"https:\\\/\\\/revolutionpadelstore.com\\\/de\\\/produkt\\\/adidas-metalbone-pro-edt-2024-ale-galan\\\/#primaryimage\"},\"image\":{\"@id\":\"https:\\\/\\\/revolutionpadelstore.com\\\/de\\\/produkt\\\/adidas-metalbone-pro-edt-2024-ale-galan\\\/#primaryimage\"},\"thumbnailUrl\":\"https:\\\/\\\/revolutionpadelstore.com\\\/wp-content\\\/uploads\\\/2024\\\/06\\\/adidas-metalbone-pro-edt-2024.png\",\"datePublished\":\"2024-06-18T06:19:32+00:00\",\"dateModified\":\"2026-04-08T09:17:10+00:00\",\"description\":\"La PRO-EDT Metalbone by Ale Gal\u00e1n fusiona las mejores tecnolog\u00edas del jugador madrile\u00f1o en una pala exclusiva para aquellos que buscan dominar la pista. Su\u00a0Octogonal Structure\u00a0ofrece una rigidez sin igual y una potencia descomunal, mientras que la rugosidad\u00a0Spin Blade\u00a0y la disposici\u00f3n de los agujeros\u00a0Smart Holes Curve te permiten ejecutar golpes con efecto de ensue\u00f1o. El\u00a0Weight & Balance System\u00a0te da el poder de ajustar el peso y el equilibrio de la pala a tu gusto, adapt\u00e1ndola a tu estilo de juego \u00fanico. Y la combinaci\u00f3n de fibra\u00a0Carbon Aluminized 2 to 1\u00a0y goma\u00a0EVA Soft Performance\u00a0te ofrece un control y una potencia excepcionales, permiti\u00e9ndote brillar en cada golpe.\",\"breadcrumb\":{\"@id\":\"https:\\\/\\\/revolutionpadelstore.com\\\/de\\\/produkt\\\/adidas-metalbone-pro-edt-2024-ale-galan\\\/#breadcrumb\"},\"inLanguage\":\"de\",\"potentialAction\":[{\"@type\":\"ReadAction\",\"target\":[\"https:\\\/\\\/revolutionpadelstore.com\\\/de\\\/produkt\\\/adidas-metalbone-pro-edt-2024-ale-galan\\\/\"]}]},{\"@type\":\"ImageObject\",\"inLanguage\":\"de\",\"@id\":\"https:\\\/\\\/revolutionpadelstore.com\\\/de\\\/produkt\\\/adidas-metalbone-pro-edt-2024-ale-galan\\\/#primaryimage\",\"url\":\"https:\\\/\\\/revolutionpadelstore.com\\\/wp-content\\\/uploads\\\/2024\\\/06\\\/adidas-metalbone-pro-edt-2024.png\",\"contentUrl\":\"https:\\\/\\\/revolutionpadelstore.com\\\/wp-content\\\/uploads\\\/2024\\\/06\\\/adidas-metalbone-pro-edt-2024.png\",\"width\":900,\"height\":900},{\"@type\":\"BreadcrumbList\",\"@id\":\"https:\\\/\\\/revolutionpadelstore.com\\\/de\\\/produkt\\\/adidas-metalbone-pro-edt-2024-ale-galan\\\/#breadcrumb\",\"itemListElement\":[{\"@type\":\"ListItem\",\"position\":1,\"name\":\"Portada\",\"item\":\"https:\\\/\\\/revolutionpadelstore.com\\\/de\\\/\"},{\"@type\":\"ListItem\",\"position\":2,\"name\":\"Shop\",\"item\":\"https:\\\/\\\/revolutionpadelstore.com\\\/de\\\/tienda\\\/\"},{\"@type\":\"ListItem\",\"position\":3,\"name\":\"ADIDAS METALBONE PRO EDT 2024 ALE GALAN\"}]},{\"@type\":\"WebSite\",\"@id\":\"https:\\\/\\\/revolutionpadelstore.com\\\/de\\\/#website\",\"url\":\"https:\\\/\\\/revolutionpadelstore.com\\\/de\\\/\",\"name\":\"Revolution Padel Store\",\"description\":\"\",\"publisher\":{\"@id\":\"https:\\\/\\\/revolutionpadelstore.com\\\/de\\\/#organization\"},\"potentialAction\":[{\"@type\":\"SearchAction\",\"target\":{\"@type\":\"EntryPoint\",\"urlTemplate\":\"https:\\\/\\\/revolutionpadelstore.com\\\/de\\\/?s={search_term_string}\"},\"query-input\":{\"@type\":\"PropertyValueSpecification\",\"valueRequired\":true,\"valueName\":\"search_term_string\"}}],\"inLanguage\":\"de\"},{\"@type\":\"Organization\",\"@id\":\"https:\\\/\\\/revolutionpadelstore.com\\\/de\\\/#organization\",\"name\":\"Revolution Padel Store\",\"url\":\"https:\\\/\\\/revolutionpadelstore.com\\\/de\\\/\",\"logo\":{\"@type\":\"ImageObject\",\"inLanguage\":\"de\",\"@id\":\"https:\\\/\\\/revolutionpadelstore.com\\\/de\\\/#\\\/schema\\\/logo\\\/image\\\/\",\"url\":\"https:\\\/\\\/revolutionpadelstore.com\\\/wp-content\\\/uploads\\\/2026\\\/02\\\/revolution-padel-store.jpg\",\"contentUrl\":\"https:\\\/\\\/revolutionpadelstore.com\\\/wp-content\\\/uploads\\\/2026\\\/02\\\/revolution-padel-store.jpg\",\"width\":2000,\"height\":2000,\"caption\":\"Revolution Padel Store\"},\"image\":{\"@id\":\"https:\\\/\\\/revolutionpadelstore.com\\\/de\\\/#\\\/schema\\\/logo\\\/image\\\/\"},\"sameAs\":[\"https:\\\/\\\/www.instagram.com\\\/revolutionpadelstore\\\/\"]}]}<\/script>\n<!-- \/ Yoast SEO plugin. -->","yoast_head_json":{"title":"ADIDAS METALBONE PRO EDT 2024 ALE GALAN - Revolution Padel Store","description":"La PRO-EDT Metalbone by Ale Gal\u00e1n fusiona las mejores tecnolog\u00edas del jugador madrile\u00f1o en una pala exclusiva para aquellos que buscan dominar la pista. Su\u00a0Octogonal Structure\u00a0ofrece una rigidez sin igual y una potencia descomunal, mientras que la rugosidad\u00a0Spin Blade\u00a0y la disposici\u00f3n de los agujeros\u00a0Smart Holes Curve te permiten ejecutar golpes con efecto de ensue\u00f1o. El\u00a0Weight & Balance System\u00a0te da el poder de ajustar el peso y el equilibrio de la pala a tu gusto, adapt\u00e1ndola a tu estilo de juego \u00fanico. Y la combinaci\u00f3n de fibra\u00a0Carbon Aluminized 2 to 1\u00a0y goma\u00a0EVA Soft Performance\u00a0te ofrece un control y una potencia excepcionales, permiti\u00e9ndote brillar en cada golpe.","robots":{"index":"index","follow":"follow","max-snippet":"max-snippet:-1","max-image-preview":"max-image-preview:large","max-video-preview":"max-video-preview:-1"},"canonical":"https:\/\/revolutionpadelstore.com\/de\/produkt\/adidas-metalbone-pro-edt-2024-ale-galan\/","og_locale":"de_DE","og_type":"article","og_title":"COMPRAR METALBONE PRO EDT 2024 ALE GALAN","og_description":"La PRO-EDT Metalbone by Ale Gal\u00e1n fusiona las mejores tecnolog\u00edas del jugador madrile\u00f1o en una pala exclusiva para aquellos que buscan dominar la pista. Su\u00a0Octogonal Structure\u00a0ofrece una rigidez sin igual y una potencia descomunal, mientras que la rugosidad\u00a0Spin Blade\u00a0y la disposici\u00f3n de los agujeros\u00a0Smart Holes Curve te permiten ejecutar golpes con efecto de ensue\u00f1o. El\u00a0Weight & Balance System\u00a0te da el poder de ajustar el peso y el equilibrio de la pala a tu gusto, adapt\u00e1ndola a tu estilo de juego \u00fanico. Y la combinaci\u00f3n de fibra\u00a0Carbon Aluminized 2 to 1\u00a0y goma\u00a0EVA Soft Performance\u00a0te ofrece un control y una potencia excepcionales, permiti\u00e9ndote brillar en cada golpe.","og_url":"https:\/\/revolutionpadelstore.com\/de\/produkt\/adidas-metalbone-pro-edt-2024-ale-galan\/","og_site_name":"Revolution Padel Store","article_modified_time":"2026-04-08T09:17:10+00:00","og_image":[{"width":900,"height":900,"url":"https:\/\/revolutionpadelstore.com\/wp-content\/uploads\/2024\/06\/adidas-metalbone-pro-edt-2024.png","type":"image\/png"}],"twitter_card":"summary_large_image","twitter_misc":{"Gesch\u00e4tzte Lesezeit":"2\u00a0Minuten"},"schema":{"@context":"https:\/\/schema.org","@graph":[{"@type":"WebPage","@id":"https:\/\/revolutionpadelstore.com\/de\/produkt\/adidas-metalbone-pro-edt-2024-ale-galan\/","url":"https:\/\/revolutionpadelstore.com\/de\/produkt\/adidas-metalbone-pro-edt-2024-ale-galan\/","name":"ADIDAS METALBONE PRO EDT 2024 ALE GALAN - Revolution Padel Store","isPartOf":{"@id":"https:\/\/revolutionpadelstore.com\/de\/#website"},"primaryImageOfPage":{"@id":"https:\/\/revolutionpadelstore.com\/de\/produkt\/adidas-metalbone-pro-edt-2024-ale-galan\/#primaryimage"},"image":{"@id":"https:\/\/revolutionpadelstore.com\/de\/produkt\/adidas-metalbone-pro-edt-2024-ale-galan\/#primaryimage"},"thumbnailUrl":"https:\/\/revolutionpadelstore.com\/wp-content\/uploads\/2024\/06\/adidas-metalbone-pro-edt-2024.png","datePublished":"2024-06-18T06:19:32+00:00","dateModified":"2026-04-08T09:17:10+00:00","description":"La PRO-EDT Metalbone by Ale Gal\u00e1n fusiona las mejores tecnolog\u00edas del jugador madrile\u00f1o en una pala exclusiva para aquellos que buscan dominar la pista. Su\u00a0Octogonal Structure\u00a0ofrece una rigidez sin igual y una potencia descomunal, mientras que la rugosidad\u00a0Spin Blade\u00a0y la disposici\u00f3n de los agujeros\u00a0Smart Holes Curve te permiten ejecutar golpes con efecto de ensue\u00f1o. El\u00a0Weight & Balance System\u00a0te da el poder de ajustar el peso y el equilibrio de la pala a tu gusto, adapt\u00e1ndola a tu estilo de juego \u00fanico. Y la combinaci\u00f3n de fibra\u00a0Carbon Aluminized 2 to 1\u00a0y goma\u00a0EVA Soft Performance\u00a0te ofrece un control y una potencia excepcionales, permiti\u00e9ndote brillar en cada golpe.","breadcrumb":{"@id":"https:\/\/revolutionpadelstore.com\/de\/produkt\/adidas-metalbone-pro-edt-2024-ale-galan\/#breadcrumb"},"inLanguage":"de","potentialAction":[{"@type":"ReadAction","target":["https:\/\/revolutionpadelstore.com\/de\/produkt\/adidas-metalbone-pro-edt-2024-ale-galan\/"]}]},{"@type":"ImageObject","inLanguage":"de","@id":"https:\/\/revolutionpadelstore.com\/de\/produkt\/adidas-metalbone-pro-edt-2024-ale-galan\/#primaryimage","url":"https:\/\/revolutionpadelstore.com\/wp-content\/uploads\/2024\/06\/adidas-metalbone-pro-edt-2024.png","contentUrl":"https:\/\/revolutionpadelstore.com\/wp-content\/uploads\/2024\/06\/adidas-metalbone-pro-edt-2024.png","width":900,"height":900},{"@type":"BreadcrumbList","@id":"https:\/\/revolutionpadelstore.com\/de\/produkt\/adidas-metalbone-pro-edt-2024-ale-galan\/#breadcrumb","itemListElement":[{"@type":"ListItem","position":1,"name":"Portada","item":"https:\/\/revolutionpadelstore.com\/de\/"},{"@type":"ListItem","position":2,"name":"Shop","item":"https:\/\/revolutionpadelstore.com\/de\/tienda\/"},{"@type":"ListItem","position":3,"name":"ADIDAS METALBONE PRO EDT 2024 ALE GALAN"}]},{"@type":"WebSite","@id":"https:\/\/revolutionpadelstore.com\/de\/#website","url":"https:\/\/revolutionpadelstore.com\/de\/","name":"Revolution Padel Store","description":"","publisher":{"@id":"https:\/\/revolutionpadelstore.com\/de\/#organization"},"potentialAction":[{"@type":"SearchAction","target":{"@type":"EntryPoint","urlTemplate":"https:\/\/revolutionpadelstore.com\/de\/?s={search_term_string}"},"query-input":{"@type":"PropertyValueSpecification","valueRequired":true,"valueName":"search_term_string"}}],"inLanguage":"de"},{"@type":"Organization","@id":"https:\/\/revolutionpadelstore.com\/de\/#organization","name":"Revolution Padel Store","url":"https:\/\/revolutionpadelstore.com\/de\/","logo":{"@type":"ImageObject","inLanguage":"de","@id":"https:\/\/revolutionpadelstore.com\/de\/#\/schema\/logo\/image\/","url":"https:\/\/revolutionpadelstore.com\/wp-content\/uploads\/2026\/02\/revolution-padel-store.jpg","contentUrl":"https:\/\/revolutionpadelstore.com\/wp-content\/uploads\/2026\/02\/revolution-padel-store.jpg","width":2000,"height":2000,"caption":"Revolution Padel Store"},"image":{"@id":"https:\/\/revolutionpadelstore.com\/de\/#\/schema\/logo\/image\/"},"sameAs":["https:\/\/www.instagram.com\/revolutionpadelstore\/"]}]}},"_links":{"self":[{"href":"https:\/\/revolutionpadelstore.com\/de\/wp-json\/wp\/v2\/product\/11047","targetHints":{"allow":["GET"]}}],"collection":[{"href":"https:\/\/revolutionpadelstore.com\/de\/wp-json\/wp\/v2\/product"}],"about":[{"href":"https:\/\/revolutionpadelstore.com\/de\/wp-json\/wp\/v2\/types\/product"}],"replies":[{"embeddable":true,"href":"https:\/\/revolutionpadelstore.com\/de\/wp-json\/wp\/v2\/comments?post=11047"}],"wp:featuredmedia":[{"embeddable":true,"href":"https:\/\/revolutionpadelstore.com\/de\/wp-json\/wp\/v2\/media\/11056"}],"wp:attachment":[{"href":"https:\/\/revolutionpadelstore.com\/de\/wp-json\/wp\/v2\/media?parent=11047"}],"wp:term":[{"taxonomy":"acabado","embeddable":true,"href":"https:\/\/revolutionpadelstore.com\/de\/wp-json\/wp\/v2\/acabado?post=11047"},{"taxonomy":"balance","embeddable":true,"href":"https:\/\/revolutionpadelstore.com\/de\/wp-json\/wp\/v2\/balance?post=11047"},{"taxonomy":"dureza","embeddable":true,"href":"https:\/\/revolutionpadelstore.com\/de\/wp-json\/wp\/v2\/dureza?post=11047"},{"taxonomy":"forma","embeddable":true,"href":"https:\/\/revolutionpadelstore.com\/de\/wp-json\/wp\/v2\/forma?post=11047"},{"taxonomy":"jugador","embeddable":true,"href":"https:\/\/revolutionpadelstore.com\/de\/wp-json\/wp\/v2\/jugador?post=11047"},{"taxonomy":"marca","embeddable":true,"href":"https:\/\/revolutionpadelstore.com\/de\/wp-json\/wp\/v2\/marca?post=11047"},{"taxonomy":"nivel-de-juego","embeddable":true,"href":"https:\/\/revolutionpadelstore.com\/de\/wp-json\/wp\/v2\/nivel-de-juego?post=11047"},{"taxonomy":"superficie","embeddable":true,"href":"https:\/\/revolutionpadelstore.com\/de\/wp-json\/wp\/v2\/superficie?post=11047"},{"taxonomy":"tipo-de-juego","embeddable":true,"href":"https:\/\/revolutionpadelstore.com\/de\/wp-json\/wp\/v2\/tipo-de-juego?post=11047"},{"taxonomy":"product_brand","embeddable":true,"href":"https:\/\/revolutionpadelstore.com\/de\/wp-json\/wp\/v2\/product_brand?post=11047"},{"taxonomy":"product_cat","embeddable":true,"href":"https:\/\/revolutionpadelstore.com\/de\/wp-json\/wp\/v2\/product_cat?post=11047"},{"taxonomy":"product_tag","embeddable":true,"href":"https:\/\/revolutionpadelstore.com\/de\/wp-json\/wp\/v2\/product_tag?post=11047"}],"curies":[{"name":"wp","href":"https:\/\/api.w.org\/{rel}","templated":true}]}}