{"id":11010,"date":"2024-06-18T13:16:46","date_gmt":"2024-06-18T11:16:46","guid":{"rendered":"https:\/\/revolutionpadelstore.com\/cross-it-pro-edt-2024-marta-ortega\/"},"modified":"2026-04-08T11:16:38","modified_gmt":"2026-04-08T09:16:38","slug":"adidas-cross-it-pro-edt-2024-marta-ortega","status":"publish","type":"product","link":"https:\/\/revolutionpadelstore.com\/de\/produkt\/adidas-cross-it-pro-edt-2024-marta-ortega\/","title":{"rendered":"ADIDAS CROSS IT PRO EDT 2024 MARTA ORTEGA"},"content":{"rendered":"<div class=\"elementor-widget Elementor-element Elementor-element-v9q0wy0 Elementor-widget-heading\" data-element_type=\"heading\">\n<div class=\"elementor-widget-container\">\n<h2 class=\"elementor-heading-titleelementor-size-default none\">CROSS IT PRO EDT<\/h2>\n<\/div>\n<\/div>\n<div class=\"elementor-widget Elementor-element Elementor-element-1chplo7 Elementor-widget-text-editor\" data-element_type=\"text-editor\">\n<div class=\"elementor-widget-container\">\n<div class=\"elementor-text-editor rte-content\">\n<p>Der PRO-EDT Cross It Light von Marta Ortega ist ein exklusiver Schl\u00e4ger f\u00fcr Spieler, die in jedem Punkt Perfektion anstreben. Es enth\u00e4lt alle revolution\u00e4ren Cross It-Technologien, die Ihnen in allen Aspekten des Spiels einen Mehrwert bieten. Mit dem Extra Power Grip und dem Dynamic Air Flow-System k\u00f6nnen Sie \u00fcberw\u00e4ltigende Kraft freisetzen, w\u00e4hrend die Spin Blade Mold Ihnen dabei hilft, Schl\u00e4ge mit einem Spin auszuf\u00fchren, der einem Profi w\u00fcrdig ist. <strong>Eleven 13<\/strong>&#8211; und <strong>Structural Reinforcement<\/strong>-Technologien garantieren, dass Ihr Schl\u00e4ger den h\u00e4rtesten Schl\u00e4gen standh\u00e4lt, sodass Sie sorgenfrei spielen k\u00f6nnen. Die Zusammensetzung aus 24K Carbon Aluminized-Fasern und <strong>EVA Soft Energy<\/strong>-Gummi verleiht Ihnen eine beneidenswerte Steifigkeit, perfekt, um bei kraftvollen und pr\u00e4zisen Schl\u00e4gen zu gl\u00e4nzen.<\/p>\n<p>Die Aerodynamik ist in der Welt des Padel angekommen. Diese Technologie reduziert den Luftwiderstand im Halsbereich des Schl\u00e4gers, um bei der Ausf\u00fchrung von Schl\u00e4gen, insbesondere bei den st\u00e4rksten Schl\u00e4gen, an Geschwindigkeit zu gewinnen.<\/p>\n<p>Eine neue Art der Lochanordnung, die die Haltbarkeit und Leistungskapazit\u00e4t des Schl\u00e4gers verbessert. Sie bestehen aus kleineren L\u00f6chern als gew\u00f6hnlich, die sich im mittleren Teil des Kopfes befinden. Dadurch gewinnt dieser zentrale Teil an Konsistenz und Steifigkeit.<\/p>\n<p>Der Griff des Schl\u00e4gers ist l\u00e4nger als \u00fcblich. Dadurch wird das Gleichgewicht des Schl\u00e4gers auf den Kopf konzentriert, ein Faktor, der es Ihnen erm\u00f6glicht, mehr Tr\u00e4gheit und ein besseres Verhalten bei kraftvollen Schl\u00e4gen zu erreichen.<\/p>\n<\/div>\n<\/div>\n<\/div>\n","protected":false},"excerpt":{"rendered":"<p>Der PRO-EDT Cross It Light von Marta Ortega ist ein exklusiver Schl\u00e4ger f\u00fcr Spieler, die in jedem Punkt Perfektion anstreben. Es enth\u00e4lt alle revolution\u00e4ren Cross It-Technologien, die Ihnen in allen Aspekten des Spiels einen Mehrwert bieten.<\/p>\n","protected":false},"featured_media":11018,"comment_status":"open","ping_status":"closed","template":"","meta":{"_acf_changed":false,"_joinchat":[]},"acabado":[1089],"balance":[1134,1139],"dureza":[1159,1154],"forma":[1174],"jugador":[1194],"marca":[1229],"nivel-de-juego":[1334],"superficie":[1359],"tipo-de-juego":[1374,1384],"product_brand":[],"product_cat":[299],"product_tag":[],"class_list":{"0":"post-11010","1":"product","2":"type-product","3":"status-publish","4":"has-post-thumbnail","6":"acabado-3d-entlasten","7":"balance-hoch","8":"balance-mittel","9":"dureza-dura-de","10":"dureza-media-de","11":"forma-hybrid","12":"jugador-frau","13":"marca-adidas-de","14":"superficie-rugosa-de","15":"tipo-de-juego-leistung","16":"tipo-de-juego-mehrzweck","17":"product_cat-palas-de-padel-de","19":"first","20":"outofstock","21":"sale","22":"taxable","23":"shipping-taxable","24":"purchasable","25":"product-type-simple"},"acf":[],"yoast_head":"<!-- This site is optimized with the Yoast SEO plugin v27.4 - https:\/\/yoast.com\/product\/yoast-seo-wordpress\/ -->\n<title>ADIDAS CROSS IT PRO EDT 2024 MARTA ORTEGA - Revolution Padel Store<\/title>\n<meta name=\"description\" content=\"La PRO-EDT Cross It Light by Marta Ortega es una pala exclusiva dise\u00f1ada para jugadoras y jugadores que buscan la perfecci\u00f3n en cada punto. Incorpora todas las revolucionarias tecnolog\u00edas Cross It, que te brindan un valor diferencial en todos los aspectos del juego.\" \/>\n<meta name=\"robots\" content=\"index, follow, max-snippet:-1, max-image-preview:large, max-video-preview:-1\" \/>\n<link rel=\"canonical\" href=\"https:\/\/revolutionpadelstore.com\/de\/produkt\/adidas-cross-it-pro-edt-2024-marta-ortega\/\" \/>\n<meta property=\"og:locale\" content=\"de_DE\" \/>\n<meta property=\"og:type\" content=\"article\" \/>\n<meta property=\"og:title\" content=\"COMPRAR CROSS IT PRO EDT 2024 MARTA ORTEGA\" \/>\n<meta property=\"og:description\" content=\"La PRO-EDT Cross It Light by Marta Ortega es una pala exclusiva dise\u00f1ada para jugadoras y jugadores que buscan la perfecci\u00f3n en cada punto. Incorpora todas las revolucionarias tecnolog\u00edas Cross It, que te brindan un valor diferencial en todos los aspectos del juego.\" \/>\n<meta property=\"og:url\" content=\"https:\/\/revolutionpadelstore.com\/de\/produkt\/adidas-cross-it-pro-edt-2024-marta-ortega\/\" \/>\n<meta property=\"og:site_name\" content=\"Revolution Padel Store\" \/>\n<meta property=\"article:modified_time\" content=\"2026-04-08T09:16:38+00:00\" \/>\n<meta property=\"og:image\" content=\"https:\/\/revolutionpadelstore.com\/wp-content\/uploads\/2024\/06\/adidas-cross-it-pro-edt-2024.png\" \/>\n\t<meta property=\"og:image:width\" content=\"900\" \/>\n\t<meta property=\"og:image:height\" content=\"900\" \/>\n\t<meta property=\"og:image:type\" content=\"image\/png\" \/>\n<meta name=\"twitter:card\" content=\"summary_large_image\" \/>\n<meta name=\"twitter:label1\" content=\"Gesch\u00e4tzte Lesezeit\" \/>\n\t<meta name=\"twitter:data1\" content=\"2\u00a0Minuten\" \/>\n<script type=\"application\/ld+json\" class=\"yoast-schema-graph\">{\"@context\":\"https:\\\/\\\/schema.org\",\"@graph\":[{\"@type\":\"WebPage\",\"@id\":\"https:\\\/\\\/revolutionpadelstore.com\\\/de\\\/produkt\\\/adidas-cross-it-pro-edt-2024-marta-ortega\\\/\",\"url\":\"https:\\\/\\\/revolutionpadelstore.com\\\/de\\\/produkt\\\/adidas-cross-it-pro-edt-2024-marta-ortega\\\/\",\"name\":\"ADIDAS CROSS IT PRO EDT 2024 MARTA ORTEGA - Revolution Padel Store\",\"isPartOf\":{\"@id\":\"https:\\\/\\\/revolutionpadelstore.com\\\/de\\\/#website\"},\"primaryImageOfPage\":{\"@id\":\"https:\\\/\\\/revolutionpadelstore.com\\\/de\\\/produkt\\\/adidas-cross-it-pro-edt-2024-marta-ortega\\\/#primaryimage\"},\"image\":{\"@id\":\"https:\\\/\\\/revolutionpadelstore.com\\\/de\\\/produkt\\\/adidas-cross-it-pro-edt-2024-marta-ortega\\\/#primaryimage\"},\"thumbnailUrl\":\"https:\\\/\\\/revolutionpadelstore.com\\\/wp-content\\\/uploads\\\/2024\\\/06\\\/adidas-cross-it-pro-edt-2024.png\",\"datePublished\":\"2024-06-18T11:16:46+00:00\",\"dateModified\":\"2026-04-08T09:16:38+00:00\",\"description\":\"La PRO-EDT Cross It Light by Marta Ortega es una pala exclusiva dise\u00f1ada para jugadoras y jugadores que buscan la perfecci\u00f3n en cada punto. Incorpora todas las revolucionarias tecnolog\u00edas Cross It, que te brindan un valor diferencial en todos los aspectos del juego.\",\"breadcrumb\":{\"@id\":\"https:\\\/\\\/revolutionpadelstore.com\\\/de\\\/produkt\\\/adidas-cross-it-pro-edt-2024-marta-ortega\\\/#breadcrumb\"},\"inLanguage\":\"de\",\"potentialAction\":[{\"@type\":\"ReadAction\",\"target\":[\"https:\\\/\\\/revolutionpadelstore.com\\\/de\\\/produkt\\\/adidas-cross-it-pro-edt-2024-marta-ortega\\\/\"]}]},{\"@type\":\"ImageObject\",\"inLanguage\":\"de\",\"@id\":\"https:\\\/\\\/revolutionpadelstore.com\\\/de\\\/produkt\\\/adidas-cross-it-pro-edt-2024-marta-ortega\\\/#primaryimage\",\"url\":\"https:\\\/\\\/revolutionpadelstore.com\\\/wp-content\\\/uploads\\\/2024\\\/06\\\/adidas-cross-it-pro-edt-2024.png\",\"contentUrl\":\"https:\\\/\\\/revolutionpadelstore.com\\\/wp-content\\\/uploads\\\/2024\\\/06\\\/adidas-cross-it-pro-edt-2024.png\",\"width\":900,\"height\":900},{\"@type\":\"BreadcrumbList\",\"@id\":\"https:\\\/\\\/revolutionpadelstore.com\\\/de\\\/produkt\\\/adidas-cross-it-pro-edt-2024-marta-ortega\\\/#breadcrumb\",\"itemListElement\":[{\"@type\":\"ListItem\",\"position\":1,\"name\":\"Portada\",\"item\":\"https:\\\/\\\/revolutionpadelstore.com\\\/de\\\/\"},{\"@type\":\"ListItem\",\"position\":2,\"name\":\"Shop\",\"item\":\"https:\\\/\\\/revolutionpadelstore.com\\\/de\\\/tienda\\\/\"},{\"@type\":\"ListItem\",\"position\":3,\"name\":\"ADIDAS CROSS IT PRO EDT 2024 MARTA ORTEGA\"}]},{\"@type\":\"WebSite\",\"@id\":\"https:\\\/\\\/revolutionpadelstore.com\\\/de\\\/#website\",\"url\":\"https:\\\/\\\/revolutionpadelstore.com\\\/de\\\/\",\"name\":\"Revolution Padel Store\",\"description\":\"\",\"publisher\":{\"@id\":\"https:\\\/\\\/revolutionpadelstore.com\\\/de\\\/#organization\"},\"potentialAction\":[{\"@type\":\"SearchAction\",\"target\":{\"@type\":\"EntryPoint\",\"urlTemplate\":\"https:\\\/\\\/revolutionpadelstore.com\\\/de\\\/?s={search_term_string}\"},\"query-input\":{\"@type\":\"PropertyValueSpecification\",\"valueRequired\":true,\"valueName\":\"search_term_string\"}}],\"inLanguage\":\"de\"},{\"@type\":\"Organization\",\"@id\":\"https:\\\/\\\/revolutionpadelstore.com\\\/de\\\/#organization\",\"name\":\"Revolution Padel Store\",\"url\":\"https:\\\/\\\/revolutionpadelstore.com\\\/de\\\/\",\"logo\":{\"@type\":\"ImageObject\",\"inLanguage\":\"de\",\"@id\":\"https:\\\/\\\/revolutionpadelstore.com\\\/de\\\/#\\\/schema\\\/logo\\\/image\\\/\",\"url\":\"https:\\\/\\\/revolutionpadelstore.com\\\/wp-content\\\/uploads\\\/2026\\\/02\\\/revolution-padel-store.jpg\",\"contentUrl\":\"https:\\\/\\\/revolutionpadelstore.com\\\/wp-content\\\/uploads\\\/2026\\\/02\\\/revolution-padel-store.jpg\",\"width\":2000,\"height\":2000,\"caption\":\"Revolution Padel Store\"},\"image\":{\"@id\":\"https:\\\/\\\/revolutionpadelstore.com\\\/de\\\/#\\\/schema\\\/logo\\\/image\\\/\"},\"sameAs\":[\"https:\\\/\\\/www.instagram.com\\\/revolutionpadelstore\\\/\"]}]}<\/script>\n<!-- \/ Yoast SEO plugin. -->","yoast_head_json":{"title":"ADIDAS CROSS IT PRO EDT 2024 MARTA ORTEGA - Revolution Padel Store","description":"La PRO-EDT Cross It Light by Marta Ortega es una pala exclusiva dise\u00f1ada para jugadoras y jugadores que buscan la perfecci\u00f3n en cada punto. Incorpora todas las revolucionarias tecnolog\u00edas Cross It, que te brindan un valor diferencial en todos los aspectos del juego.","robots":{"index":"index","follow":"follow","max-snippet":"max-snippet:-1","max-image-preview":"max-image-preview:large","max-video-preview":"max-video-preview:-1"},"canonical":"https:\/\/revolutionpadelstore.com\/de\/produkt\/adidas-cross-it-pro-edt-2024-marta-ortega\/","og_locale":"de_DE","og_type":"article","og_title":"COMPRAR CROSS IT PRO EDT 2024 MARTA ORTEGA","og_description":"La PRO-EDT Cross It Light by Marta Ortega es una pala exclusiva dise\u00f1ada para jugadoras y jugadores que buscan la perfecci\u00f3n en cada punto. Incorpora todas las revolucionarias tecnolog\u00edas Cross It, que te brindan un valor diferencial en todos los aspectos del juego.","og_url":"https:\/\/revolutionpadelstore.com\/de\/produkt\/adidas-cross-it-pro-edt-2024-marta-ortega\/","og_site_name":"Revolution Padel Store","article_modified_time":"2026-04-08T09:16:38+00:00","og_image":[{"width":900,"height":900,"url":"https:\/\/revolutionpadelstore.com\/wp-content\/uploads\/2024\/06\/adidas-cross-it-pro-edt-2024.png","type":"image\/png"}],"twitter_card":"summary_large_image","twitter_misc":{"Gesch\u00e4tzte Lesezeit":"2\u00a0Minuten"},"schema":{"@context":"https:\/\/schema.org","@graph":[{"@type":"WebPage","@id":"https:\/\/revolutionpadelstore.com\/de\/produkt\/adidas-cross-it-pro-edt-2024-marta-ortega\/","url":"https:\/\/revolutionpadelstore.com\/de\/produkt\/adidas-cross-it-pro-edt-2024-marta-ortega\/","name":"ADIDAS CROSS IT PRO EDT 2024 MARTA ORTEGA - Revolution Padel Store","isPartOf":{"@id":"https:\/\/revolutionpadelstore.com\/de\/#website"},"primaryImageOfPage":{"@id":"https:\/\/revolutionpadelstore.com\/de\/produkt\/adidas-cross-it-pro-edt-2024-marta-ortega\/#primaryimage"},"image":{"@id":"https:\/\/revolutionpadelstore.com\/de\/produkt\/adidas-cross-it-pro-edt-2024-marta-ortega\/#primaryimage"},"thumbnailUrl":"https:\/\/revolutionpadelstore.com\/wp-content\/uploads\/2024\/06\/adidas-cross-it-pro-edt-2024.png","datePublished":"2024-06-18T11:16:46+00:00","dateModified":"2026-04-08T09:16:38+00:00","description":"La PRO-EDT Cross It Light by Marta Ortega es una pala exclusiva dise\u00f1ada para jugadoras y jugadores que buscan la perfecci\u00f3n en cada punto. Incorpora todas las revolucionarias tecnolog\u00edas Cross It, que te brindan un valor diferencial en todos los aspectos del juego.","breadcrumb":{"@id":"https:\/\/revolutionpadelstore.com\/de\/produkt\/adidas-cross-it-pro-edt-2024-marta-ortega\/#breadcrumb"},"inLanguage":"de","potentialAction":[{"@type":"ReadAction","target":["https:\/\/revolutionpadelstore.com\/de\/produkt\/adidas-cross-it-pro-edt-2024-marta-ortega\/"]}]},{"@type":"ImageObject","inLanguage":"de","@id":"https:\/\/revolutionpadelstore.com\/de\/produkt\/adidas-cross-it-pro-edt-2024-marta-ortega\/#primaryimage","url":"https:\/\/revolutionpadelstore.com\/wp-content\/uploads\/2024\/06\/adidas-cross-it-pro-edt-2024.png","contentUrl":"https:\/\/revolutionpadelstore.com\/wp-content\/uploads\/2024\/06\/adidas-cross-it-pro-edt-2024.png","width":900,"height":900},{"@type":"BreadcrumbList","@id":"https:\/\/revolutionpadelstore.com\/de\/produkt\/adidas-cross-it-pro-edt-2024-marta-ortega\/#breadcrumb","itemListElement":[{"@type":"ListItem","position":1,"name":"Portada","item":"https:\/\/revolutionpadelstore.com\/de\/"},{"@type":"ListItem","position":2,"name":"Shop","item":"https:\/\/revolutionpadelstore.com\/de\/tienda\/"},{"@type":"ListItem","position":3,"name":"ADIDAS CROSS IT PRO EDT 2024 MARTA ORTEGA"}]},{"@type":"WebSite","@id":"https:\/\/revolutionpadelstore.com\/de\/#website","url":"https:\/\/revolutionpadelstore.com\/de\/","name":"Revolution Padel Store","description":"","publisher":{"@id":"https:\/\/revolutionpadelstore.com\/de\/#organization"},"potentialAction":[{"@type":"SearchAction","target":{"@type":"EntryPoint","urlTemplate":"https:\/\/revolutionpadelstore.com\/de\/?s={search_term_string}"},"query-input":{"@type":"PropertyValueSpecification","valueRequired":true,"valueName":"search_term_string"}}],"inLanguage":"de"},{"@type":"Organization","@id":"https:\/\/revolutionpadelstore.com\/de\/#organization","name":"Revolution Padel Store","url":"https:\/\/revolutionpadelstore.com\/de\/","logo":{"@type":"ImageObject","inLanguage":"de","@id":"https:\/\/revolutionpadelstore.com\/de\/#\/schema\/logo\/image\/","url":"https:\/\/revolutionpadelstore.com\/wp-content\/uploads\/2026\/02\/revolution-padel-store.jpg","contentUrl":"https:\/\/revolutionpadelstore.com\/wp-content\/uploads\/2026\/02\/revolution-padel-store.jpg","width":2000,"height":2000,"caption":"Revolution Padel Store"},"image":{"@id":"https:\/\/revolutionpadelstore.com\/de\/#\/schema\/logo\/image\/"},"sameAs":["https:\/\/www.instagram.com\/revolutionpadelstore\/"]}]}},"_links":{"self":[{"href":"https:\/\/revolutionpadelstore.com\/de\/wp-json\/wp\/v2\/product\/11010","targetHints":{"allow":["GET"]}}],"collection":[{"href":"https:\/\/revolutionpadelstore.com\/de\/wp-json\/wp\/v2\/product"}],"about":[{"href":"https:\/\/revolutionpadelstore.com\/de\/wp-json\/wp\/v2\/types\/product"}],"replies":[{"embeddable":true,"href":"https:\/\/revolutionpadelstore.com\/de\/wp-json\/wp\/v2\/comments?post=11010"}],"wp:featuredmedia":[{"embeddable":true,"href":"https:\/\/revolutionpadelstore.com\/de\/wp-json\/wp\/v2\/media\/11018"}],"wp:attachment":[{"href":"https:\/\/revolutionpadelstore.com\/de\/wp-json\/wp\/v2\/media?parent=11010"}],"wp:term":[{"taxonomy":"acabado","embeddable":true,"href":"https:\/\/revolutionpadelstore.com\/de\/wp-json\/wp\/v2\/acabado?post=11010"},{"taxonomy":"balance","embeddable":true,"href":"https:\/\/revolutionpadelstore.com\/de\/wp-json\/wp\/v2\/balance?post=11010"},{"taxonomy":"dureza","embeddable":true,"href":"https:\/\/revolutionpadelstore.com\/de\/wp-json\/wp\/v2\/dureza?post=11010"},{"taxonomy":"forma","embeddable":true,"href":"https:\/\/revolutionpadelstore.com\/de\/wp-json\/wp\/v2\/forma?post=11010"},{"taxonomy":"jugador","embeddable":true,"href":"https:\/\/revolutionpadelstore.com\/de\/wp-json\/wp\/v2\/jugador?post=11010"},{"taxonomy":"marca","embeddable":true,"href":"https:\/\/revolutionpadelstore.com\/de\/wp-json\/wp\/v2\/marca?post=11010"},{"taxonomy":"nivel-de-juego","embeddable":true,"href":"https:\/\/revolutionpadelstore.com\/de\/wp-json\/wp\/v2\/nivel-de-juego?post=11010"},{"taxonomy":"superficie","embeddable":true,"href":"https:\/\/revolutionpadelstore.com\/de\/wp-json\/wp\/v2\/superficie?post=11010"},{"taxonomy":"tipo-de-juego","embeddable":true,"href":"https:\/\/revolutionpadelstore.com\/de\/wp-json\/wp\/v2\/tipo-de-juego?post=11010"},{"taxonomy":"product_brand","embeddable":true,"href":"https:\/\/revolutionpadelstore.com\/de\/wp-json\/wp\/v2\/product_brand?post=11010"},{"taxonomy":"product_cat","embeddable":true,"href":"https:\/\/revolutionpadelstore.com\/de\/wp-json\/wp\/v2\/product_cat?post=11010"},{"taxonomy":"product_tag","embeddable":true,"href":"https:\/\/revolutionpadelstore.com\/de\/wp-json\/wp\/v2\/product_tag?post=11010"}],"curies":[{"name":"wp","href":"https:\/\/api.w.org\/{rel}","templated":true}]}}