{"id":10973,"date":"2024-06-18T14:51:16","date_gmt":"2024-06-18T12:51:16","guid":{"rendered":"https:\/\/revolutionpadelstore.com\/adipower-ctrl-mtw-pro-edt-2024-alex-ruiz\/"},"modified":"2026-04-08T11:16:09","modified_gmt":"2026-04-08T09:16:09","slug":"adidas-adipower-ctrl-mtw-pro-edt-2024-alex-ruiz","status":"publish","type":"product","link":"https:\/\/revolutionpadelstore.com\/de\/produkt\/adidas-adipower-ctrl-mtw-pro-edt-2024-alex-ruiz\/","title":{"rendered":"ADIDAS ADIPOWER CTRL MTW PRO EDT 2024 ALEX RUIZ"},"content":{"rendered":"<div class=\"elementor-widget Elementor-element Elementor-element-hb8cjf9 Elementor-widget-heading\" data-element_type=\"heading\">\n<div class=\"elementor-widget-container\">\n<h2 class=\"elementor-heading-titleelementor-size-default none\">ADIPOWER CTRL MTW PRO EDT<\/h2>\n<\/div>\n<\/div>\n<div class=\"elementor-widget Elementor-element Elementor-element-tv9zqlu Elementor-widget-text-editor\" data-element_type=\"text-editor\">\n<div class=\"elementor-widget-container\">\n<div class=\"elementor-text-editor rte-content\">\n<p>Der PRO-EDT Adipower CTRL MTW von \u00c1lex Ruiz ist ein einzigartiges und exklusives Modell. Es vereint alle Multiweight-Technologien und Materialien h\u00f6chster Qualit\u00e4t, um Spitzenleistungen zu erzielen. Um maximale Power zu erreichen, sorgen der Power Embossed Ridge und das Dual Exoskeleton f\u00fcr unvergleichliche Steifigkeit, w\u00e4hrend der beste Spin vom Spin Blade kommt<\/p>\n<p>Mit dem <strong>Weight &amp; Balance<\/strong>-System k\u00f6nnen Sie das Gewicht und die Balance des Schl\u00e4gers nach Ihren W\u00fcnschen anpassen und so die perfekte Balance zwischen Kraft und Kontrolle finden. Die runde Form des Schl\u00e4gers bietet Ihnen absolute Kontrolle den Ball, sodass Sie ihn pr\u00e4zise in jeder Ecke des Spielfelds platzieren k\u00f6nnen.<\/p>\n<p>Die Kombination aus <strong>18K Carbonfaser<\/strong> und <strong>EVA High Memory<\/strong>-Gummi sorgt f\u00fcr un\u00fcbertroffene Steifigkeit, perfekt f\u00fcr den Einsatz eines \u00fcberw\u00e4ltigenden Angriffsspiels.<\/p>\n<p>Das Gleichgewicht und die Gewichte des Schl\u00e4gers sind dank dieser innovativen Technologie, die nur in Schl\u00e4gern der Spitzenklasse vorhanden ist, ver\u00e4nderbar. Sein abnehmbares Schraubensystem, das oben und an den Seiten des Schl\u00e4gerkopfes angebracht ist, erm\u00f6glicht es Ihnen, die Gewichtsverteilung anzupassen und das Verhalten jederzeit an die Bed\u00fcrfnisse jedes Spielers anzupassen.<\/p>\n<p>Steifigkeit ist ein wesentliches Merkmal von Rotorbl\u00e4ttern, die \u00fcber diese Strukturverst\u00e4rkungstechnologie verf\u00fcgen. Doppelt hohe Carbonrippen, die \u00fcber den Kern und den Rahmen verteilt sind, bieten die beste Leistung bei den st\u00e4rksten Schl\u00e4gen.<\/p>\n<p>Der Schl\u00e4ger hat ein raues Relief auf der Oberfl\u00e4che, um die besten Effekte zu erzielen. Die Reibung mit dem Ball ist hoch, um den Gegnern die \u00fcberraschendsten und kompliziertesten Wendungen zu erm\u00f6glichen.<\/p>\n<\/div>\n<\/div>\n<\/div>\n","protected":false},"excerpt":{"rendered":"<p>ADIPOWER CTRL MTW PRO EDT Der PRO-EDT Adipower CTRL MTW von \u00c1lex Ruiz ist ein einzigartiges und exklusives Modell. Es vereint alle Multiweight-Technologien und Materialien h\u00f6chster Qualit\u00e4t, um Spitzenleistungen zu erzielen. Um maximale Power zu erreichen, sorgen der Power Embossed Ridge und das Dual Exoskeleton f\u00fcr unvergleichliche Steifigkeit, w\u00e4hrend der beste Spin vom Spin Blade [&hellip;]<\/p>\n","protected":false},"featured_media":10981,"comment_status":"open","ping_status":"closed","template":"","meta":{"_acf_changed":false,"_joinchat":[]},"acabado":[1089],"balance":[1139],"dureza":[1154],"forma":[1179],"jugador":[1189,1199],"marca":[1229],"nivel-de-juego":[1334],"superficie":[1359],"tipo-de-juego":[1389,1384],"product_brand":[],"product_cat":[299],"product_tag":[],"class_list":{"0":"post-10973","1":"product","2":"type-product","3":"status-publish","4":"has-post-thumbnail","6":"acabado-3d-entlasten","7":"balance-mittel","8":"dureza-media-de","9":"forma-rund","10":"jugador-mann","11":"jugador-mehrzweck","12":"marca-adidas-de","13":"superficie-rugosa-de","14":"tipo-de-juego-avanzado-competicion-de","15":"tipo-de-juego-mehrzweck","16":"product_cat-palas-de-padel-de","18":"first","19":"outofstock","20":"sale","21":"taxable","22":"shipping-taxable","23":"purchasable","24":"product-type-simple"},"acf":[],"yoast_head":"<!-- This site is optimized with the Yoast SEO plugin v27.4 - https:\/\/yoast.com\/product\/yoast-seo-wordpress\/ -->\n<title>ADIDAS ADIPOWER CTRL MTW PRO EDT 2024 ALEX RUIZ - Revolution Padel Store<\/title>\n<meta name=\"description\" content=\"La PRO-EDT Adipower CTRL MTW by \u00c1lex Ruiz es un modelo \u00fanico y exclusivo. Agrupa todas las tecnolog\u00edas de Multiweight y los materiales de mayor calidad para alcanzar la excelencia.\" \/>\n<meta name=\"robots\" content=\"index, follow, max-snippet:-1, max-image-preview:large, max-video-preview:-1\" \/>\n<link rel=\"canonical\" href=\"https:\/\/revolutionpadelstore.com\/de\/produkt\/adidas-adipower-ctrl-mtw-pro-edt-2024-alex-ruiz\/\" \/>\n<meta property=\"og:locale\" content=\"de_DE\" \/>\n<meta property=\"og:type\" content=\"article\" \/>\n<meta property=\"og:title\" content=\"COMPRAR ADIPOWER CTRL MTW PRO EDT 2024 ALEX RUIZ\" \/>\n<meta property=\"og:description\" content=\"La PRO-EDT Adipower CTRL MTW by \u00c1lex Ruiz es un modelo \u00fanico y exclusivo. Agrupa todas las tecnolog\u00edas de Multiweight y los materiales de mayor calidad para alcanzar la excelencia.\" \/>\n<meta property=\"og:url\" content=\"https:\/\/revolutionpadelstore.com\/de\/produkt\/adidas-adipower-ctrl-mtw-pro-edt-2024-alex-ruiz\/\" \/>\n<meta property=\"og:site_name\" content=\"Revolution Padel Store\" \/>\n<meta property=\"article:modified_time\" content=\"2026-04-08T09:16:09+00:00\" \/>\n<meta property=\"og:image\" content=\"https:\/\/revolutionpadelstore.com\/wp-content\/uploads\/2024\/06\/adidas-adipower-ctrl-mtw-pro-edt-2024.png\" \/>\n\t<meta property=\"og:image:width\" content=\"900\" \/>\n\t<meta property=\"og:image:height\" content=\"900\" \/>\n\t<meta property=\"og:image:type\" content=\"image\/png\" \/>\n<meta name=\"twitter:card\" content=\"summary_large_image\" \/>\n<meta name=\"twitter:label1\" content=\"Gesch\u00e4tzte Lesezeit\" \/>\n\t<meta name=\"twitter:data1\" content=\"2\u00a0Minuten\" \/>\n<script type=\"application\/ld+json\" class=\"yoast-schema-graph\">{\"@context\":\"https:\\\/\\\/schema.org\",\"@graph\":[{\"@type\":\"WebPage\",\"@id\":\"https:\\\/\\\/revolutionpadelstore.com\\\/de\\\/produkt\\\/adidas-adipower-ctrl-mtw-pro-edt-2024-alex-ruiz\\\/\",\"url\":\"https:\\\/\\\/revolutionpadelstore.com\\\/de\\\/produkt\\\/adidas-adipower-ctrl-mtw-pro-edt-2024-alex-ruiz\\\/\",\"name\":\"ADIDAS ADIPOWER CTRL MTW PRO EDT 2024 ALEX RUIZ - Revolution Padel Store\",\"isPartOf\":{\"@id\":\"https:\\\/\\\/revolutionpadelstore.com\\\/de\\\/#website\"},\"primaryImageOfPage\":{\"@id\":\"https:\\\/\\\/revolutionpadelstore.com\\\/de\\\/produkt\\\/adidas-adipower-ctrl-mtw-pro-edt-2024-alex-ruiz\\\/#primaryimage\"},\"image\":{\"@id\":\"https:\\\/\\\/revolutionpadelstore.com\\\/de\\\/produkt\\\/adidas-adipower-ctrl-mtw-pro-edt-2024-alex-ruiz\\\/#primaryimage\"},\"thumbnailUrl\":\"https:\\\/\\\/revolutionpadelstore.com\\\/wp-content\\\/uploads\\\/2024\\\/06\\\/adidas-adipower-ctrl-mtw-pro-edt-2024.png\",\"datePublished\":\"2024-06-18T12:51:16+00:00\",\"dateModified\":\"2026-04-08T09:16:09+00:00\",\"description\":\"La PRO-EDT Adipower CTRL MTW by \u00c1lex Ruiz es un modelo \u00fanico y exclusivo. Agrupa todas las tecnolog\u00edas de Multiweight y los materiales de mayor calidad para alcanzar la excelencia.\",\"breadcrumb\":{\"@id\":\"https:\\\/\\\/revolutionpadelstore.com\\\/de\\\/produkt\\\/adidas-adipower-ctrl-mtw-pro-edt-2024-alex-ruiz\\\/#breadcrumb\"},\"inLanguage\":\"de\",\"potentialAction\":[{\"@type\":\"ReadAction\",\"target\":[\"https:\\\/\\\/revolutionpadelstore.com\\\/de\\\/produkt\\\/adidas-adipower-ctrl-mtw-pro-edt-2024-alex-ruiz\\\/\"]}]},{\"@type\":\"ImageObject\",\"inLanguage\":\"de\",\"@id\":\"https:\\\/\\\/revolutionpadelstore.com\\\/de\\\/produkt\\\/adidas-adipower-ctrl-mtw-pro-edt-2024-alex-ruiz\\\/#primaryimage\",\"url\":\"https:\\\/\\\/revolutionpadelstore.com\\\/wp-content\\\/uploads\\\/2024\\\/06\\\/adidas-adipower-ctrl-mtw-pro-edt-2024.png\",\"contentUrl\":\"https:\\\/\\\/revolutionpadelstore.com\\\/wp-content\\\/uploads\\\/2024\\\/06\\\/adidas-adipower-ctrl-mtw-pro-edt-2024.png\",\"width\":900,\"height\":900},{\"@type\":\"BreadcrumbList\",\"@id\":\"https:\\\/\\\/revolutionpadelstore.com\\\/de\\\/produkt\\\/adidas-adipower-ctrl-mtw-pro-edt-2024-alex-ruiz\\\/#breadcrumb\",\"itemListElement\":[{\"@type\":\"ListItem\",\"position\":1,\"name\":\"Portada\",\"item\":\"https:\\\/\\\/revolutionpadelstore.com\\\/de\\\/\"},{\"@type\":\"ListItem\",\"position\":2,\"name\":\"Shop\",\"item\":\"https:\\\/\\\/revolutionpadelstore.com\\\/de\\\/tienda\\\/\"},{\"@type\":\"ListItem\",\"position\":3,\"name\":\"ADIDAS ADIPOWER CTRL MTW PRO EDT 2024 ALEX RUIZ\"}]},{\"@type\":\"WebSite\",\"@id\":\"https:\\\/\\\/revolutionpadelstore.com\\\/de\\\/#website\",\"url\":\"https:\\\/\\\/revolutionpadelstore.com\\\/de\\\/\",\"name\":\"Revolution Padel Store\",\"description\":\"\",\"publisher\":{\"@id\":\"https:\\\/\\\/revolutionpadelstore.com\\\/de\\\/#organization\"},\"potentialAction\":[{\"@type\":\"SearchAction\",\"target\":{\"@type\":\"EntryPoint\",\"urlTemplate\":\"https:\\\/\\\/revolutionpadelstore.com\\\/de\\\/?s={search_term_string}\"},\"query-input\":{\"@type\":\"PropertyValueSpecification\",\"valueRequired\":true,\"valueName\":\"search_term_string\"}}],\"inLanguage\":\"de\"},{\"@type\":\"Organization\",\"@id\":\"https:\\\/\\\/revolutionpadelstore.com\\\/de\\\/#organization\",\"name\":\"Revolution Padel Store\",\"url\":\"https:\\\/\\\/revolutionpadelstore.com\\\/de\\\/\",\"logo\":{\"@type\":\"ImageObject\",\"inLanguage\":\"de\",\"@id\":\"https:\\\/\\\/revolutionpadelstore.com\\\/de\\\/#\\\/schema\\\/logo\\\/image\\\/\",\"url\":\"https:\\\/\\\/revolutionpadelstore.com\\\/wp-content\\\/uploads\\\/2026\\\/02\\\/revolution-padel-store.jpg\",\"contentUrl\":\"https:\\\/\\\/revolutionpadelstore.com\\\/wp-content\\\/uploads\\\/2026\\\/02\\\/revolution-padel-store.jpg\",\"width\":2000,\"height\":2000,\"caption\":\"Revolution Padel Store\"},\"image\":{\"@id\":\"https:\\\/\\\/revolutionpadelstore.com\\\/de\\\/#\\\/schema\\\/logo\\\/image\\\/\"},\"sameAs\":[\"https:\\\/\\\/www.instagram.com\\\/revolutionpadelstore\\\/\"]}]}<\/script>\n<!-- \/ Yoast SEO plugin. -->","yoast_head_json":{"title":"ADIDAS ADIPOWER CTRL MTW PRO EDT 2024 ALEX RUIZ - Revolution Padel Store","description":"La PRO-EDT Adipower CTRL MTW by \u00c1lex Ruiz es un modelo \u00fanico y exclusivo. Agrupa todas las tecnolog\u00edas de Multiweight y los materiales de mayor calidad para alcanzar la excelencia.","robots":{"index":"index","follow":"follow","max-snippet":"max-snippet:-1","max-image-preview":"max-image-preview:large","max-video-preview":"max-video-preview:-1"},"canonical":"https:\/\/revolutionpadelstore.com\/de\/produkt\/adidas-adipower-ctrl-mtw-pro-edt-2024-alex-ruiz\/","og_locale":"de_DE","og_type":"article","og_title":"COMPRAR ADIPOWER CTRL MTW PRO EDT 2024 ALEX RUIZ","og_description":"La PRO-EDT Adipower CTRL MTW by \u00c1lex Ruiz es un modelo \u00fanico y exclusivo. Agrupa todas las tecnolog\u00edas de Multiweight y los materiales de mayor calidad para alcanzar la excelencia.","og_url":"https:\/\/revolutionpadelstore.com\/de\/produkt\/adidas-adipower-ctrl-mtw-pro-edt-2024-alex-ruiz\/","og_site_name":"Revolution Padel Store","article_modified_time":"2026-04-08T09:16:09+00:00","og_image":[{"width":900,"height":900,"url":"https:\/\/revolutionpadelstore.com\/wp-content\/uploads\/2024\/06\/adidas-adipower-ctrl-mtw-pro-edt-2024.png","type":"image\/png"}],"twitter_card":"summary_large_image","twitter_misc":{"Gesch\u00e4tzte Lesezeit":"2\u00a0Minuten"},"schema":{"@context":"https:\/\/schema.org","@graph":[{"@type":"WebPage","@id":"https:\/\/revolutionpadelstore.com\/de\/produkt\/adidas-adipower-ctrl-mtw-pro-edt-2024-alex-ruiz\/","url":"https:\/\/revolutionpadelstore.com\/de\/produkt\/adidas-adipower-ctrl-mtw-pro-edt-2024-alex-ruiz\/","name":"ADIDAS ADIPOWER CTRL MTW PRO EDT 2024 ALEX RUIZ - Revolution Padel Store","isPartOf":{"@id":"https:\/\/revolutionpadelstore.com\/de\/#website"},"primaryImageOfPage":{"@id":"https:\/\/revolutionpadelstore.com\/de\/produkt\/adidas-adipower-ctrl-mtw-pro-edt-2024-alex-ruiz\/#primaryimage"},"image":{"@id":"https:\/\/revolutionpadelstore.com\/de\/produkt\/adidas-adipower-ctrl-mtw-pro-edt-2024-alex-ruiz\/#primaryimage"},"thumbnailUrl":"https:\/\/revolutionpadelstore.com\/wp-content\/uploads\/2024\/06\/adidas-adipower-ctrl-mtw-pro-edt-2024.png","datePublished":"2024-06-18T12:51:16+00:00","dateModified":"2026-04-08T09:16:09+00:00","description":"La PRO-EDT Adipower CTRL MTW by \u00c1lex Ruiz es un modelo \u00fanico y exclusivo. Agrupa todas las tecnolog\u00edas de Multiweight y los materiales de mayor calidad para alcanzar la excelencia.","breadcrumb":{"@id":"https:\/\/revolutionpadelstore.com\/de\/produkt\/adidas-adipower-ctrl-mtw-pro-edt-2024-alex-ruiz\/#breadcrumb"},"inLanguage":"de","potentialAction":[{"@type":"ReadAction","target":["https:\/\/revolutionpadelstore.com\/de\/produkt\/adidas-adipower-ctrl-mtw-pro-edt-2024-alex-ruiz\/"]}]},{"@type":"ImageObject","inLanguage":"de","@id":"https:\/\/revolutionpadelstore.com\/de\/produkt\/adidas-adipower-ctrl-mtw-pro-edt-2024-alex-ruiz\/#primaryimage","url":"https:\/\/revolutionpadelstore.com\/wp-content\/uploads\/2024\/06\/adidas-adipower-ctrl-mtw-pro-edt-2024.png","contentUrl":"https:\/\/revolutionpadelstore.com\/wp-content\/uploads\/2024\/06\/adidas-adipower-ctrl-mtw-pro-edt-2024.png","width":900,"height":900},{"@type":"BreadcrumbList","@id":"https:\/\/revolutionpadelstore.com\/de\/produkt\/adidas-adipower-ctrl-mtw-pro-edt-2024-alex-ruiz\/#breadcrumb","itemListElement":[{"@type":"ListItem","position":1,"name":"Portada","item":"https:\/\/revolutionpadelstore.com\/de\/"},{"@type":"ListItem","position":2,"name":"Shop","item":"https:\/\/revolutionpadelstore.com\/de\/tienda\/"},{"@type":"ListItem","position":3,"name":"ADIDAS ADIPOWER CTRL MTW PRO EDT 2024 ALEX RUIZ"}]},{"@type":"WebSite","@id":"https:\/\/revolutionpadelstore.com\/de\/#website","url":"https:\/\/revolutionpadelstore.com\/de\/","name":"Revolution Padel Store","description":"","publisher":{"@id":"https:\/\/revolutionpadelstore.com\/de\/#organization"},"potentialAction":[{"@type":"SearchAction","target":{"@type":"EntryPoint","urlTemplate":"https:\/\/revolutionpadelstore.com\/de\/?s={search_term_string}"},"query-input":{"@type":"PropertyValueSpecification","valueRequired":true,"valueName":"search_term_string"}}],"inLanguage":"de"},{"@type":"Organization","@id":"https:\/\/revolutionpadelstore.com\/de\/#organization","name":"Revolution Padel Store","url":"https:\/\/revolutionpadelstore.com\/de\/","logo":{"@type":"ImageObject","inLanguage":"de","@id":"https:\/\/revolutionpadelstore.com\/de\/#\/schema\/logo\/image\/","url":"https:\/\/revolutionpadelstore.com\/wp-content\/uploads\/2026\/02\/revolution-padel-store.jpg","contentUrl":"https:\/\/revolutionpadelstore.com\/wp-content\/uploads\/2026\/02\/revolution-padel-store.jpg","width":2000,"height":2000,"caption":"Revolution Padel Store"},"image":{"@id":"https:\/\/revolutionpadelstore.com\/de\/#\/schema\/logo\/image\/"},"sameAs":["https:\/\/www.instagram.com\/revolutionpadelstore\/"]}]}},"_links":{"self":[{"href":"https:\/\/revolutionpadelstore.com\/de\/wp-json\/wp\/v2\/product\/10973","targetHints":{"allow":["GET"]}}],"collection":[{"href":"https:\/\/revolutionpadelstore.com\/de\/wp-json\/wp\/v2\/product"}],"about":[{"href":"https:\/\/revolutionpadelstore.com\/de\/wp-json\/wp\/v2\/types\/product"}],"replies":[{"embeddable":true,"href":"https:\/\/revolutionpadelstore.com\/de\/wp-json\/wp\/v2\/comments?post=10973"}],"wp:featuredmedia":[{"embeddable":true,"href":"https:\/\/revolutionpadelstore.com\/de\/wp-json\/wp\/v2\/media\/10981"}],"wp:attachment":[{"href":"https:\/\/revolutionpadelstore.com\/de\/wp-json\/wp\/v2\/media?parent=10973"}],"wp:term":[{"taxonomy":"acabado","embeddable":true,"href":"https:\/\/revolutionpadelstore.com\/de\/wp-json\/wp\/v2\/acabado?post=10973"},{"taxonomy":"balance","embeddable":true,"href":"https:\/\/revolutionpadelstore.com\/de\/wp-json\/wp\/v2\/balance?post=10973"},{"taxonomy":"dureza","embeddable":true,"href":"https:\/\/revolutionpadelstore.com\/de\/wp-json\/wp\/v2\/dureza?post=10973"},{"taxonomy":"forma","embeddable":true,"href":"https:\/\/revolutionpadelstore.com\/de\/wp-json\/wp\/v2\/forma?post=10973"},{"taxonomy":"jugador","embeddable":true,"href":"https:\/\/revolutionpadelstore.com\/de\/wp-json\/wp\/v2\/jugador?post=10973"},{"taxonomy":"marca","embeddable":true,"href":"https:\/\/revolutionpadelstore.com\/de\/wp-json\/wp\/v2\/marca?post=10973"},{"taxonomy":"nivel-de-juego","embeddable":true,"href":"https:\/\/revolutionpadelstore.com\/de\/wp-json\/wp\/v2\/nivel-de-juego?post=10973"},{"taxonomy":"superficie","embeddable":true,"href":"https:\/\/revolutionpadelstore.com\/de\/wp-json\/wp\/v2\/superficie?post=10973"},{"taxonomy":"tipo-de-juego","embeddable":true,"href":"https:\/\/revolutionpadelstore.com\/de\/wp-json\/wp\/v2\/tipo-de-juego?post=10973"},{"taxonomy":"product_brand","embeddable":true,"href":"https:\/\/revolutionpadelstore.com\/de\/wp-json\/wp\/v2\/product_brand?post=10973"},{"taxonomy":"product_cat","embeddable":true,"href":"https:\/\/revolutionpadelstore.com\/de\/wp-json\/wp\/v2\/product_cat?post=10973"},{"taxonomy":"product_tag","embeddable":true,"href":"https:\/\/revolutionpadelstore.com\/de\/wp-json\/wp\/v2\/product_tag?post=10973"}],"curies":[{"name":"wp","href":"https:\/\/api.w.org\/{rel}","templated":true}]}}