{"id":100234,"date":"2024-10-21T13:57:20","date_gmt":"2024-10-21T11:57:20","guid":{"rendered":"https:\/\/revolutionpadelstore.com\/nox-ml10-quantum-3k-by-miguel-lamperti-2025\/"},"modified":"2026-04-01T07:06:04","modified_gmt":"2026-04-01T05:06:04","slug":"nox-ml10-quantum-3k-by-miguel-lamperti-2025-1","status":"publish","type":"product","link":"https:\/\/revolutionpadelstore.com\/de\/produkt\/nox-ml10-quantum-3k-by-miguel-lamperti-2025-1\/","title":{"rendered":"NOX ML10 QUANTUM 3K BY MIGUEL LAMPERTI 2025"},"content":{"rendered":"<h2>Nox ML10 Quantum 3K Miguel Lamperti 2025, Hybridschl\u00e4ger schlechthin<\/h2>\n<p>Der Nox ML10 Quantum 3K-Schl\u00e4ger wurde von Spieler Miguel Lamperti f\u00fcr die Kollektion 2025 ausgew\u00e4hlt. Ein Schl\u00e4ger in st\u00e4ndiger Weiterentwicklung, der f\u00fcr Padel-Spieler Jahr f\u00fcr Jahr unverzichtbar ist. Zahlreiche Verbesserungen wurden in diese neue Version aufgenommen, wobei diejenigen beibehalten wurden, die weiterhin hervorragende Ergebnisse liefern, wie zum Beispiel der HR3-Gummi. Zu diesen neuen Funktionen geh\u00f6rt die neue <strong>Photochromic Paint<\/strong>-Technologie.<\/p>\n<h2>Nox ML10 Quantum 3K Miguel Lamperti 2025, au\u00dfergew\u00f6hnliche Balance und Geschwindigkeit<\/h2>\n<p>Dieser Nox ML10 Quantum richtet sich an Spitzen- und Profispieler und hat eine runde Form und eine mittlere Balance. Dies bedeutet eine hervorragende Balance zwischen Kontrolle und Kraft. Es zeichnet sich dadurch aus, dass es Ihrem Spiel Ausgewogenheit und Geschwindigkeit verleiht. Dar\u00fcber hinaus verbessert es den Grip und reduziert Vibrationen bei jedem Schlag. Mit dieser <strong>schnellen und entscheidungsfreudigen Schaufel<\/strong> werden Sie Ihr bestes Level erreichen<\/p>\n<h2>Features Nox ML10 Quantum 3K Miguel Lamperti 2025<\/h2>\n<p style=\"padding-left: 40px\"><em>-3K Carbon<\/em>, ineinander verschlungene Fasern, die der Klinge mehr <strong>Widerstand<\/strong> verleihen.<\/p>\n<p style=\"padding-left: 40px\"><strong>-HR3-Gummi<\/strong> mit hoher Dichte, der das <strong>Memory<\/strong> des Schl\u00e4gers verbessert und dadurch in jedem Fall mehr Power bietet getroffen.<\/p>\n<p style=\"padding-left: 40px\"><em>-Exclusive Spin<\/em>, Technologie, die die <strong>Kontrolle<\/strong> und den <strong>Spin<\/strong> bei jedem Schlag verbessert. <\/p>\n<p style=\"padding-left: 40px\"><em>-EOS Flap<\/em>, verbessert die Aerodynamik und <strong>Handhabbarkeit<\/strong> des Blades durch die seitlichen Perforationen an der Basis des Rahmens. die Schaufel Das bedeutet mehr Steifigkeit und Kontrolle beim Schlagen.<\/p>\n<p style=\"padding-left: 40px\"><em>-Pulse System<\/em>, um Vibrationen durch seitliche Gummis zu reduzieren, von der Basis des Rahmens bis zur Kappe der Schaufel .<\/p>\n<p style=\"padding-left: 40px\"><em>-Carbon Frame<\/em> im Rahmen der Klinge.<\/p>\n<p style=\"padding-left: 40px\"><strong>-DCS<\/strong>, ein System, das den H\u00e4rteunterschied zwischen Rahmen und Schlagfl\u00e4chen verringert und dadurch das m\u00f6gliche Durchtrennen der Fasern bei Schl\u00e4gen mit der Au\u00dfenseite minimiert das Paddel.<\/p>\n<p style=\"padding-left: 40px\"><em>-Photochrome Farbe<\/em>, eine der <strong>Innovationen<\/strong> f\u00fcr 2025 ist NOX-Reaktivfarbe, die je nach Lichteinfall ihre Farbe variiert . Diese Technologie wird durch das Design des Gummis erg\u00e4nzt und sorgt so f\u00fcr einen dynamischen und attraktiven visuellen Effekt, der auf dem Platz nicht unbemerkt bleibt.<\/p>\n<h3>Nox ML10 Quantum 3K Miguel Lamperti 2025 erh\u00e4ltlich im REVOLUTION PADEL STORE<\/h3>\n<p>Wenn Sie ein vielseitiger Spieler sind, der dem Schl\u00e4ger von Nox und Miguel Lamperti treu bleibt, wird dieser neue ML10 Quantum 3K Ihr bester Verb\u00fcndeter auf dem Platz sein. Holen Sie es sich so schnell wie m\u00f6glich auf der REVOLUTION PADEL STORE-Website<\/p>\n<h2>Nox ML10 Quantum 3K Miguel Lamperti 2025, pala h\u00edbrida por excelencia<\/h2>\n","protected":false},"excerpt":{"rendered":"<p>Hybridschl\u00e4ger schlechthin, ideal f\u00fcr vielseitige und schnelle Spieler.<\/p>\n","protected":false},"featured_media":125365,"comment_status":"open","ping_status":"closed","template":"","meta":{"_acf_changed":false,"_joinchat":[]},"acabado":[1089],"balance":[1139],"dureza":[1154],"forma":[1179],"jugador":[1189,1199],"marca":[1259],"nivel-de-juego":[1334],"superficie":[1359],"tipo-de-juego":[1384],"product_brand":[],"product_cat":[299],"product_tag":[],"class_list":{"0":"post-100234","1":"product","2":"type-product","3":"status-publish","4":"has-post-thumbnail","6":"acabado-3d-entlasten","7":"balance-mittel","8":"dureza-media-de","9":"forma-rund","10":"jugador-mann","11":"jugador-mehrzweck","12":"marca-nox-de","13":"superficie-rugosa-de","14":"tipo-de-juego-mehrzweck","15":"product_cat-palas-de-padel-de","17":"first","18":"instock","19":"sale","20":"taxable","21":"shipping-taxable","22":"purchasable","23":"product-type-simple"},"acf":[],"yoast_head":"<!-- This site is optimized with the Yoast SEO plugin v27.3 - https:\/\/yoast.com\/product\/yoast-seo-wordpress\/ -->\n<title>NOX ML10 QUANTUM 3K BY MIGUEL LAMPERTI 2025 - Revolution Padel Store<\/title>\n<meta name=\"description\" content=\"Dirigida a jugadores de nivel alto y profesional, esta\u00a0Nox ML10 Quantum\u00a0tiene\u00a0forma redonda\u00a0y balance medio. Esto significa un excelente equilibrio entre control y potencia. Destaca por aportar\u00a0equilibrio\u00a0y\u00a0velocidad\u00a0a tu juego. Adem\u00e1s, mejora el agarre y reduce las vibraciones en cada golpeo. Disfrutar\u00e1s de tu mejor nivel con esta\u00a0pala r\u00e1pida y decisiva.\" \/>\n<meta name=\"robots\" content=\"index, follow, max-snippet:-1, max-image-preview:large, max-video-preview:-1\" \/>\n<link rel=\"canonical\" href=\"https:\/\/revolutionpadelstore.com\/de\/produkt\/nox-ml10-quantum-3k-by-miguel-lamperti-2025-1\/\" \/>\n<meta property=\"og:locale\" content=\"de_DE\" \/>\n<meta property=\"og:type\" content=\"article\" \/>\n<meta property=\"og:title\" content=\"NOX ML10 QUANTUM 3K BY MIGUEL LAMPERTI 2025 - Revolution Padel Store\" \/>\n<meta property=\"og:description\" content=\"Dirigida a jugadores de nivel alto y profesional, esta\u00a0Nox ML10 Quantum\u00a0tiene\u00a0forma redonda\u00a0y balance medio. Esto significa un excelente equilibrio entre control y potencia. Destaca por aportar\u00a0equilibrio\u00a0y\u00a0velocidad\u00a0a tu juego. Adem\u00e1s, mejora el agarre y reduce las vibraciones en cada golpeo. Disfrutar\u00e1s de tu mejor nivel con esta\u00a0pala r\u00e1pida y decisiva.\" \/>\n<meta property=\"og:url\" content=\"https:\/\/revolutionpadelstore.com\/de\/produkt\/nox-ml10-quantum-3k-by-miguel-lamperti-2025-1\/\" \/>\n<meta property=\"og:site_name\" content=\"Revolution Padel Store\" \/>\n<meta property=\"article:modified_time\" content=\"2026-04-01T05:06:04+00:00\" \/>\n<meta property=\"og:image\" content=\"https:\/\/revolutionpadelstore.com\/wp-content\/uploads\/2024\/10\/113548_pala_nox_ml10_quantum_3k_by_miguel_lamperti_pml10luxq25_1500x1500_1_a4e0.webp\" \/>\n\t<meta property=\"og:image:width\" content=\"1500\" \/>\n\t<meta property=\"og:image:height\" content=\"1500\" \/>\n\t<meta property=\"og:image:type\" content=\"image\/webp\" \/>\n<meta name=\"twitter:card\" content=\"summary_large_image\" \/>\n<meta name=\"twitter:label1\" content=\"Gesch\u00e4tzte Lesezeit\" \/>\n\t<meta name=\"twitter:data1\" content=\"3\u00a0Minuten\" \/>\n<script type=\"application\/ld+json\" class=\"yoast-schema-graph\">{\"@context\":\"https:\\\/\\\/schema.org\",\"@graph\":[{\"@type\":\"WebPage\",\"@id\":\"https:\\\/\\\/revolutionpadelstore.com\\\/de\\\/produkt\\\/nox-ml10-quantum-3k-by-miguel-lamperti-2025-1\\\/\",\"url\":\"https:\\\/\\\/revolutionpadelstore.com\\\/de\\\/produkt\\\/nox-ml10-quantum-3k-by-miguel-lamperti-2025-1\\\/\",\"name\":\"NOX ML10 QUANTUM 3K BY MIGUEL LAMPERTI 2025 - Revolution Padel Store\",\"isPartOf\":{\"@id\":\"https:\\\/\\\/revolutionpadelstore.com\\\/de\\\/#website\"},\"primaryImageOfPage\":{\"@id\":\"https:\\\/\\\/revolutionpadelstore.com\\\/de\\\/produkt\\\/nox-ml10-quantum-3k-by-miguel-lamperti-2025-1\\\/#primaryimage\"},\"image\":{\"@id\":\"https:\\\/\\\/revolutionpadelstore.com\\\/de\\\/produkt\\\/nox-ml10-quantum-3k-by-miguel-lamperti-2025-1\\\/#primaryimage\"},\"thumbnailUrl\":\"https:\\\/\\\/revolutionpadelstore.com\\\/wp-content\\\/uploads\\\/2024\\\/10\\\/113548_pala_nox_ml10_quantum_3k_by_miguel_lamperti_pml10luxq25_1500x1500_1_a4e0.webp\",\"datePublished\":\"2024-10-21T11:57:20+00:00\",\"dateModified\":\"2026-04-01T05:06:04+00:00\",\"description\":\"Dirigida a jugadores de nivel alto y profesional, esta\u00a0Nox ML10 Quantum\u00a0tiene\u00a0forma redonda\u00a0y balance medio. Esto significa un excelente equilibrio entre control y potencia. Destaca por aportar\u00a0equilibrio\u00a0y\u00a0velocidad\u00a0a tu juego. Adem\u00e1s, mejora el agarre y reduce las vibraciones en cada golpeo. Disfrutar\u00e1s de tu mejor nivel con esta\u00a0pala r\u00e1pida y decisiva.\",\"breadcrumb\":{\"@id\":\"https:\\\/\\\/revolutionpadelstore.com\\\/de\\\/produkt\\\/nox-ml10-quantum-3k-by-miguel-lamperti-2025-1\\\/#breadcrumb\"},\"inLanguage\":\"de\",\"potentialAction\":[{\"@type\":\"ReadAction\",\"target\":[\"https:\\\/\\\/revolutionpadelstore.com\\\/de\\\/produkt\\\/nox-ml10-quantum-3k-by-miguel-lamperti-2025-1\\\/\"]}]},{\"@type\":\"ImageObject\",\"inLanguage\":\"de\",\"@id\":\"https:\\\/\\\/revolutionpadelstore.com\\\/de\\\/produkt\\\/nox-ml10-quantum-3k-by-miguel-lamperti-2025-1\\\/#primaryimage\",\"url\":\"https:\\\/\\\/revolutionpadelstore.com\\\/wp-content\\\/uploads\\\/2024\\\/10\\\/113548_pala_nox_ml10_quantum_3k_by_miguel_lamperti_pml10luxq25_1500x1500_1_a4e0.webp\",\"contentUrl\":\"https:\\\/\\\/revolutionpadelstore.com\\\/wp-content\\\/uploads\\\/2024\\\/10\\\/113548_pala_nox_ml10_quantum_3k_by_miguel_lamperti_pml10luxq25_1500x1500_1_a4e0.webp\",\"width\":1500,\"height\":1500},{\"@type\":\"BreadcrumbList\",\"@id\":\"https:\\\/\\\/revolutionpadelstore.com\\\/de\\\/produkt\\\/nox-ml10-quantum-3k-by-miguel-lamperti-2025-1\\\/#breadcrumb\",\"itemListElement\":[{\"@type\":\"ListItem\",\"position\":1,\"name\":\"Portada\",\"item\":\"https:\\\/\\\/revolutionpadelstore.com\\\/de\\\/\"},{\"@type\":\"ListItem\",\"position\":2,\"name\":\"Shop\",\"item\":\"https:\\\/\\\/revolutionpadelstore.com\\\/de\\\/tienda\\\/\"},{\"@type\":\"ListItem\",\"position\":3,\"name\":\"NOX ML10 QUANTUM 3K BY MIGUEL LAMPERTI 2025\"}]},{\"@type\":\"WebSite\",\"@id\":\"https:\\\/\\\/revolutionpadelstore.com\\\/de\\\/#website\",\"url\":\"https:\\\/\\\/revolutionpadelstore.com\\\/de\\\/\",\"name\":\"Revolution Padel Store\",\"description\":\"\",\"publisher\":{\"@id\":\"https:\\\/\\\/revolutionpadelstore.com\\\/de\\\/#organization\"},\"potentialAction\":[{\"@type\":\"SearchAction\",\"target\":{\"@type\":\"EntryPoint\",\"urlTemplate\":\"https:\\\/\\\/revolutionpadelstore.com\\\/de\\\/?s={search_term_string}\"},\"query-input\":{\"@type\":\"PropertyValueSpecification\",\"valueRequired\":true,\"valueName\":\"search_term_string\"}}],\"inLanguage\":\"de\"},{\"@type\":\"Organization\",\"@id\":\"https:\\\/\\\/revolutionpadelstore.com\\\/de\\\/#organization\",\"name\":\"Revolution Padel Store\",\"url\":\"https:\\\/\\\/revolutionpadelstore.com\\\/de\\\/\",\"logo\":{\"@type\":\"ImageObject\",\"inLanguage\":\"de\",\"@id\":\"https:\\\/\\\/revolutionpadelstore.com\\\/de\\\/#\\\/schema\\\/logo\\\/image\\\/\",\"url\":\"https:\\\/\\\/revolutionpadelstore.com\\\/wp-content\\\/uploads\\\/2026\\\/02\\\/revolution-padel-store.jpg\",\"contentUrl\":\"https:\\\/\\\/revolutionpadelstore.com\\\/wp-content\\\/uploads\\\/2026\\\/02\\\/revolution-padel-store.jpg\",\"width\":2000,\"height\":2000,\"caption\":\"Revolution Padel Store\"},\"image\":{\"@id\":\"https:\\\/\\\/revolutionpadelstore.com\\\/de\\\/#\\\/schema\\\/logo\\\/image\\\/\"},\"sameAs\":[\"https:\\\/\\\/www.instagram.com\\\/revolutionpadelstore\\\/\"]}]}<\/script>\n<!-- \/ Yoast SEO plugin. -->","yoast_head_json":{"title":"NOX ML10 QUANTUM 3K BY MIGUEL LAMPERTI 2025 - Revolution Padel Store","description":"Dirigida a jugadores de nivel alto y profesional, esta\u00a0Nox ML10 Quantum\u00a0tiene\u00a0forma redonda\u00a0y balance medio. Esto significa un excelente equilibrio entre control y potencia. Destaca por aportar\u00a0equilibrio\u00a0y\u00a0velocidad\u00a0a tu juego. Adem\u00e1s, mejora el agarre y reduce las vibraciones en cada golpeo. Disfrutar\u00e1s de tu mejor nivel con esta\u00a0pala r\u00e1pida y decisiva.","robots":{"index":"index","follow":"follow","max-snippet":"max-snippet:-1","max-image-preview":"max-image-preview:large","max-video-preview":"max-video-preview:-1"},"canonical":"https:\/\/revolutionpadelstore.com\/de\/produkt\/nox-ml10-quantum-3k-by-miguel-lamperti-2025-1\/","og_locale":"de_DE","og_type":"article","og_title":"NOX ML10 QUANTUM 3K BY MIGUEL LAMPERTI 2025 - Revolution Padel Store","og_description":"Dirigida a jugadores de nivel alto y profesional, esta\u00a0Nox ML10 Quantum\u00a0tiene\u00a0forma redonda\u00a0y balance medio. Esto significa un excelente equilibrio entre control y potencia. Destaca por aportar\u00a0equilibrio\u00a0y\u00a0velocidad\u00a0a tu juego. Adem\u00e1s, mejora el agarre y reduce las vibraciones en cada golpeo. Disfrutar\u00e1s de tu mejor nivel con esta\u00a0pala r\u00e1pida y decisiva.","og_url":"https:\/\/revolutionpadelstore.com\/de\/produkt\/nox-ml10-quantum-3k-by-miguel-lamperti-2025-1\/","og_site_name":"Revolution Padel Store","article_modified_time":"2026-04-01T05:06:04+00:00","og_image":[{"width":1500,"height":1500,"url":"https:\/\/revolutionpadelstore.com\/wp-content\/uploads\/2024\/10\/113548_pala_nox_ml10_quantum_3k_by_miguel_lamperti_pml10luxq25_1500x1500_1_a4e0.webp","type":"image\/webp"}],"twitter_card":"summary_large_image","twitter_misc":{"Gesch\u00e4tzte Lesezeit":"3\u00a0Minuten"},"schema":{"@context":"https:\/\/schema.org","@graph":[{"@type":"WebPage","@id":"https:\/\/revolutionpadelstore.com\/de\/produkt\/nox-ml10-quantum-3k-by-miguel-lamperti-2025-1\/","url":"https:\/\/revolutionpadelstore.com\/de\/produkt\/nox-ml10-quantum-3k-by-miguel-lamperti-2025-1\/","name":"NOX ML10 QUANTUM 3K BY MIGUEL LAMPERTI 2025 - Revolution Padel Store","isPartOf":{"@id":"https:\/\/revolutionpadelstore.com\/de\/#website"},"primaryImageOfPage":{"@id":"https:\/\/revolutionpadelstore.com\/de\/produkt\/nox-ml10-quantum-3k-by-miguel-lamperti-2025-1\/#primaryimage"},"image":{"@id":"https:\/\/revolutionpadelstore.com\/de\/produkt\/nox-ml10-quantum-3k-by-miguel-lamperti-2025-1\/#primaryimage"},"thumbnailUrl":"https:\/\/revolutionpadelstore.com\/wp-content\/uploads\/2024\/10\/113548_pala_nox_ml10_quantum_3k_by_miguel_lamperti_pml10luxq25_1500x1500_1_a4e0.webp","datePublished":"2024-10-21T11:57:20+00:00","dateModified":"2026-04-01T05:06:04+00:00","description":"Dirigida a jugadores de nivel alto y profesional, esta\u00a0Nox ML10 Quantum\u00a0tiene\u00a0forma redonda\u00a0y balance medio. Esto significa un excelente equilibrio entre control y potencia. Destaca por aportar\u00a0equilibrio\u00a0y\u00a0velocidad\u00a0a tu juego. Adem\u00e1s, mejora el agarre y reduce las vibraciones en cada golpeo. Disfrutar\u00e1s de tu mejor nivel con esta\u00a0pala r\u00e1pida y decisiva.","breadcrumb":{"@id":"https:\/\/revolutionpadelstore.com\/de\/produkt\/nox-ml10-quantum-3k-by-miguel-lamperti-2025-1\/#breadcrumb"},"inLanguage":"de","potentialAction":[{"@type":"ReadAction","target":["https:\/\/revolutionpadelstore.com\/de\/produkt\/nox-ml10-quantum-3k-by-miguel-lamperti-2025-1\/"]}]},{"@type":"ImageObject","inLanguage":"de","@id":"https:\/\/revolutionpadelstore.com\/de\/produkt\/nox-ml10-quantum-3k-by-miguel-lamperti-2025-1\/#primaryimage","url":"https:\/\/revolutionpadelstore.com\/wp-content\/uploads\/2024\/10\/113548_pala_nox_ml10_quantum_3k_by_miguel_lamperti_pml10luxq25_1500x1500_1_a4e0.webp","contentUrl":"https:\/\/revolutionpadelstore.com\/wp-content\/uploads\/2024\/10\/113548_pala_nox_ml10_quantum_3k_by_miguel_lamperti_pml10luxq25_1500x1500_1_a4e0.webp","width":1500,"height":1500},{"@type":"BreadcrumbList","@id":"https:\/\/revolutionpadelstore.com\/de\/produkt\/nox-ml10-quantum-3k-by-miguel-lamperti-2025-1\/#breadcrumb","itemListElement":[{"@type":"ListItem","position":1,"name":"Portada","item":"https:\/\/revolutionpadelstore.com\/de\/"},{"@type":"ListItem","position":2,"name":"Shop","item":"https:\/\/revolutionpadelstore.com\/de\/tienda\/"},{"@type":"ListItem","position":3,"name":"NOX ML10 QUANTUM 3K BY MIGUEL LAMPERTI 2025"}]},{"@type":"WebSite","@id":"https:\/\/revolutionpadelstore.com\/de\/#website","url":"https:\/\/revolutionpadelstore.com\/de\/","name":"Revolution Padel Store","description":"","publisher":{"@id":"https:\/\/revolutionpadelstore.com\/de\/#organization"},"potentialAction":[{"@type":"SearchAction","target":{"@type":"EntryPoint","urlTemplate":"https:\/\/revolutionpadelstore.com\/de\/?s={search_term_string}"},"query-input":{"@type":"PropertyValueSpecification","valueRequired":true,"valueName":"search_term_string"}}],"inLanguage":"de"},{"@type":"Organization","@id":"https:\/\/revolutionpadelstore.com\/de\/#organization","name":"Revolution Padel Store","url":"https:\/\/revolutionpadelstore.com\/de\/","logo":{"@type":"ImageObject","inLanguage":"de","@id":"https:\/\/revolutionpadelstore.com\/de\/#\/schema\/logo\/image\/","url":"https:\/\/revolutionpadelstore.com\/wp-content\/uploads\/2026\/02\/revolution-padel-store.jpg","contentUrl":"https:\/\/revolutionpadelstore.com\/wp-content\/uploads\/2026\/02\/revolution-padel-store.jpg","width":2000,"height":2000,"caption":"Revolution Padel Store"},"image":{"@id":"https:\/\/revolutionpadelstore.com\/de\/#\/schema\/logo\/image\/"},"sameAs":["https:\/\/www.instagram.com\/revolutionpadelstore\/"]}]}},"_links":{"self":[{"href":"https:\/\/revolutionpadelstore.com\/de\/wp-json\/wp\/v2\/product\/100234","targetHints":{"allow":["GET"]}}],"collection":[{"href":"https:\/\/revolutionpadelstore.com\/de\/wp-json\/wp\/v2\/product"}],"about":[{"href":"https:\/\/revolutionpadelstore.com\/de\/wp-json\/wp\/v2\/types\/product"}],"replies":[{"embeddable":true,"href":"https:\/\/revolutionpadelstore.com\/de\/wp-json\/wp\/v2\/comments?post=100234"}],"wp:featuredmedia":[{"embeddable":true,"href":"https:\/\/revolutionpadelstore.com\/de\/wp-json\/wp\/v2\/media\/125365"}],"wp:attachment":[{"href":"https:\/\/revolutionpadelstore.com\/de\/wp-json\/wp\/v2\/media?parent=100234"}],"wp:term":[{"taxonomy":"acabado","embeddable":true,"href":"https:\/\/revolutionpadelstore.com\/de\/wp-json\/wp\/v2\/acabado?post=100234"},{"taxonomy":"balance","embeddable":true,"href":"https:\/\/revolutionpadelstore.com\/de\/wp-json\/wp\/v2\/balance?post=100234"},{"taxonomy":"dureza","embeddable":true,"href":"https:\/\/revolutionpadelstore.com\/de\/wp-json\/wp\/v2\/dureza?post=100234"},{"taxonomy":"forma","embeddable":true,"href":"https:\/\/revolutionpadelstore.com\/de\/wp-json\/wp\/v2\/forma?post=100234"},{"taxonomy":"jugador","embeddable":true,"href":"https:\/\/revolutionpadelstore.com\/de\/wp-json\/wp\/v2\/jugador?post=100234"},{"taxonomy":"marca","embeddable":true,"href":"https:\/\/revolutionpadelstore.com\/de\/wp-json\/wp\/v2\/marca?post=100234"},{"taxonomy":"nivel-de-juego","embeddable":true,"href":"https:\/\/revolutionpadelstore.com\/de\/wp-json\/wp\/v2\/nivel-de-juego?post=100234"},{"taxonomy":"superficie","embeddable":true,"href":"https:\/\/revolutionpadelstore.com\/de\/wp-json\/wp\/v2\/superficie?post=100234"},{"taxonomy":"tipo-de-juego","embeddable":true,"href":"https:\/\/revolutionpadelstore.com\/de\/wp-json\/wp\/v2\/tipo-de-juego?post=100234"},{"taxonomy":"product_brand","embeddable":true,"href":"https:\/\/revolutionpadelstore.com\/de\/wp-json\/wp\/v2\/product_brand?post=100234"},{"taxonomy":"product_cat","embeddable":true,"href":"https:\/\/revolutionpadelstore.com\/de\/wp-json\/wp\/v2\/product_cat?post=100234"},{"taxonomy":"product_tag","embeddable":true,"href":"https:\/\/revolutionpadelstore.com\/de\/wp-json\/wp\/v2\/product_tag?post=100234"}],"curies":[{"name":"wp","href":"https:\/\/api.w.org\/{rel}","templated":true}]}}