{"id":100229,"date":"2024-10-22T08:18:34","date_gmt":"2024-10-22T06:18:34","guid":{"rendered":"https:\/\/revolutionpadelstore.com\/head-one-ultralight-black\/"},"modified":"2026-04-08T10:24:08","modified_gmt":"2026-04-08T08:24:08","slug":"head-one-ultralight-black-1","status":"publish","type":"product","link":"https:\/\/revolutionpadelstore.com\/de\/produkt\/head-one-ultralight-black-1\/","title":{"rendered":"HEAD ONE ULTRALIGHT BLACK"},"content":{"rendered":"<p>Der ONE ULTRALIGHT-Schl\u00e4ger ist eine Innovation, die Padel revolutionieren wird, da er mit einem Gewicht von nur 300 Gramm der leichteste Schl\u00e4ger auf dem Markt f\u00fcr Erwachsene ist. Dieser Premium-Schl\u00e4ger wurde entwickelt, um das Lernen zu erleichtern, Ihr Spielniveau zu verbessern und gleichzeitig Spa\u00df zu haben. Er verf\u00fcgt \u00fcber eine neue abgerundete Form. Es beh\u00e4lt eine Rahmenst\u00e4rke von 38 mm bei und verf\u00fcgt \u00fcber eine Oberfl\u00e4che in Standardgr\u00f6\u00dfe sowie einen l\u00e4ngeren Griff, der den Komfort erh\u00f6ht und zus\u00e4tzlichen Halt bei Schl\u00e4gen wie der R\u00fcckhand bietet.<\/p>\n<p>Die Schlagfl\u00e4che besteht aus 12K Carbon, was f\u00fcr eine bessere Ballabgabe sorgt. Seine Auxetic 2.0-Technologie verbessert das Gef\u00fchl und die Verbindung mit dem Ball, und der weiche Stopfen im Griff reduziert Vibrationen und erh\u00f6ht so den Komfort. Um die Erzeugung von Spin zu erleichtern, verf\u00fcgt es \u00fcber die Spin Surface-Technologie, w\u00e4hrend der Comfort Foam-Gummi den Sweet Spot optimiert und so ein zug\u00e4nglicheres Spiel erm\u00f6glicht.<\/p>\n<p>-Der leichteste Schl\u00e4ger auf dem Markt: 300 Gramm.<\/p>\n<p>-\u00dcberschaubar und komfortabel, ideal f\u00fcr ein einfaches Spiel.<\/p>\n<p>-Neues abgerundetes Design und l\u00e4ngerer Griff.<\/p>\n<p>-HEAD ONE-Technologie f\u00fcr au\u00dfergew\u00f6hnliche Haltbarkeit.<\/p>\n<p>-12K-Carbon-Schlagfl\u00e4che f\u00fcr bessere Ballleistung.<\/p>\n<p>-Komfortschaum f\u00fcr einen verbesserten Sweet Spot.<\/p>\n<p>-Spin-Oberfl\u00e4che, um die Erzeugung von Effekten zu erleichtern.<\/p>\n<p>-Auxetic 2.0-Technologie f\u00fcr ein besseres Ballgef\u00fchl.<\/p>\n<p>-Griff mit weicher Kappe, die Vibrationen reduziert.<\/p>\n<p>-Integriertes Protektorsystem.<\/p>\n<h3 class=\"feature-name ng-binding\">Auxetic 2.0<\/h3>\n<p><span class=\"value\"><span class=\"ng-binding\">Die Auxetic-Technologie wurde in der zweiten Version verbessert und befindet sich nun sowohl im Stegbereich als auch in der zentralen Carbonschiene entlang des Griffs. Auf diese Weise reagiert die innere Struktur nach dem Schlagen des Balls, indem sie den Schlag von der Schlagfl\u00e4che \u00fcber den Steg und direkt vom Griff auf die Hand \u00fcbertr\u00e4gt. Dies vermittelt bei jedem Schlag ein unglaubliches Gef\u00fchl der Schlagkraft und erh\u00f6ht das Selbstvertrauen in Ihr Spiel.<\/span> <\/span><\/p>\n<h3 class=\"feature-name ng-binding\">Komfortschaum<\/h3>\n<p><span class=\"value\"><span class=\"ng-binding\">KOMFORTSCHAUM: Es ist der ideale Belag f\u00fcr Spieler, die maximalen Komfort w\u00fcnschen. Absorbiert Vibrationen und erh\u00f6ht gleichzeitig die Kraft Ihrer Schl\u00e4ge.<\/span> <\/span><\/p>\n<h3 class=\"feature-name ng-binding\">Spin Surface<\/h3>\n<p><span class=\"value\"><span class=\"ng-binding\">Rau lackierte Technologie auf der Schlagfl\u00e4che, die dabei hilft, mehr Spin zu erzeugen, mit zus\u00e4tzlichem Ballgriff beim Treffmoment.<\/span> <\/span><\/p>\n<h3 class=\"feature-name ng-binding\">12K CARBON<\/h3>\n<p><span class=\"value\"><span class=\"ng-binding\">Schlagfl\u00e4che aus ultraleichter 12K-Kohlefaser, die zus\u00e4tzliche Steifigkeit und H\u00e4rte, gr\u00f6\u00dfere Widerstandsf\u00e4higkeit und ein hervorragendes Spielgef\u00fchl bietet. Diese Kohlefaser ist ideal, um Ihrem Spiel Pr\u00e4zision und Explosivit\u00e4t zu verleihen.<\/span> <\/span><\/p>\n<h3 class=\"feature-name ng-binding\">Integrated Protector System (IPS)<\/h3>\n<p><span class=\"value\"><span class=\"ng-binding\">IPS ist ein in die Form integrierter Carbonschutz, der Ihren Schl\u00e4ger vor St\u00f6\u00dfen und Kratzern sch\u00fctzt und so die Lebensdauer Ihres Schl\u00e4gers verl\u00e4ngert.<\/span> <\/span><\/p>\n<h3 class=\"feature-name ng-binding\">Smart Bridge<\/h3>\n<p><span class=\"value\"><span class=\"ng-binding\">Jeder Schl\u00e4ger hat seine DNA. Bei der Smart Bridge-Technologie handelt es sich um die spezifische und einzigartige Entwicklung des Br\u00fcckenbereichs, um unterschiedliche Vorteile zu bieten und sich an die Bed\u00fcrfnisse jedes Rotorblatts anzupassen<\/p>\n<h3 class=\"feature-name ng-binding\">Weiche Schaftkappe<\/h3>\n<p><span class=\"value\"><span class=\"ng-binding\">Die neue Kappe besteht aus weichem Material, das f\u00fcr einen angenehmen und weichen Griff sorgt.<br \/>\nMit einer orangefarbenen Oberfl\u00e4che dient es der Reduzierung von Vibrationen und Druck und beugt so Verletzungen und Blasen an den H\u00e4nden vor.<\/span> <\/span><\/p>\n","protected":false},"excerpt":{"rendered":"<p>Der ONE ULTRALIGHT-Schl\u00e4ger ist eine Innovation, die Padel revolutionieren wird, da er mit einem Gewicht von nur 300 Gramm der leichteste Schl\u00e4ger auf dem Markt f\u00fcr Erwachsene ist.<\/p>\n","protected":false},"featured_media":99106,"comment_status":"open","ping_status":"closed","template":"","meta":{"_acf_changed":false,"_joinchat":[]},"acabado":[1089],"balance":[1144],"dureza":[1149],"forma":[1179],"jugador":[1194,1189,1199],"marca":[1219],"nivel-de-juego":[1349],"superficie":[1359],"tipo-de-juego":[1369],"product_brand":[],"product_cat":[299],"product_tag":[],"class_list":{"0":"post-100229","1":"product","2":"type-product","3":"status-publish","4":"has-post-thumbnail","6":"acabado-3d-entlasten","7":"balance-niedrig","8":"dureza-blanda-de","9":"forma-rund","10":"jugador-frau","11":"jugador-mann","12":"jugador-mehrzweck","13":"marca-kopf","14":"superficie-rugosa-de","15":"tipo-de-juego-kontrolle","16":"product_cat-palas-de-padel-de","18":"first","19":"instock","20":"sale","21":"taxable","22":"shipping-taxable","23":"purchasable","24":"product-type-simple"},"acf":[],"yoast_head":"<!-- This site is optimized with the Yoast SEO plugin v27.4 - https:\/\/yoast.com\/product\/yoast-seo-wordpress\/ -->\n<title>HEAD ONE ULTRALIGHT BLACK - Revolution Padel Store<\/title>\n<meta name=\"description\" content=\"La pala ONE ULTRALIGHT es una innovaci\u00f3n que revolucionar\u00e1 el p\u00e1del, siendo la pala m\u00e1s ligera del mercado para adultos, con un peso de solo 300 gramos. Dise\u00f1ada para facilitar el aprendizaje y mejorar tu nivel de juego mientras te diviertes, esta pala premium presenta un nuevo molde redondeado. Mantiene un grosor de 38 mm en el marco y cuenta con una superficie de tama\u00f1o est\u00e1ndar, adem\u00e1s de una empu\u00f1adura m\u00e1s larga que aumenta la comodidad y proporciona soporte adicional en golpes como el rev\u00e9s.\" \/>\n<meta name=\"robots\" content=\"index, follow, max-snippet:-1, max-image-preview:large, max-video-preview:-1\" \/>\n<link rel=\"canonical\" href=\"https:\/\/revolutionpadelstore.com\/de\/produkt\/head-one-ultralight-black-1\/\" \/>\n<meta property=\"og:locale\" content=\"de_DE\" \/>\n<meta property=\"og:type\" content=\"article\" \/>\n<meta property=\"og:title\" content=\"HEAD ONE ULTRALIGHT BLACK - Revolution Padel Store\" \/>\n<meta property=\"og:description\" content=\"La pala ONE ULTRALIGHT es una innovaci\u00f3n que revolucionar\u00e1 el p\u00e1del, siendo la pala m\u00e1s ligera del mercado para adultos, con un peso de solo 300 gramos. Dise\u00f1ada para facilitar el aprendizaje y mejorar tu nivel de juego mientras te diviertes, esta pala premium presenta un nuevo molde redondeado. Mantiene un grosor de 38 mm en el marco y cuenta con una superficie de tama\u00f1o est\u00e1ndar, adem\u00e1s de una empu\u00f1adura m\u00e1s larga que aumenta la comodidad y proporciona soporte adicional en golpes como el rev\u00e9s.\" \/>\n<meta property=\"og:url\" content=\"https:\/\/revolutionpadelstore.com\/de\/produkt\/head-one-ultralight-black-1\/\" \/>\n<meta property=\"og:site_name\" content=\"Revolution Padel Store\" \/>\n<meta property=\"article:modified_time\" content=\"2026-04-08T08:24:08+00:00\" \/>\n<meta property=\"og:image\" content=\"https:\/\/revolutionpadelstore.com\/wp-content\/uploads\/2024\/10\/502164.jpg\" \/>\n\t<meta property=\"og:image:width\" content=\"800\" \/>\n\t<meta property=\"og:image:height\" content=\"800\" \/>\n\t<meta property=\"og:image:type\" content=\"image\/jpeg\" \/>\n<meta name=\"twitter:card\" content=\"summary_large_image\" \/>\n<meta name=\"twitter:label1\" content=\"Gesch\u00e4tzte Lesezeit\" \/>\n\t<meta name=\"twitter:data1\" content=\"3\u00a0Minuten\" \/>\n<script type=\"application\/ld+json\" class=\"yoast-schema-graph\">{\"@context\":\"https:\\\/\\\/schema.org\",\"@graph\":[{\"@type\":\"WebPage\",\"@id\":\"https:\\\/\\\/revolutionpadelstore.com\\\/de\\\/produkt\\\/head-one-ultralight-black-1\\\/\",\"url\":\"https:\\\/\\\/revolutionpadelstore.com\\\/de\\\/produkt\\\/head-one-ultralight-black-1\\\/\",\"name\":\"HEAD ONE ULTRALIGHT BLACK - Revolution Padel Store\",\"isPartOf\":{\"@id\":\"https:\\\/\\\/revolutionpadelstore.com\\\/de\\\/#website\"},\"primaryImageOfPage\":{\"@id\":\"https:\\\/\\\/revolutionpadelstore.com\\\/de\\\/produkt\\\/head-one-ultralight-black-1\\\/#primaryimage\"},\"image\":{\"@id\":\"https:\\\/\\\/revolutionpadelstore.com\\\/de\\\/produkt\\\/head-one-ultralight-black-1\\\/#primaryimage\"},\"thumbnailUrl\":\"https:\\\/\\\/revolutionpadelstore.com\\\/wp-content\\\/uploads\\\/2024\\\/10\\\/502164.jpg\",\"datePublished\":\"2024-10-22T06:18:34+00:00\",\"dateModified\":\"2026-04-08T08:24:08+00:00\",\"description\":\"La pala ONE ULTRALIGHT es una innovaci\u00f3n que revolucionar\u00e1 el p\u00e1del, siendo la pala m\u00e1s ligera del mercado para adultos, con un peso de solo 300 gramos. Dise\u00f1ada para facilitar el aprendizaje y mejorar tu nivel de juego mientras te diviertes, esta pala premium presenta un nuevo molde redondeado. Mantiene un grosor de 38 mm en el marco y cuenta con una superficie de tama\u00f1o est\u00e1ndar, adem\u00e1s de una empu\u00f1adura m\u00e1s larga que aumenta la comodidad y proporciona soporte adicional en golpes como el rev\u00e9s.\",\"breadcrumb\":{\"@id\":\"https:\\\/\\\/revolutionpadelstore.com\\\/de\\\/produkt\\\/head-one-ultralight-black-1\\\/#breadcrumb\"},\"inLanguage\":\"de\",\"potentialAction\":[{\"@type\":\"ReadAction\",\"target\":[\"https:\\\/\\\/revolutionpadelstore.com\\\/de\\\/produkt\\\/head-one-ultralight-black-1\\\/\"]}]},{\"@type\":\"ImageObject\",\"inLanguage\":\"de\",\"@id\":\"https:\\\/\\\/revolutionpadelstore.com\\\/de\\\/produkt\\\/head-one-ultralight-black-1\\\/#primaryimage\",\"url\":\"https:\\\/\\\/revolutionpadelstore.com\\\/wp-content\\\/uploads\\\/2024\\\/10\\\/502164.jpg\",\"contentUrl\":\"https:\\\/\\\/revolutionpadelstore.com\\\/wp-content\\\/uploads\\\/2024\\\/10\\\/502164.jpg\",\"width\":800,\"height\":800},{\"@type\":\"BreadcrumbList\",\"@id\":\"https:\\\/\\\/revolutionpadelstore.com\\\/de\\\/produkt\\\/head-one-ultralight-black-1\\\/#breadcrumb\",\"itemListElement\":[{\"@type\":\"ListItem\",\"position\":1,\"name\":\"Portada\",\"item\":\"https:\\\/\\\/revolutionpadelstore.com\\\/de\\\/\"},{\"@type\":\"ListItem\",\"position\":2,\"name\":\"Shop\",\"item\":\"https:\\\/\\\/revolutionpadelstore.com\\\/de\\\/tienda\\\/\"},{\"@type\":\"ListItem\",\"position\":3,\"name\":\"HEAD ONE ULTRALIGHT BLACK\"}]},{\"@type\":\"WebSite\",\"@id\":\"https:\\\/\\\/revolutionpadelstore.com\\\/de\\\/#website\",\"url\":\"https:\\\/\\\/revolutionpadelstore.com\\\/de\\\/\",\"name\":\"Revolution Padel Store\",\"description\":\"\",\"publisher\":{\"@id\":\"https:\\\/\\\/revolutionpadelstore.com\\\/de\\\/#organization\"},\"potentialAction\":[{\"@type\":\"SearchAction\",\"target\":{\"@type\":\"EntryPoint\",\"urlTemplate\":\"https:\\\/\\\/revolutionpadelstore.com\\\/de\\\/?s={search_term_string}\"},\"query-input\":{\"@type\":\"PropertyValueSpecification\",\"valueRequired\":true,\"valueName\":\"search_term_string\"}}],\"inLanguage\":\"de\"},{\"@type\":\"Organization\",\"@id\":\"https:\\\/\\\/revolutionpadelstore.com\\\/de\\\/#organization\",\"name\":\"Revolution Padel Store\",\"url\":\"https:\\\/\\\/revolutionpadelstore.com\\\/de\\\/\",\"logo\":{\"@type\":\"ImageObject\",\"inLanguage\":\"de\",\"@id\":\"https:\\\/\\\/revolutionpadelstore.com\\\/de\\\/#\\\/schema\\\/logo\\\/image\\\/\",\"url\":\"https:\\\/\\\/revolutionpadelstore.com\\\/wp-content\\\/uploads\\\/2026\\\/02\\\/revolution-padel-store.jpg\",\"contentUrl\":\"https:\\\/\\\/revolutionpadelstore.com\\\/wp-content\\\/uploads\\\/2026\\\/02\\\/revolution-padel-store.jpg\",\"width\":2000,\"height\":2000,\"caption\":\"Revolution Padel Store\"},\"image\":{\"@id\":\"https:\\\/\\\/revolutionpadelstore.com\\\/de\\\/#\\\/schema\\\/logo\\\/image\\\/\"},\"sameAs\":[\"https:\\\/\\\/www.instagram.com\\\/revolutionpadelstore\\\/\"]}]}<\/script>\n<!-- \/ Yoast SEO plugin. -->","yoast_head_json":{"title":"HEAD ONE ULTRALIGHT BLACK - Revolution Padel Store","description":"La pala ONE ULTRALIGHT es una innovaci\u00f3n que revolucionar\u00e1 el p\u00e1del, siendo la pala m\u00e1s ligera del mercado para adultos, con un peso de solo 300 gramos. Dise\u00f1ada para facilitar el aprendizaje y mejorar tu nivel de juego mientras te diviertes, esta pala premium presenta un nuevo molde redondeado. Mantiene un grosor de 38 mm en el marco y cuenta con una superficie de tama\u00f1o est\u00e1ndar, adem\u00e1s de una empu\u00f1adura m\u00e1s larga que aumenta la comodidad y proporciona soporte adicional en golpes como el rev\u00e9s.","robots":{"index":"index","follow":"follow","max-snippet":"max-snippet:-1","max-image-preview":"max-image-preview:large","max-video-preview":"max-video-preview:-1"},"canonical":"https:\/\/revolutionpadelstore.com\/de\/produkt\/head-one-ultralight-black-1\/","og_locale":"de_DE","og_type":"article","og_title":"HEAD ONE ULTRALIGHT BLACK - Revolution Padel Store","og_description":"La pala ONE ULTRALIGHT es una innovaci\u00f3n que revolucionar\u00e1 el p\u00e1del, siendo la pala m\u00e1s ligera del mercado para adultos, con un peso de solo 300 gramos. Dise\u00f1ada para facilitar el aprendizaje y mejorar tu nivel de juego mientras te diviertes, esta pala premium presenta un nuevo molde redondeado. Mantiene un grosor de 38 mm en el marco y cuenta con una superficie de tama\u00f1o est\u00e1ndar, adem\u00e1s de una empu\u00f1adura m\u00e1s larga que aumenta la comodidad y proporciona soporte adicional en golpes como el rev\u00e9s.","og_url":"https:\/\/revolutionpadelstore.com\/de\/produkt\/head-one-ultralight-black-1\/","og_site_name":"Revolution Padel Store","article_modified_time":"2026-04-08T08:24:08+00:00","og_image":[{"width":800,"height":800,"url":"https:\/\/revolutionpadelstore.com\/wp-content\/uploads\/2024\/10\/502164.jpg","type":"image\/jpeg"}],"twitter_card":"summary_large_image","twitter_misc":{"Gesch\u00e4tzte Lesezeit":"3\u00a0Minuten"},"schema":{"@context":"https:\/\/schema.org","@graph":[{"@type":"WebPage","@id":"https:\/\/revolutionpadelstore.com\/de\/produkt\/head-one-ultralight-black-1\/","url":"https:\/\/revolutionpadelstore.com\/de\/produkt\/head-one-ultralight-black-1\/","name":"HEAD ONE ULTRALIGHT BLACK - Revolution Padel Store","isPartOf":{"@id":"https:\/\/revolutionpadelstore.com\/de\/#website"},"primaryImageOfPage":{"@id":"https:\/\/revolutionpadelstore.com\/de\/produkt\/head-one-ultralight-black-1\/#primaryimage"},"image":{"@id":"https:\/\/revolutionpadelstore.com\/de\/produkt\/head-one-ultralight-black-1\/#primaryimage"},"thumbnailUrl":"https:\/\/revolutionpadelstore.com\/wp-content\/uploads\/2024\/10\/502164.jpg","datePublished":"2024-10-22T06:18:34+00:00","dateModified":"2026-04-08T08:24:08+00:00","description":"La pala ONE ULTRALIGHT es una innovaci\u00f3n que revolucionar\u00e1 el p\u00e1del, siendo la pala m\u00e1s ligera del mercado para adultos, con un peso de solo 300 gramos. Dise\u00f1ada para facilitar el aprendizaje y mejorar tu nivel de juego mientras te diviertes, esta pala premium presenta un nuevo molde redondeado. Mantiene un grosor de 38 mm en el marco y cuenta con una superficie de tama\u00f1o est\u00e1ndar, adem\u00e1s de una empu\u00f1adura m\u00e1s larga que aumenta la comodidad y proporciona soporte adicional en golpes como el rev\u00e9s.","breadcrumb":{"@id":"https:\/\/revolutionpadelstore.com\/de\/produkt\/head-one-ultralight-black-1\/#breadcrumb"},"inLanguage":"de","potentialAction":[{"@type":"ReadAction","target":["https:\/\/revolutionpadelstore.com\/de\/produkt\/head-one-ultralight-black-1\/"]}]},{"@type":"ImageObject","inLanguage":"de","@id":"https:\/\/revolutionpadelstore.com\/de\/produkt\/head-one-ultralight-black-1\/#primaryimage","url":"https:\/\/revolutionpadelstore.com\/wp-content\/uploads\/2024\/10\/502164.jpg","contentUrl":"https:\/\/revolutionpadelstore.com\/wp-content\/uploads\/2024\/10\/502164.jpg","width":800,"height":800},{"@type":"BreadcrumbList","@id":"https:\/\/revolutionpadelstore.com\/de\/produkt\/head-one-ultralight-black-1\/#breadcrumb","itemListElement":[{"@type":"ListItem","position":1,"name":"Portada","item":"https:\/\/revolutionpadelstore.com\/de\/"},{"@type":"ListItem","position":2,"name":"Shop","item":"https:\/\/revolutionpadelstore.com\/de\/tienda\/"},{"@type":"ListItem","position":3,"name":"HEAD ONE ULTRALIGHT BLACK"}]},{"@type":"WebSite","@id":"https:\/\/revolutionpadelstore.com\/de\/#website","url":"https:\/\/revolutionpadelstore.com\/de\/","name":"Revolution Padel Store","description":"","publisher":{"@id":"https:\/\/revolutionpadelstore.com\/de\/#organization"},"potentialAction":[{"@type":"SearchAction","target":{"@type":"EntryPoint","urlTemplate":"https:\/\/revolutionpadelstore.com\/de\/?s={search_term_string}"},"query-input":{"@type":"PropertyValueSpecification","valueRequired":true,"valueName":"search_term_string"}}],"inLanguage":"de"},{"@type":"Organization","@id":"https:\/\/revolutionpadelstore.com\/de\/#organization","name":"Revolution Padel Store","url":"https:\/\/revolutionpadelstore.com\/de\/","logo":{"@type":"ImageObject","inLanguage":"de","@id":"https:\/\/revolutionpadelstore.com\/de\/#\/schema\/logo\/image\/","url":"https:\/\/revolutionpadelstore.com\/wp-content\/uploads\/2026\/02\/revolution-padel-store.jpg","contentUrl":"https:\/\/revolutionpadelstore.com\/wp-content\/uploads\/2026\/02\/revolution-padel-store.jpg","width":2000,"height":2000,"caption":"Revolution Padel Store"},"image":{"@id":"https:\/\/revolutionpadelstore.com\/de\/#\/schema\/logo\/image\/"},"sameAs":["https:\/\/www.instagram.com\/revolutionpadelstore\/"]}]}},"_links":{"self":[{"href":"https:\/\/revolutionpadelstore.com\/de\/wp-json\/wp\/v2\/product\/100229","targetHints":{"allow":["GET"]}}],"collection":[{"href":"https:\/\/revolutionpadelstore.com\/de\/wp-json\/wp\/v2\/product"}],"about":[{"href":"https:\/\/revolutionpadelstore.com\/de\/wp-json\/wp\/v2\/types\/product"}],"replies":[{"embeddable":true,"href":"https:\/\/revolutionpadelstore.com\/de\/wp-json\/wp\/v2\/comments?post=100229"}],"wp:featuredmedia":[{"embeddable":true,"href":"https:\/\/revolutionpadelstore.com\/de\/wp-json\/wp\/v2\/media\/99106"}],"wp:attachment":[{"href":"https:\/\/revolutionpadelstore.com\/de\/wp-json\/wp\/v2\/media?parent=100229"}],"wp:term":[{"taxonomy":"acabado","embeddable":true,"href":"https:\/\/revolutionpadelstore.com\/de\/wp-json\/wp\/v2\/acabado?post=100229"},{"taxonomy":"balance","embeddable":true,"href":"https:\/\/revolutionpadelstore.com\/de\/wp-json\/wp\/v2\/balance?post=100229"},{"taxonomy":"dureza","embeddable":true,"href":"https:\/\/revolutionpadelstore.com\/de\/wp-json\/wp\/v2\/dureza?post=100229"},{"taxonomy":"forma","embeddable":true,"href":"https:\/\/revolutionpadelstore.com\/de\/wp-json\/wp\/v2\/forma?post=100229"},{"taxonomy":"jugador","embeddable":true,"href":"https:\/\/revolutionpadelstore.com\/de\/wp-json\/wp\/v2\/jugador?post=100229"},{"taxonomy":"marca","embeddable":true,"href":"https:\/\/revolutionpadelstore.com\/de\/wp-json\/wp\/v2\/marca?post=100229"},{"taxonomy":"nivel-de-juego","embeddable":true,"href":"https:\/\/revolutionpadelstore.com\/de\/wp-json\/wp\/v2\/nivel-de-juego?post=100229"},{"taxonomy":"superficie","embeddable":true,"href":"https:\/\/revolutionpadelstore.com\/de\/wp-json\/wp\/v2\/superficie?post=100229"},{"taxonomy":"tipo-de-juego","embeddable":true,"href":"https:\/\/revolutionpadelstore.com\/de\/wp-json\/wp\/v2\/tipo-de-juego?post=100229"},{"taxonomy":"product_brand","embeddable":true,"href":"https:\/\/revolutionpadelstore.com\/de\/wp-json\/wp\/v2\/product_brand?post=100229"},{"taxonomy":"product_cat","embeddable":true,"href":"https:\/\/revolutionpadelstore.com\/de\/wp-json\/wp\/v2\/product_cat?post=100229"},{"taxonomy":"product_tag","embeddable":true,"href":"https:\/\/revolutionpadelstore.com\/de\/wp-json\/wp\/v2\/product_tag?post=100229"}],"curies":[{"name":"wp","href":"https:\/\/api.w.org\/{rel}","templated":true}]}}