{"id":100224,"date":"2024-11-05T22:54:48","date_gmt":"2024-11-05T21:54:48","guid":{"rendered":"https:\/\/revolutionpadelstore.com\/cajon-72-pelotas-head-padel-pro\/"},"modified":"2026-04-09T14:00:05","modified_gmt":"2026-04-09T12:00:05","slug":"cajon-72-pelotas-head-padel-pro-1","status":"publish","type":"product","link":"https:\/\/revolutionpadelstore.com\/de\/produkt\/cajon-72-pelotas-head-padel-pro-1\/","title":{"rendered":"CAJON 72 PELOTAS HEAD PADEL PRO+"},"content":{"rendered":"<p>Mit einem Kern aus einer neuen Formel \u2013 der seinen Druck l\u00e4nger aufrechterh\u00e4lt \u2013 sowie einem neuen, exklusiv f\u00fcr Padel entwickelten Filz ist der HEAD PADEL PRO+ jetzt langlebiger. Au\u00dferdem erleichtert die d\u00fcnnere Wand die Kontrolle. Beliebt bei den anspruchsvollsten Spielern, die au\u00dfergew\u00f6hnliche Kontrolle suchen, ist er der offizielle Ball des spanischen Paddelverbandes und wird auf eine nachhaltigere Art und Weise mit einem neuen Design verpackt, das die R\u00f6hre \u00f6kologischer und einfacher zu recyceln macht.<\/p>\n<p>\u00b7 Hervorragende Kontrolle<br \/>\n\u00b7 Offizieller Ball des spanischen Paddelverbandes<br \/>\n\u00b7 Neue Kernformel, die den Druck l\u00e4nger aufrechterh\u00e4lt<br \/>\n\u00b7 Der neue Filz wurde exklusiv f\u00fcr Padel entwickelt und verbessert die Haltbarkeit<br \/>\n\u00b7 D\u00fcnnere Wand f\u00fcr bessere Kontrolle<br \/>\n\u00b7 Es ist einfacher, ein neues, nachhaltigeres Tubendesign zu recyceln<br \/>\n\u00b7 Kann zu 35 % aus recyceltem PET hergestellt werden<br \/>\n\u00b7 Die H\u00fclle ist k\u00fcrzer und besteht aus Polypropylen, einem recycelbaren Material<br \/>\n\u00b7 Maschinen erkennen PET problemlos und leiten die Dose dem richtigen Recyclingstrom zu<\/p>\n","protected":false},"excerpt":{"rendered":"<p>Mit einem Kern aus einer neuen Formel \u2013 der seinen Druck l\u00e4nger aufrechterh\u00e4lt \u2013 sowie einem neuen, exklusiv f\u00fcr Padel entwickelten Filz ist der HEAD PADEL PRO+ jetzt langlebiger.<\/p>\n","protected":false},"featured_media":100193,"comment_status":"open","ping_status":"closed","template":"","meta":{"_acf_changed":false,"_joinchat":[]},"acabado":[],"balance":[],"dureza":[],"forma":[],"jugador":[],"marca":[1219],"nivel-de-juego":[],"superficie":[],"tipo-de-juego":[],"product_brand":[],"product_cat":[603],"product_tag":[],"class_list":{"0":"post-100224","1":"product","2":"type-product","3":"status-publish","4":"has-post-thumbnail","6":"marca-kopf","7":"product_cat-balle","9":"first","10":"instock","11":"sale","12":"taxable","13":"shipping-taxable","14":"purchasable","15":"product-type-simple"},"acf":[],"yoast_head":"<!-- This site is optimized with the Yoast SEO plugin v27.4 - https:\/\/yoast.com\/product\/yoast-seo-wordpress\/ -->\n<title>CAJON 72 PELOTAS HEAD PADEL PRO+ - Revolution Padel Store<\/title>\n<meta name=\"description\" content=\"Con un n\u00facleo fabricado a partir de una nueva f\u00f3rmula -que mantiene su presi\u00f3n durante m\u00e1s tiempo-, adem\u00e1s de un nuevo fieltro desarrollado exclusivamente para p\u00e1del, la HEAD PADEL PRO+ es ahora m\u00e1s duradera. Adem\u00e1s, su pared m\u00e1s delgada hace que sea m\u00e1s f\u00e1cil de controlar. Popular entre los jugadores m\u00e1s exigentes que buscan un control excepcional, es la pelota oficial de la Federaci\u00f3n Espa\u00f1ola de P\u00e1del y est\u00e1 envasada de forma m\u00e1s sostenible con un nuevo dise\u00f1o que hace que el tubo sea m\u00e1s ecol\u00f3gico y f\u00e1cil de reciclar.\" \/>\n<meta name=\"robots\" content=\"index, follow, max-snippet:-1, max-image-preview:large, max-video-preview:-1\" \/>\n<link rel=\"canonical\" href=\"https:\/\/revolutionpadelstore.com\/de\/produkt\/cajon-72-pelotas-head-padel-pro-1\/\" \/>\n<meta property=\"og:locale\" content=\"de_DE\" \/>\n<meta property=\"og:type\" content=\"article\" \/>\n<meta property=\"og:title\" content=\"CAJON 72 PELOTAS HEAD PADEL PRO+ - Revolution Padel Store\" \/>\n<meta property=\"og:description\" content=\"Con un n\u00facleo fabricado a partir de una nueva f\u00f3rmula -que mantiene su presi\u00f3n durante m\u00e1s tiempo-, adem\u00e1s de un nuevo fieltro desarrollado exclusivamente para p\u00e1del, la HEAD PADEL PRO+ es ahora m\u00e1s duradera. Adem\u00e1s, su pared m\u00e1s delgada hace que sea m\u00e1s f\u00e1cil de controlar. Popular entre los jugadores m\u00e1s exigentes que buscan un control excepcional, es la pelota oficial de la Federaci\u00f3n Espa\u00f1ola de P\u00e1del y est\u00e1 envasada de forma m\u00e1s sostenible con un nuevo dise\u00f1o que hace que el tubo sea m\u00e1s ecol\u00f3gico y f\u00e1cil de reciclar.\" \/>\n<meta property=\"og:url\" content=\"https:\/\/revolutionpadelstore.com\/de\/produkt\/cajon-72-pelotas-head-padel-pro-1\/\" \/>\n<meta property=\"og:site_name\" content=\"Revolution Padel Store\" \/>\n<meta property=\"article:modified_time\" content=\"2026-04-09T12:00:05+00:00\" \/>\n<meta property=\"og:image\" content=\"https:\/\/revolutionpadelstore.com\/wp-content\/uploads\/2024\/11\/cajon-72-pelotas-24-botes-de-3-uds-head-padel-pro-1000x1000-1.webp\" \/>\n\t<meta property=\"og:image:width\" content=\"1000\" \/>\n\t<meta property=\"og:image:height\" content=\"1000\" \/>\n\t<meta property=\"og:image:type\" content=\"image\/webp\" \/>\n<meta name=\"twitter:card\" content=\"summary_large_image\" \/>\n<meta name=\"twitter:label1\" content=\"Gesch\u00e4tzte Lesezeit\" \/>\n\t<meta name=\"twitter:data1\" content=\"2\u00a0Minuten\" \/>\n<script type=\"application\/ld+json\" class=\"yoast-schema-graph\">{\"@context\":\"https:\\\/\\\/schema.org\",\"@graph\":[{\"@type\":\"WebPage\",\"@id\":\"https:\\\/\\\/revolutionpadelstore.com\\\/de\\\/produkt\\\/cajon-72-pelotas-head-padel-pro-1\\\/\",\"url\":\"https:\\\/\\\/revolutionpadelstore.com\\\/de\\\/produkt\\\/cajon-72-pelotas-head-padel-pro-1\\\/\",\"name\":\"CAJON 72 PELOTAS HEAD PADEL PRO+ - Revolution Padel Store\",\"isPartOf\":{\"@id\":\"https:\\\/\\\/revolutionpadelstore.com\\\/de\\\/#website\"},\"primaryImageOfPage\":{\"@id\":\"https:\\\/\\\/revolutionpadelstore.com\\\/de\\\/produkt\\\/cajon-72-pelotas-head-padel-pro-1\\\/#primaryimage\"},\"image\":{\"@id\":\"https:\\\/\\\/revolutionpadelstore.com\\\/de\\\/produkt\\\/cajon-72-pelotas-head-padel-pro-1\\\/#primaryimage\"},\"thumbnailUrl\":\"https:\\\/\\\/revolutionpadelstore.com\\\/wp-content\\\/uploads\\\/2024\\\/11\\\/cajon-72-pelotas-24-botes-de-3-uds-head-padel-pro-1000x1000-1.webp\",\"datePublished\":\"2024-11-05T21:54:48+00:00\",\"dateModified\":\"2026-04-09T12:00:05+00:00\",\"description\":\"Con un n\u00facleo fabricado a partir de una nueva f\u00f3rmula -que mantiene su presi\u00f3n durante m\u00e1s tiempo-, adem\u00e1s de un nuevo fieltro desarrollado exclusivamente para p\u00e1del, la HEAD PADEL PRO+ es ahora m\u00e1s duradera. Adem\u00e1s, su pared m\u00e1s delgada hace que sea m\u00e1s f\u00e1cil de controlar. Popular entre los jugadores m\u00e1s exigentes que buscan un control excepcional, es la pelota oficial de la Federaci\u00f3n Espa\u00f1ola de P\u00e1del y est\u00e1 envasada de forma m\u00e1s sostenible con un nuevo dise\u00f1o que hace que el tubo sea m\u00e1s ecol\u00f3gico y f\u00e1cil de reciclar.\",\"breadcrumb\":{\"@id\":\"https:\\\/\\\/revolutionpadelstore.com\\\/de\\\/produkt\\\/cajon-72-pelotas-head-padel-pro-1\\\/#breadcrumb\"},\"inLanguage\":\"de\",\"potentialAction\":[{\"@type\":\"ReadAction\",\"target\":[\"https:\\\/\\\/revolutionpadelstore.com\\\/de\\\/produkt\\\/cajon-72-pelotas-head-padel-pro-1\\\/\"]}]},{\"@type\":\"ImageObject\",\"inLanguage\":\"de\",\"@id\":\"https:\\\/\\\/revolutionpadelstore.com\\\/de\\\/produkt\\\/cajon-72-pelotas-head-padel-pro-1\\\/#primaryimage\",\"url\":\"https:\\\/\\\/revolutionpadelstore.com\\\/wp-content\\\/uploads\\\/2024\\\/11\\\/cajon-72-pelotas-24-botes-de-3-uds-head-padel-pro-1000x1000-1.webp\",\"contentUrl\":\"https:\\\/\\\/revolutionpadelstore.com\\\/wp-content\\\/uploads\\\/2024\\\/11\\\/cajon-72-pelotas-24-botes-de-3-uds-head-padel-pro-1000x1000-1.webp\",\"width\":1000,\"height\":1000},{\"@type\":\"BreadcrumbList\",\"@id\":\"https:\\\/\\\/revolutionpadelstore.com\\\/de\\\/produkt\\\/cajon-72-pelotas-head-padel-pro-1\\\/#breadcrumb\",\"itemListElement\":[{\"@type\":\"ListItem\",\"position\":1,\"name\":\"Portada\",\"item\":\"https:\\\/\\\/revolutionpadelstore.com\\\/de\\\/\"},{\"@type\":\"ListItem\",\"position\":2,\"name\":\"Shop\",\"item\":\"https:\\\/\\\/revolutionpadelstore.com\\\/de\\\/tienda\\\/\"},{\"@type\":\"ListItem\",\"position\":3,\"name\":\"CAJON 72 PELOTAS HEAD PADEL PRO+\"}]},{\"@type\":\"WebSite\",\"@id\":\"https:\\\/\\\/revolutionpadelstore.com\\\/de\\\/#website\",\"url\":\"https:\\\/\\\/revolutionpadelstore.com\\\/de\\\/\",\"name\":\"Revolution Padel Store\",\"description\":\"\",\"publisher\":{\"@id\":\"https:\\\/\\\/revolutionpadelstore.com\\\/de\\\/#organization\"},\"potentialAction\":[{\"@type\":\"SearchAction\",\"target\":{\"@type\":\"EntryPoint\",\"urlTemplate\":\"https:\\\/\\\/revolutionpadelstore.com\\\/de\\\/?s={search_term_string}\"},\"query-input\":{\"@type\":\"PropertyValueSpecification\",\"valueRequired\":true,\"valueName\":\"search_term_string\"}}],\"inLanguage\":\"de\"},{\"@type\":\"Organization\",\"@id\":\"https:\\\/\\\/revolutionpadelstore.com\\\/de\\\/#organization\",\"name\":\"Revolution Padel Store\",\"url\":\"https:\\\/\\\/revolutionpadelstore.com\\\/de\\\/\",\"logo\":{\"@type\":\"ImageObject\",\"inLanguage\":\"de\",\"@id\":\"https:\\\/\\\/revolutionpadelstore.com\\\/de\\\/#\\\/schema\\\/logo\\\/image\\\/\",\"url\":\"https:\\\/\\\/revolutionpadelstore.com\\\/wp-content\\\/uploads\\\/2026\\\/02\\\/revolution-padel-store.jpg\",\"contentUrl\":\"https:\\\/\\\/revolutionpadelstore.com\\\/wp-content\\\/uploads\\\/2026\\\/02\\\/revolution-padel-store.jpg\",\"width\":2000,\"height\":2000,\"caption\":\"Revolution Padel Store\"},\"image\":{\"@id\":\"https:\\\/\\\/revolutionpadelstore.com\\\/de\\\/#\\\/schema\\\/logo\\\/image\\\/\"},\"sameAs\":[\"https:\\\/\\\/www.instagram.com\\\/revolutionpadelstore\\\/\"]}]}<\/script>\n<!-- \/ Yoast SEO plugin. -->","yoast_head_json":{"title":"CAJON 72 PELOTAS HEAD PADEL PRO+ - Revolution Padel Store","description":"Con un n\u00facleo fabricado a partir de una nueva f\u00f3rmula -que mantiene su presi\u00f3n durante m\u00e1s tiempo-, adem\u00e1s de un nuevo fieltro desarrollado exclusivamente para p\u00e1del, la HEAD PADEL PRO+ es ahora m\u00e1s duradera. Adem\u00e1s, su pared m\u00e1s delgada hace que sea m\u00e1s f\u00e1cil de controlar. Popular entre los jugadores m\u00e1s exigentes que buscan un control excepcional, es la pelota oficial de la Federaci\u00f3n Espa\u00f1ola de P\u00e1del y est\u00e1 envasada de forma m\u00e1s sostenible con un nuevo dise\u00f1o que hace que el tubo sea m\u00e1s ecol\u00f3gico y f\u00e1cil de reciclar.","robots":{"index":"index","follow":"follow","max-snippet":"max-snippet:-1","max-image-preview":"max-image-preview:large","max-video-preview":"max-video-preview:-1"},"canonical":"https:\/\/revolutionpadelstore.com\/de\/produkt\/cajon-72-pelotas-head-padel-pro-1\/","og_locale":"de_DE","og_type":"article","og_title":"CAJON 72 PELOTAS HEAD PADEL PRO+ - Revolution Padel Store","og_description":"Con un n\u00facleo fabricado a partir de una nueva f\u00f3rmula -que mantiene su presi\u00f3n durante m\u00e1s tiempo-, adem\u00e1s de un nuevo fieltro desarrollado exclusivamente para p\u00e1del, la HEAD PADEL PRO+ es ahora m\u00e1s duradera. Adem\u00e1s, su pared m\u00e1s delgada hace que sea m\u00e1s f\u00e1cil de controlar. Popular entre los jugadores m\u00e1s exigentes que buscan un control excepcional, es la pelota oficial de la Federaci\u00f3n Espa\u00f1ola de P\u00e1del y est\u00e1 envasada de forma m\u00e1s sostenible con un nuevo dise\u00f1o que hace que el tubo sea m\u00e1s ecol\u00f3gico y f\u00e1cil de reciclar.","og_url":"https:\/\/revolutionpadelstore.com\/de\/produkt\/cajon-72-pelotas-head-padel-pro-1\/","og_site_name":"Revolution Padel Store","article_modified_time":"2026-04-09T12:00:05+00:00","og_image":[{"width":1000,"height":1000,"url":"https:\/\/revolutionpadelstore.com\/wp-content\/uploads\/2024\/11\/cajon-72-pelotas-24-botes-de-3-uds-head-padel-pro-1000x1000-1.webp","type":"image\/webp"}],"twitter_card":"summary_large_image","twitter_misc":{"Gesch\u00e4tzte Lesezeit":"2\u00a0Minuten"},"schema":{"@context":"https:\/\/schema.org","@graph":[{"@type":"WebPage","@id":"https:\/\/revolutionpadelstore.com\/de\/produkt\/cajon-72-pelotas-head-padel-pro-1\/","url":"https:\/\/revolutionpadelstore.com\/de\/produkt\/cajon-72-pelotas-head-padel-pro-1\/","name":"CAJON 72 PELOTAS HEAD PADEL PRO+ - Revolution Padel Store","isPartOf":{"@id":"https:\/\/revolutionpadelstore.com\/de\/#website"},"primaryImageOfPage":{"@id":"https:\/\/revolutionpadelstore.com\/de\/produkt\/cajon-72-pelotas-head-padel-pro-1\/#primaryimage"},"image":{"@id":"https:\/\/revolutionpadelstore.com\/de\/produkt\/cajon-72-pelotas-head-padel-pro-1\/#primaryimage"},"thumbnailUrl":"https:\/\/revolutionpadelstore.com\/wp-content\/uploads\/2024\/11\/cajon-72-pelotas-24-botes-de-3-uds-head-padel-pro-1000x1000-1.webp","datePublished":"2024-11-05T21:54:48+00:00","dateModified":"2026-04-09T12:00:05+00:00","description":"Con un n\u00facleo fabricado a partir de una nueva f\u00f3rmula -que mantiene su presi\u00f3n durante m\u00e1s tiempo-, adem\u00e1s de un nuevo fieltro desarrollado exclusivamente para p\u00e1del, la HEAD PADEL PRO+ es ahora m\u00e1s duradera. Adem\u00e1s, su pared m\u00e1s delgada hace que sea m\u00e1s f\u00e1cil de controlar. Popular entre los jugadores m\u00e1s exigentes que buscan un control excepcional, es la pelota oficial de la Federaci\u00f3n Espa\u00f1ola de P\u00e1del y est\u00e1 envasada de forma m\u00e1s sostenible con un nuevo dise\u00f1o que hace que el tubo sea m\u00e1s ecol\u00f3gico y f\u00e1cil de reciclar.","breadcrumb":{"@id":"https:\/\/revolutionpadelstore.com\/de\/produkt\/cajon-72-pelotas-head-padel-pro-1\/#breadcrumb"},"inLanguage":"de","potentialAction":[{"@type":"ReadAction","target":["https:\/\/revolutionpadelstore.com\/de\/produkt\/cajon-72-pelotas-head-padel-pro-1\/"]}]},{"@type":"ImageObject","inLanguage":"de","@id":"https:\/\/revolutionpadelstore.com\/de\/produkt\/cajon-72-pelotas-head-padel-pro-1\/#primaryimage","url":"https:\/\/revolutionpadelstore.com\/wp-content\/uploads\/2024\/11\/cajon-72-pelotas-24-botes-de-3-uds-head-padel-pro-1000x1000-1.webp","contentUrl":"https:\/\/revolutionpadelstore.com\/wp-content\/uploads\/2024\/11\/cajon-72-pelotas-24-botes-de-3-uds-head-padel-pro-1000x1000-1.webp","width":1000,"height":1000},{"@type":"BreadcrumbList","@id":"https:\/\/revolutionpadelstore.com\/de\/produkt\/cajon-72-pelotas-head-padel-pro-1\/#breadcrumb","itemListElement":[{"@type":"ListItem","position":1,"name":"Portada","item":"https:\/\/revolutionpadelstore.com\/de\/"},{"@type":"ListItem","position":2,"name":"Shop","item":"https:\/\/revolutionpadelstore.com\/de\/tienda\/"},{"@type":"ListItem","position":3,"name":"CAJON 72 PELOTAS HEAD PADEL PRO+"}]},{"@type":"WebSite","@id":"https:\/\/revolutionpadelstore.com\/de\/#website","url":"https:\/\/revolutionpadelstore.com\/de\/","name":"Revolution Padel Store","description":"","publisher":{"@id":"https:\/\/revolutionpadelstore.com\/de\/#organization"},"potentialAction":[{"@type":"SearchAction","target":{"@type":"EntryPoint","urlTemplate":"https:\/\/revolutionpadelstore.com\/de\/?s={search_term_string}"},"query-input":{"@type":"PropertyValueSpecification","valueRequired":true,"valueName":"search_term_string"}}],"inLanguage":"de"},{"@type":"Organization","@id":"https:\/\/revolutionpadelstore.com\/de\/#organization","name":"Revolution Padel Store","url":"https:\/\/revolutionpadelstore.com\/de\/","logo":{"@type":"ImageObject","inLanguage":"de","@id":"https:\/\/revolutionpadelstore.com\/de\/#\/schema\/logo\/image\/","url":"https:\/\/revolutionpadelstore.com\/wp-content\/uploads\/2026\/02\/revolution-padel-store.jpg","contentUrl":"https:\/\/revolutionpadelstore.com\/wp-content\/uploads\/2026\/02\/revolution-padel-store.jpg","width":2000,"height":2000,"caption":"Revolution Padel Store"},"image":{"@id":"https:\/\/revolutionpadelstore.com\/de\/#\/schema\/logo\/image\/"},"sameAs":["https:\/\/www.instagram.com\/revolutionpadelstore\/"]}]}},"_links":{"self":[{"href":"https:\/\/revolutionpadelstore.com\/de\/wp-json\/wp\/v2\/product\/100224","targetHints":{"allow":["GET"]}}],"collection":[{"href":"https:\/\/revolutionpadelstore.com\/de\/wp-json\/wp\/v2\/product"}],"about":[{"href":"https:\/\/revolutionpadelstore.com\/de\/wp-json\/wp\/v2\/types\/product"}],"replies":[{"embeddable":true,"href":"https:\/\/revolutionpadelstore.com\/de\/wp-json\/wp\/v2\/comments?post=100224"}],"wp:featuredmedia":[{"embeddable":true,"href":"https:\/\/revolutionpadelstore.com\/de\/wp-json\/wp\/v2\/media\/100193"}],"wp:attachment":[{"href":"https:\/\/revolutionpadelstore.com\/de\/wp-json\/wp\/v2\/media?parent=100224"}],"wp:term":[{"taxonomy":"acabado","embeddable":true,"href":"https:\/\/revolutionpadelstore.com\/de\/wp-json\/wp\/v2\/acabado?post=100224"},{"taxonomy":"balance","embeddable":true,"href":"https:\/\/revolutionpadelstore.com\/de\/wp-json\/wp\/v2\/balance?post=100224"},{"taxonomy":"dureza","embeddable":true,"href":"https:\/\/revolutionpadelstore.com\/de\/wp-json\/wp\/v2\/dureza?post=100224"},{"taxonomy":"forma","embeddable":true,"href":"https:\/\/revolutionpadelstore.com\/de\/wp-json\/wp\/v2\/forma?post=100224"},{"taxonomy":"jugador","embeddable":true,"href":"https:\/\/revolutionpadelstore.com\/de\/wp-json\/wp\/v2\/jugador?post=100224"},{"taxonomy":"marca","embeddable":true,"href":"https:\/\/revolutionpadelstore.com\/de\/wp-json\/wp\/v2\/marca?post=100224"},{"taxonomy":"nivel-de-juego","embeddable":true,"href":"https:\/\/revolutionpadelstore.com\/de\/wp-json\/wp\/v2\/nivel-de-juego?post=100224"},{"taxonomy":"superficie","embeddable":true,"href":"https:\/\/revolutionpadelstore.com\/de\/wp-json\/wp\/v2\/superficie?post=100224"},{"taxonomy":"tipo-de-juego","embeddable":true,"href":"https:\/\/revolutionpadelstore.com\/de\/wp-json\/wp\/v2\/tipo-de-juego?post=100224"},{"taxonomy":"product_brand","embeddable":true,"href":"https:\/\/revolutionpadelstore.com\/de\/wp-json\/wp\/v2\/product_brand?post=100224"},{"taxonomy":"product_cat","embeddable":true,"href":"https:\/\/revolutionpadelstore.com\/de\/wp-json\/wp\/v2\/product_cat?post=100224"},{"taxonomy":"product_tag","embeddable":true,"href":"https:\/\/revolutionpadelstore.com\/de\/wp-json\/wp\/v2\/product_tag?post=100224"}],"curies":[{"name":"wp","href":"https:\/\/api.w.org\/{rel}","templated":true}]}}