{"id":82445,"date":"2023-12-15T16:08:52","date_gmt":"2023-12-15T15:08:52","guid":{"rendered":"https:\/\/revolutionpadelstore.com\/garantia\/"},"modified":"2024-09-30T13:07:56","modified_gmt":"2024-09-30T11:07:56","slug":"garantia","status":"publish","type":"page","link":"https:\/\/revolutionpadelstore.com\/de\/garantia\/","title":{"rendered":"Garantie"},"content":{"rendered":"\n<p>ANWENDBARE GARANTIEN<\/p>\n\n\n\n<p>Alle auf der Website angebotenen Produkte sind vollst\u00e4ndig original, sofern in der Beschreibung nichts anderes angegeben ist.<\/p>\n\n\n\n<p>Gem\u00e4\u00df den geltenden Bestimmungen zur Konsumg\u00fctergarantie haben unsere Produkte eine Garantie von 2 Jahren ab Kaufrechnungsdatum (f\u00fcr Bestellungen vor dem 1. Januar 2022) bzw. 3 Jahren (f\u00fcr Bestellungen nach dem 1. Januar 2022), allerdings w\u00e4hrend der In den ersten Monaten wird davon ausgegangen, dass der Mangel, den das Produkt aufweist, vom Werk herr\u00fchrt, sofern nicht das Gegenteil nachgewiesen wird. Der Kunde muss nachweisen, dass es sich auch um einen vom Werk herr\u00fchrenden Mangel handelt, wenn er ab dem sechsten Monat und vor Ablauf von zwei Jahren auftritt. Immer mit Rechnung oder Kaufbeleg.<\/p>\n\n\n\n<p>Wenn also eine Verschlechterung des Artikels vorliegt und der Kunde den Verdacht hat, dass dies auf einen Herstellungsfehler zur\u00fcckzuf\u00fchren sein k\u00f6nnte, kann er die Garantie in Anspruch nehmen, indem er sich an unseren Online-Kundendienst im Abschnitt \u201eVersand und R\u00fccksendungen\u201c der Website wendet, auf der sich der Artikel befand den Kauf in \u00dcbereinstimmung mit den Inhalten und Beschr\u00e4nkungen des Allgemeinen Gesetzes zum Schutz von Verbrauchern und Nutzern und anderen geltenden Vorschriften get\u00e4tigt hat.<\/p>\n\n\n\n<p>Sport Business Solutions S.L. wird die Garantie mit dem technischen Service der Produktmarke abwickeln.<\/p>\n\n\n\n<p>Nach der Analyse des Artikels durch den technischen Dienst k\u00f6nnen drei Situationen auftreten:<\/p>\n\n\n\n<p>\u00b7 Lassen Sie das Produkt vom technischen Service reparieren und an den Kunden zur\u00fccksenden.<\/p>\n\n\n\n<p>\u00b7 Lassen Sie den Artikel vom technischen Service gegen einen neuen austauschen. In diesem Fall wird derselbe Artikel IMMER zur\u00fcckgegeben und ein Umtausch gegen einen anderen Artikel ist nicht m\u00f6glich (es sei denn, er ist nicht vorr\u00e4tig).<\/p>\n\n\n\n<p>\u00b7 Dass der technische Dienst feststellt, dass das Produkt keinen Herstellungsfehler aufweist und dass die \u00c4nderung oder Reparatur nicht angemessen ist. In diesem Fall wird das Originalprodukt des Kunden an den Kunden zur\u00fcckgesandt.<\/p>\n\n\n\n<p>(Gesetz 3\/2014 vom 27. M\u00e4rz, das den konsolidierten Text des Allgemeinen Gesetzes zum Schutz von Verbrauchern und Nutzern und anderen erg\u00e4nzenden Gesetzen \u00e4ndert, genehmigt durch das K\u00f6nigliche Gesetzesdekret 1\/2007 vom 16. November BOE Nr. 76 vom 28. M\u00e4rz , 2014.)<\/p>\n\n\n\n<p>Online-Streitbeilegung<\/p>\n\n\n\n<p>Als Verbraucher und Nutzer informieren wir Sie dar\u00fcber, dass die Europ\u00e4ische Kommission gem\u00e4\u00df Art. 14 der Verordnung (EU) 524\/2013 eine kostenlose Zugangsplattform zur L\u00f6sung von Online-Konflikten zwischen den Parteien bereitstellt, ohne dass auf diese zur\u00fcckgegriffen werden muss Gerichte, durch die Intervention einer dritten Partei, der so genannten Streitbeilegungsstelle, die als Vermittler zwischen den beiden fungiert. Dieses Gremium ist neutral und wird mit beiden Parteien einen Dialog f\u00fchren, um eine Einigung zu erzielen, und kann schlie\u00dflich eine L\u00f6sung f\u00fcr den Konflikt vorschlagen und\/oder durchsetzen. Link zur ODR-Plattform<\/p>\n\n\n\n<p>Anwendbares Recht und Gerichtsstand<\/p>\n\n\n\n<p>Diese Bedingungen unterliegen der spanischen Gesetzgebung und werden insoweit ausgelegt, als dies nicht ausdr\u00fccklich festgelegt ist. Der Anbieter und der KUNDE vereinbaren, alle Streitigkeiten, die sich aus der Bereitstellung der diesen Bedingungen unterliegenden Produkte oder Dienstleistungen ergeben k\u00f6nnten, den Gerichten am Wohnsitz des KUNDEN vorzulegen.<\/p>\n\n\n\n<p>F\u00fcr den Fall, dass der KUNDE seinen Wohnsitz au\u00dferhalb Spaniens hat, verzichten der Anbieter und der KUNDE ausdr\u00fccklich auf jeden anderen Gerichtsstand und unterwerfen sich den zust\u00e4ndigen Gerichten, die durch die auf diesen Vertrag anwendbaren Gesetze gesetzlich festgelegt sind.<\/p>\n\n\n\n<p>Indem Sie Ihre Bestellung aufgeben, stimmen Sie diesen Allgemeinen Gesch\u00e4ftsbedingungen und den nachstehenden Nutzungsbedingungen zu.<\/p>\n\n\n\n<p>Physische Geschenke sind verf\u00fcgbar, solange der Vorrat reicht, aber in keinem Fall wird die Bestellung ohne das entsprechende Geschenk oder Ersatz versendet, sofern dies in der Bestellung angegeben ist.<\/p>\n\n\n\n<p>Wir behalten uns das Recht vor, Geschenkartikel, falls sie nicht verf\u00fcgbar sind, gegen andere mit gleichem oder h\u00f6herem Wert umzutauschen.<\/p>\n\n\n\n<p>Geschenke sind nicht gegen Geld umtauschbar, Umtausch, R\u00fcckgabe oder Garantie sind ebenfalls nicht gestattet.<\/p>\n\n\n\n<p>Die R\u00fcckgabe von Geschenkartikeln muss vorab schriftlich im Kundendienstzentrum genehmigt werden und wird je nach Verf\u00fcgbarkeit der Artikel akzeptiert oder nicht.<\/p>\n\n\n\n<p>Die Versandkosten f\u00fcr den Umtausch von Geschenkartikeln, die zuvor genehmigt wurden, m\u00fcssen vom Kunden sowohl f\u00fcr die Strecke von seinem Zuhause zu unseren Einrichtungen als auch f\u00fcr die Strecke des Umtauschs von unseren Einrichtungen bis zur Wohnung des Kunden \u00fcbernommen werden.<\/p>\n\n\n\n<p>Im Falle einer Bestellung, die ein Geschenk beinhaltet und zu diesem Zeitpunkt kein Lagerbestand der urspr\u00fcnglichen Bestellung vorhanden ist; Ihnen wird eine Entsch\u00e4digung f\u00fcr die Unannehmlichkeiten angeboten, die durch einen anderen Artikel mit gleichen oder besseren Eigenschaften verursacht werden, der m\u00f6glicherweise mit dem Geschenkartikel \u00fcbereinstimmt oder nicht.<\/p>\n\n\n\n<p>Das Unternehmen \u00fcbernimmt keine Verantwortung f\u00fcr das Gewicht der versendeten Schaufeln. Wir versuchen, die Kommentare zu respektieren und das Gewicht so gering wie m\u00f6glich zu halten. Allerdings k\u00f6nnen wir den Versand nicht garantieren und sind nicht f\u00fcr eventuelle R\u00fccksendekosten verantwortlich.<\/p>\n\n\n\n<p>Die L\u00f6sung etwaiger Konflikte, die sich aus der Beziehung ergeben k\u00f6nnen, erfolgt in \u00dcbereinstimmung mit der spanischen Gesetzgebung und wird den zust\u00e4ndigen Gerichten und Tribunalen vorgelegt, die durch die auf diesen Vertrag anwendbaren Gesetze gesetzlich festgelegt sind.<\/p>\n","protected":false},"excerpt":{"rendered":"<p>ANWENDBARE GARANTIEN Alle auf der Website angebotenen Produkte sind vollst\u00e4ndig original, sofern in der Beschreibung nichts anderes angegeben ist. Gem\u00e4\u00df den geltenden Bestimmungen zur Konsumg\u00fctergarantie haben unsere Produkte eine Garantie von 2 Jahren ab Kaufrechnungsdatum (f\u00fcr Bestellungen vor dem 1. Januar 2022) bzw. 3 Jahren (f\u00fcr Bestellungen nach dem 1. Januar 2022), allerdings w\u00e4hrend der [&hellip;]<\/p>\n","protected":false},"author":1,"featured_media":0,"parent":0,"menu_order":0,"comment_status":"closed","ping_status":"closed","template":"legal.php","meta":{"_acf_changed":false,"_joinchat":[],"footnotes":""},"class_list":["post-82445","page","type-page","status-publish","hentry"],"acf":[],"yoast_head":"<!-- This site is optimized with the Yoast SEO plugin v27.4 - https:\/\/yoast.com\/product\/yoast-seo-wordpress\/ -->\n<title>Garantie - Revolution Padel Store<\/title>\n<meta name=\"robots\" content=\"index, follow, max-snippet:-1, max-image-preview:large, max-video-preview:-1\" \/>\n<link rel=\"canonical\" href=\"https:\/\/revolutionpadelstore.com\/de\/garantia\/\" \/>\n<meta property=\"og:locale\" content=\"de_DE\" \/>\n<meta property=\"og:type\" content=\"article\" \/>\n<meta property=\"og:title\" content=\"Garantie - Revolution Padel Store\" \/>\n<meta property=\"og:description\" content=\"ANWENDBARE GARANTIEN Alle auf der Website angebotenen Produkte sind vollst\u00e4ndig original, sofern in der Beschreibung nichts anderes angegeben ist. Gem\u00e4\u00df den geltenden Bestimmungen zur Konsumg\u00fctergarantie haben unsere Produkte eine Garantie von 2 Jahren ab Kaufrechnungsdatum (f\u00fcr Bestellungen vor dem 1. Januar 2022) bzw. 3 Jahren (f\u00fcr Bestellungen nach dem 1. Januar 2022), allerdings w\u00e4hrend der [&hellip;]\" \/>\n<meta property=\"og:url\" content=\"https:\/\/revolutionpadelstore.com\/de\/garantia\/\" \/>\n<meta property=\"og:site_name\" content=\"Revolution Padel Store\" \/>\n<meta property=\"article:modified_time\" content=\"2024-09-30T11:07:56+00:00\" \/>\n<meta property=\"og:image\" content=\"https:\/\/revolutionpadelstore.com\/wp-content\/uploads\/2026\/02\/revolution-padel-store.jpg\" \/>\n\t<meta property=\"og:image:width\" content=\"2000\" \/>\n\t<meta property=\"og:image:height\" content=\"2000\" \/>\n\t<meta property=\"og:image:type\" content=\"image\/jpeg\" \/>\n<meta name=\"twitter:card\" content=\"summary_large_image\" \/>\n<meta name=\"twitter:label1\" content=\"Gesch\u00e4tzte Lesezeit\" \/>\n\t<meta name=\"twitter:data1\" content=\"4\u00a0Minuten\" \/>\n<script type=\"application\/ld+json\" class=\"yoast-schema-graph\">{\"@context\":\"https:\\\/\\\/schema.org\",\"@graph\":[{\"@type\":\"WebPage\",\"@id\":\"https:\\\/\\\/revolutionpadelstore.com\\\/de\\\/garantia\\\/\",\"url\":\"https:\\\/\\\/revolutionpadelstore.com\\\/de\\\/garantia\\\/\",\"name\":\"Garantie - Revolution Padel Store\",\"isPartOf\":{\"@id\":\"https:\\\/\\\/revolutionpadelstore.com\\\/de\\\/#website\"},\"datePublished\":\"2023-12-15T15:08:52+00:00\",\"dateModified\":\"2024-09-30T11:07:56+00:00\",\"breadcrumb\":{\"@id\":\"https:\\\/\\\/revolutionpadelstore.com\\\/de\\\/garantia\\\/#breadcrumb\"},\"inLanguage\":\"de\",\"potentialAction\":[{\"@type\":\"ReadAction\",\"target\":[\"https:\\\/\\\/revolutionpadelstore.com\\\/de\\\/garantia\\\/\"]}]},{\"@type\":\"BreadcrumbList\",\"@id\":\"https:\\\/\\\/revolutionpadelstore.com\\\/de\\\/garantia\\\/#breadcrumb\",\"itemListElement\":[{\"@type\":\"ListItem\",\"position\":1,\"name\":\"Portada\",\"item\":\"https:\\\/\\\/revolutionpadelstore.com\\\/de\\\/\"},{\"@type\":\"ListItem\",\"position\":2,\"name\":\"Garantie\"}]},{\"@type\":\"WebSite\",\"@id\":\"https:\\\/\\\/revolutionpadelstore.com\\\/de\\\/#website\",\"url\":\"https:\\\/\\\/revolutionpadelstore.com\\\/de\\\/\",\"name\":\"Revolution Padel Store\",\"description\":\"\",\"publisher\":{\"@id\":\"https:\\\/\\\/revolutionpadelstore.com\\\/de\\\/#organization\"},\"potentialAction\":[{\"@type\":\"SearchAction\",\"target\":{\"@type\":\"EntryPoint\",\"urlTemplate\":\"https:\\\/\\\/revolutionpadelstore.com\\\/de\\\/?s={search_term_string}\"},\"query-input\":{\"@type\":\"PropertyValueSpecification\",\"valueRequired\":true,\"valueName\":\"search_term_string\"}}],\"inLanguage\":\"de\"},{\"@type\":\"Organization\",\"@id\":\"https:\\\/\\\/revolutionpadelstore.com\\\/de\\\/#organization\",\"name\":\"Revolution Padel Store\",\"url\":\"https:\\\/\\\/revolutionpadelstore.com\\\/de\\\/\",\"logo\":{\"@type\":\"ImageObject\",\"inLanguage\":\"de\",\"@id\":\"https:\\\/\\\/revolutionpadelstore.com\\\/de\\\/#\\\/schema\\\/logo\\\/image\\\/\",\"url\":\"https:\\\/\\\/revolutionpadelstore.com\\\/wp-content\\\/uploads\\\/2026\\\/02\\\/revolution-padel-store.jpg\",\"contentUrl\":\"https:\\\/\\\/revolutionpadelstore.com\\\/wp-content\\\/uploads\\\/2026\\\/02\\\/revolution-padel-store.jpg\",\"width\":2000,\"height\":2000,\"caption\":\"Revolution Padel Store\"},\"image\":{\"@id\":\"https:\\\/\\\/revolutionpadelstore.com\\\/de\\\/#\\\/schema\\\/logo\\\/image\\\/\"},\"sameAs\":[\"https:\\\/\\\/www.instagram.com\\\/revolutionpadelstore\\\/\"]}]}<\/script>\n<!-- \/ Yoast SEO plugin. -->","yoast_head_json":{"title":"Garantie - Revolution Padel Store","robots":{"index":"index","follow":"follow","max-snippet":"max-snippet:-1","max-image-preview":"max-image-preview:large","max-video-preview":"max-video-preview:-1"},"canonical":"https:\/\/revolutionpadelstore.com\/de\/garantia\/","og_locale":"de_DE","og_type":"article","og_title":"Garantie - Revolution Padel Store","og_description":"ANWENDBARE GARANTIEN Alle auf der Website angebotenen Produkte sind vollst\u00e4ndig original, sofern in der Beschreibung nichts anderes angegeben ist. Gem\u00e4\u00df den geltenden Bestimmungen zur Konsumg\u00fctergarantie haben unsere Produkte eine Garantie von 2 Jahren ab Kaufrechnungsdatum (f\u00fcr Bestellungen vor dem 1. Januar 2022) bzw. 3 Jahren (f\u00fcr Bestellungen nach dem 1. Januar 2022), allerdings w\u00e4hrend der [&hellip;]","og_url":"https:\/\/revolutionpadelstore.com\/de\/garantia\/","og_site_name":"Revolution Padel Store","article_modified_time":"2024-09-30T11:07:56+00:00","og_image":[{"width":2000,"height":2000,"url":"https:\/\/revolutionpadelstore.com\/wp-content\/uploads\/2026\/02\/revolution-padel-store.jpg","type":"image\/jpeg"}],"twitter_card":"summary_large_image","twitter_misc":{"Gesch\u00e4tzte Lesezeit":"4\u00a0Minuten"},"schema":{"@context":"https:\/\/schema.org","@graph":[{"@type":"WebPage","@id":"https:\/\/revolutionpadelstore.com\/de\/garantia\/","url":"https:\/\/revolutionpadelstore.com\/de\/garantia\/","name":"Garantie - Revolution Padel Store","isPartOf":{"@id":"https:\/\/revolutionpadelstore.com\/de\/#website"},"datePublished":"2023-12-15T15:08:52+00:00","dateModified":"2024-09-30T11:07:56+00:00","breadcrumb":{"@id":"https:\/\/revolutionpadelstore.com\/de\/garantia\/#breadcrumb"},"inLanguage":"de","potentialAction":[{"@type":"ReadAction","target":["https:\/\/revolutionpadelstore.com\/de\/garantia\/"]}]},{"@type":"BreadcrumbList","@id":"https:\/\/revolutionpadelstore.com\/de\/garantia\/#breadcrumb","itemListElement":[{"@type":"ListItem","position":1,"name":"Portada","item":"https:\/\/revolutionpadelstore.com\/de\/"},{"@type":"ListItem","position":2,"name":"Garantie"}]},{"@type":"WebSite","@id":"https:\/\/revolutionpadelstore.com\/de\/#website","url":"https:\/\/revolutionpadelstore.com\/de\/","name":"Revolution Padel Store","description":"","publisher":{"@id":"https:\/\/revolutionpadelstore.com\/de\/#organization"},"potentialAction":[{"@type":"SearchAction","target":{"@type":"EntryPoint","urlTemplate":"https:\/\/revolutionpadelstore.com\/de\/?s={search_term_string}"},"query-input":{"@type":"PropertyValueSpecification","valueRequired":true,"valueName":"search_term_string"}}],"inLanguage":"de"},{"@type":"Organization","@id":"https:\/\/revolutionpadelstore.com\/de\/#organization","name":"Revolution Padel Store","url":"https:\/\/revolutionpadelstore.com\/de\/","logo":{"@type":"ImageObject","inLanguage":"de","@id":"https:\/\/revolutionpadelstore.com\/de\/#\/schema\/logo\/image\/","url":"https:\/\/revolutionpadelstore.com\/wp-content\/uploads\/2026\/02\/revolution-padel-store.jpg","contentUrl":"https:\/\/revolutionpadelstore.com\/wp-content\/uploads\/2026\/02\/revolution-padel-store.jpg","width":2000,"height":2000,"caption":"Revolution Padel Store"},"image":{"@id":"https:\/\/revolutionpadelstore.com\/de\/#\/schema\/logo\/image\/"},"sameAs":["https:\/\/www.instagram.com\/revolutionpadelstore\/"]}]}},"_links":{"self":[{"href":"https:\/\/revolutionpadelstore.com\/de\/wp-json\/wp\/v2\/pages\/82445","targetHints":{"allow":["GET"]}}],"collection":[{"href":"https:\/\/revolutionpadelstore.com\/de\/wp-json\/wp\/v2\/pages"}],"about":[{"href":"https:\/\/revolutionpadelstore.com\/de\/wp-json\/wp\/v2\/types\/page"}],"author":[{"embeddable":true,"href":"https:\/\/revolutionpadelstore.com\/de\/wp-json\/wp\/v2\/users\/1"}],"replies":[{"embeddable":true,"href":"https:\/\/revolutionpadelstore.com\/de\/wp-json\/wp\/v2\/comments?post=82445"}],"version-history":[{"count":1,"href":"https:\/\/revolutionpadelstore.com\/de\/wp-json\/wp\/v2\/pages\/82445\/revisions"}],"predecessor-version":[{"id":82447,"href":"https:\/\/revolutionpadelstore.com\/de\/wp-json\/wp\/v2\/pages\/82445\/revisions\/82447"}],"wp:attachment":[{"href":"https:\/\/revolutionpadelstore.com\/de\/wp-json\/wp\/v2\/media?parent=82445"}],"curies":[{"name":"wp","href":"https:\/\/api.w.org\/{rel}","templated":true}]}}