{"id":82442,"date":"2023-12-15T16:08:07","date_gmt":"2023-12-15T15:08:07","guid":{"rendered":"https:\/\/revolutionpadelstore.com\/devoluciones\/"},"modified":"2024-09-30T13:05:43","modified_gmt":"2024-09-30T11:05:43","slug":"devoluciones","status":"publish","type":"page","link":"https:\/\/revolutionpadelstore.com\/de\/devoluciones\/","title":{"rendered":"R\u00fcckgaben"},"content":{"rendered":"\n<p>R\u00dcCKGABE UND UMTAUSCH<\/p>\n\n\n\n<p>Im Revolution Padel Store ist es unsere Priorit\u00e4t, Produkte anzubieten, die den Bed\u00fcrfnissen unserer Kunden entsprechen. Wir verstehen jedoch, dass es manchmal erforderlich sein kann, eine R\u00fcckgabe vorzunehmen.<\/p>\n\n\n\n<p>Um eine f\u00fcr beide Seiten zufriedenstellende R\u00fcckgabe zu gew\u00e4hrleisten, stellen Sie bitte sicher, dass der Artikel, den Sie zur\u00fcckgeben m\u00f6chten, unbenutzt ist. Wenn das Produkt verwendet wurde, behalten wir uns das Recht vor, die R\u00fccksendung nicht anzunehmen oder eine Ersatzgeb\u00fchr zu erheben.<\/p>\n\n\n\n<p>Bedingungen f\u00fcr die R\u00fcckgabe<\/p>\n\n\n\n<p>Ab Eingang der Bestellung haben Sie 30 Kalendertage Zeit.<\/p>\n\n\n\n<p>Der Artikel muss in der Originalverpackung ohne Besch\u00e4digungen oder M\u00e4ngel sein.<\/p>\n\n\n\n<p>Alle Zubeh\u00f6rteile und Dokumentationen, die dem Produkt zum Zeitpunkt des Kaufs beiliegen, m\u00fcssen enthalten sein.<\/p>\n\n\n\n<p>Das Produkt darf in keiner Weise verwendet, manipuliert oder ver\u00e4ndert worden sein.<\/p>\n\n\n\n<p>Wir empfehlen:<\/p>\n\n\n\n<p>Verpacken Sie das Produkt nicht direkt auf der Originalverpackung.<\/p>\n\n\n\n<p>Verwenden Sie eine zus\u00e4tzliche Verpackung, um das Produkt w\u00e4hrend des Versands zu sch\u00fctzen.<\/p>\n\n\n\n<p>Wenn Sie Fragen haben oder Hilfe ben\u00f6tigen, z\u00f6gern Sie nicht, unseren Kundenservice unter support@revolutionpadelsport.com zu kontaktieren<\/p>\n\n\n\n<p>Weitere Informationen:<\/p>\n\n\n\n<p>Notiz:<\/p>\n\n\n\n<p>F\u00fcr den Fall, dass das Produkt die oben genannten Anforderungen nicht erf\u00fcllt, behalten wir uns das Recht vor, die R\u00fccksendung nicht anzunehmen oder eine Wiedereinlagerungsgeb\u00fchr zu erheben.<\/p>\n\n\n\n<p>Schritt-f\u00fcr-Schritt-R\u00fcckgabeprozess (gilt nur f\u00fcr die Halbinsel und die Balearen)<\/p>\n\n\n\n<p>Fordern Sie Ihr R\u00fccksendeetikett an: Senden Sie eine E-Mail an support@revolutionpadelstore.com und fordern Sie Ihr Correos-R\u00fccksendeetikett an.<\/p>\n\n\n\n<p>Bereiten Sie Ihr Paket vor: Stellen Sie sicher, dass die Produkte neu und unbenutzt sind, sich in der Originalverpackung befinden und die Originalverpackung und -siegel aufweisen. Vergessen Sie nicht, die Rechnung oder den Lieferschein dem Paket beizulegen.<\/p>\n\n\n\n<p>R\u00fccksendeetikett: Kleben Sie das R\u00fccksendeetikett au\u00dfen auf das Paket und befolgen Sie die Anweisungen, die Sie per E-Mail erhalten haben. Kleben Sie das Etikett nicht direkt auf die Produkte oder deren Originalverpackung. Wenn Sie es nicht ausdrucken k\u00f6nnen, k\u00f6nnen Sie das Etikett auf Ihrem Mobiltelefon vorzeigen.<\/p>\n\n\n\n<p>\u00dcberpr\u00fcfung und R\u00fcckerstattung: Sobald wir das Produkt erhalten haben, \u00fcberpr\u00fcfen wir es, um sicherzustellen, dass es in einwandfreiem Zustand ist. Wir erstatten Ihnen Ihr Geld dann schnellstm\u00f6glich mit der gleichen Zahlungsmethode zur\u00fcck.<\/p>\n\n\n\n<p>R\u00fccksendekosten<\/p>\n\n\n\n<p>Die Kosten f\u00fcr die R\u00fccksendung f\u00fcr die Halbinsel und die Balearen betragen 4,95 \u20ac, wenn die Erstbestellung mehr als 59 \u20ac betr\u00e4gt. Wenn die Erstbestellung weniger als 59 \u20ac betr\u00e4gt, betragen die Kosten f\u00fcr die R\u00fccksendung 7,90 \u20ac. Dieser Betrag wird von der Gesamterstattung abgezogen, wenn Sie unseren Prepaid-Label-Service nutzen. Wenn Sie es vorziehen, das Produkt auf andere Weise zur\u00fcckzusenden, werden die Kosten vom gew\u00e4hlten Transportunternehmen angegeben und nicht von uns \u00fcbernommen. Im Falle eines Umtausches fallen die gleichen Kosten an wie bei der R\u00fccksendung.<\/p>\n\n\n\n<p>Andere \u00dcberlegungen<\/p>\n\n\n\n<p>Freiwillige R\u00fccksendungen: Freiwillige R\u00fccksendungen sind nicht kostenlos und kosten 4,95 \u20ac.<\/p>\n\n\n\n<p>Andere Bestimmungsorte als die Halbinsel: Wenn Ihre Bestellung an einen anderen Bestimmungsort als die Halbinsel geliefert wurde, gehen die R\u00fccksendekosten zu Ihren Lasten. Sie m\u00fcssen die Bestellung innerhalb einer Frist von maximal 30 Kalendertagen nach Eingang der Bestellung portofrei, ordnungsgem\u00e4\u00df verpackt und in der Originalverpackung absenden. Verwenden Sie die folgende Adresse:<\/p>\n\n\n\n<p>Revolution Padel Store<\/p>\n\n\n\n<p>Calle Espa\u00f1a N21 CP 2880 Meco (Madrid) Spanien<\/p>\n\n\n\n<p>Wie und wann erhalte ich die R\u00fcckerstattung?<\/p>\n\n\n\n<p>Sobald wir die R\u00fccksendung unter den oben genannten Bedingungen erhalten haben, f\u00fchren wir die R\u00fcckerstattung gem\u00e4\u00df der von Ihnen verwendeten Zahlungsmethode durch:<\/p>\n\n\n\n<p>Zahlung per Kreditkarte: Sie erhalten eine Gutschrift auf Ihr Kreditkartenkonto.<\/p>\n\n\n\n<p>Zahlung per PayPal: Sie erhalten eine Gutschrift auf Ihr PayPal-Konto. Sie haben die M\u00f6glichkeit, den Betrag f\u00fcr zuk\u00fcnftige Eink\u00e4ufe auf Ihrem PayPal-Konto zu behalten oder auf Ihr Bankkonto zu \u00fcberweisen. Wenn Sie sich f\u00fcr die zweite Option entscheiden, wenden Sie sich einfach an PayPal, um Ihr Geld dort zu erhalten, wo Sie m\u00f6chten.<\/p>\n\n\n\n<p>Zahlung per Bank\u00fcberweisung: Sie erhalten eine Bank\u00fcberweisung auf dasselbe Konto, von dem Sie die \u00dcberweisung get\u00e4tigt haben.<\/p>\n\n\n\n<p>Im Revolution Padel Store sind wir daf\u00fcr da, dass Ihr Einkaufserlebnis so einfach und zufriedenstellend wie m\u00f6glich ist. Wenn Sie Fragen haben oder weitere Informationen zu unseren R\u00fcckgabebedingungen ben\u00f6tigen, z\u00f6gern Sie bitte nicht, uns zu kontaktieren. Ihre Zufriedenheit steht bei uns an erster Stelle.<\/p>\n\n\n\n<p>R\u00fcckerstattungsprozess f\u00fcr andere L\u00e4nder und die Kanarischen Inseln Schritt f\u00fcr Schritt<\/p>\n\n\n\n<p>Senden Sie eine E-Mail an support@revolutionpadelstore.com und fordern Sie Ihre R\u00fccksendung an.<\/p>\n\n\n\n<p>F\u00fcr die R\u00fccksendung von Artikeln werden alle Materialien portofrei an unsere Einrichtung an die unten angegebene Adresse gesendet. Es werden keine Portogeb\u00fchren erhoben. Die R\u00fcckgabe von Artikeln ist ein durch die Regeln geregeltes Recht, das Ihnen als Kunde zusteht und bei dem die Kosten f\u00fcr den R\u00fccktransport vom Kunden getragen werden.<\/p>\n\n\n\n<p>Alle R\u00fccksendungen m\u00fcssen zuvor genehmigt werden<\/p>\n\n\n\n<p>Sobald die Artikel eingegangen sind, gepr\u00fcft wurden und wir festgestellt haben, dass sie neu und unbenutzt sind, erstatten wir Ihnen das Geld f\u00fcr Ihre zur\u00fcckgegebenen Produkte.<\/p>\n\n\n\n<p>Bei Annahme der R\u00fcckgabem\u00f6glichkeit erfolgt die \u00dcberweisung der Gesamtkosten innerhalb einer Frist von 14 Tagen nach Erhalt des Materials auf das angegebene Konto.<\/p>\n\n\n\n<p>Die R\u00fccksendeadresse f\u00fcr die versandkostenfreien Artikel lautet wie folgt:<\/p>\n\n\n\n<p>Revolution Padel Store<\/p>\n\n\n\n<p>Calle Espa\u00f1a N21 CP 2880 Meco (Madrid) Spanien<\/p>\n\n\n\n<p>SEHR WICHTIG: Sie m\u00fcssen dem Paket eine Kopie der Abflugrechnung beilegen und die Referenznummer des Support-Tickets, das Sie im Kundendienstzentrum erstellt haben, sowie den Text \u201eRETURN\u201c sowohl auf der Au\u00dfenseite als auch auf der Innenseite des Pakets angeben. f\u00fcr den Fall, dass Ihre Anfrage aufgrund der Unm\u00f6glichkeit, Sie zu identifizieren, storniert wird. Wenn es gut angegeben ist, k\u00f6nnen wir erkennen, woher es kommt, und auf diese Weise die erforderliche R\u00fccksendung so schnell wie m\u00f6glich verwalten und so die Wartezeit w\u00e4hrend des Prozesses verk\u00fcrzen.<\/p>\n\n\n\n<p>PRODUKT\u00c4NDERUNGEN (Halbinsel und Balearen)<\/p>\n\n\n\n<p>Bei Produkt\u00e4nderungen m\u00fcssen Sie an support@revolutionpadelstore.com schreiben und die Produkt\u00e4nderung anfordern. Die Kundendienstabteilung wird Ihnen das entsprechende Protokoll zur korrekten Durchf\u00fchrung Ihrer \u00c4nderung mitteilen.<\/p>\n\n\n\n<p>PRODUKT\u00c4NDERUNGEN in anderen L\u00e4ndern und auf den Kanarischen Inseln<\/p>\n\n\n\n<p>Bei Fragen senden Sie eine E-Mail an support@revolutionpadelstore.com<\/p>\n\n\n\n<p>VERSAND- UND LIEFERZEITEN \u2013 BODENSERVICE<\/p>\n\n\n\n<p>Transporttabelle hinzuf\u00fcgen<\/p>\n\n\n\n<p>Alle L\u00e4nder, die nicht in der Tabelle aufgef\u00fchrt sind, verf\u00fcgen nicht \u00fcber einen Landversandservice, sondern nur \u00fcber einen Luftversandservice.<\/p>\n\n\n\n<p>VERSAND UND LIEFERZEIT FLUGDIENST<\/p>\n\n\n\n<p>Die Versandkosten werden im Warenkorb unter Ber\u00fccksichtigung beider Produkte berechnet<\/p>\n\n\n\n<p>als Lieferadresse ausgew\u00e4hlt. So k\u00f6nnen Sie den Gesamtbetrag einschlie\u00dflich der Versandkosten erfahren, bevor Sie Ihren Kauf abschlie\u00dfen. So garantieren wir Transparenz und den besten, an Ihre Bed\u00fcrfnisse angepassten Tarif. Entdecken Sie unsere Produkte und erfahren Sie die Versandkosten am Ende Ihres Kaufs! Bei Fragen stehen wir Ihnen gerne jederzeit zur Verf\u00fcgung.<\/p>\n\n\n\n<p>Die Lieferzeit kann je nach Zielland variieren, betr\u00e4gt jedoch im Allgemeinen zwischen 3 und 5 Werktagen.<\/p>\n\n\n\n<p>WICHTIGE \u00dcBERLEGUNGEN:<\/p>\n\n\n\n<p>Alle zus\u00e4tzlichen Kosten aufgrund der Zollabwicklung gehen zu Lasten des Kunden. Das Unternehmen ist nicht f\u00fcr etwaige Einfuhrz\u00f6lle verantwortlich, die m\u00f6glicherweise auf die Sendung erhoben werden. F\u00fcr den Fall, dass die Bestellung am Bestimmungsort abgelehnt wird, wird Revolution Padel Store versuchen, die Sendung zur\u00fcckzuholen und dabei die Versand-, R\u00fccksende-, Zoll- und sonstigen Kosten, die m\u00f6glicherweise entstehen, an den Kunden weitergeben.<\/p>\n\n\n\n<p>Schritte, die im Falle eines Unfalls zu befolgen sind<\/p>\n\n\n\n<p>Wenn Sie nach Erhalt der Bestellung Sch\u00e4den an der Verpackung, falsche Produkte oder Probleme mit Ihrer Bestellung aufgrund des Transports bemerken, kontaktieren Sie uns bitte innerhalb von 24 Stunden nach Erhalt.<\/p>\n\n\n\n<p>24 Stunden nach dem Vorfall lehnt die Versicherungsgesellschaft jeden Anspruch gem\u00e4\u00df Artikel 366 des Handelsgesetzbuchs ab.\u201c<\/p>\n\n\n\n<p>Sie k\u00f6nnen sich direkt an unser Kundendienstzentrum wenden: support@revolutionpadelstore.com mit Fotos der Verpackung, des Schadens und des Versandetiketts.<\/p>\n","protected":false},"excerpt":{"rendered":"<p>R\u00dcCKGABE UND UMTAUSCH Im Revolution Padel Store ist es unsere Priorit\u00e4t, Produkte anzubieten, die den Bed\u00fcrfnissen unserer Kunden entsprechen. Wir verstehen jedoch, dass es manchmal erforderlich sein kann, eine R\u00fcckgabe vorzunehmen. Um eine f\u00fcr beide Seiten zufriedenstellende R\u00fcckgabe zu gew\u00e4hrleisten, stellen Sie bitte sicher, dass der Artikel, den Sie zur\u00fcckgeben m\u00f6chten, unbenutzt ist. Wenn das [&hellip;]<\/p>\n","protected":false},"author":1,"featured_media":0,"parent":0,"menu_order":0,"comment_status":"closed","ping_status":"closed","template":"legal.php","meta":{"_acf_changed":false,"_joinchat":[],"footnotes":""},"class_list":["post-82442","page","type-page","status-publish","hentry"],"acf":[],"yoast_head":"<!-- This site is optimized with the Yoast SEO plugin v27.4 - https:\/\/yoast.com\/product\/yoast-seo-wordpress\/ -->\n<title>R\u00fcckgaben - Revolution Padel Store<\/title>\n<meta name=\"robots\" content=\"index, follow, max-snippet:-1, max-image-preview:large, max-video-preview:-1\" \/>\n<link rel=\"canonical\" href=\"https:\/\/revolutionpadelstore.com\/de\/devoluciones\/\" \/>\n<meta property=\"og:locale\" content=\"de_DE\" \/>\n<meta property=\"og:type\" content=\"article\" \/>\n<meta property=\"og:title\" content=\"R\u00fcckgaben - Revolution Padel Store\" \/>\n<meta property=\"og:description\" content=\"R\u00dcCKGABE UND UMTAUSCH Im Revolution Padel Store ist es unsere Priorit\u00e4t, Produkte anzubieten, die den Bed\u00fcrfnissen unserer Kunden entsprechen. Wir verstehen jedoch, dass es manchmal erforderlich sein kann, eine R\u00fcckgabe vorzunehmen. Um eine f\u00fcr beide Seiten zufriedenstellende R\u00fcckgabe zu gew\u00e4hrleisten, stellen Sie bitte sicher, dass der Artikel, den Sie zur\u00fcckgeben m\u00f6chten, unbenutzt ist. Wenn das [&hellip;]\" \/>\n<meta property=\"og:url\" content=\"https:\/\/revolutionpadelstore.com\/de\/devoluciones\/\" \/>\n<meta property=\"og:site_name\" content=\"Revolution Padel Store\" \/>\n<meta property=\"article:modified_time\" content=\"2024-09-30T11:05:43+00:00\" \/>\n<meta property=\"og:image\" content=\"https:\/\/revolutionpadelstore.com\/wp-content\/uploads\/2026\/02\/revolution-padel-store.jpg\" \/>\n\t<meta property=\"og:image:width\" content=\"2000\" \/>\n\t<meta property=\"og:image:height\" content=\"2000\" \/>\n\t<meta property=\"og:image:type\" content=\"image\/jpeg\" \/>\n<meta name=\"twitter:card\" content=\"summary_large_image\" \/>\n<meta name=\"twitter:label1\" content=\"Gesch\u00e4tzte Lesezeit\" \/>\n\t<meta name=\"twitter:data1\" content=\"6\u00a0Minuten\" \/>\n<script type=\"application\/ld+json\" class=\"yoast-schema-graph\">{\"@context\":\"https:\\\/\\\/schema.org\",\"@graph\":[{\"@type\":\"WebPage\",\"@id\":\"https:\\\/\\\/revolutionpadelstore.com\\\/de\\\/devoluciones\\\/\",\"url\":\"https:\\\/\\\/revolutionpadelstore.com\\\/de\\\/devoluciones\\\/\",\"name\":\"R\u00fcckgaben - Revolution Padel Store\",\"isPartOf\":{\"@id\":\"https:\\\/\\\/revolutionpadelstore.com\\\/de\\\/#website\"},\"datePublished\":\"2023-12-15T15:08:07+00:00\",\"dateModified\":\"2024-09-30T11:05:43+00:00\",\"breadcrumb\":{\"@id\":\"https:\\\/\\\/revolutionpadelstore.com\\\/de\\\/devoluciones\\\/#breadcrumb\"},\"inLanguage\":\"de\",\"potentialAction\":[{\"@type\":\"ReadAction\",\"target\":[\"https:\\\/\\\/revolutionpadelstore.com\\\/de\\\/devoluciones\\\/\"]}]},{\"@type\":\"BreadcrumbList\",\"@id\":\"https:\\\/\\\/revolutionpadelstore.com\\\/de\\\/devoluciones\\\/#breadcrumb\",\"itemListElement\":[{\"@type\":\"ListItem\",\"position\":1,\"name\":\"Portada\",\"item\":\"https:\\\/\\\/revolutionpadelstore.com\\\/de\\\/\"},{\"@type\":\"ListItem\",\"position\":2,\"name\":\"R\u00fcckgaben\"}]},{\"@type\":\"WebSite\",\"@id\":\"https:\\\/\\\/revolutionpadelstore.com\\\/de\\\/#website\",\"url\":\"https:\\\/\\\/revolutionpadelstore.com\\\/de\\\/\",\"name\":\"Revolution Padel Store\",\"description\":\"\",\"publisher\":{\"@id\":\"https:\\\/\\\/revolutionpadelstore.com\\\/de\\\/#organization\"},\"potentialAction\":[{\"@type\":\"SearchAction\",\"target\":{\"@type\":\"EntryPoint\",\"urlTemplate\":\"https:\\\/\\\/revolutionpadelstore.com\\\/de\\\/?s={search_term_string}\"},\"query-input\":{\"@type\":\"PropertyValueSpecification\",\"valueRequired\":true,\"valueName\":\"search_term_string\"}}],\"inLanguage\":\"de\"},{\"@type\":\"Organization\",\"@id\":\"https:\\\/\\\/revolutionpadelstore.com\\\/de\\\/#organization\",\"name\":\"Revolution Padel Store\",\"url\":\"https:\\\/\\\/revolutionpadelstore.com\\\/de\\\/\",\"logo\":{\"@type\":\"ImageObject\",\"inLanguage\":\"de\",\"@id\":\"https:\\\/\\\/revolutionpadelstore.com\\\/de\\\/#\\\/schema\\\/logo\\\/image\\\/\",\"url\":\"https:\\\/\\\/revolutionpadelstore.com\\\/wp-content\\\/uploads\\\/2026\\\/02\\\/revolution-padel-store.jpg\",\"contentUrl\":\"https:\\\/\\\/revolutionpadelstore.com\\\/wp-content\\\/uploads\\\/2026\\\/02\\\/revolution-padel-store.jpg\",\"width\":2000,\"height\":2000,\"caption\":\"Revolution Padel Store\"},\"image\":{\"@id\":\"https:\\\/\\\/revolutionpadelstore.com\\\/de\\\/#\\\/schema\\\/logo\\\/image\\\/\"},\"sameAs\":[\"https:\\\/\\\/www.instagram.com\\\/revolutionpadelstore\\\/\"]}]}<\/script>\n<!-- \/ Yoast SEO plugin. -->","yoast_head_json":{"title":"R\u00fcckgaben - Revolution Padel Store","robots":{"index":"index","follow":"follow","max-snippet":"max-snippet:-1","max-image-preview":"max-image-preview:large","max-video-preview":"max-video-preview:-1"},"canonical":"https:\/\/revolutionpadelstore.com\/de\/devoluciones\/","og_locale":"de_DE","og_type":"article","og_title":"R\u00fcckgaben - Revolution Padel Store","og_description":"R\u00dcCKGABE UND UMTAUSCH Im Revolution Padel Store ist es unsere Priorit\u00e4t, Produkte anzubieten, die den Bed\u00fcrfnissen unserer Kunden entsprechen. Wir verstehen jedoch, dass es manchmal erforderlich sein kann, eine R\u00fcckgabe vorzunehmen. Um eine f\u00fcr beide Seiten zufriedenstellende R\u00fcckgabe zu gew\u00e4hrleisten, stellen Sie bitte sicher, dass der Artikel, den Sie zur\u00fcckgeben m\u00f6chten, unbenutzt ist. Wenn das [&hellip;]","og_url":"https:\/\/revolutionpadelstore.com\/de\/devoluciones\/","og_site_name":"Revolution Padel Store","article_modified_time":"2024-09-30T11:05:43+00:00","og_image":[{"width":2000,"height":2000,"url":"https:\/\/revolutionpadelstore.com\/wp-content\/uploads\/2026\/02\/revolution-padel-store.jpg","type":"image\/jpeg"}],"twitter_card":"summary_large_image","twitter_misc":{"Gesch\u00e4tzte Lesezeit":"6\u00a0Minuten"},"schema":{"@context":"https:\/\/schema.org","@graph":[{"@type":"WebPage","@id":"https:\/\/revolutionpadelstore.com\/de\/devoluciones\/","url":"https:\/\/revolutionpadelstore.com\/de\/devoluciones\/","name":"R\u00fcckgaben - Revolution Padel Store","isPartOf":{"@id":"https:\/\/revolutionpadelstore.com\/de\/#website"},"datePublished":"2023-12-15T15:08:07+00:00","dateModified":"2024-09-30T11:05:43+00:00","breadcrumb":{"@id":"https:\/\/revolutionpadelstore.com\/de\/devoluciones\/#breadcrumb"},"inLanguage":"de","potentialAction":[{"@type":"ReadAction","target":["https:\/\/revolutionpadelstore.com\/de\/devoluciones\/"]}]},{"@type":"BreadcrumbList","@id":"https:\/\/revolutionpadelstore.com\/de\/devoluciones\/#breadcrumb","itemListElement":[{"@type":"ListItem","position":1,"name":"Portada","item":"https:\/\/revolutionpadelstore.com\/de\/"},{"@type":"ListItem","position":2,"name":"R\u00fcckgaben"}]},{"@type":"WebSite","@id":"https:\/\/revolutionpadelstore.com\/de\/#website","url":"https:\/\/revolutionpadelstore.com\/de\/","name":"Revolution Padel Store","description":"","publisher":{"@id":"https:\/\/revolutionpadelstore.com\/de\/#organization"},"potentialAction":[{"@type":"SearchAction","target":{"@type":"EntryPoint","urlTemplate":"https:\/\/revolutionpadelstore.com\/de\/?s={search_term_string}"},"query-input":{"@type":"PropertyValueSpecification","valueRequired":true,"valueName":"search_term_string"}}],"inLanguage":"de"},{"@type":"Organization","@id":"https:\/\/revolutionpadelstore.com\/de\/#organization","name":"Revolution Padel Store","url":"https:\/\/revolutionpadelstore.com\/de\/","logo":{"@type":"ImageObject","inLanguage":"de","@id":"https:\/\/revolutionpadelstore.com\/de\/#\/schema\/logo\/image\/","url":"https:\/\/revolutionpadelstore.com\/wp-content\/uploads\/2026\/02\/revolution-padel-store.jpg","contentUrl":"https:\/\/revolutionpadelstore.com\/wp-content\/uploads\/2026\/02\/revolution-padel-store.jpg","width":2000,"height":2000,"caption":"Revolution Padel Store"},"image":{"@id":"https:\/\/revolutionpadelstore.com\/de\/#\/schema\/logo\/image\/"},"sameAs":["https:\/\/www.instagram.com\/revolutionpadelstore\/"]}]}},"_links":{"self":[{"href":"https:\/\/revolutionpadelstore.com\/de\/wp-json\/wp\/v2\/pages\/82442","targetHints":{"allow":["GET"]}}],"collection":[{"href":"https:\/\/revolutionpadelstore.com\/de\/wp-json\/wp\/v2\/pages"}],"about":[{"href":"https:\/\/revolutionpadelstore.com\/de\/wp-json\/wp\/v2\/types\/page"}],"author":[{"embeddable":true,"href":"https:\/\/revolutionpadelstore.com\/de\/wp-json\/wp\/v2\/users\/1"}],"replies":[{"embeddable":true,"href":"https:\/\/revolutionpadelstore.com\/de\/wp-json\/wp\/v2\/comments?post=82442"}],"version-history":[{"count":1,"href":"https:\/\/revolutionpadelstore.com\/de\/wp-json\/wp\/v2\/pages\/82442\/revisions"}],"predecessor-version":[{"id":82444,"href":"https:\/\/revolutionpadelstore.com\/de\/wp-json\/wp\/v2\/pages\/82442\/revisions\/82444"}],"wp:attachment":[{"href":"https:\/\/revolutionpadelstore.com\/de\/wp-json\/wp\/v2\/media?parent=82442"}],"curies":[{"name":"wp","href":"https:\/\/api.w.org\/{rel}","templated":true}]}}