{"id":82366,"date":"2024-03-11T20:23:10","date_gmt":"2024-03-11T19:23:10","guid":{"rendered":"https:\/\/revolutionpadelstore.com\/aviso-legal\/"},"modified":"2024-09-30T13:10:27","modified_gmt":"2024-09-30T11:10:27","slug":"aviso-legal","status":"publish","type":"page","link":"https:\/\/revolutionpadelstore.com\/de\/aviso-legal\/","title":{"rendered":"Rechtlicher Hinweis"},"content":{"rendered":"\n<h2 class=\"wp-block-heading\">Rechtlicher Hinweis<\/h2>\n\n\n\n<p>Verantwortlich f\u00fcr die Behandlung<\/p>\n\n\n\n<p>Die personenbezogenen Daten, die m\u00f6glicherweise direkt vom Interessenten erhoben werden, werden vertraulich behandelt und in die entsprechende Verarbeitungst\u00e4tigkeit von Sport Business Solutions, S.L. einbezogen.<\/p>\n\n\n\n<p>Zweck<\/p>\n\n\n\n<p>Erweiterte Beschreibung des\/der Zwecke(s) der Verarbeitung:<\/p>\n\n\n\n<p>Wir verarbeiten Ihre Daten f\u00fcr die Verwaltungs-, Buchhaltungs- und Steuerverwaltung.<\/p>\n\n\n\n<p>Legitimation<\/p>\n\n\n\n<p>Legitimation zur Vertragsabwicklung:<\/p>\n\n\n\n<p>Da die Verarbeitung f\u00fcr die Ausf\u00fchrung eines Handelsvertrags, dessen Vertragspartei Sie sind, erforderlich ist, wird darauf hingewiesen, dass es sich bei der Vertragsart um den oben genannten Handelsvertrag oder das vorvertragliche Verh\u00e4ltnis handelt.<\/p>\n\n\n\n<p>Da die \u00dcbermittlung personenbezogener Daten eine gesetzliche oder vertragliche Verpflichtung und eine notwendige Voraussetzung f\u00fcr die Unterzeichnung des oben genannten Vertrags ist, wird der Interessent dar\u00fcber informiert, dass er zur Bereitstellung personenbezogener Daten verpflichtet ist und dass die Nichtbereitstellung der personenbezogenen Daten zu Konsequenzen f\u00fchren kann -Bereitstellung der angeforderten Dienstleistung.<\/p>\n\n\n\n<p>Datenaufbewahrung<\/p>\n\n\n\n<p>Die zur Verf\u00fcgung gestellten personenbezogenen Daten werden zus\u00e4tzlich zu den in den Archiv- und Dokumentationsvorschriften festgelegten Fristen so lange aufbewahrt, wie es zur Erf\u00fcllung des Zwecks, f\u00fcr den sie erhoben wurden, und zur Ermittlung der m\u00f6glichen Verantwortlichkeiten, die sich aus dem Zweck ergeben k\u00f6nnen, erforderlich ist.<\/p>\n\n\n\n<p>Datenkommunikation<\/p>\n\n\n\n<p>W\u00e4hrend der Dauer der Behandlung nimmt Sport Business Solutions, S.L. keine \u00dcbertragungen vor, es sei denn, es besteht eine gesetzliche Verpflichtung, noch wird Sport Business Solutions, S.L. eine \u00dcbertragung vornehmen.<\/p>\n\n\n\n<p>Optional erfolgen vor\u00fcbergehende \u00dcbermittlungen an IT-Dienstleistungsunternehmen: Datenverarbeiter au\u00dferhalb der EU.<\/p>\n\n\n\n<p>Rechte der Interessenten<\/p>\n\n\n\n<p>Der Interessent kann folgende Rechte aus\u00fcben:<\/p>\n\n\n\n<p>\u00b7 Recht, Zugang zu Ihren personenbezogenen Daten zu verlangen.<\/p>\n\n\n\n<p>\u00b7 Recht, die Berichtigung oder L\u00f6schung zu verlangen.<\/p>\n\n\n\n<p>\u00b7 Recht, die Einschr\u00e4nkung Ihrer Behandlung zu verlangen.<\/p>\n\n\n\n<p>\u00b7 Recht, der Behandlung zu widersprechen.<\/p>\n\n\n\n<p>\u00b7 Recht auf Daten\u00fcbertragbarkeit.<\/p>\n\n\n\n<p>\u00b7 Recht auf L\u00f6schung der bereitgestellten Daten.<\/p>\n\n\n\n<p>Jeder hat das Recht, eine Best\u00e4tigung dar\u00fcber zu erhalten, ob das Unternehmen personenbezogene Daten, die ihn betreffen, verarbeitet oder nicht. Interessierte Personen haben das Recht, auf ihre personenbezogenen Daten zuzugreifen und die Berichtigung unrichtiger Daten oder gegebenenfalls deren L\u00f6schung zu verlangen, wenn die Daten unter anderem f\u00fcr die Zwecke, f\u00fcr die sie erhoben wurden, nicht mehr erforderlich sind. Unter bestimmten Umst\u00e4nden k\u00f6nnen Interessenten die Einschr\u00e4nkung der Verarbeitung ihrer Daten verlangen. In diesem Fall speichern wir sie nur zur Aus\u00fcbung oder Verteidigung von Anspr\u00fcchen. Unter bestimmten Umst\u00e4nden und aus Gr\u00fcnden, die mit ihrer besonderen Situation zusammenh\u00e4ngen, k\u00f6nnen interessierte Parteien der Verarbeitung ihrer Daten widersprechen. In diesem Fall stellt das Unternehmen die Verarbeitung der Daten ein, es sei denn, es liegen zwingende berechtigte Gr\u00fcnde vor oder die Aus\u00fcbung oder Verteidigung m\u00f6glicher Anspr\u00fcche dient. Wenn Sie Ihre Einwilligung f\u00fcr einen bestimmten Zweck erteilt haben, haben Sie das Recht, die erteilte Einwilligung jederzeit zu widerrufen, ohne dass die Rechtm\u00e4\u00dfigkeit der aufgrund der Einwilligung bis zum Widerruf erfolgten Verarbeitung ber\u00fchrt wird. Dazu k\u00f6nnen Sie die vom Unternehmen bereitgestellten Formulare verwenden oder an Sport Business Solutions, S.L. mit der Adresse Calle Espa\u00f1a N21 28880 Meco (Madrid) schreiben oder eine E-Mail an info@revolutionpadelstore.com senden.<\/p>\n\n\n\n<p>Wenn Sie das Gef\u00fchl haben, dass Ihre Rechte in Bezug auf den Schutz Ihrer personenbezogenen Daten verletzt wurden, insbesondere wenn Sie mit der Aus\u00fcbung Ihrer Rechte nicht zufrieden sind, k\u00f6nnen Sie \u00fcber deren Website www.agpd eine Beschwerde bei der zust\u00e4ndigen Datenschutzkontrollbeh\u00f6rde einreichen .es<\/p>\n\n\n\n<p>Datenherkunft<\/p>\n\n\n\n<p>Die personenbezogenen Daten, die wir bei Sport Business Solutions, S.L. verarbeiten, stammen direkt vom Interessenten.<\/p>\n\n\n\n<p>Die verarbeiteten Datenkategorien sind:<\/p>\n\n\n\n<p>\u00b7 Identifikationsdaten<\/p>\n\n\n\n<p>\u00b7 Identifikationscodes oder Schl\u00fcssel<\/p>\n\n\n\n<p>\u00b7 Post- oder elektronische Adressen<\/p>\n\n\n\n<p>\u00b7 Kommerzielle Informationen<\/p>\n\n\n\n<p>\u00b7 Wirtschaftsdaten<\/p>\n\n\n\n<p>Es werden keine besonders gesch\u00fctzten Daten verarbeitet.<\/p>\n\n\n\n<p>RECHTLICHER HINWEIS<\/p>\n\n\n\n<p>Dieses Portal, dessen Eigent\u00fcmer Sport Business Solutions, S.L. ist, mit CIF B02693588, Adresse Calle Espa\u00f1a N21 28880 Meco (Madrid), E-Mail info@revolutionpadelstore.com, besteht aus der Website, die mit der Domain www.revolutionpadelstore.com verkn\u00fcpft ist<\/p>\n\n\n\n<p>Nutzungsbedingungen<\/p>\n\n\n\n<p>Durch den Zugriff und die Nutzung dieser Website wird dem Besucher der Status eines Benutzers zuerkannt. Dies bedeutet, dass der Nutzer die jeweils geltenden Nutzungsbedingungen akzeptiert und sich verpflichtet, die Inhalte der Website angemessen zu nutzen und die Bestimmungen dieser Hinweise sowie die geltenden Vorschriften strikt zu beachten und einzuhalten.<\/p>\n\n\n\n<p>Ebenso verpflichtet sich der Nutzer:<\/p>\n\n\n\n<p>1) wahrheitsgem\u00e4\u00dfe Angaben zu den Registrierungsdaten machen und diese auf dem neuesten Stand halten;<\/p>\n\n\n\n<p>2) Verbreiten Sie keine Inhalte, die gegen das Gesetz oder die W\u00fcrde der Person versto\u00dfen. die aufgrund von Geburt, Rasse, Geschlecht, Religion, Meinung oder anderen pers\u00f6nlichen oder sozialen Bedingungen oder Umst\u00e4nden diskriminierend sind; oder die in irgendeiner Weise gegen das Gesetz und die \u00f6ffentliche Ordnung versto\u00dfen;<\/p>\n\n\n\n<p>Sport Business Solutions, S.L. ist in keinem Fall f\u00fcr die Meinungen verantwortlich, die der Benutzer \u00fcber die auf der Website angebotenen Teilnahmetools \u00e4u\u00dfert.<\/p>\n\n\n\n<p>Geistiges und gewerbliches Eigentum<\/p>\n\n\n\n<p>Der Benutzer erkennt an und akzeptiert, dass alle auf der Website angezeigten Inhalte und insbesondere Designs, Texte, Bilder, Logos, Symbole, Schaltfl\u00e4chen, Software, Handelsnamen, Marken oder andere Zeichen, die f\u00fcr eine industrielle Nutzung und\/oder kommerzielle Nutzung geeignet sind, zul\u00e4ssig sind<\/p>\n\n\n\n<p>unterliegen den geistigen Eigentumsrechten und allen Marken, Handelsnamen oder Unterscheidungszeichen, allen gewerblichen und geistigen Eigentumsrechten an den Inhalten und\/oder anderen auf der Seite eingef\u00fcgten Elementen, die das ausschlie\u00dfliche Eigentum von Sport Business Solutions, S.L. sind. oder Dritte, die das ausschlie\u00dfliche Recht haben, sie im Wirtschaftsverkehr zu nutzen. Aus all diesen Gr\u00fcnden verpflichtet sich der Nutzer, solche Inhalte nicht zu reproduzieren, zu kopieren, zu verbreiten, zug\u00e4nglich zu machen oder auf andere Weise \u00f6ffentlich zu kommunizieren, umzuwandeln oder zu ver\u00e4ndern, und h\u00e4lt Sport Business Solutions, S.L. von jeglichen Anspr\u00fcchen frei, die sich aus der Nichteinhaltung dieser Inhalte ergeben . Verpflichtungen. In keinem Fall bedeutet der Zugriff auf die Website einen Verzicht, eine \u00dcbertragung, eine Lizenz oder eine vollst\u00e4ndige oder teilweise Abtretung dieser Rechte, sofern nicht ausdr\u00fccklich etwas anderes vereinbart ist. Diese Allgemeinen Nutzungsbedingungen der Website gew\u00e4hren den Benutzern kein anderes Recht zur Nutzung, \u00c4nderung, Verwertung, Vervielf\u00e4ltigung, Verbreitung oder \u00f6ffentlichen Kommunikation der Website und\/oder ihrer Inhalte als die hier ausdr\u00fccklich vorgesehenen. Jede andere Nutzung oder Verwertung jeglicher Rechte bedarf der vorherigen und ausdr\u00fccklichen Genehmigung, die speziell f\u00fcr diesen Zweck von Sport Business Solutions, S.L. oder dem Drittinhaber der betroffenen Rechte erteilt wurde.<\/p>\n\n\n\n<p>Die Inhalte, Texte, Fotos, Designs, Logos, Bilder, Computerprogramme, Quellcodes und im Allgemeinen alle auf dieser Website vorhandenen geistigen Sch\u00f6pfungen sowie die Website selbst als Ganzes als multimediales k\u00fcnstlerisches Werk sind gesch\u00fctzt Urheberrechte gem\u00e4\u00df der Gesetzgebung zum Schutz des geistigen Eigentums. Sport Business Solutions, S.L. ist Eigent\u00fcmer der Elemente, aus denen das grafische Design der Website besteht, der Men\u00fcs, Navigationsschaltfl\u00e4chen, des HTML-Codes, der Texte, Bilder, Texturen, Grafiken und aller anderen Inhalte der Website bzw in jedem Fall \u00fcber die entsprechende Berechtigung zur Nutzung dieser Elemente verf\u00fcgt. Der auf der Website bereitgestellte Inhalt darf weder ganz noch teilweise reproduziert, noch \u00fcbertragen oder von einem Informationsabrufsystem in irgendeiner Form oder mit irgendwelchen Mitteln aufgezeichnet werden, es sei denn, es liegt eine vorherige schriftliche Genehmigung des oben genannten Unternehmens vor.<\/p>\n\n\n\n<p>Ebenso ist es untersagt, das \u201eUrheberrecht\u201c sowie die technischen Schutzvorrichtungen oder etwaige in den Inhalten enthaltene Informationsmechanismen zu l\u00f6schen, zu umgehen und\/oder zu manipulieren. Der Nutzer dieser Website verpflichtet sich, die genannten Rechte zu respektieren und alle Handlungen zu vermeiden, die ihm schaden k\u00f6nnten, wobei sich Sport Business Solutions, S.L. in jedem Fall die Aus\u00fcbung aller ihm entsprechenden rechtlichen Mittel oder Ma\u00dfnahmen zur Verteidigung seines legitimen geistigen Eigentums vorbeh\u00e4lt Rechte und Industrie.<\/p>\n\n\n\n<p>Inhaltliche Verantwortung \u2013 Linkrichtlinie<\/p>\n\n\n\n<p>Sport Business Solutions, S.L. ist nicht verantwortlich f\u00fcr die Rechtm\u00e4\u00dfigkeit anderer Websites Dritter, von denen aus auf das Portal zugegriffen werden kann. Sport Business Solutions, S.L. ist auch nicht verantwortlich f\u00fcr die Rechtm\u00e4\u00dfigkeit anderer Websites Dritter, die von diesem Portal aus verlinkt oder verlinkt werden.<\/p>\n\n\n\n<p>Sport Business Solutions, S.L. beh\u00e4lt sich das Recht vor, ohne vorherige Ank\u00fcndigung \u00c4nderungen an der Website vorzunehmen, um ihre Informationen auf dem neuesten Stand zu halten, den ver\u00f6ffentlichten Inhalt oder das Design des Portals hinzuzuf\u00fcgen, zu \u00e4ndern, zu korrigieren oder zu streichen.<\/p>\n\n\n\n<p>Sport Business Solutions, S.L. \u00fcbernimmt keine Verantwortung f\u00fcr die Nutzung der auf dem Portal ver\u00f6ffentlichten Informationen durch Dritte und auch nicht f\u00fcr erlittene Sch\u00e4den oder wirtschaftliche Verluste, die direkt oder indirekt zu wirtschaftlichen, materiellen oder datenbezogenen Sch\u00e4den f\u00fchren oder f\u00fchren k\u00f6nnen. , die durch die Verwendung dieser Informationen verursacht werden.<\/p>\n\n\n\n<p>Inhalte abspielen<\/p>\n\n\n\n<p>Die vollst\u00e4ndige oder teilweise Reproduktion der auf dem Portal ver\u00f6ffentlichten Inhalte ist ohne ausdr\u00fcckliche Genehmigung von Sport Business Solutions, S.L. untersagt.<\/p>\n\n\n\n<p>Anwendbares Recht<\/p>\n\n\n\n<p>Das anwendbare Recht im Falle einer Streitigkeit oder eines Konflikts bei der Auslegung der in diesem rechtlichen Hinweis enthaltenen Bedingungen sowie aller Fragen im Zusammenhang mit den Diensten dieses Portals ist spanisches Recht.<\/p>\n","protected":false},"excerpt":{"rendered":"<p>Rechtlicher Hinweis Verantwortlich f\u00fcr die Behandlung Die personenbezogenen Daten, die m\u00f6glicherweise direkt vom Interessenten erhoben werden, werden vertraulich behandelt und in die entsprechende Verarbeitungst\u00e4tigkeit von Sport Business Solutions, S.L. einbezogen. Zweck Erweiterte Beschreibung des\/der Zwecke(s) der Verarbeitung: Wir verarbeiten Ihre Daten f\u00fcr die Verwaltungs-, Buchhaltungs- und Steuerverwaltung. Legitimation Legitimation zur Vertragsabwicklung: Da die Verarbeitung f\u00fcr [&hellip;]<\/p>\n","protected":false},"author":1,"featured_media":0,"parent":0,"menu_order":0,"comment_status":"closed","ping_status":"closed","template":"legal.php","meta":{"_acf_changed":false,"_joinchat":[],"footnotes":""},"class_list":["post-82366","page","type-page","status-publish","hentry"],"acf":[],"yoast_head":"<!-- This site is optimized with the Yoast SEO plugin v27.4 - https:\/\/yoast.com\/product\/yoast-seo-wordpress\/ -->\n<title>Rechtlicher Hinweis - Revolution Padel Store<\/title>\n<meta name=\"robots\" content=\"index, follow, max-snippet:-1, max-image-preview:large, max-video-preview:-1\" \/>\n<link rel=\"canonical\" href=\"https:\/\/revolutionpadelstore.com\/de\/aviso-legal\/\" \/>\n<meta property=\"og:locale\" content=\"de_DE\" \/>\n<meta property=\"og:type\" content=\"article\" \/>\n<meta property=\"og:title\" content=\"Rechtlicher Hinweis - Revolution Padel Store\" \/>\n<meta property=\"og:description\" content=\"Rechtlicher Hinweis Verantwortlich f\u00fcr die Behandlung Die personenbezogenen Daten, die m\u00f6glicherweise direkt vom Interessenten erhoben werden, werden vertraulich behandelt und in die entsprechende Verarbeitungst\u00e4tigkeit von Sport Business Solutions, S.L. einbezogen. Zweck Erweiterte Beschreibung des\/der Zwecke(s) der Verarbeitung: Wir verarbeiten Ihre Daten f\u00fcr die Verwaltungs-, Buchhaltungs- und Steuerverwaltung. Legitimation Legitimation zur Vertragsabwicklung: Da die Verarbeitung f\u00fcr [&hellip;]\" \/>\n<meta property=\"og:url\" content=\"https:\/\/revolutionpadelstore.com\/de\/aviso-legal\/\" \/>\n<meta property=\"og:site_name\" content=\"Revolution Padel Store\" \/>\n<meta property=\"article:modified_time\" content=\"2024-09-30T11:10:27+00:00\" \/>\n<meta property=\"og:image\" content=\"https:\/\/revolutionpadelstore.com\/wp-content\/uploads\/2026\/02\/revolution-padel-store.jpg\" \/>\n\t<meta property=\"og:image:width\" content=\"2000\" \/>\n\t<meta property=\"og:image:height\" content=\"2000\" \/>\n\t<meta property=\"og:image:type\" content=\"image\/jpeg\" \/>\n<meta name=\"twitter:card\" content=\"summary_large_image\" \/>\n<meta name=\"twitter:label1\" content=\"Gesch\u00e4tzte Lesezeit\" \/>\n\t<meta name=\"twitter:data1\" content=\"7\u00a0Minuten\" \/>\n<script type=\"application\/ld+json\" class=\"yoast-schema-graph\">{\"@context\":\"https:\\\/\\\/schema.org\",\"@graph\":[{\"@type\":\"WebPage\",\"@id\":\"https:\\\/\\\/revolutionpadelstore.com\\\/de\\\/aviso-legal\\\/\",\"url\":\"https:\\\/\\\/revolutionpadelstore.com\\\/de\\\/aviso-legal\\\/\",\"name\":\"Rechtlicher Hinweis - Revolution Padel Store\",\"isPartOf\":{\"@id\":\"https:\\\/\\\/revolutionpadelstore.com\\\/de\\\/#website\"},\"datePublished\":\"2024-03-11T19:23:10+00:00\",\"dateModified\":\"2024-09-30T11:10:27+00:00\",\"breadcrumb\":{\"@id\":\"https:\\\/\\\/revolutionpadelstore.com\\\/de\\\/aviso-legal\\\/#breadcrumb\"},\"inLanguage\":\"de\",\"potentialAction\":[{\"@type\":\"ReadAction\",\"target\":[\"https:\\\/\\\/revolutionpadelstore.com\\\/de\\\/aviso-legal\\\/\"]}]},{\"@type\":\"BreadcrumbList\",\"@id\":\"https:\\\/\\\/revolutionpadelstore.com\\\/de\\\/aviso-legal\\\/#breadcrumb\",\"itemListElement\":[{\"@type\":\"ListItem\",\"position\":1,\"name\":\"Portada\",\"item\":\"https:\\\/\\\/revolutionpadelstore.com\\\/de\\\/\"},{\"@type\":\"ListItem\",\"position\":2,\"name\":\"Rechtlicher Hinweis\"}]},{\"@type\":\"WebSite\",\"@id\":\"https:\\\/\\\/revolutionpadelstore.com\\\/de\\\/#website\",\"url\":\"https:\\\/\\\/revolutionpadelstore.com\\\/de\\\/\",\"name\":\"Revolution Padel Store\",\"description\":\"\",\"publisher\":{\"@id\":\"https:\\\/\\\/revolutionpadelstore.com\\\/de\\\/#organization\"},\"potentialAction\":[{\"@type\":\"SearchAction\",\"target\":{\"@type\":\"EntryPoint\",\"urlTemplate\":\"https:\\\/\\\/revolutionpadelstore.com\\\/de\\\/?s={search_term_string}\"},\"query-input\":{\"@type\":\"PropertyValueSpecification\",\"valueRequired\":true,\"valueName\":\"search_term_string\"}}],\"inLanguage\":\"de\"},{\"@type\":\"Organization\",\"@id\":\"https:\\\/\\\/revolutionpadelstore.com\\\/de\\\/#organization\",\"name\":\"Revolution Padel Store\",\"url\":\"https:\\\/\\\/revolutionpadelstore.com\\\/de\\\/\",\"logo\":{\"@type\":\"ImageObject\",\"inLanguage\":\"de\",\"@id\":\"https:\\\/\\\/revolutionpadelstore.com\\\/de\\\/#\\\/schema\\\/logo\\\/image\\\/\",\"url\":\"https:\\\/\\\/revolutionpadelstore.com\\\/wp-content\\\/uploads\\\/2026\\\/02\\\/revolution-padel-store.jpg\",\"contentUrl\":\"https:\\\/\\\/revolutionpadelstore.com\\\/wp-content\\\/uploads\\\/2026\\\/02\\\/revolution-padel-store.jpg\",\"width\":2000,\"height\":2000,\"caption\":\"Revolution Padel Store\"},\"image\":{\"@id\":\"https:\\\/\\\/revolutionpadelstore.com\\\/de\\\/#\\\/schema\\\/logo\\\/image\\\/\"},\"sameAs\":[\"https:\\\/\\\/www.instagram.com\\\/revolutionpadelstore\\\/\"]}]}<\/script>\n<!-- \/ Yoast SEO plugin. -->","yoast_head_json":{"title":"Rechtlicher Hinweis - Revolution Padel Store","robots":{"index":"index","follow":"follow","max-snippet":"max-snippet:-1","max-image-preview":"max-image-preview:large","max-video-preview":"max-video-preview:-1"},"canonical":"https:\/\/revolutionpadelstore.com\/de\/aviso-legal\/","og_locale":"de_DE","og_type":"article","og_title":"Rechtlicher Hinweis - Revolution Padel Store","og_description":"Rechtlicher Hinweis Verantwortlich f\u00fcr die Behandlung Die personenbezogenen Daten, die m\u00f6glicherweise direkt vom Interessenten erhoben werden, werden vertraulich behandelt und in die entsprechende Verarbeitungst\u00e4tigkeit von Sport Business Solutions, S.L. einbezogen. Zweck Erweiterte Beschreibung des\/der Zwecke(s) der Verarbeitung: Wir verarbeiten Ihre Daten f\u00fcr die Verwaltungs-, Buchhaltungs- und Steuerverwaltung. Legitimation Legitimation zur Vertragsabwicklung: Da die Verarbeitung f\u00fcr [&hellip;]","og_url":"https:\/\/revolutionpadelstore.com\/de\/aviso-legal\/","og_site_name":"Revolution Padel Store","article_modified_time":"2024-09-30T11:10:27+00:00","og_image":[{"width":2000,"height":2000,"url":"https:\/\/revolutionpadelstore.com\/wp-content\/uploads\/2026\/02\/revolution-padel-store.jpg","type":"image\/jpeg"}],"twitter_card":"summary_large_image","twitter_misc":{"Gesch\u00e4tzte Lesezeit":"7\u00a0Minuten"},"schema":{"@context":"https:\/\/schema.org","@graph":[{"@type":"WebPage","@id":"https:\/\/revolutionpadelstore.com\/de\/aviso-legal\/","url":"https:\/\/revolutionpadelstore.com\/de\/aviso-legal\/","name":"Rechtlicher Hinweis - Revolution Padel Store","isPartOf":{"@id":"https:\/\/revolutionpadelstore.com\/de\/#website"},"datePublished":"2024-03-11T19:23:10+00:00","dateModified":"2024-09-30T11:10:27+00:00","breadcrumb":{"@id":"https:\/\/revolutionpadelstore.com\/de\/aviso-legal\/#breadcrumb"},"inLanguage":"de","potentialAction":[{"@type":"ReadAction","target":["https:\/\/revolutionpadelstore.com\/de\/aviso-legal\/"]}]},{"@type":"BreadcrumbList","@id":"https:\/\/revolutionpadelstore.com\/de\/aviso-legal\/#breadcrumb","itemListElement":[{"@type":"ListItem","position":1,"name":"Portada","item":"https:\/\/revolutionpadelstore.com\/de\/"},{"@type":"ListItem","position":2,"name":"Rechtlicher Hinweis"}]},{"@type":"WebSite","@id":"https:\/\/revolutionpadelstore.com\/de\/#website","url":"https:\/\/revolutionpadelstore.com\/de\/","name":"Revolution Padel Store","description":"","publisher":{"@id":"https:\/\/revolutionpadelstore.com\/de\/#organization"},"potentialAction":[{"@type":"SearchAction","target":{"@type":"EntryPoint","urlTemplate":"https:\/\/revolutionpadelstore.com\/de\/?s={search_term_string}"},"query-input":{"@type":"PropertyValueSpecification","valueRequired":true,"valueName":"search_term_string"}}],"inLanguage":"de"},{"@type":"Organization","@id":"https:\/\/revolutionpadelstore.com\/de\/#organization","name":"Revolution Padel Store","url":"https:\/\/revolutionpadelstore.com\/de\/","logo":{"@type":"ImageObject","inLanguage":"de","@id":"https:\/\/revolutionpadelstore.com\/de\/#\/schema\/logo\/image\/","url":"https:\/\/revolutionpadelstore.com\/wp-content\/uploads\/2026\/02\/revolution-padel-store.jpg","contentUrl":"https:\/\/revolutionpadelstore.com\/wp-content\/uploads\/2026\/02\/revolution-padel-store.jpg","width":2000,"height":2000,"caption":"Revolution Padel Store"},"image":{"@id":"https:\/\/revolutionpadelstore.com\/de\/#\/schema\/logo\/image\/"},"sameAs":["https:\/\/www.instagram.com\/revolutionpadelstore\/"]}]}},"_links":{"self":[{"href":"https:\/\/revolutionpadelstore.com\/de\/wp-json\/wp\/v2\/pages\/82366","targetHints":{"allow":["GET"]}}],"collection":[{"href":"https:\/\/revolutionpadelstore.com\/de\/wp-json\/wp\/v2\/pages"}],"about":[{"href":"https:\/\/revolutionpadelstore.com\/de\/wp-json\/wp\/v2\/types\/page"}],"author":[{"embeddable":true,"href":"https:\/\/revolutionpadelstore.com\/de\/wp-json\/wp\/v2\/users\/1"}],"replies":[{"embeddable":true,"href":"https:\/\/revolutionpadelstore.com\/de\/wp-json\/wp\/v2\/comments?post=82366"}],"version-history":[{"count":1,"href":"https:\/\/revolutionpadelstore.com\/de\/wp-json\/wp\/v2\/pages\/82366\/revisions"}],"predecessor-version":[{"id":82449,"href":"https:\/\/revolutionpadelstore.com\/de\/wp-json\/wp\/v2\/pages\/82366\/revisions\/82449"}],"wp:attachment":[{"href":"https:\/\/revolutionpadelstore.com\/de\/wp-json\/wp\/v2\/media?parent=82366"}],"curies":[{"name":"wp","href":"https:\/\/api.w.org\/{rel}","templated":true}]}}