{"id":82363,"date":"2024-03-11T20:49:52","date_gmt":"2024-03-11T19:49:52","guid":{"rendered":"https:\/\/revolutionpadelstore.com\/politica-de-cookies\/"},"modified":"2024-09-30T13:18:43","modified_gmt":"2024-09-30T11:18:43","slug":"politica-de-cookies","status":"publish","type":"page","link":"https:\/\/revolutionpadelstore.com\/de\/politica-de-cookies\/","title":{"rendered":"COOKIE-RICHTLINIE"},"content":{"rendered":"\n<h2 class=\"wp-block-heading\">COOKIE-RICHTLINIE<\/h2>\n\n\n\n<p>Cookie-Richtlinie 1. Verwendung von Cookies. 2. Art, Zweck und Funktionsweise von Cookies. 3. Beschreibung der Cookies. 4. Cookie-Verwaltung. 5. So deaktivieren Sie Cookies in den wichtigsten Browsern.<\/p>\n\n\n\n<p>Verwendung von Cookies.<\/p>\n\n\n\n<p>Die Website revolutionpadelstore.com verwendet Cookies und andere \u00e4hnliche Mechanismen (im Folgenden \u201eCookies\u201c). Ein \u201eCookie\u201c ist eine kleine Datei, die auf dem Computer des Nutzers gespeichert wird und es uns erm\u00f6glicht, den Nutzer wiederzuerkennen. Der Satz \u201eCookies\u201c hilft uns, die Qualit\u00e4t unserer Website zu verbessern, indem er uns erm\u00f6glicht, zu kontrollieren, welche Seiten unsere Benutzer n\u00fctzlich finden und welche nicht. Cookies sind f\u00fcr das Funktionieren des Internets unerl\u00e4sslich, bieten unz\u00e4hlige Vorteile bei der Bereitstellung interaktiver Dienste und erleichtern die Navigation und Benutzerfreundlichkeit unserer Website. Bitte beachten Sie, dass Cookies Ihrem Computer keinen Schaden zuf\u00fcgen k\u00f6nnen und uns im Gegenzug bei ihrer Aktivierung dabei helfen, Fehler zu erkennen und zu beheben.<\/p>\n\n\n\n<p>Art, Zweck und Funktionsweise von Cookies.<\/p>\n\n\n\n<p>Abh\u00e4ngig von ihrer Dauerhaftigkeit k\u00f6nnen Cookies in Sitzungscookies und permanente Cookies unterteilt werden.<\/p>\n\n\n\n<p>Sitzungscookies: Hierbei handelt es sich um tempor\u00e4re Cookies, die in der Cookie-Datei Ihres Browsers verbleiben, bis Sie die Website verlassen, sodass keine Daten auf der Festplatte des Benutzers gespeichert werden. Die durch diese Cookies erhaltenen Informationen werden zur Analyse von Verkehrsmustern im Internet verwendet. Letztendlich k\u00f6nnen wir dadurch ein besseres Erlebnis bieten, indem wir den Inhalt verbessern und ihn einfacher zu nutzen machen.<\/p>\n\n\n\n<p>Permanente Cookies werden auf Ihrer Festplatte gespeichert und unsere Website liest sie bei jedem erneuten Besuch. Eine permanente Website hat ein bestimmtes Ablaufdatum. Nach diesem Datum funktioniert das Cookie nicht mehr. Wir nutzen sie im Allgemeinen, um Kauf- und Registrierungsdienste zu erleichtern.<\/p>\n\n\n\n<p>Abh\u00e4ngig von ihrem Zweck k\u00f6nnen Cookies au\u00dferdem wie folgt klassifiziert werden:<\/p>\n\n\n\n<p>Leistungscookies: Diese Art von Cookie speichert Ihre Pr\u00e4ferenzen f\u00fcr die in den Diensten gefundenen Tools, sodass Sie den Dienst nicht bei jedem Besuch neu konfigurieren m\u00fcssen. Zu dieser Typologie geh\u00f6ren beispielsweise:<\/p>\n\n\n\n<p>\u00b7 Lautst\u00e4rkeanpassungen f\u00fcr Video- oder Soundplayer.<\/p>\n\n\n\n<p>\u00b7 Die bevorzugte Aufl\u00f6sung in den Videos.<\/p>\n\n\n\n<p>\u00b7 Video-Streaming-Geschwindigkeiten, die von Ihrem Browser unterst\u00fctzt werden.<\/p>\n\n\n\n<p>Geolocation-Cookies: Diese Cookies werden verwendet, um herauszufinden, in welchem \u200b\u200bLand Sie sich befinden, wenn Sie einen Dienst anfordern. Dieses Cookie ist v\u00f6llig anonym und wird nur verwendet, um Inhalte gezielt auf Ihren Standort auszurichten. Registrierungs-Cookies: Registrierungs-Cookies werden generiert, sobald sich der Benutzer registriert oder anschlie\u00dfend seine Sitzung ge\u00f6ffnet hat, und werden zur Identifizierung des Benutzers in den Diensten f\u00fcr folgende Zwecke verwendet:<\/p>\n\n\n\n<p>\u00b7 Halten Sie die Identifizierung des Benutzers aufrecht, damit er weiterhin identifiziert bleibt, wenn er einen Dienst, den Browser oder den Computer schlie\u00dft und den Dienst zu einem anderen Zeitpunkt oder an einem anderen Tag erneut aufruft, was ihm die Navigation erleichtert, ohne dass er sich erneut identifizieren muss . Diese Funktion kann gel\u00f6scht werden, wenn der Benutzer auf die Funktion \u201eAbmelden\u201c klickt, sodass dieses Cookie gel\u00f6scht wird und sich der Benutzer beim n\u00e4chsten Betreten des Dienstes erneut anmelden muss, um identifiziert zu werden.<\/p>\n\n\n\n<p>\u00b7 \u00dcberpr\u00fcfen Sie, ob der Benutzer berechtigt ist, auf bestimmte Dienste zuzugreifen, beispielsweise um an einem Wettbewerb teilzunehmen.<\/p>\n\n\n\n<p>Dar\u00fcber hinaus verwenden einige Dienste m\u00f6glicherweise Verbindungen zu sozialen Netzwerken wie Facebook oder Twitter. Wenn sich der Benutzer mit Anmeldeinformationen eines sozialen Netzwerks f\u00fcr einen Dienst registriert, autorisiert er das soziale Netzwerk, ein dauerhaftes Cookie zu speichern, das seine Identit\u00e4t speichert und den Zugriff auf die Dienste bis zu seinem Ablauf garantiert. Der Benutzer kann dieses Cookie l\u00f6schen und den Zugriff auf die Dienste \u00fcber soziale Netzwerke widerrufen, indem er seine Pr\u00e4ferenzen in dem von ihm angegebenen sozialen Netzwerk aktualisiert.<\/p>\n\n\n\n<p>Analytische Cookies: Jedes Mal, wenn ein Benutzer einen Dienst besucht, generiert ein Tool eines externen Anbieters (Omniture, Netscope, Comscore und \u00e4hnliche, die dieser Liste hinzugef\u00fcgt werden k\u00f6nnen, wenn sie von den aktuellen abweichen) ein analytisches Cookie auf dem Computer des Benutzers . Dieses Cookie, das nur w\u00e4hrend des Besuchs generiert wird, wird bei zuk\u00fcnftigen Besuchen der Dienste von revolutionpadelstore.com verwendet, um den Besucher anonym zu identifizieren. Die verfolgten Hauptziele sind:<\/p>\n\n\n\n<p>\u00b7 Erm\u00f6glichen Sie die anonyme Identifizierung surfender Benutzer \u00fcber das \u201eCookie\u201c (identifiziert Browser und Ger\u00e4te, nicht Personen) und damit die ungef\u00e4hre Erfassung der Anzahl der Besucher und ihrer Entwicklung im Zeitverlauf.<\/p>\n\n\n\n<p>\u00b7 Identifizieren Sie anonym die am h\u00e4ufigsten besuchten und damit f\u00fcr Benutzer attraktivsten Inhalte.<\/p>\n\n\n\n<p>\u00b7 Wissen Sie, ob der Benutzer, der darauf zugreift, neu ist oder ob er ihn wiederholt besucht.<\/p>\n\n\n\n<p>Wichtig: Sofern sich der Benutzer nicht dazu entschlie\u00dft, sich f\u00fcr einen Revolutio Padel Store-Dienst zu registrieren, wird das Cookie niemals mit personenbezogenen Daten verkn\u00fcpft, die ihn identifizieren k\u00f6nnten. Diese Cookies werden nur f\u00fcr bestimmte Zwecke verwendet<\/p>\n\n\n\n<p>Statistiken, die dazu beitragen, das Benutzererlebnis auf der Website zu optimieren.<\/p>\n\n\n\n<p>Werbe-Cookies: Diese Arten von Cookies erm\u00f6glichen die Erweiterung der Informationen \u00fcber die Werbung, die jedem anonymen Benutzer in den Revolution Padel Store-Diensten angezeigt wird, unter anderem die Dauer oder H\u00e4ufigkeit der Anzeige von Werbepositionen, die Interaktion mit ihnen oder die Browsing-Muster und\/oder oder Verhaltensweisen des Benutzers, da sie dabei helfen, ein Profil von Werbeinteresse zu erstellen. Auf diese Weise erm\u00f6glichen sie das Anbieten von Werbung, die auf die Interessen des Nutzers zugeschnitten ist.<\/p>\n\n\n\n<p>Cookie-Beschreibung:<\/p>\n\n\n\n<p>Revolution Padel Store Cookies<\/p>\n\n\n\n<p>Google Analytics: Cookies __utmb, __utmc, __utmz und __utma: Sie erm\u00f6glichen es uns, Seitenaufrufe und Verkehrsquellen zu z\u00e4hlen, um die Leistung der Websites zu messen und zu verbessern. Google speichert die durch Cookies gesammelten Informationen auf Servern in den USA. Google wird diese Informationen gegebenenfalls an Dritte \u00fcbertragen, sofern dies gesetzlich vorgeschrieben oder soweit Dritte diese Daten im Auftrag von Google verarbeiten. Google wird Ihre IP-Adresse nicht mit anderen Daten von Google in Verbindung bringen.<\/p>\n\n\n\n<p>Cookie-Verwaltung:<\/p>\n\n\n\n<p>Als zus\u00e4tzliche Garantie zu den zuvor beschriebenen kann die Registrierung von Cookies bei der Installation oder Aktualisierung des verwendeten Browsers einer Zustimmung unterliegen, und diese Zustimmung kann jederzeit \u00fcber die verf\u00fcgbaren Inhalts- und Datenschutzkonfigurationsoptionen widerrufen werden.<\/p>\n\n\n\n<p>In vielen Browsern k\u00f6nnen Sie einen privaten Modus aktivieren, durch den Cookies nach Ihrem Besuch stets gel\u00f6scht werden. Je nach Browser kann dieser private Modus unterschiedliche Namen haben. Nachfolgend finden Sie eine Liste der g\u00e4ngigsten Browser und die unterschiedlichen Namen dieses \u201eprivaten Modus\u201c:<\/p>\n\n\n\n<p>\u00b7 Internet Explorer 8 und h\u00f6her; InPrivat<\/p>\n\n\n\n<p>\u00b7 Opera 10.5 und h\u00f6her; Privates Surfen<\/p>\n\n\n\n<p>\u00b7 Google Chrome 10 und h\u00f6her; Inkognito<\/p>\n\n\n\n<p>\u00b7 Safari 2 und h\u00f6her; Privates Surfen<\/p>\n\n\n\n<p>\u00b7 FireFox 3.5 und h\u00f6her; Privates Surfen<\/p>\n\n\n\n<p>Wichtig: Bitte lesen Sie den Hilfebereich Ihres Browsers sorgf\u00e4ltig durch, um mehr dar\u00fcber zu erfahren, wie Sie den \u201eprivaten Modus\u201c aktivieren. Sie k\u00f6nnen unsere Websites weiterhin besuchen, auch wenn sich Ihr Browser im \u201eprivaten Modus\u201c befindet, obwohl Ihre Navigation durch unsere Website m\u00f6glicherweise nicht optimal ist und einige Dienstprogramme m\u00f6glicherweise nicht richtig funktionieren.<\/p>\n\n\n\n<p>So deaktivieren Sie Cookies in den wichtigsten Browsern:<\/p>\n\n\n\n<p>Normalerweise ist es m\u00f6glich, die Annahme von Cookies durch den Browser oder die Annahme von Cookies durch einen bestimmten Dienst zu stoppen.<\/p>\n\n\n\n<p>In allen modernen Browsern k\u00f6nnen Sie die Cookie-Einstellungen \u00e4ndern. Diese Einstellungen finden Sie normalerweise in den Men\u00fcoptionen oder Einstellungen Ihres Browsers. Sie k\u00f6nnen auch Ihren Browser oder E-Mail-Manager konfigurieren und kostenlose Plugins installieren, um zu verhindern, dass Web Bugs beim \u00d6ffnen einer E-Mail heruntergeladen werden.<\/p>\n\n\n\n<p>Wir bieten dem Benutzer Anleitungen zu den Schritten zum Zugriff auf das Cookie-Konfigurationsmen\u00fc und gegebenenfalls zum privaten Surfen in jedem der Hauptbrowser:<\/p>\n\n\n\n<p>Internet Explorer: Extras -&gt; Internetoptionen -&gt; Datenschutz -&gt; Einstellungen. Firefox: Extras -&gt; Optionen -&gt; Datenschutz -&gt; Verlauf -&gt; Benutzerdefinierte Einstellungen. Chrome: Einstellungen -&gt; Erweiterte Optionen anzeigen -&gt; Datenschutz -&gt; Inhaltseinstellungen. Safari: Einstellungen -&gt; Sicherheit.<\/p>\n","protected":false},"excerpt":{"rendered":"<p>COOKIE-RICHTLINIE Cookie-Richtlinie 1. Verwendung von Cookies. 2. Art, Zweck und Funktionsweise von Cookies. 3. Beschreibung der Cookies. 4. Cookie-Verwaltung. 5. So deaktivieren Sie Cookies in den wichtigsten Browsern. Verwendung von Cookies. Die Website revolutionpadelstore.com verwendet Cookies und andere \u00e4hnliche Mechanismen (im Folgenden \u201eCookies\u201c). Ein \u201eCookie\u201c ist eine kleine Datei, die auf dem Computer des Nutzers [&hellip;]<\/p>\n","protected":false},"author":1,"featured_media":0,"parent":0,"menu_order":0,"comment_status":"closed","ping_status":"closed","template":"legal.php","meta":{"_acf_changed":false,"_joinchat":[],"footnotes":""},"class_list":["post-82363","page","type-page","status-publish","hentry"],"acf":[],"yoast_head":"<!-- This site is optimized with the Yoast SEO plugin v27.4 - https:\/\/yoast.com\/product\/yoast-seo-wordpress\/ -->\n<title>COOKIE-RICHTLINIE - Revolution Padel Store<\/title>\n<meta name=\"robots\" content=\"index, follow, max-snippet:-1, max-image-preview:large, max-video-preview:-1\" \/>\n<link rel=\"canonical\" href=\"https:\/\/revolutionpadelstore.com\/de\/politica-de-cookies\/\" \/>\n<meta property=\"og:locale\" content=\"de_DE\" \/>\n<meta property=\"og:type\" content=\"article\" \/>\n<meta property=\"og:title\" content=\"COOKIE-RICHTLINIE - Revolution Padel Store\" \/>\n<meta property=\"og:description\" content=\"COOKIE-RICHTLINIE Cookie-Richtlinie 1. Verwendung von Cookies. 2. Art, Zweck und Funktionsweise von Cookies. 3. Beschreibung der Cookies. 4. Cookie-Verwaltung. 5. So deaktivieren Sie Cookies in den wichtigsten Browsern. Verwendung von Cookies. Die Website revolutionpadelstore.com verwendet Cookies und andere \u00e4hnliche Mechanismen (im Folgenden \u201eCookies\u201c). Ein \u201eCookie\u201c ist eine kleine Datei, die auf dem Computer des Nutzers [&hellip;]\" \/>\n<meta property=\"og:url\" content=\"https:\/\/revolutionpadelstore.com\/de\/politica-de-cookies\/\" \/>\n<meta property=\"og:site_name\" content=\"Revolution Padel Store\" \/>\n<meta property=\"article:modified_time\" content=\"2024-09-30T11:18:43+00:00\" \/>\n<meta property=\"og:image\" content=\"https:\/\/revolutionpadelstore.com\/wp-content\/uploads\/2026\/02\/revolution-padel-store.jpg\" \/>\n\t<meta property=\"og:image:width\" content=\"2000\" \/>\n\t<meta property=\"og:image:height\" content=\"2000\" \/>\n\t<meta property=\"og:image:type\" content=\"image\/jpeg\" \/>\n<meta name=\"twitter:card\" content=\"summary_large_image\" \/>\n<meta name=\"twitter:label1\" content=\"Gesch\u00e4tzte Lesezeit\" \/>\n\t<meta name=\"twitter:data1\" content=\"6\u00a0Minuten\" \/>\n<script type=\"application\/ld+json\" class=\"yoast-schema-graph\">{\"@context\":\"https:\\\/\\\/schema.org\",\"@graph\":[{\"@type\":\"WebPage\",\"@id\":\"https:\\\/\\\/revolutionpadelstore.com\\\/de\\\/politica-de-cookies\\\/\",\"url\":\"https:\\\/\\\/revolutionpadelstore.com\\\/de\\\/politica-de-cookies\\\/\",\"name\":\"COOKIE-RICHTLINIE - Revolution Padel Store\",\"isPartOf\":{\"@id\":\"https:\\\/\\\/revolutionpadelstore.com\\\/de\\\/#website\"},\"datePublished\":\"2024-03-11T19:49:52+00:00\",\"dateModified\":\"2024-09-30T11:18:43+00:00\",\"breadcrumb\":{\"@id\":\"https:\\\/\\\/revolutionpadelstore.com\\\/de\\\/politica-de-cookies\\\/#breadcrumb\"},\"inLanguage\":\"de\",\"potentialAction\":[{\"@type\":\"ReadAction\",\"target\":[\"https:\\\/\\\/revolutionpadelstore.com\\\/de\\\/politica-de-cookies\\\/\"]}]},{\"@type\":\"BreadcrumbList\",\"@id\":\"https:\\\/\\\/revolutionpadelstore.com\\\/de\\\/politica-de-cookies\\\/#breadcrumb\",\"itemListElement\":[{\"@type\":\"ListItem\",\"position\":1,\"name\":\"Portada\",\"item\":\"https:\\\/\\\/revolutionpadelstore.com\\\/de\\\/\"},{\"@type\":\"ListItem\",\"position\":2,\"name\":\"COOKIE-RICHTLINIE\"}]},{\"@type\":\"WebSite\",\"@id\":\"https:\\\/\\\/revolutionpadelstore.com\\\/de\\\/#website\",\"url\":\"https:\\\/\\\/revolutionpadelstore.com\\\/de\\\/\",\"name\":\"Revolution Padel Store\",\"description\":\"\",\"publisher\":{\"@id\":\"https:\\\/\\\/revolutionpadelstore.com\\\/de\\\/#organization\"},\"potentialAction\":[{\"@type\":\"SearchAction\",\"target\":{\"@type\":\"EntryPoint\",\"urlTemplate\":\"https:\\\/\\\/revolutionpadelstore.com\\\/de\\\/?s={search_term_string}\"},\"query-input\":{\"@type\":\"PropertyValueSpecification\",\"valueRequired\":true,\"valueName\":\"search_term_string\"}}],\"inLanguage\":\"de\"},{\"@type\":\"Organization\",\"@id\":\"https:\\\/\\\/revolutionpadelstore.com\\\/de\\\/#organization\",\"name\":\"Revolution Padel Store\",\"url\":\"https:\\\/\\\/revolutionpadelstore.com\\\/de\\\/\",\"logo\":{\"@type\":\"ImageObject\",\"inLanguage\":\"de\",\"@id\":\"https:\\\/\\\/revolutionpadelstore.com\\\/de\\\/#\\\/schema\\\/logo\\\/image\\\/\",\"url\":\"https:\\\/\\\/revolutionpadelstore.com\\\/wp-content\\\/uploads\\\/2026\\\/02\\\/revolution-padel-store.jpg\",\"contentUrl\":\"https:\\\/\\\/revolutionpadelstore.com\\\/wp-content\\\/uploads\\\/2026\\\/02\\\/revolution-padel-store.jpg\",\"width\":2000,\"height\":2000,\"caption\":\"Revolution Padel Store\"},\"image\":{\"@id\":\"https:\\\/\\\/revolutionpadelstore.com\\\/de\\\/#\\\/schema\\\/logo\\\/image\\\/\"},\"sameAs\":[\"https:\\\/\\\/www.instagram.com\\\/revolutionpadelstore\\\/\"]}]}<\/script>\n<!-- \/ Yoast SEO plugin. -->","yoast_head_json":{"title":"COOKIE-RICHTLINIE - Revolution Padel Store","robots":{"index":"index","follow":"follow","max-snippet":"max-snippet:-1","max-image-preview":"max-image-preview:large","max-video-preview":"max-video-preview:-1"},"canonical":"https:\/\/revolutionpadelstore.com\/de\/politica-de-cookies\/","og_locale":"de_DE","og_type":"article","og_title":"COOKIE-RICHTLINIE - Revolution Padel Store","og_description":"COOKIE-RICHTLINIE Cookie-Richtlinie 1. Verwendung von Cookies. 2. Art, Zweck und Funktionsweise von Cookies. 3. Beschreibung der Cookies. 4. Cookie-Verwaltung. 5. So deaktivieren Sie Cookies in den wichtigsten Browsern. Verwendung von Cookies. Die Website revolutionpadelstore.com verwendet Cookies und andere \u00e4hnliche Mechanismen (im Folgenden \u201eCookies\u201c). Ein \u201eCookie\u201c ist eine kleine Datei, die auf dem Computer des Nutzers [&hellip;]","og_url":"https:\/\/revolutionpadelstore.com\/de\/politica-de-cookies\/","og_site_name":"Revolution Padel Store","article_modified_time":"2024-09-30T11:18:43+00:00","og_image":[{"width":2000,"height":2000,"url":"https:\/\/revolutionpadelstore.com\/wp-content\/uploads\/2026\/02\/revolution-padel-store.jpg","type":"image\/jpeg"}],"twitter_card":"summary_large_image","twitter_misc":{"Gesch\u00e4tzte Lesezeit":"6\u00a0Minuten"},"schema":{"@context":"https:\/\/schema.org","@graph":[{"@type":"WebPage","@id":"https:\/\/revolutionpadelstore.com\/de\/politica-de-cookies\/","url":"https:\/\/revolutionpadelstore.com\/de\/politica-de-cookies\/","name":"COOKIE-RICHTLINIE - Revolution Padel Store","isPartOf":{"@id":"https:\/\/revolutionpadelstore.com\/de\/#website"},"datePublished":"2024-03-11T19:49:52+00:00","dateModified":"2024-09-30T11:18:43+00:00","breadcrumb":{"@id":"https:\/\/revolutionpadelstore.com\/de\/politica-de-cookies\/#breadcrumb"},"inLanguage":"de","potentialAction":[{"@type":"ReadAction","target":["https:\/\/revolutionpadelstore.com\/de\/politica-de-cookies\/"]}]},{"@type":"BreadcrumbList","@id":"https:\/\/revolutionpadelstore.com\/de\/politica-de-cookies\/#breadcrumb","itemListElement":[{"@type":"ListItem","position":1,"name":"Portada","item":"https:\/\/revolutionpadelstore.com\/de\/"},{"@type":"ListItem","position":2,"name":"COOKIE-RICHTLINIE"}]},{"@type":"WebSite","@id":"https:\/\/revolutionpadelstore.com\/de\/#website","url":"https:\/\/revolutionpadelstore.com\/de\/","name":"Revolution Padel Store","description":"","publisher":{"@id":"https:\/\/revolutionpadelstore.com\/de\/#organization"},"potentialAction":[{"@type":"SearchAction","target":{"@type":"EntryPoint","urlTemplate":"https:\/\/revolutionpadelstore.com\/de\/?s={search_term_string}"},"query-input":{"@type":"PropertyValueSpecification","valueRequired":true,"valueName":"search_term_string"}}],"inLanguage":"de"},{"@type":"Organization","@id":"https:\/\/revolutionpadelstore.com\/de\/#organization","name":"Revolution Padel Store","url":"https:\/\/revolutionpadelstore.com\/de\/","logo":{"@type":"ImageObject","inLanguage":"de","@id":"https:\/\/revolutionpadelstore.com\/de\/#\/schema\/logo\/image\/","url":"https:\/\/revolutionpadelstore.com\/wp-content\/uploads\/2026\/02\/revolution-padel-store.jpg","contentUrl":"https:\/\/revolutionpadelstore.com\/wp-content\/uploads\/2026\/02\/revolution-padel-store.jpg","width":2000,"height":2000,"caption":"Revolution Padel Store"},"image":{"@id":"https:\/\/revolutionpadelstore.com\/de\/#\/schema\/logo\/image\/"},"sameAs":["https:\/\/www.instagram.com\/revolutionpadelstore\/"]}]}},"_links":{"self":[{"href":"https:\/\/revolutionpadelstore.com\/de\/wp-json\/wp\/v2\/pages\/82363","targetHints":{"allow":["GET"]}}],"collection":[{"href":"https:\/\/revolutionpadelstore.com\/de\/wp-json\/wp\/v2\/pages"}],"about":[{"href":"https:\/\/revolutionpadelstore.com\/de\/wp-json\/wp\/v2\/types\/page"}],"author":[{"embeddable":true,"href":"https:\/\/revolutionpadelstore.com\/de\/wp-json\/wp\/v2\/users\/1"}],"replies":[{"embeddable":true,"href":"https:\/\/revolutionpadelstore.com\/de\/wp-json\/wp\/v2\/comments?post=82363"}],"version-history":[{"count":1,"href":"https:\/\/revolutionpadelstore.com\/de\/wp-json\/wp\/v2\/pages\/82363\/revisions"}],"predecessor-version":[{"id":82453,"href":"https:\/\/revolutionpadelstore.com\/de\/wp-json\/wp\/v2\/pages\/82363\/revisions\/82453"}],"wp:attachment":[{"href":"https:\/\/revolutionpadelstore.com\/de\/wp-json\/wp\/v2\/media?parent=82363"}],"curies":[{"name":"wp","href":"https:\/\/api.w.org\/{rel}","templated":true}]}}